{"id":96455,"date":"2026-05-02T02:03:34","date_gmt":"2026-05-02T00:03:34","guid":{"rendered":"https:\/\/final.kaiserundkuehne.de\/produkt\/045450001-innenlauftrommel\/"},"modified":"2026-05-02T02:04:12","modified_gmt":"2026-05-02T00:04:12","slug":"045450001-internal-drum","status":"publish","type":"product","link":"https:\/\/kaiser-kuehne.com\/en\/produkt\/045450001-innenlauftrommel\/","title":{"rendered":"Rotor"},"content":{"rendered":"<p>Technical data<br \/>\nFloor area: 1.10 x 2.60 m<br \/>\nMinimum space: 4.10 x 5.60 m (21 m\u00b2)<br \/>\nHeight: 2.30 m<br \/>\nWeight: 530 kg heaviest individual part<br \/>\n\t  540 kg in total<\/p>\n<p>- Housing: Hot-dip galvanised steel construction with multiple roller bearing mounted inner track,<br \/>\n                 High-pressure laminate panelling 15 mm<br \/>\n- Barrel: Stainless steel<br \/>\n- Tread: EPDM<\/p>\n<p>Foundation (on site)<br \/>\n1 piece 1.40 x 0.90 x 0.50 m<br \/>\nConcrete volume: 0.63 m\u00b3<\/p>\n<p>Assembly time<br \/>\n2 fitters 2 hours each<br \/>\n(without foundations) + lifting gear<\/p>\n<p>Free fall height<br \/>\n0,85 m<\/p>\n<p>Suitable for<br \/>\nChildren aged 8 and over,<br \/>\npublic playgrounds etc.<br \/>\nPhysical activities<\/p>\n<p>Item number: 045450001<\/p>","protected":false},"excerpt":{"rendered":"<p>Technische Daten Grundfl\u00e4che: 1,10 x 2,60 m Mindestraum: 4,10 x 5,60 m (21 m\u00b2) H\u00f6he: 2,30 m Gewicht: 530 kg schwerstes Einzelteil 540 kg insgesamt &#8211; Geh\u00e4use: Feuerverzinkte Stahlkonstruktion mit mehrfach w\u00e4lzgelagertem Innenlaufkranz, Verkleidung aus Hochdrucklaminat 15 mm &#8211; Lauftrommel: Edelstahl &#8211; Lauffl\u00e4che: EPDM Fundament (bauseits) 1 Stck. 1,40 x 0,90 x 0,50 m Betonmenge: [&hellip;]<\/p>\n","protected":false},"featured_media":232034,"comment_status":"closed","ping_status":"open","template":"","meta":{"_acf_changed":false,"_et_pb_use_builder":"","_et_pb_old_content":"","_et_gb_content_width":""},"product_brand":[],"product_cat":[89],"product_tag":[],"class_list":{"0":"post-96455","1":"product","2":"type-product","3":"status-publish","4":"has-post-thumbnail","6":"product_cat-bewegen-balancieren","7":"pa_aktivitaeten-bewegungsaktivitaet","8":"pa_altersgruppe-113","9":"pa_einsatzgebiete-oeffentliche-spielplaetze","10":"pa_hebezeug-true","12":"first","13":"instock","14":"purchasable","15":"product-type-variable"},"acf":[],"yoast_head":"<!-- This site is optimized with the Yoast SEO plugin v27.4 - https:\/\/yoast.com\/product\/yoast-seo-wordpress\/ -->\n<title>Innenlauftrommel | Kaiser &amp; K\u00fchne<\/title>\n<meta name=\"robots\" content=\"index, follow, max-snippet:-1, max-image-preview:large, max-video-preview:-1\" \/>\n<link rel=\"canonical\" href=\"https:\/\/kaiser-kuehne.com\/en\/product\/045450001-internal-drum\/\" \/>\n<meta property=\"og:locale\" content=\"en_GB\" \/>\n<meta property=\"og:type\" content=\"article\" \/>\n<meta property=\"og:title\" content=\"Innenlauftrommel | Kaiser &amp; K\u00fchne\" \/>\n<meta property=\"og:description\" content=\"Technische Daten Grundfl\u00e4che: 1,10 x 2,60 m Mindestraum: 4,10 x 5,60 m (21 m\u00b2) H\u00f6he: 2,30 m Gewicht: 530 kg schwerstes Einzelteil 540 kg insgesamt &#8211; Geh\u00e4use: Feuerverzinkte Stahlkonstruktion mit mehrfach w\u00e4lzgelagertem Innenlaufkranz, Verkleidung aus Hochdrucklaminat 15 mm &#8211; Lauftrommel: Edelstahl &#8211; Lauffl\u00e4che: EPDM Fundament (bauseits) 1 Stck. 1,40 x 0,90 x 0,50 m Betonmenge: [&hellip;]\" \/>\n<meta property=\"og:url\" content=\"https:\/\/kaiser-kuehne.com\/en\/product\/045450001-internal-drum\/\" \/>\n<meta property=\"og:site_name\" content=\"Kaiser &amp; K\u00fchne\" \/>\n<meta property=\"article:modified_time\" content=\"2026-05-02T00:04:12+00:00\" \/>\n<meta property=\"og:image\" content=\"https:\/\/kaiser-kuehne.com\/wp-content\/uploads\/2025\/09\/Bildschirmfoto-2025-09-05-um-13.34.55-1024x511.png\" \/>\n\t<meta property=\"og:image:width\" content=\"1024\" \/>\n\t<meta property=\"og:image:height\" content=\"511\" \/>\n\t<meta property=\"og:image:type\" content=\"image\/png\" \/>\n<meta name=\"twitter:card\" content=\"summary_large_image\" \/>\n<script type=\"application\/ld+json\" class=\"yoast-schema-graph\">{\"@context\":\"https:\\\/\\\/schema.org\",\"@graph\":[{\"@type\":\"WebPage\",\"@id\":\"https:\\\/\\\/kaiser-kuehne.com\\\/produkt\\\/045450001-innenlauftrommel\\\/\",\"url\":\"https:\\\/\\\/kaiser-kuehne.com\\\/produkt\\\/045450001-innenlauftrommel\\\/\",\"name\":\"Innenlauftrommel | Kaiser &amp; K\u00fchne\",\"isPartOf\":{\"@id\":\"https:\\\/\\\/kaiser-kuehne.com\\\/#website\"},\"primaryImageOfPage\":{\"@id\":\"https:\\\/\\\/kaiser-kuehne.com\\\/produkt\\\/045450001-innenlauftrommel\\\/#primaryimage\"},\"image\":{\"@id\":\"https:\\\/\\\/kaiser-kuehne.com\\\/produkt\\\/045450001-innenlauftrommel\\\/#primaryimage\"},\"thumbnailUrl\":\"https:\\\/\\\/kaiser-kuehne.com\\\/wp-content\\\/uploads\\\/product-media\\\/2026-05-01_22-00-05\\\/123148628\\\/045450001-Produktbild.jpg\",\"datePublished\":\"2026-05-02T00:03:34+00:00\",\"dateModified\":\"2026-05-02T00:04:12+00:00\",\"breadcrumb\":{\"@id\":\"https:\\\/\\\/kaiser-kuehne.com\\\/produkt\\\/045450001-innenlauftrommel\\\/#breadcrumb\"},\"inLanguage\":\"en-GB\",\"potentialAction\":[{\"@type\":\"ReadAction\",\"target\":[\"https:\\\/\\\/kaiser-kuehne.com\\\/produkt\\\/045450001-innenlauftrommel\\\/\"]}]},{\"@type\":\"ImageObject\",\"inLanguage\":\"en-GB\",\"@id\":\"https:\\\/\\\/kaiser-kuehne.com\\\/produkt\\\/045450001-innenlauftrommel\\\/#primaryimage\",\"url\":\"https:\\\/\\\/kaiser-kuehne.com\\\/wp-content\\\/uploads\\\/product-media\\\/2026-05-01_22-00-05\\\/123148628\\\/045450001-Produktbild.jpg\",\"contentUrl\":\"https:\\\/\\\/kaiser-kuehne.com\\\/wp-content\\\/uploads\\\/product-media\\\/2026-05-01_22-00-05\\\/123148628\\\/045450001-Produktbild.jpg\",\"width\":1920,\"height\":1080,\"caption\":\"Innenlauftrommel\"},{\"@type\":\"BreadcrumbList\",\"@id\":\"https:\\\/\\\/kaiser-kuehne.com\\\/produkt\\\/045450001-innenlauftrommel\\\/#breadcrumb\",\"itemListElement\":[{\"@type\":\"ListItem\",\"position\":1,\"name\":\"Startseite\",\"item\":\"https:\\\/\\\/kaiser-kuehne.com\\\/\"},{\"@type\":\"ListItem\",\"position\":2,\"name\":\"Produkte\",\"item\":\"https:\\\/\\\/kaiser-kuehne.com\\\/produkte\\\/\"},{\"@type\":\"ListItem\",\"position\":3,\"name\":\"Innenlauftrommel\"}]},{\"@type\":\"WebSite\",\"@id\":\"https:\\\/\\\/kaiser-kuehne.com\\\/#website\",\"url\":\"https:\\\/\\\/kaiser-kuehne.com\\\/\",\"name\":\"Kaiser & K\u00fchne\",\"description\":\"Premium Playgrounds\",\"publisher\":{\"@id\":\"https:\\\/\\\/kaiser-kuehne.com\\\/#organization\"},\"alternateName\":\"Kaiser und K\u00fchne\",\"potentialAction\":[{\"@type\":\"SearchAction\",\"target\":{\"@type\":\"EntryPoint\",\"urlTemplate\":\"https:\\\/\\\/kaiser-kuehne.com\\\/?s={search_term_string}\"},\"query-input\":{\"@type\":\"PropertyValueSpecification\",\"valueRequired\":true,\"valueName\":\"search_term_string\"}}],\"inLanguage\":\"en-GB\"},{\"@type\":\"Organization\",\"@id\":\"https:\\\/\\\/kaiser-kuehne.com\\\/#organization\",\"name\":\"Kaiser & K\u00fchne\",\"url\":\"https:\\\/\\\/kaiser-kuehne.com\\\/\",\"logo\":{\"@type\":\"ImageObject\",\"inLanguage\":\"en-GB\",\"@id\":\"https:\\\/\\\/kaiser-kuehne.com\\\/#\\\/schema\\\/logo\\\/image\\\/\",\"url\":\"https:\\\/\\\/kaiser-kuehne.com\\\/wp-content\\\/uploads\\\/2025\\\/06\\\/kaiserkuehne-logo-color.svg\",\"contentUrl\":\"https:\\\/\\\/kaiser-kuehne.com\\\/wp-content\\\/uploads\\\/2025\\\/06\\\/kaiserkuehne-logo-color.svg\",\"width\":1,\"height\":1,\"caption\":\"Kaiser & K\u00fchne\"},\"image\":{\"@id\":\"https:\\\/\\\/kaiser-kuehne.com\\\/#\\\/schema\\\/logo\\\/image\\\/\"},\"sameAs\":[\"https:\\\/\\\/www.instagram.com\\\/kaiser_kuehne\\\/?hl=de\",\"https:\\\/\\\/de.linkedin.com\\\/company\\\/kaiser-kuehne\"]}]}<\/script>\n<!-- \/ Yoast SEO plugin. -->","yoast_head_json":{"title":"Inner barrel drum | Kaiser &amp; K\u00fchne","robots":{"index":"index","follow":"follow","max-snippet":"max-snippet:-1","max-image-preview":"max-image-preview:large","max-video-preview":"max-video-preview:-1"},"canonical":"https:\/\/kaiser-kuehne.com\/en\/product\/045450001-internal-drum\/","og_locale":"en_GB","og_type":"article","og_title":"Innenlauftrommel | Kaiser &amp; K\u00fchne","og_description":"Technische Daten Grundfl\u00e4che: 1,10 x 2,60 m Mindestraum: 4,10 x 5,60 m (21 m\u00b2) H\u00f6he: 2,30 m Gewicht: 530 kg schwerstes Einzelteil 540 kg insgesamt &#8211; Geh\u00e4use: Feuerverzinkte Stahlkonstruktion mit mehrfach w\u00e4lzgelagertem Innenlaufkranz, Verkleidung aus Hochdrucklaminat 15 mm &#8211; Lauftrommel: Edelstahl &#8211; Lauffl\u00e4che: EPDM Fundament (bauseits) 1 Stck. 1,40 x 0,90 x 0,50 m Betonmenge: [&hellip;]","og_url":"https:\/\/kaiser-kuehne.com\/en\/product\/045450001-internal-drum\/","og_site_name":"Kaiser &amp; K\u00fchne","article_modified_time":"2026-05-02T00:04:12+00:00","og_image":[{"width":1024,"height":511,"url":"https:\/\/kaiser-kuehne.com\/wp-content\/uploads\/2025\/09\/Bildschirmfoto-2025-09-05-um-13.34.55-1024x511.png","type":"image\/png"}],"twitter_card":"summary_large_image","schema":{"@context":"https:\/\/schema.org","@graph":[{"@type":"WebPage","@id":"https:\/\/kaiser-kuehne.com\/produkt\/045450001-innenlauftrommel\/","url":"https:\/\/kaiser-kuehne.com\/produkt\/045450001-innenlauftrommel\/","name":"Inner barrel drum | Kaiser &amp; K\u00fchne","isPartOf":{"@id":"https:\/\/kaiser-kuehne.com\/#website"},"primaryImageOfPage":{"@id":"https:\/\/kaiser-kuehne.com\/produkt\/045450001-innenlauftrommel\/#primaryimage"},"image":{"@id":"https:\/\/kaiser-kuehne.com\/produkt\/045450001-innenlauftrommel\/#primaryimage"},"thumbnailUrl":"https:\/\/kaiser-kuehne.com\/wp-content\/uploads\/product-media\/2026-05-01_22-00-05\/123148628\/045450001-Produktbild.jpg","datePublished":"2026-05-02T00:03:34+00:00","dateModified":"2026-05-02T00:04:12+00:00","breadcrumb":{"@id":"https:\/\/kaiser-kuehne.com\/produkt\/045450001-innenlauftrommel\/#breadcrumb"},"inLanguage":"en-GB","potentialAction":[{"@type":"ReadAction","target":["https:\/\/kaiser-kuehne.com\/produkt\/045450001-innenlauftrommel\/"]}]},{"@type":"ImageObject","inLanguage":"en-GB","@id":"https:\/\/kaiser-kuehne.com\/produkt\/045450001-innenlauftrommel\/#primaryimage","url":"https:\/\/kaiser-kuehne.com\/wp-content\/uploads\/product-media\/2026-05-01_22-00-05\/123148628\/045450001-Produktbild.jpg","contentUrl":"https:\/\/kaiser-kuehne.com\/wp-content\/uploads\/product-media\/2026-05-01_22-00-05\/123148628\/045450001-Produktbild.jpg","width":1920,"height":1080,"caption":"Innenlauftrommel"},{"@type":"BreadcrumbList","@id":"https:\/\/kaiser-kuehne.com\/produkt\/045450001-innenlauftrommel\/#breadcrumb","itemListElement":[{"@type":"ListItem","position":1,"name":"Startseite","item":"https:\/\/kaiser-kuehne.com\/"},{"@type":"ListItem","position":2,"name":"Produkte","item":"https:\/\/kaiser-kuehne.com\/produkte\/"},{"@type":"ListItem","position":3,"name":"Innenlauftrommel"}]},{"@type":"WebSite","@id":"https:\/\/kaiser-kuehne.com\/#website","url":"https:\/\/kaiser-kuehne.com\/","name":"Kaiser &amp; K\u00fchne","description":"Premium Playgrounds","publisher":{"@id":"https:\/\/kaiser-kuehne.com\/#organization"},"alternateName":"Kaiser und K\u00fchne","potentialAction":[{"@type":"SearchAction","target":{"@type":"EntryPoint","urlTemplate":"https:\/\/kaiser-kuehne.com\/?s={search_term_string}"},"query-input":{"@type":"PropertyValueSpecification","valueRequired":true,"valueName":"search_term_string"}}],"inLanguage":"en-GB"},{"@type":"Organization","@id":"https:\/\/kaiser-kuehne.com\/#organization","name":"Kaiser &amp; K\u00fchne","url":"https:\/\/kaiser-kuehne.com\/","logo":{"@type":"ImageObject","inLanguage":"en-GB","@id":"https:\/\/kaiser-kuehne.com\/#\/schema\/logo\/image\/","url":"https:\/\/kaiser-kuehne.com\/wp-content\/uploads\/2025\/06\/kaiserkuehne-logo-color.svg","contentUrl":"https:\/\/kaiser-kuehne.com\/wp-content\/uploads\/2025\/06\/kaiserkuehne-logo-color.svg","width":1,"height":1,"caption":"Kaiser & K\u00fchne"},"image":{"@id":"https:\/\/kaiser-kuehne.com\/#\/schema\/logo\/image\/"},"sameAs":["https:\/\/www.instagram.com\/kaiser_kuehne\/?hl=de","https:\/\/de.linkedin.com\/company\/kaiser-kuehne"]}]}},"_links":{"self":[{"href":"https:\/\/kaiser-kuehne.com\/en\/wp-json\/wp\/v2\/product\/96455","targetHints":{"allow":["GET"]}}],"collection":[{"href":"https:\/\/kaiser-kuehne.com\/en\/wp-json\/wp\/v2\/product"}],"about":[{"href":"https:\/\/kaiser-kuehne.com\/en\/wp-json\/wp\/v2\/types\/product"}],"replies":[{"embeddable":true,"href":"https:\/\/kaiser-kuehne.com\/en\/wp-json\/wp\/v2\/comments?post=96455"}],"wp:featuredmedia":[{"embeddable":true,"href":"https:\/\/kaiser-kuehne.com\/en\/wp-json\/wp\/v2\/media\/232034"}],"wp:attachment":[{"href":"https:\/\/kaiser-kuehne.com\/en\/wp-json\/wp\/v2\/media?parent=96455"}],"wp:term":[{"taxonomy":"product_brand","embeddable":true,"href":"https:\/\/kaiser-kuehne.com\/en\/wp-json\/wp\/v2\/product_brand?post=96455"},{"taxonomy":"product_cat","embeddable":true,"href":"https:\/\/kaiser-kuehne.com\/en\/wp-json\/wp\/v2\/product_cat?post=96455"},{"taxonomy":"product_tag","embeddable":true,"href":"https:\/\/kaiser-kuehne.com\/en\/wp-json\/wp\/v2\/product_tag?post=96455"}],"curies":[{"name":"wp","href":"https:\/\/api.w.org\/{rel}","templated":true}]}}