{"id":93342,"date":"2026-05-02T01:39:27","date_gmt":"2026-05-01T23:39:27","guid":{"rendered":"https:\/\/final.kaiserundkuehne.de\/produkt\/053115900-midireck-150\/"},"modified":"2026-05-02T01:39:29","modified_gmt":"2026-05-01T23:39:29","slug":"053115900-midireck-150","status":"publish","type":"product","link":"https:\/\/kaiser-kuehne.com\/en\/produkt\/053115900-midireck-150\/","title":{"rendered":"Chin-up bar medium rise (1,50)"},"content":{"rendered":"<p>Technical data<br \/>\nLength: 1.75 m<br \/>\nMinimum space: 4.75 x 3.15 m (16 m\u00b2)<br \/>\nTotal height: 1.65 m<br \/>\nHigh bar height: 1.50 m<br \/>\nWeight: 20 kg heaviest individual part<br \/>\n\t  45 kg in total<\/p>\n<p>Support post<br \/>\nSupport post made of stainless steel tube \u00d8 114 mm, wall thickness 3 mm, covered with welded stainless steel caps.<\/p>\n<p>Attachments<br \/>\nHorizontal bar made of stainless steel tube, \u00d8 38 mm, wall thickness 2.5 mm, torsion-resistant<\/p>\n<p>Metal components: Stainless steel 1.4301<br \/>\nThe modular add-on parts transfer their forces directly to the uprights via a special adapter fastening.<br \/>\nThe screw connections are secured against unauthorised loosening. <\/p>\n<p>Foundations (client-provided)<br \/>\n2 pcs. 0.50 x 0.60 x 0.50 m<br \/>\nConcrete quantity: 0.30 m\u00b3<\/p>\n<p>Assembly time<br \/>\n1 fitter per 0.5 hours<br \/>\n(without foundation)<\/p>\n<p>Free fall height<br \/>\n1,52 m<\/p>\n<p>Suitable for<br \/>\nChildren aged 3 and over,<br \/>\npublic playgrounds etc.,<br \/>\nsporting activities<\/p>\n<p>Item number: 053115900<\/p>","protected":false},"excerpt":{"rendered":"<p>Technische Daten L\u00e4nge: 1,75 m Mindestraum: 4,75 x 3,15 m (16 m\u00b2) Gesamth\u00f6he: 1,65 m Reckstangenh\u00f6he: 1,50 m Gewicht: 20 kg schwerstes Einzelteil 45 kg insgesamt Standpfosten Standpfosten aus Edelstahlrohr \u00d8 114 mm, Wandst\u00e4rke 3 mm, mit verschwei\u00dften Kappen aus Edelstahl abgedeckt. Anbauteile Reckstange aus Edelstahlrohr, \u00d8 38 mm, Wandst\u00e4rke 2,5 mm, verdrehungssicher Metallbauteile: Edelstahl [&hellip;]<\/p>\n","protected":false},"featured_media":229981,"comment_status":"closed","ping_status":"open","template":"","meta":{"_acf_changed":false,"_et_pb_use_builder":"","_et_pb_old_content":"","_et_gb_content_width":""},"product_brand":[],"product_cat":[114],"product_tag":[],"class_list":{"0":"post-93342","1":"product","2":"type-product","3":"status-publish","4":"has-post-thumbnail","6":"product_cat-klettern-hangeln","7":"pa_aktivitaeten-bewegungsaktivitaet","8":"pa_aktivitaeten-sportliche-aktivitaet","9":"pa_altersgruppe-72","10":"pa_einsatzgebiete-oeffentliche-spielplaetze","11":"pa_hebezeug-false","12":"pa_inklusionsattribute-koordination","14":"first","15":"instock","16":"purchasable","17":"product-type-simple"},"acf":[],"yoast_head":"<!-- This site is optimized with the Yoast SEO plugin v27.4 - https:\/\/yoast.com\/product\/yoast-seo-wordpress\/ -->\n<title>Midireck (1,50) | Kaiser &amp; K\u00fchne<\/title>\n<meta name=\"robots\" content=\"index, follow, max-snippet:-1, max-image-preview:large, max-video-preview:-1\" \/>\n<link rel=\"canonical\" href=\"https:\/\/kaiser-kuehne.com\/en\/product\/053115900-midireck-150\/\" \/>\n<meta property=\"og:locale\" content=\"en_GB\" \/>\n<meta property=\"og:type\" content=\"article\" \/>\n<meta property=\"og:title\" content=\"Midireck (1,50) | Kaiser &amp; K\u00fchne\" \/>\n<meta property=\"og:description\" content=\"Technische Daten L\u00e4nge: 1,75 m Mindestraum: 4,75 x 3,15 m (16 m\u00b2) Gesamth\u00f6he: 1,65 m Reckstangenh\u00f6he: 1,50 m Gewicht: 20 kg schwerstes Einzelteil 45 kg insgesamt Standpfosten Standpfosten aus Edelstahlrohr \u00d8 114 mm, Wandst\u00e4rke 3 mm, mit verschwei\u00dften Kappen aus Edelstahl abgedeckt. Anbauteile Reckstange aus Edelstahlrohr, \u00d8 38 mm, Wandst\u00e4rke 2,5 mm, verdrehungssicher Metallbauteile: Edelstahl [&hellip;]\" \/>\n<meta property=\"og:url\" content=\"https:\/\/kaiser-kuehne.com\/en\/product\/053115900-midireck-150\/\" \/>\n<meta property=\"og:site_name\" content=\"Kaiser &amp; K\u00fchne\" \/>\n<meta property=\"article:modified_time\" content=\"2026-05-01T23:39:29+00:00\" \/>\n<meta property=\"og:image\" content=\"https:\/\/kaiser-kuehne.com\/wp-content\/uploads\/2025\/09\/Bildschirmfoto-2025-09-05-um-13.34.55-1024x511.png\" \/>\n\t<meta property=\"og:image:width\" content=\"1024\" \/>\n\t<meta property=\"og:image:height\" content=\"511\" \/>\n\t<meta property=\"og:image:type\" content=\"image\/png\" \/>\n<meta name=\"twitter:card\" content=\"summary_large_image\" \/>\n<meta name=\"twitter:label1\" content=\"Estimated reading time\" \/>\n\t<meta name=\"twitter:data1\" content=\"1 minute\" \/>\n<script type=\"application\/ld+json\" class=\"yoast-schema-graph\">{\"@context\":\"https:\\\/\\\/schema.org\",\"@graph\":[{\"@type\":\"WebPage\",\"@id\":\"https:\\\/\\\/kaiser-kuehne.com\\\/produkt\\\/053115900-midireck-150\\\/\",\"url\":\"https:\\\/\\\/kaiser-kuehne.com\\\/produkt\\\/053115900-midireck-150\\\/\",\"name\":\"Midireck (1,50) | Kaiser &amp; K\u00fchne\",\"isPartOf\":{\"@id\":\"https:\\\/\\\/kaiser-kuehne.com\\\/#website\"},\"primaryImageOfPage\":{\"@id\":\"https:\\\/\\\/kaiser-kuehne.com\\\/produkt\\\/053115900-midireck-150\\\/#primaryimage\"},\"image\":{\"@id\":\"https:\\\/\\\/kaiser-kuehne.com\\\/produkt\\\/053115900-midireck-150\\\/#primaryimage\"},\"thumbnailUrl\":\"https:\\\/\\\/kaiser-kuehne.com\\\/wp-content\\\/uploads\\\/product-media\\\/2026-05-01_22-00-05\\\/123141760\\\/053115900-Produktbild.jpg\",\"datePublished\":\"2026-05-01T23:39:27+00:00\",\"dateModified\":\"2026-05-01T23:39:29+00:00\",\"breadcrumb\":{\"@id\":\"https:\\\/\\\/kaiser-kuehne.com\\\/produkt\\\/053115900-midireck-150\\\/#breadcrumb\"},\"inLanguage\":\"en-GB\",\"potentialAction\":[{\"@type\":\"ReadAction\",\"target\":[\"https:\\\/\\\/kaiser-kuehne.com\\\/produkt\\\/053115900-midireck-150\\\/\"]}]},{\"@type\":\"ImageObject\",\"inLanguage\":\"en-GB\",\"@id\":\"https:\\\/\\\/kaiser-kuehne.com\\\/produkt\\\/053115900-midireck-150\\\/#primaryimage\",\"url\":\"https:\\\/\\\/kaiser-kuehne.com\\\/wp-content\\\/uploads\\\/product-media\\\/2026-05-01_22-00-05\\\/123141760\\\/053115900-Produktbild.jpg\",\"contentUrl\":\"https:\\\/\\\/kaiser-kuehne.com\\\/wp-content\\\/uploads\\\/product-media\\\/2026-05-01_22-00-05\\\/123141760\\\/053115900-Produktbild.jpg\",\"width\":1920,\"height\":1080,\"caption\":\"Midireck (1,50)\"},{\"@type\":\"BreadcrumbList\",\"@id\":\"https:\\\/\\\/kaiser-kuehne.com\\\/produkt\\\/053115900-midireck-150\\\/#breadcrumb\",\"itemListElement\":[{\"@type\":\"ListItem\",\"position\":1,\"name\":\"Startseite\",\"item\":\"https:\\\/\\\/kaiser-kuehne.com\\\/\"},{\"@type\":\"ListItem\",\"position\":2,\"name\":\"Produkte\",\"item\":\"https:\\\/\\\/kaiser-kuehne.com\\\/produkte\\\/\"},{\"@type\":\"ListItem\",\"position\":3,\"name\":\"Midireck (1,50)\"}]},{\"@type\":\"WebSite\",\"@id\":\"https:\\\/\\\/kaiser-kuehne.com\\\/#website\",\"url\":\"https:\\\/\\\/kaiser-kuehne.com\\\/\",\"name\":\"Kaiser & K\u00fchne\",\"description\":\"Premium Playgrounds\",\"publisher\":{\"@id\":\"https:\\\/\\\/kaiser-kuehne.com\\\/#organization\"},\"alternateName\":\"Kaiser und K\u00fchne\",\"potentialAction\":[{\"@type\":\"SearchAction\",\"target\":{\"@type\":\"EntryPoint\",\"urlTemplate\":\"https:\\\/\\\/kaiser-kuehne.com\\\/?s={search_term_string}\"},\"query-input\":{\"@type\":\"PropertyValueSpecification\",\"valueRequired\":true,\"valueName\":\"search_term_string\"}}],\"inLanguage\":\"en-GB\"},{\"@type\":\"Organization\",\"@id\":\"https:\\\/\\\/kaiser-kuehne.com\\\/#organization\",\"name\":\"Kaiser & K\u00fchne\",\"url\":\"https:\\\/\\\/kaiser-kuehne.com\\\/\",\"logo\":{\"@type\":\"ImageObject\",\"inLanguage\":\"en-GB\",\"@id\":\"https:\\\/\\\/kaiser-kuehne.com\\\/#\\\/schema\\\/logo\\\/image\\\/\",\"url\":\"https:\\\/\\\/kaiser-kuehne.com\\\/wp-content\\\/uploads\\\/2025\\\/06\\\/kaiserkuehne-logo-color.svg\",\"contentUrl\":\"https:\\\/\\\/kaiser-kuehne.com\\\/wp-content\\\/uploads\\\/2025\\\/06\\\/kaiserkuehne-logo-color.svg\",\"width\":1,\"height\":1,\"caption\":\"Kaiser & K\u00fchne\"},\"image\":{\"@id\":\"https:\\\/\\\/kaiser-kuehne.com\\\/#\\\/schema\\\/logo\\\/image\\\/\"},\"sameAs\":[\"https:\\\/\\\/www.instagram.com\\\/kaiser_kuehne\\\/?hl=de\",\"https:\\\/\\\/de.linkedin.com\\\/company\\\/kaiser-kuehne\"]}]}<\/script>\n<!-- \/ Yoast SEO plugin. -->","yoast_head_json":{"title":"Midireck (1.50) | Kaiser &amp; K\u00fchne","robots":{"index":"index","follow":"follow","max-snippet":"max-snippet:-1","max-image-preview":"max-image-preview:large","max-video-preview":"max-video-preview:-1"},"canonical":"https:\/\/kaiser-kuehne.com\/en\/product\/053115900-midireck-150\/","og_locale":"en_GB","og_type":"article","og_title":"Midireck (1,50) | Kaiser &amp; K\u00fchne","og_description":"Technische Daten L\u00e4nge: 1,75 m Mindestraum: 4,75 x 3,15 m (16 m\u00b2) Gesamth\u00f6he: 1,65 m Reckstangenh\u00f6he: 1,50 m Gewicht: 20 kg schwerstes Einzelteil 45 kg insgesamt Standpfosten Standpfosten aus Edelstahlrohr \u00d8 114 mm, Wandst\u00e4rke 3 mm, mit verschwei\u00dften Kappen aus Edelstahl abgedeckt. Anbauteile Reckstange aus Edelstahlrohr, \u00d8 38 mm, Wandst\u00e4rke 2,5 mm, verdrehungssicher Metallbauteile: Edelstahl [&hellip;]","og_url":"https:\/\/kaiser-kuehne.com\/en\/product\/053115900-midireck-150\/","og_site_name":"Kaiser &amp; K\u00fchne","article_modified_time":"2026-05-01T23:39:29+00:00","og_image":[{"width":1024,"height":511,"url":"https:\/\/kaiser-kuehne.com\/wp-content\/uploads\/2025\/09\/Bildschirmfoto-2025-09-05-um-13.34.55-1024x511.png","type":"image\/png"}],"twitter_card":"summary_large_image","twitter_misc":{"Estimated reading time":"1 minute"},"schema":{"@context":"https:\/\/schema.org","@graph":[{"@type":"WebPage","@id":"https:\/\/kaiser-kuehne.com\/produkt\/053115900-midireck-150\/","url":"https:\/\/kaiser-kuehne.com\/produkt\/053115900-midireck-150\/","name":"Midireck (1.50) | Kaiser &amp; K\u00fchne","isPartOf":{"@id":"https:\/\/kaiser-kuehne.com\/#website"},"primaryImageOfPage":{"@id":"https:\/\/kaiser-kuehne.com\/produkt\/053115900-midireck-150\/#primaryimage"},"image":{"@id":"https:\/\/kaiser-kuehne.com\/produkt\/053115900-midireck-150\/#primaryimage"},"thumbnailUrl":"https:\/\/kaiser-kuehne.com\/wp-content\/uploads\/product-media\/2026-05-01_22-00-05\/123141760\/053115900-Produktbild.jpg","datePublished":"2026-05-01T23:39:27+00:00","dateModified":"2026-05-01T23:39:29+00:00","breadcrumb":{"@id":"https:\/\/kaiser-kuehne.com\/produkt\/053115900-midireck-150\/#breadcrumb"},"inLanguage":"en-GB","potentialAction":[{"@type":"ReadAction","target":["https:\/\/kaiser-kuehne.com\/produkt\/053115900-midireck-150\/"]}]},{"@type":"ImageObject","inLanguage":"en-GB","@id":"https:\/\/kaiser-kuehne.com\/produkt\/053115900-midireck-150\/#primaryimage","url":"https:\/\/kaiser-kuehne.com\/wp-content\/uploads\/product-media\/2026-05-01_22-00-05\/123141760\/053115900-Produktbild.jpg","contentUrl":"https:\/\/kaiser-kuehne.com\/wp-content\/uploads\/product-media\/2026-05-01_22-00-05\/123141760\/053115900-Produktbild.jpg","width":1920,"height":1080,"caption":"Midireck (1,50)"},{"@type":"BreadcrumbList","@id":"https:\/\/kaiser-kuehne.com\/produkt\/053115900-midireck-150\/#breadcrumb","itemListElement":[{"@type":"ListItem","position":1,"name":"Startseite","item":"https:\/\/kaiser-kuehne.com\/"},{"@type":"ListItem","position":2,"name":"Produkte","item":"https:\/\/kaiser-kuehne.com\/produkte\/"},{"@type":"ListItem","position":3,"name":"Midireck (1,50)"}]},{"@type":"WebSite","@id":"https:\/\/kaiser-kuehne.com\/#website","url":"https:\/\/kaiser-kuehne.com\/","name":"Kaiser &amp; K\u00fchne","description":"Premium Playgrounds","publisher":{"@id":"https:\/\/kaiser-kuehne.com\/#organization"},"alternateName":"Kaiser und K\u00fchne","potentialAction":[{"@type":"SearchAction","target":{"@type":"EntryPoint","urlTemplate":"https:\/\/kaiser-kuehne.com\/?s={search_term_string}"},"query-input":{"@type":"PropertyValueSpecification","valueRequired":true,"valueName":"search_term_string"}}],"inLanguage":"en-GB"},{"@type":"Organization","@id":"https:\/\/kaiser-kuehne.com\/#organization","name":"Kaiser &amp; K\u00fchne","url":"https:\/\/kaiser-kuehne.com\/","logo":{"@type":"ImageObject","inLanguage":"en-GB","@id":"https:\/\/kaiser-kuehne.com\/#\/schema\/logo\/image\/","url":"https:\/\/kaiser-kuehne.com\/wp-content\/uploads\/2025\/06\/kaiserkuehne-logo-color.svg","contentUrl":"https:\/\/kaiser-kuehne.com\/wp-content\/uploads\/2025\/06\/kaiserkuehne-logo-color.svg","width":1,"height":1,"caption":"Kaiser & K\u00fchne"},"image":{"@id":"https:\/\/kaiser-kuehne.com\/#\/schema\/logo\/image\/"},"sameAs":["https:\/\/www.instagram.com\/kaiser_kuehne\/?hl=de","https:\/\/de.linkedin.com\/company\/kaiser-kuehne"]}]}},"_links":{"self":[{"href":"https:\/\/kaiser-kuehne.com\/en\/wp-json\/wp\/v2\/product\/93342","targetHints":{"allow":["GET"]}}],"collection":[{"href":"https:\/\/kaiser-kuehne.com\/en\/wp-json\/wp\/v2\/product"}],"about":[{"href":"https:\/\/kaiser-kuehne.com\/en\/wp-json\/wp\/v2\/types\/product"}],"replies":[{"embeddable":true,"href":"https:\/\/kaiser-kuehne.com\/en\/wp-json\/wp\/v2\/comments?post=93342"}],"wp:featuredmedia":[{"embeddable":true,"href":"https:\/\/kaiser-kuehne.com\/en\/wp-json\/wp\/v2\/media\/229981"}],"wp:attachment":[{"href":"https:\/\/kaiser-kuehne.com\/en\/wp-json\/wp\/v2\/media?parent=93342"}],"wp:term":[{"taxonomy":"product_brand","embeddable":true,"href":"https:\/\/kaiser-kuehne.com\/en\/wp-json\/wp\/v2\/product_brand?post=93342"},{"taxonomy":"product_cat","embeddable":true,"href":"https:\/\/kaiser-kuehne.com\/en\/wp-json\/wp\/v2\/product_cat?post=93342"},{"taxonomy":"product_tag","embeddable":true,"href":"https:\/\/kaiser-kuehne.com\/en\/wp-json\/wp\/v2\/product_tag?post=93342"}],"curies":[{"name":"wp","href":"https:\/\/api.w.org\/{rel}","templated":true}]}}