{"id":92402,"date":"2026-05-02T01:33:19","date_gmt":"2026-05-01T23:33:19","guid":{"rendered":"https:\/\/final.kaiserundkuehne.de\/produkt\/055490501-kletterkombination\/"},"modified":"2026-05-02T01:34:06","modified_gmt":"2026-05-01T23:34:06","slug":"055490501-climbing-combination","status":"publish","type":"product","link":"https:\/\/kaiser-kuehne.com\/en\/produkt\/055490501-kletterkombination\/","title":{"rendered":"Climbing combination"},"content":{"rendered":"<p>Technical data<br \/>\nTotal height: 3.05 m<br \/>\nFloor area: 8.20 x 9.30 m<br \/>\nMinimum space: 11.20 x 12.50 m (93 m\u00b2)<br \/>\nPlatform height: 0.60\/0.80\/1.80 m<br \/>\nHigh bar height: 1.30 m<br \/>\nWeight: 80 kg heaviest individual part<br \/>\n\t  619 kg in total<\/p>\n<p>Support post<br \/>\nSupport posts made of stainless steel tube \u00d8 120 x 3 mm, covered with non-detachable stainless steel post caps. Connection of the modular add-on parts to the uprights using solid and fully welded stainless steel weld-in sleeves without protruding connecting elements.<\/p>\n<p>Triangular steel base<br \/>\nTriangular, welded stainless steel construction, 120 mm frame height, covered with EPDM rubber granulate <\/p>\n<p>Attachments<br \/>\n- Railing bracket, anti-roll, made of stainless steel tube, \u00d8 33.7 x 2 mm<br \/>\n- Tandem railing made of stainless steel tube, \u00d8 33.7 x 2 mm<br \/>\n- Vertical climbing pole with horizontal half-bend made of stainless steel tube \u00d8 38 x 2 mm<br \/>\n- Railing slide made of stainless steel tube \u00d8 42.4 x 3.2 mm<br \/>\n- Shimmy ladder, 0.80 x 2.40 m horizontal, made of stainless steel tube<br \/>\n- Triangular rung wall made of stainless steel tube, \u00d8 38 x 2.5 mm<br \/>\n- Stainless steel tube horizontal bar, \u00d8 38 x 2.5 mm<br \/>\n- Wobbly staircase on tandem crossbeam, 10 mm dia. robinia timbers, fine-linked stainless steel railing chains<br \/>\n- Loop bridge grid 3.20 m: smb rope construction with suspension loops made of Hercules rope \u00d8 20 mm, handrail rope \u00d8 22 mm<br \/>\n- Balancing rope: smb rope construction made of Hercules rope \u00d8 22 mm<br \/>\n- Hanging loop rope on tandem crossbar\/post made of Hercules rope \u00d8 18 mm<\/p>\n<p>Metal components: Stainless steel.<br \/>\nThe modular add-on parts transfer their forces directly to the uprights via a special adapter fastening. The screw connections are secured against unauthorised loosening.<\/p>\n<p>Foundations (client-provided)<br \/>\n3 pcs. 0.30 x 0.30 x 0.40 m<br \/>\n9 pcs. 0.40 x 0.40 x 0.40 m<br \/>\n1 piece 1.00 x 0.40 x 0.40 m<br \/>\n1 piece 1.40 x 1.40 x 0.40 m<br \/>\n1 piece 0.30 x 0.60 x 0.30 m<br \/>\nConcrete volume: 1.68 m\u00b3<\/p>\n<p>Assembly time<br \/>\n2 fitters 4 hours each<br \/>\n(without foundation)<\/p>\n<p>Free fall height<br \/>\n2,40 m<\/p>\n<p>Suitable for<br \/>\nChildren aged 5 and over,<br \/>\npublic playgrounds etc.<br \/>\nsporting activities<\/p>\n<p>Item number: 055490501<\/p>","protected":false},"excerpt":{"rendered":"<p>Technische Daten Gesamth\u00f6he: 3,05 m Grundfl\u00e4che: 8,20 x 9,30 m Mindestraum: 11,20 x 12,50 m (93 m\u00b2) Podesth\u00f6he: 0,60\/0,80\/1,80 m Reckstangenh\u00f6he: 1,30 m Gewicht: 80 kg schwerstes Einzelteil 619 kg insgesamt Standpfosten Standpfosten aus Edelstahlrohr \u00d8 120 x 3 mm, mit nicht l\u00f6sbaren Pfostenkappen aus Edelstahl abgedeckt. Anschluss der modularen Anbauteile an die Standpfosten durch [&hellip;]<\/p>\n","protected":false},"featured_media":229148,"comment_status":"closed","ping_status":"open","template":"","meta":{"_acf_changed":false,"_et_pb_use_builder":"","_et_pb_old_content":"","_et_gb_content_width":""},"product_brand":[],"product_cat":[114],"product_tag":[],"class_list":{"0":"post-92402","1":"product","2":"type-product","3":"status-publish","4":"has-post-thumbnail","6":"product_cat-klettern-hangeln","7":"pa_aktivitaeten-balancieren","8":"pa_aktivitaeten-bewegungsaktivitaet","9":"pa_aktivitaeten-klettern","10":"pa_aktivitaeten-sportliche-aktivitaet","11":"pa_altersgruppe-75","12":"pa_einsatzgebiete-oeffentliche-spielplaetze","13":"pa_hebezeug-false","14":"pa_inklusionsattribute-begegnungsmoeglichkeit","15":"pa_inklusionsattribute-dramaspiel","16":"pa_inklusionsattribute-einzelspiele","17":"pa_inklusionsattribute-funktionelles-spielen","18":"pa_inklusionsattribute-geschwindigkeit","19":"pa_inklusionsattribute-gleichgewicht","20":"pa_inklusionsattribute-gruppenspiele","21":"pa_inklusionsattribute-hoehenerfahrung","22":"pa_inklusionsattribute-koordination","23":"pa_inklusionsattribute-paralleles-spielen","24":"pa_inklusionsattribute-selbstwahrnehmung","26":"first","27":"instock","28":"purchasable","29":"product-type-variable"},"acf":[],"yoast_head":"<!-- This site is optimized with the Yoast SEO plugin v27.4 - https:\/\/yoast.com\/product\/yoast-seo-wordpress\/ -->\n<title>Kletterkombination | Kaiser &amp; K\u00fchne<\/title>\n<meta name=\"robots\" content=\"index, follow, max-snippet:-1, max-image-preview:large, max-video-preview:-1\" \/>\n<link rel=\"canonical\" href=\"https:\/\/kaiser-kuehne.com\/en\/product\/055490501-climbing-combination\/\" \/>\n<meta property=\"og:locale\" content=\"en_GB\" \/>\n<meta property=\"og:type\" content=\"article\" \/>\n<meta property=\"og:title\" content=\"Kletterkombination | Kaiser &amp; K\u00fchne\" \/>\n<meta property=\"og:description\" content=\"Technische Daten Gesamth\u00f6he: 3,05 m Grundfl\u00e4che: 8,20 x 9,30 m Mindestraum: 11,20 x 12,50 m (93 m\u00b2) Podesth\u00f6he: 0,60\/0,80\/1,80 m Reckstangenh\u00f6he: 1,30 m Gewicht: 80 kg schwerstes Einzelteil 619 kg insgesamt Standpfosten Standpfosten aus Edelstahlrohr \u00d8 120 x 3 mm, mit nicht l\u00f6sbaren Pfostenkappen aus Edelstahl abgedeckt. Anschluss der modularen Anbauteile an die Standpfosten durch [&hellip;]\" \/>\n<meta property=\"og:url\" content=\"https:\/\/kaiser-kuehne.com\/en\/product\/055490501-climbing-combination\/\" \/>\n<meta property=\"og:site_name\" content=\"Kaiser &amp; K\u00fchne\" \/>\n<meta property=\"article:modified_time\" content=\"2026-05-01T23:34:06+00:00\" \/>\n<meta property=\"og:image\" content=\"https:\/\/kaiser-kuehne.com\/wp-content\/uploads\/2025\/09\/Bildschirmfoto-2025-09-05-um-13.34.55-1024x511.png\" \/>\n\t<meta property=\"og:image:width\" content=\"1024\" \/>\n\t<meta property=\"og:image:height\" content=\"511\" \/>\n\t<meta property=\"og:image:type\" content=\"image\/png\" \/>\n<meta name=\"twitter:card\" content=\"summary_large_image\" \/>\n<meta name=\"twitter:label1\" content=\"Estimated reading time\" \/>\n\t<meta name=\"twitter:data1\" content=\"1 minute\" \/>\n<script type=\"application\/ld+json\" class=\"yoast-schema-graph\">{\"@context\":\"https:\\\/\\\/schema.org\",\"@graph\":[{\"@type\":\"WebPage\",\"@id\":\"https:\\\/\\\/kaiser-kuehne.com\\\/produkt\\\/055490501-kletterkombination\\\/\",\"url\":\"https:\\\/\\\/kaiser-kuehne.com\\\/produkt\\\/055490501-kletterkombination\\\/\",\"name\":\"Kletterkombination | Kaiser &amp; K\u00fchne\",\"isPartOf\":{\"@id\":\"https:\\\/\\\/kaiser-kuehne.com\\\/#website\"},\"primaryImageOfPage\":{\"@id\":\"https:\\\/\\\/kaiser-kuehne.com\\\/produkt\\\/055490501-kletterkombination\\\/#primaryimage\"},\"image\":{\"@id\":\"https:\\\/\\\/kaiser-kuehne.com\\\/produkt\\\/055490501-kletterkombination\\\/#primaryimage\"},\"thumbnailUrl\":\"https:\\\/\\\/kaiser-kuehne.com\\\/wp-content\\\/uploads\\\/product-media\\\/2026-05-01_22-00-05\\\/123138156\\\/055490501-Produktbild.jpg\",\"datePublished\":\"2026-05-01T23:33:19+00:00\",\"dateModified\":\"2026-05-01T23:34:06+00:00\",\"breadcrumb\":{\"@id\":\"https:\\\/\\\/kaiser-kuehne.com\\\/produkt\\\/055490501-kletterkombination\\\/#breadcrumb\"},\"inLanguage\":\"en-GB\",\"potentialAction\":[{\"@type\":\"ReadAction\",\"target\":[\"https:\\\/\\\/kaiser-kuehne.com\\\/produkt\\\/055490501-kletterkombination\\\/\"]}]},{\"@type\":\"ImageObject\",\"inLanguage\":\"en-GB\",\"@id\":\"https:\\\/\\\/kaiser-kuehne.com\\\/produkt\\\/055490501-kletterkombination\\\/#primaryimage\",\"url\":\"https:\\\/\\\/kaiser-kuehne.com\\\/wp-content\\\/uploads\\\/product-media\\\/2026-05-01_22-00-05\\\/123138156\\\/055490501-Produktbild.jpg\",\"contentUrl\":\"https:\\\/\\\/kaiser-kuehne.com\\\/wp-content\\\/uploads\\\/product-media\\\/2026-05-01_22-00-05\\\/123138156\\\/055490501-Produktbild.jpg\",\"width\":1920,\"height\":1080,\"caption\":\"Kletterkombination\"},{\"@type\":\"BreadcrumbList\",\"@id\":\"https:\\\/\\\/kaiser-kuehne.com\\\/produkt\\\/055490501-kletterkombination\\\/#breadcrumb\",\"itemListElement\":[{\"@type\":\"ListItem\",\"position\":1,\"name\":\"Startseite\",\"item\":\"https:\\\/\\\/kaiser-kuehne.com\\\/\"},{\"@type\":\"ListItem\",\"position\":2,\"name\":\"Produkte\",\"item\":\"https:\\\/\\\/kaiser-kuehne.com\\\/produkte\\\/\"},{\"@type\":\"ListItem\",\"position\":3,\"name\":\"Kletterkombination\"}]},{\"@type\":\"WebSite\",\"@id\":\"https:\\\/\\\/kaiser-kuehne.com\\\/#website\",\"url\":\"https:\\\/\\\/kaiser-kuehne.com\\\/\",\"name\":\"Kaiser & K\u00fchne\",\"description\":\"Premium Playgrounds\",\"publisher\":{\"@id\":\"https:\\\/\\\/kaiser-kuehne.com\\\/#organization\"},\"alternateName\":\"Kaiser und K\u00fchne\",\"potentialAction\":[{\"@type\":\"SearchAction\",\"target\":{\"@type\":\"EntryPoint\",\"urlTemplate\":\"https:\\\/\\\/kaiser-kuehne.com\\\/?s={search_term_string}\"},\"query-input\":{\"@type\":\"PropertyValueSpecification\",\"valueRequired\":true,\"valueName\":\"search_term_string\"}}],\"inLanguage\":\"en-GB\"},{\"@type\":\"Organization\",\"@id\":\"https:\\\/\\\/kaiser-kuehne.com\\\/#organization\",\"name\":\"Kaiser & K\u00fchne\",\"url\":\"https:\\\/\\\/kaiser-kuehne.com\\\/\",\"logo\":{\"@type\":\"ImageObject\",\"inLanguage\":\"en-GB\",\"@id\":\"https:\\\/\\\/kaiser-kuehne.com\\\/#\\\/schema\\\/logo\\\/image\\\/\",\"url\":\"https:\\\/\\\/kaiser-kuehne.com\\\/wp-content\\\/uploads\\\/2025\\\/06\\\/kaiserkuehne-logo-color.svg\",\"contentUrl\":\"https:\\\/\\\/kaiser-kuehne.com\\\/wp-content\\\/uploads\\\/2025\\\/06\\\/kaiserkuehne-logo-color.svg\",\"width\":1,\"height\":1,\"caption\":\"Kaiser & K\u00fchne\"},\"image\":{\"@id\":\"https:\\\/\\\/kaiser-kuehne.com\\\/#\\\/schema\\\/logo\\\/image\\\/\"},\"sameAs\":[\"https:\\\/\\\/www.instagram.com\\\/kaiser_kuehne\\\/?hl=de\",\"https:\\\/\\\/de.linkedin.com\\\/company\\\/kaiser-kuehne\"]}]}<\/script>\n<!-- \/ Yoast SEO plugin. -->","yoast_head_json":{"title":"Climbing combination | Kaiser &amp; K\u00fchne","robots":{"index":"index","follow":"follow","max-snippet":"max-snippet:-1","max-image-preview":"max-image-preview:large","max-video-preview":"max-video-preview:-1"},"canonical":"https:\/\/kaiser-kuehne.com\/en\/product\/055490501-climbing-combination\/","og_locale":"en_GB","og_type":"article","og_title":"Kletterkombination | Kaiser &amp; K\u00fchne","og_description":"Technische Daten Gesamth\u00f6he: 3,05 m Grundfl\u00e4che: 8,20 x 9,30 m Mindestraum: 11,20 x 12,50 m (93 m\u00b2) Podesth\u00f6he: 0,60\/0,80\/1,80 m Reckstangenh\u00f6he: 1,30 m Gewicht: 80 kg schwerstes Einzelteil 619 kg insgesamt Standpfosten Standpfosten aus Edelstahlrohr \u00d8 120 x 3 mm, mit nicht l\u00f6sbaren Pfostenkappen aus Edelstahl abgedeckt. Anschluss der modularen Anbauteile an die Standpfosten durch [&hellip;]","og_url":"https:\/\/kaiser-kuehne.com\/en\/product\/055490501-climbing-combination\/","og_site_name":"Kaiser &amp; K\u00fchne","article_modified_time":"2026-05-01T23:34:06+00:00","og_image":[{"width":1024,"height":511,"url":"https:\/\/kaiser-kuehne.com\/wp-content\/uploads\/2025\/09\/Bildschirmfoto-2025-09-05-um-13.34.55-1024x511.png","type":"image\/png"}],"twitter_card":"summary_large_image","twitter_misc":{"Estimated reading time":"1 minute"},"schema":{"@context":"https:\/\/schema.org","@graph":[{"@type":"WebPage","@id":"https:\/\/kaiser-kuehne.com\/produkt\/055490501-kletterkombination\/","url":"https:\/\/kaiser-kuehne.com\/produkt\/055490501-kletterkombination\/","name":"Climbing combination | Kaiser &amp; K\u00fchne","isPartOf":{"@id":"https:\/\/kaiser-kuehne.com\/#website"},"primaryImageOfPage":{"@id":"https:\/\/kaiser-kuehne.com\/produkt\/055490501-kletterkombination\/#primaryimage"},"image":{"@id":"https:\/\/kaiser-kuehne.com\/produkt\/055490501-kletterkombination\/#primaryimage"},"thumbnailUrl":"https:\/\/kaiser-kuehne.com\/wp-content\/uploads\/product-media\/2026-05-01_22-00-05\/123138156\/055490501-Produktbild.jpg","datePublished":"2026-05-01T23:33:19+00:00","dateModified":"2026-05-01T23:34:06+00:00","breadcrumb":{"@id":"https:\/\/kaiser-kuehne.com\/produkt\/055490501-kletterkombination\/#breadcrumb"},"inLanguage":"en-GB","potentialAction":[{"@type":"ReadAction","target":["https:\/\/kaiser-kuehne.com\/produkt\/055490501-kletterkombination\/"]}]},{"@type":"ImageObject","inLanguage":"en-GB","@id":"https:\/\/kaiser-kuehne.com\/produkt\/055490501-kletterkombination\/#primaryimage","url":"https:\/\/kaiser-kuehne.com\/wp-content\/uploads\/product-media\/2026-05-01_22-00-05\/123138156\/055490501-Produktbild.jpg","contentUrl":"https:\/\/kaiser-kuehne.com\/wp-content\/uploads\/product-media\/2026-05-01_22-00-05\/123138156\/055490501-Produktbild.jpg","width":1920,"height":1080,"caption":"Kletterkombination"},{"@type":"BreadcrumbList","@id":"https:\/\/kaiser-kuehne.com\/produkt\/055490501-kletterkombination\/#breadcrumb","itemListElement":[{"@type":"ListItem","position":1,"name":"Startseite","item":"https:\/\/kaiser-kuehne.com\/"},{"@type":"ListItem","position":2,"name":"Produkte","item":"https:\/\/kaiser-kuehne.com\/produkte\/"},{"@type":"ListItem","position":3,"name":"Kletterkombination"}]},{"@type":"WebSite","@id":"https:\/\/kaiser-kuehne.com\/#website","url":"https:\/\/kaiser-kuehne.com\/","name":"Kaiser &amp; K\u00fchne","description":"Premium Playgrounds","publisher":{"@id":"https:\/\/kaiser-kuehne.com\/#organization"},"alternateName":"Kaiser und K\u00fchne","potentialAction":[{"@type":"SearchAction","target":{"@type":"EntryPoint","urlTemplate":"https:\/\/kaiser-kuehne.com\/?s={search_term_string}"},"query-input":{"@type":"PropertyValueSpecification","valueRequired":true,"valueName":"search_term_string"}}],"inLanguage":"en-GB"},{"@type":"Organization","@id":"https:\/\/kaiser-kuehne.com\/#organization","name":"Kaiser &amp; K\u00fchne","url":"https:\/\/kaiser-kuehne.com\/","logo":{"@type":"ImageObject","inLanguage":"en-GB","@id":"https:\/\/kaiser-kuehne.com\/#\/schema\/logo\/image\/","url":"https:\/\/kaiser-kuehne.com\/wp-content\/uploads\/2025\/06\/kaiserkuehne-logo-color.svg","contentUrl":"https:\/\/kaiser-kuehne.com\/wp-content\/uploads\/2025\/06\/kaiserkuehne-logo-color.svg","width":1,"height":1,"caption":"Kaiser & K\u00fchne"},"image":{"@id":"https:\/\/kaiser-kuehne.com\/#\/schema\/logo\/image\/"},"sameAs":["https:\/\/www.instagram.com\/kaiser_kuehne\/?hl=de","https:\/\/de.linkedin.com\/company\/kaiser-kuehne"]}]}},"_links":{"self":[{"href":"https:\/\/kaiser-kuehne.com\/en\/wp-json\/wp\/v2\/product\/92402","targetHints":{"allow":["GET"]}}],"collection":[{"href":"https:\/\/kaiser-kuehne.com\/en\/wp-json\/wp\/v2\/product"}],"about":[{"href":"https:\/\/kaiser-kuehne.com\/en\/wp-json\/wp\/v2\/types\/product"}],"replies":[{"embeddable":true,"href":"https:\/\/kaiser-kuehne.com\/en\/wp-json\/wp\/v2\/comments?post=92402"}],"wp:featuredmedia":[{"embeddable":true,"href":"https:\/\/kaiser-kuehne.com\/en\/wp-json\/wp\/v2\/media\/229148"}],"wp:attachment":[{"href":"https:\/\/kaiser-kuehne.com\/en\/wp-json\/wp\/v2\/media?parent=92402"}],"wp:term":[{"taxonomy":"product_brand","embeddable":true,"href":"https:\/\/kaiser-kuehne.com\/en\/wp-json\/wp\/v2\/product_brand?post=92402"},{"taxonomy":"product_cat","embeddable":true,"href":"https:\/\/kaiser-kuehne.com\/en\/wp-json\/wp\/v2\/product_cat?post=92402"},{"taxonomy":"product_tag","embeddable":true,"href":"https:\/\/kaiser-kuehne.com\/en\/wp-json\/wp\/v2\/product_tag?post=92402"}],"curies":[{"name":"wp","href":"https:\/\/api.w.org\/{rel}","templated":true}]}}