{"id":91228,"date":"2026-05-02T01:23:03","date_gmt":"2026-05-01T23:23:03","guid":{"rendered":"https:\/\/final.kaiserundkuehne.de\/produkt\/021144502-trawler\/"},"modified":"2026-05-02T01:24:14","modified_gmt":"2026-05-01T23:24:14","slug":"021144502-trawler","status":"publish","type":"product","link":"https:\/\/kaiser-kuehne.com\/en\/produkt\/021144502-trawler\/","title":{"rendered":"Trawler"},"content":{"rendered":"<p>Technical data<br \/>\nFloor area: 3.40 x 3.60 m<br \/>\nMinimum space: 6.30 x 7.10 m (30 m\u00b2)<br \/>\nTotal height: 2.20 m<br \/>\nPlatform height: 0.40\/0.60\/0.80 m<br \/>\nSlide seat height: 0.90 m<br \/>\nWeight: 75 kg heaviest individual part<br \/>\n\t  440 kg in total<\/p>\n<p>Support post<br \/>\nStainless steel posts \u00d8 120 mm covered with non-detachable stainless steel post caps. Connection of the modular add-on parts to the uprights using solid and fully welded stainless steel weld-in sleeves without protruding connecting elements.<\/p>\n<p>Platform floor<br \/>\nPlatform floor made of boards, 30 mm thick and circumferential squared timber beams 45 x 100 mm. The dried sawn timber made of robinia is planed, bevelled and free of rotting knots. Force-fit floor fastening using special stainless steel brackets with a continuous bolt connection.<\/p>\n<p>Attachments<br \/>\n- Panelled balustrade made of highly weather-resistant HPL laminate, 15 mm, fastened between stainless steel tubes \u00d8 33.7 x 2 mm<br \/>\n- Lattice balustrade made of stainless steel tube, \u00d8 33.7 x 2 \/ 25 x 2 mm, one-piece welded construction<br \/>\n- Access railing, roll-preventing, made of stainless steel tube, \u00d8 33.7 x 2 mm, consisting of horizontal railing tube and balustrade tubes arranged vertically on both sides<br \/>\n- Climbing rungs made of stainless steel tube, \u00d8 38 mm, torsion-resistant<br \/>\n- Vertical handle as climbing aid made of stainless steel tube, \u00d8 33.7 x 2 mm<br \/>\n- Chain ladder with stainless steel rungs<br \/>\n- Steering wheel: rotatable with locking mechanism<br \/>\n- Telescope horizontally rotatable 360\u00b0, vertically adjustable<br \/>\n- Gable roof, pitch 45\u00b0, made of highly weather-resistant HPL laminate, 13 mm, fastened to roof frame made of stainless steel tube \u00d8 33.7 x 2 mm<br \/>\n- Attachable trough slide, 0.60 m wide, one-piece stainless steel construction, sheet thickness: 2.5 mm, with roll-off protection above the single-seat section<\/p>\n<p>For your planning, please note that stainless steel slides should be orientated to the north-east or in the partial shade of trees due to the possible heating of the slide surface.<\/p>\n<p>Metal components: Stainless steel. The robinia wood is treated with a water-repellent, breathable protective coating. In addition to protecting against moisture, this treatment reduces cracking.<br \/>\nThe modular add-on parts transfer their forces directly to the uprights via a special adapter fastening. The screw connections are secured against unauthorised loosening.<\/p>\n<p>Foundations (client-provided)<br \/>\n9 pcs. 0.40 x 0.40 x 0.40 m<br \/>\n1 piece 0.40 x 0.75 x 0.40 m<br \/>\nConcrete volume: 0.70 m\u00b3<\/p>\n<p>Assembly time<br \/>\n2 fitters 4.5 hours each<br \/>\n(without foundation)<\/p>\n<p>Free fall height<br \/>\n0,90 m<\/p>\n<p>Suitable for<br \/>\nChildren from 2 years,<br \/>\npublic playgrounds etc.,<br \/>\nPhysical activities<\/p>\n<p>Item number: 021144502<\/p>","protected":false},"excerpt":{"rendered":"<p>Technische Daten Grundfl\u00e4che: 3,40 x 3,60 m Mindestraum: 6,30 x 7,10 m (30 m\u00b2) Gesamth\u00f6he: 2,20 m Podesth\u00f6he: 0,40\/0,60\/0,80 m Rutscheneinsitzh\u00f6he: 0,90 m Gewicht: 75 kg schwerstes Einzelteil 440 kg insgesamt Standpfosten Standpfosten aus Edelstahl \u00d8 120 mm mit nicht l\u00f6sbaren Pfostenkappen aus Edelstahl abgedeckt. Anschluss der modularen Anbauteile an die Standpfosten durch solide und [&hellip;]<\/p>\n","protected":false},"featured_media":228170,"comment_status":"closed","ping_status":"open","template":"","meta":{"_acf_changed":false,"_et_pb_use_builder":"","_et_pb_old_content":"","_et_gb_content_width":""},"product_brand":[],"product_cat":[93],"product_tag":[],"class_list":{"0":"post-91228","1":"product","2":"type-product","3":"status-publish","4":"has-post-thumbnail","6":"product_cat-spielkombinationen-tuerme","7":"pa_aktivitaeten-bewegungsaktivitaet","8":"pa_aktivitaeten-rutschen","9":"pa_altersgruppe-81","10":"pa_einsatzgebiete-oeffentliche-spielplaetze","11":"pa_hebezeug-false","12":"pa_inklusionsattribute-dramaspiel","13":"pa_inklusionsattribute-einzelspiele","14":"pa_inklusionsattribute-erforschendes-spiel","15":"pa_inklusionsattribute-funktionelles-spielen","16":"pa_inklusionsattribute-geschwindigkeit","17":"pa_inklusionsattribute-gruppenspiele","18":"pa_inklusionsattribute-hoehenerfahrung","19":"pa_inklusionsattribute-koordination","20":"pa_inklusionsattribute-paralleles-spielen","22":"first","23":"instock","24":"purchasable","25":"product-type-variable"},"acf":[],"yoast_head":"<!-- This site is optimized with the Yoast SEO plugin v27.4 - https:\/\/yoast.com\/product\/yoast-seo-wordpress\/ -->\n<title>Trawler | Kaiser &amp; K\u00fchne<\/title>\n<meta name=\"robots\" content=\"index, follow, max-snippet:-1, max-image-preview:large, max-video-preview:-1\" \/>\n<link rel=\"canonical\" href=\"https:\/\/kaiser-kuehne.com\/en\/product\/021144502-trawler\/\" \/>\n<meta property=\"og:locale\" content=\"en_GB\" \/>\n<meta property=\"og:type\" content=\"article\" \/>\n<meta property=\"og:title\" content=\"Trawler | Kaiser &amp; K\u00fchne\" \/>\n<meta property=\"og:description\" content=\"Technische Daten Grundfl\u00e4che: 3,40 x 3,60 m Mindestraum: 6,30 x 7,10 m (30 m\u00b2) Gesamth\u00f6he: 2,20 m Podesth\u00f6he: 0,40\/0,60\/0,80 m Rutscheneinsitzh\u00f6he: 0,90 m Gewicht: 75 kg schwerstes Einzelteil 440 kg insgesamt Standpfosten Standpfosten aus Edelstahl \u00d8 120 mm mit nicht l\u00f6sbaren Pfostenkappen aus Edelstahl abgedeckt. Anschluss der modularen Anbauteile an die Standpfosten durch solide und [&hellip;]\" \/>\n<meta property=\"og:url\" content=\"https:\/\/kaiser-kuehne.com\/en\/product\/021144502-trawler\/\" \/>\n<meta property=\"og:site_name\" content=\"Kaiser &amp; K\u00fchne\" \/>\n<meta property=\"article:modified_time\" content=\"2026-05-01T23:24:14+00:00\" \/>\n<meta property=\"og:image\" content=\"https:\/\/kaiser-kuehne.com\/wp-content\/uploads\/2025\/09\/Bildschirmfoto-2025-09-05-um-13.34.55-1024x511.png\" \/>\n\t<meta property=\"og:image:width\" content=\"1024\" \/>\n\t<meta property=\"og:image:height\" content=\"511\" \/>\n\t<meta property=\"og:image:type\" content=\"image\/png\" \/>\n<meta name=\"twitter:card\" content=\"summary_large_image\" \/>\n<meta name=\"twitter:label1\" content=\"Estimated reading time\" \/>\n\t<meta name=\"twitter:data1\" content=\"2 minutes\" \/>\n<script type=\"application\/ld+json\" class=\"yoast-schema-graph\">{\"@context\":\"https:\\\/\\\/schema.org\",\"@graph\":[{\"@type\":\"WebPage\",\"@id\":\"https:\\\/\\\/kaiser-kuehne.com\\\/produkt\\\/021144502-trawler\\\/\",\"url\":\"https:\\\/\\\/kaiser-kuehne.com\\\/produkt\\\/021144502-trawler\\\/\",\"name\":\"Trawler | Kaiser &amp; K\u00fchne\",\"isPartOf\":{\"@id\":\"https:\\\/\\\/kaiser-kuehne.com\\\/#website\"},\"primaryImageOfPage\":{\"@id\":\"https:\\\/\\\/kaiser-kuehne.com\\\/produkt\\\/021144502-trawler\\\/#primaryimage\"},\"image\":{\"@id\":\"https:\\\/\\\/kaiser-kuehne.com\\\/produkt\\\/021144502-trawler\\\/#primaryimage\"},\"thumbnailUrl\":\"https:\\\/\\\/kaiser-kuehne.com\\\/wp-content\\\/uploads\\\/product-media\\\/2026-05-01_22-00-05\\\/123132363\\\/021144502-Produktbild.jpg\",\"datePublished\":\"2026-05-01T23:23:03+00:00\",\"dateModified\":\"2026-05-01T23:24:14+00:00\",\"breadcrumb\":{\"@id\":\"https:\\\/\\\/kaiser-kuehne.com\\\/produkt\\\/021144502-trawler\\\/#breadcrumb\"},\"inLanguage\":\"en-GB\",\"potentialAction\":[{\"@type\":\"ReadAction\",\"target\":[\"https:\\\/\\\/kaiser-kuehne.com\\\/produkt\\\/021144502-trawler\\\/\"]}]},{\"@type\":\"ImageObject\",\"inLanguage\":\"en-GB\",\"@id\":\"https:\\\/\\\/kaiser-kuehne.com\\\/produkt\\\/021144502-trawler\\\/#primaryimage\",\"url\":\"https:\\\/\\\/kaiser-kuehne.com\\\/wp-content\\\/uploads\\\/product-media\\\/2026-05-01_22-00-05\\\/123132363\\\/021144502-Produktbild.jpg\",\"contentUrl\":\"https:\\\/\\\/kaiser-kuehne.com\\\/wp-content\\\/uploads\\\/product-media\\\/2026-05-01_22-00-05\\\/123132363\\\/021144502-Produktbild.jpg\",\"width\":1920,\"height\":1080,\"caption\":\"Trawler\"},{\"@type\":\"BreadcrumbList\",\"@id\":\"https:\\\/\\\/kaiser-kuehne.com\\\/produkt\\\/021144502-trawler\\\/#breadcrumb\",\"itemListElement\":[{\"@type\":\"ListItem\",\"position\":1,\"name\":\"Startseite\",\"item\":\"https:\\\/\\\/kaiser-kuehne.com\\\/\"},{\"@type\":\"ListItem\",\"position\":2,\"name\":\"Produkte\",\"item\":\"https:\\\/\\\/kaiser-kuehne.com\\\/produkte\\\/\"},{\"@type\":\"ListItem\",\"position\":3,\"name\":\"Trawler\"}]},{\"@type\":\"WebSite\",\"@id\":\"https:\\\/\\\/kaiser-kuehne.com\\\/#website\",\"url\":\"https:\\\/\\\/kaiser-kuehne.com\\\/\",\"name\":\"Kaiser & K\u00fchne\",\"description\":\"Premium Playgrounds\",\"publisher\":{\"@id\":\"https:\\\/\\\/kaiser-kuehne.com\\\/#organization\"},\"alternateName\":\"Kaiser und K\u00fchne\",\"potentialAction\":[{\"@type\":\"SearchAction\",\"target\":{\"@type\":\"EntryPoint\",\"urlTemplate\":\"https:\\\/\\\/kaiser-kuehne.com\\\/?s={search_term_string}\"},\"query-input\":{\"@type\":\"PropertyValueSpecification\",\"valueRequired\":true,\"valueName\":\"search_term_string\"}}],\"inLanguage\":\"en-GB\"},{\"@type\":\"Organization\",\"@id\":\"https:\\\/\\\/kaiser-kuehne.com\\\/#organization\",\"name\":\"Kaiser & K\u00fchne\",\"url\":\"https:\\\/\\\/kaiser-kuehne.com\\\/\",\"logo\":{\"@type\":\"ImageObject\",\"inLanguage\":\"en-GB\",\"@id\":\"https:\\\/\\\/kaiser-kuehne.com\\\/#\\\/schema\\\/logo\\\/image\\\/\",\"url\":\"https:\\\/\\\/kaiser-kuehne.com\\\/wp-content\\\/uploads\\\/2025\\\/06\\\/kaiserkuehne-logo-color.svg\",\"contentUrl\":\"https:\\\/\\\/kaiser-kuehne.com\\\/wp-content\\\/uploads\\\/2025\\\/06\\\/kaiserkuehne-logo-color.svg\",\"width\":1,\"height\":1,\"caption\":\"Kaiser & K\u00fchne\"},\"image\":{\"@id\":\"https:\\\/\\\/kaiser-kuehne.com\\\/#\\\/schema\\\/logo\\\/image\\\/\"},\"sameAs\":[\"https:\\\/\\\/www.instagram.com\\\/kaiser_kuehne\\\/?hl=de\",\"https:\\\/\\\/de.linkedin.com\\\/company\\\/kaiser-kuehne\"]}]}<\/script>\n<!-- \/ Yoast SEO plugin. -->","yoast_head_json":{"title":"Trawler | Kaiser &amp; K\u00fchne","robots":{"index":"index","follow":"follow","max-snippet":"max-snippet:-1","max-image-preview":"max-image-preview:large","max-video-preview":"max-video-preview:-1"},"canonical":"https:\/\/kaiser-kuehne.com\/en\/product\/021144502-trawler\/","og_locale":"en_GB","og_type":"article","og_title":"Trawler | Kaiser &amp; K\u00fchne","og_description":"Technische Daten Grundfl\u00e4che: 3,40 x 3,60 m Mindestraum: 6,30 x 7,10 m (30 m\u00b2) Gesamth\u00f6he: 2,20 m Podesth\u00f6he: 0,40\/0,60\/0,80 m Rutscheneinsitzh\u00f6he: 0,90 m Gewicht: 75 kg schwerstes Einzelteil 440 kg insgesamt Standpfosten Standpfosten aus Edelstahl \u00d8 120 mm mit nicht l\u00f6sbaren Pfostenkappen aus Edelstahl abgedeckt. Anschluss der modularen Anbauteile an die Standpfosten durch solide und [&hellip;]","og_url":"https:\/\/kaiser-kuehne.com\/en\/product\/021144502-trawler\/","og_site_name":"Kaiser &amp; K\u00fchne","article_modified_time":"2026-05-01T23:24:14+00:00","og_image":[{"width":1024,"height":511,"url":"https:\/\/kaiser-kuehne.com\/wp-content\/uploads\/2025\/09\/Bildschirmfoto-2025-09-05-um-13.34.55-1024x511.png","type":"image\/png"}],"twitter_card":"summary_large_image","twitter_misc":{"Estimated reading time":"2 minutes"},"schema":{"@context":"https:\/\/schema.org","@graph":[{"@type":"WebPage","@id":"https:\/\/kaiser-kuehne.com\/produkt\/021144502-trawler\/","url":"https:\/\/kaiser-kuehne.com\/produkt\/021144502-trawler\/","name":"Trawler | Kaiser &amp; K\u00fchne","isPartOf":{"@id":"https:\/\/kaiser-kuehne.com\/#website"},"primaryImageOfPage":{"@id":"https:\/\/kaiser-kuehne.com\/produkt\/021144502-trawler\/#primaryimage"},"image":{"@id":"https:\/\/kaiser-kuehne.com\/produkt\/021144502-trawler\/#primaryimage"},"thumbnailUrl":"https:\/\/kaiser-kuehne.com\/wp-content\/uploads\/product-media\/2026-05-01_22-00-05\/123132363\/021144502-Produktbild.jpg","datePublished":"2026-05-01T23:23:03+00:00","dateModified":"2026-05-01T23:24:14+00:00","breadcrumb":{"@id":"https:\/\/kaiser-kuehne.com\/produkt\/021144502-trawler\/#breadcrumb"},"inLanguage":"en-GB","potentialAction":[{"@type":"ReadAction","target":["https:\/\/kaiser-kuehne.com\/produkt\/021144502-trawler\/"]}]},{"@type":"ImageObject","inLanguage":"en-GB","@id":"https:\/\/kaiser-kuehne.com\/produkt\/021144502-trawler\/#primaryimage","url":"https:\/\/kaiser-kuehne.com\/wp-content\/uploads\/product-media\/2026-05-01_22-00-05\/123132363\/021144502-Produktbild.jpg","contentUrl":"https:\/\/kaiser-kuehne.com\/wp-content\/uploads\/product-media\/2026-05-01_22-00-05\/123132363\/021144502-Produktbild.jpg","width":1920,"height":1080,"caption":"Trawler"},{"@type":"BreadcrumbList","@id":"https:\/\/kaiser-kuehne.com\/produkt\/021144502-trawler\/#breadcrumb","itemListElement":[{"@type":"ListItem","position":1,"name":"Startseite","item":"https:\/\/kaiser-kuehne.com\/"},{"@type":"ListItem","position":2,"name":"Produkte","item":"https:\/\/kaiser-kuehne.com\/produkte\/"},{"@type":"ListItem","position":3,"name":"Trawler"}]},{"@type":"WebSite","@id":"https:\/\/kaiser-kuehne.com\/#website","url":"https:\/\/kaiser-kuehne.com\/","name":"Kaiser &amp; K\u00fchne","description":"Premium Playgrounds","publisher":{"@id":"https:\/\/kaiser-kuehne.com\/#organization"},"alternateName":"Kaiser und K\u00fchne","potentialAction":[{"@type":"SearchAction","target":{"@type":"EntryPoint","urlTemplate":"https:\/\/kaiser-kuehne.com\/?s={search_term_string}"},"query-input":{"@type":"PropertyValueSpecification","valueRequired":true,"valueName":"search_term_string"}}],"inLanguage":"en-GB"},{"@type":"Organization","@id":"https:\/\/kaiser-kuehne.com\/#organization","name":"Kaiser &amp; K\u00fchne","url":"https:\/\/kaiser-kuehne.com\/","logo":{"@type":"ImageObject","inLanguage":"en-GB","@id":"https:\/\/kaiser-kuehne.com\/#\/schema\/logo\/image\/","url":"https:\/\/kaiser-kuehne.com\/wp-content\/uploads\/2025\/06\/kaiserkuehne-logo-color.svg","contentUrl":"https:\/\/kaiser-kuehne.com\/wp-content\/uploads\/2025\/06\/kaiserkuehne-logo-color.svg","width":1,"height":1,"caption":"Kaiser & K\u00fchne"},"image":{"@id":"https:\/\/kaiser-kuehne.com\/#\/schema\/logo\/image\/"},"sameAs":["https:\/\/www.instagram.com\/kaiser_kuehne\/?hl=de","https:\/\/de.linkedin.com\/company\/kaiser-kuehne"]}]}},"_links":{"self":[{"href":"https:\/\/kaiser-kuehne.com\/en\/wp-json\/wp\/v2\/product\/91228","targetHints":{"allow":["GET"]}}],"collection":[{"href":"https:\/\/kaiser-kuehne.com\/en\/wp-json\/wp\/v2\/product"}],"about":[{"href":"https:\/\/kaiser-kuehne.com\/en\/wp-json\/wp\/v2\/types\/product"}],"replies":[{"embeddable":true,"href":"https:\/\/kaiser-kuehne.com\/en\/wp-json\/wp\/v2\/comments?post=91228"}],"wp:featuredmedia":[{"embeddable":true,"href":"https:\/\/kaiser-kuehne.com\/en\/wp-json\/wp\/v2\/media\/228170"}],"wp:attachment":[{"href":"https:\/\/kaiser-kuehne.com\/en\/wp-json\/wp\/v2\/media?parent=91228"}],"wp:term":[{"taxonomy":"product_brand","embeddable":true,"href":"https:\/\/kaiser-kuehne.com\/en\/wp-json\/wp\/v2\/product_brand?post=91228"},{"taxonomy":"product_cat","embeddable":true,"href":"https:\/\/kaiser-kuehne.com\/en\/wp-json\/wp\/v2\/product_cat?post=91228"},{"taxonomy":"product_tag","embeddable":true,"href":"https:\/\/kaiser-kuehne.com\/en\/wp-json\/wp\/v2\/product_tag?post=91228"}],"curies":[{"name":"wp","href":"https:\/\/api.w.org\/{rel}","templated":true}]}}