{"id":89553,"date":"2026-05-02T01:09:57","date_gmt":"2026-05-01T23:09:57","guid":{"rendered":"https:\/\/final.kaiserundkuehne.de\/produkt\/055390701-kletterkombination\/"},"modified":"2026-05-02T01:10:14","modified_gmt":"2026-05-01T23:10:14","slug":"055390701-climbing-combination","status":"publish","type":"product","link":"https:\/\/kaiser-kuehne.com\/en\/produkt\/055390701-kletterkombination\/","title":{"rendered":"Climbing combination"},"content":{"rendered":"<p>Technical data<br \/>\nFloor area: 1.85 x 2.85 m<br \/>\nMinimum space: 4.85 x 5.85 m (24 m\u00b2)<br \/>\nTotal height: 2.35 m<br \/>\nWeight: 60 kg heaviest individual part<br \/>\n             160 kg in total<\/p>\n<p>Support post<br \/>\nStanding posts made of robinia plywood, cylindrically milled, \u00d8 120 mm. Unprotected end grain surfaces are covered with non-detachable stainless steel post caps.<br \/>\nStainless steel tubular base for the foundation and elevation of Robinia roundwood posts, \u00d8 120 mm, below the play level.<\/p>\n<p>Attachments<br \/>\n- Climbing wall made of highly weather-resistant HPL laminate, 20 mm, stainless steel tube frame, 12 climbing openings<br \/>\n- Boarding net made of Hercules rope on stainless steel crossbar<br \/>\n- Inclined climbing pole, corrugated, inclination 15\u00b0, made of stainless steel<\/p>\n<p>Metal components: Stainless steel.<br \/>\nThe modular add-on parts transfer their forces directly to the uprights via a special adapter fastening. The screw connections are secured against unauthorised loosening by cover caps.<\/p>\n<p>Foundations (client-provided)<br \/>\n2 pcs. 0.30 x 0.30 x 0.40 m<br \/>\n2 units 0.40 x 0.40 x 0.60 m<br \/>\nConcrete volume: 0.26 m\u00b3<\/p>\n<p>Assembly time<br \/>\n2 fitters 1 hour each<br \/>\n(without foundation)<\/p>\n<p>Free fall height<br \/>\n2,22 m<\/p>\n<p>Suitable for<br \/>\nChildren aged 5 and over,<br \/>\npublic playgrounds etc.<br \/>\nsporting activities<\/p>\n<p>Item number: 055390701<\/p>","protected":false},"excerpt":{"rendered":"<p>Technische Daten Grundfl\u00e4che: 1,85 x 2,85 m Mindestraum: 4,85 x 5,85 m (24 m\u00b2) Gesamth\u00f6he: 2,35 m Gewicht: 60 kg schwerstes Einzelteil 160 kg insgesamt Standpfosten Standpfosten aus Robinienschichtholz, zylindrisch gefr\u00e4st, \u00d8 120 mm. Ungesch\u00fctzte Hirnholzfl\u00e4chen sind mit nicht l\u00f6sbaren Pfostenkappen aus Edelstahl abgedeckt. Rohrstandfu\u00df aus Edelstahl zur Fundamentierung und Aufst\u00e4nderung von Robinien-Rundholzpfosten, \u00d8 120 [&hellip;]<\/p>\n","protected":false},"featured_media":227051,"comment_status":"closed","ping_status":"open","template":"","meta":{"_acf_changed":false,"_et_pb_use_builder":"","_et_pb_old_content":"","_et_gb_content_width":""},"product_brand":[],"product_cat":[114],"product_tag":[],"class_list":{"0":"post-89553","1":"product","2":"type-product","3":"status-publish","4":"has-post-thumbnail","6":"product_cat-klettern-hangeln","7":"pa_aktivitaeten-klettern","8":"pa_aktivitaeten-sportliche-aktivitaet","9":"pa_altersgruppe-75","10":"pa_einsatzgebiete-oeffentliche-spielplaetze","11":"pa_hebezeug-false","12":"pa_inklusionsattribute-einzelspiele","13":"pa_inklusionsattribute-funktionelles-spielen","14":"pa_inklusionsattribute-gleichgewicht","15":"pa_inklusionsattribute-gruppenspiele","16":"pa_inklusionsattribute-hoehenerfahrung","17":"pa_inklusionsattribute-koordination","18":"pa_inklusionsattribute-paralleles-spielen","20":"first","21":"instock","22":"purchasable","23":"product-type-variable"},"acf":[],"yoast_head":"<!-- This site is optimized with the Yoast SEO plugin v27.4 - https:\/\/yoast.com\/product\/yoast-seo-wordpress\/ -->\n<title>Kletterkombination | Kaiser &amp; K\u00fchne<\/title>\n<meta name=\"robots\" content=\"index, follow, max-snippet:-1, max-image-preview:large, max-video-preview:-1\" \/>\n<link rel=\"canonical\" href=\"https:\/\/kaiser-kuehne.com\/en\/product\/055390701-climbing-combination\/\" \/>\n<meta property=\"og:locale\" content=\"en_GB\" \/>\n<meta property=\"og:type\" content=\"article\" \/>\n<meta property=\"og:title\" content=\"Kletterkombination | Kaiser &amp; K\u00fchne\" \/>\n<meta property=\"og:description\" content=\"Technische Daten Grundfl\u00e4che: 1,85 x 2,85 m Mindestraum: 4,85 x 5,85 m (24 m\u00b2) Gesamth\u00f6he: 2,35 m Gewicht: 60 kg schwerstes Einzelteil 160 kg insgesamt Standpfosten Standpfosten aus Robinienschichtholz, zylindrisch gefr\u00e4st, \u00d8 120 mm. Ungesch\u00fctzte Hirnholzfl\u00e4chen sind mit nicht l\u00f6sbaren Pfostenkappen aus Edelstahl abgedeckt. Rohrstandfu\u00df aus Edelstahl zur Fundamentierung und Aufst\u00e4nderung von Robinien-Rundholzpfosten, \u00d8 120 [&hellip;]\" \/>\n<meta property=\"og:url\" content=\"https:\/\/kaiser-kuehne.com\/en\/product\/055390701-climbing-combination\/\" \/>\n<meta property=\"og:site_name\" content=\"Kaiser &amp; K\u00fchne\" \/>\n<meta property=\"article:modified_time\" content=\"2026-05-01T23:10:14+00:00\" \/>\n<meta property=\"og:image\" content=\"https:\/\/kaiser-kuehne.com\/wp-content\/uploads\/2025\/09\/Bildschirmfoto-2025-09-05-um-13.34.55-1024x511.png\" \/>\n\t<meta property=\"og:image:width\" content=\"1024\" \/>\n\t<meta property=\"og:image:height\" content=\"511\" \/>\n\t<meta property=\"og:image:type\" content=\"image\/png\" \/>\n<meta name=\"twitter:card\" content=\"summary_large_image\" \/>\n<meta name=\"twitter:label1\" content=\"Estimated reading time\" \/>\n\t<meta name=\"twitter:data1\" content=\"1 minute\" \/>\n<script type=\"application\/ld+json\" class=\"yoast-schema-graph\">{\"@context\":\"https:\\\/\\\/schema.org\",\"@graph\":[{\"@type\":\"WebPage\",\"@id\":\"https:\\\/\\\/kaiser-kuehne.com\\\/produkt\\\/055390701-kletterkombination\\\/\",\"url\":\"https:\\\/\\\/kaiser-kuehne.com\\\/produkt\\\/055390701-kletterkombination\\\/\",\"name\":\"Kletterkombination | Kaiser &amp; K\u00fchne\",\"isPartOf\":{\"@id\":\"https:\\\/\\\/kaiser-kuehne.com\\\/#website\"},\"primaryImageOfPage\":{\"@id\":\"https:\\\/\\\/kaiser-kuehne.com\\\/produkt\\\/055390701-kletterkombination\\\/#primaryimage\"},\"image\":{\"@id\":\"https:\\\/\\\/kaiser-kuehne.com\\\/produkt\\\/055390701-kletterkombination\\\/#primaryimage\"},\"thumbnailUrl\":\"https:\\\/\\\/kaiser-kuehne.com\\\/wp-content\\\/uploads\\\/product-media\\\/2026-05-01_22-00-05\\\/123130670\\\/055390701-Produktbild.jpg\",\"datePublished\":\"2026-05-01T23:09:57+00:00\",\"dateModified\":\"2026-05-01T23:10:14+00:00\",\"breadcrumb\":{\"@id\":\"https:\\\/\\\/kaiser-kuehne.com\\\/produkt\\\/055390701-kletterkombination\\\/#breadcrumb\"},\"inLanguage\":\"en-GB\",\"potentialAction\":[{\"@type\":\"ReadAction\",\"target\":[\"https:\\\/\\\/kaiser-kuehne.com\\\/produkt\\\/055390701-kletterkombination\\\/\"]}]},{\"@type\":\"ImageObject\",\"inLanguage\":\"en-GB\",\"@id\":\"https:\\\/\\\/kaiser-kuehne.com\\\/produkt\\\/055390701-kletterkombination\\\/#primaryimage\",\"url\":\"https:\\\/\\\/kaiser-kuehne.com\\\/wp-content\\\/uploads\\\/product-media\\\/2026-05-01_22-00-05\\\/123130670\\\/055390701-Produktbild.jpg\",\"contentUrl\":\"https:\\\/\\\/kaiser-kuehne.com\\\/wp-content\\\/uploads\\\/product-media\\\/2026-05-01_22-00-05\\\/123130670\\\/055390701-Produktbild.jpg\",\"width\":1920,\"height\":1080,\"caption\":\"Kletterkombination\"},{\"@type\":\"BreadcrumbList\",\"@id\":\"https:\\\/\\\/kaiser-kuehne.com\\\/produkt\\\/055390701-kletterkombination\\\/#breadcrumb\",\"itemListElement\":[{\"@type\":\"ListItem\",\"position\":1,\"name\":\"Startseite\",\"item\":\"https:\\\/\\\/kaiser-kuehne.com\\\/\"},{\"@type\":\"ListItem\",\"position\":2,\"name\":\"Produkte\",\"item\":\"https:\\\/\\\/kaiser-kuehne.com\\\/produkte\\\/\"},{\"@type\":\"ListItem\",\"position\":3,\"name\":\"Kletterkombination\"}]},{\"@type\":\"WebSite\",\"@id\":\"https:\\\/\\\/kaiser-kuehne.com\\\/#website\",\"url\":\"https:\\\/\\\/kaiser-kuehne.com\\\/\",\"name\":\"Kaiser & K\u00fchne\",\"description\":\"Premium Playgrounds\",\"publisher\":{\"@id\":\"https:\\\/\\\/kaiser-kuehne.com\\\/#organization\"},\"alternateName\":\"Kaiser und K\u00fchne\",\"potentialAction\":[{\"@type\":\"SearchAction\",\"target\":{\"@type\":\"EntryPoint\",\"urlTemplate\":\"https:\\\/\\\/kaiser-kuehne.com\\\/?s={search_term_string}\"},\"query-input\":{\"@type\":\"PropertyValueSpecification\",\"valueRequired\":true,\"valueName\":\"search_term_string\"}}],\"inLanguage\":\"en-GB\"},{\"@type\":\"Organization\",\"@id\":\"https:\\\/\\\/kaiser-kuehne.com\\\/#organization\",\"name\":\"Kaiser & K\u00fchne\",\"url\":\"https:\\\/\\\/kaiser-kuehne.com\\\/\",\"logo\":{\"@type\":\"ImageObject\",\"inLanguage\":\"en-GB\",\"@id\":\"https:\\\/\\\/kaiser-kuehne.com\\\/#\\\/schema\\\/logo\\\/image\\\/\",\"url\":\"https:\\\/\\\/kaiser-kuehne.com\\\/wp-content\\\/uploads\\\/2025\\\/06\\\/kaiserkuehne-logo-color.svg\",\"contentUrl\":\"https:\\\/\\\/kaiser-kuehne.com\\\/wp-content\\\/uploads\\\/2025\\\/06\\\/kaiserkuehne-logo-color.svg\",\"width\":1,\"height\":1,\"caption\":\"Kaiser & K\u00fchne\"},\"image\":{\"@id\":\"https:\\\/\\\/kaiser-kuehne.com\\\/#\\\/schema\\\/logo\\\/image\\\/\"},\"sameAs\":[\"https:\\\/\\\/www.instagram.com\\\/kaiser_kuehne\\\/?hl=de\",\"https:\\\/\\\/de.linkedin.com\\\/company\\\/kaiser-kuehne\"]}]}<\/script>\n<!-- \/ Yoast SEO plugin. -->","yoast_head_json":{"title":"Climbing combination | Kaiser &amp; K\u00fchne","robots":{"index":"index","follow":"follow","max-snippet":"max-snippet:-1","max-image-preview":"max-image-preview:large","max-video-preview":"max-video-preview:-1"},"canonical":"https:\/\/kaiser-kuehne.com\/en\/product\/055390701-climbing-combination\/","og_locale":"en_GB","og_type":"article","og_title":"Kletterkombination | Kaiser &amp; K\u00fchne","og_description":"Technische Daten Grundfl\u00e4che: 1,85 x 2,85 m Mindestraum: 4,85 x 5,85 m (24 m\u00b2) Gesamth\u00f6he: 2,35 m Gewicht: 60 kg schwerstes Einzelteil 160 kg insgesamt Standpfosten Standpfosten aus Robinienschichtholz, zylindrisch gefr\u00e4st, \u00d8 120 mm. Ungesch\u00fctzte Hirnholzfl\u00e4chen sind mit nicht l\u00f6sbaren Pfostenkappen aus Edelstahl abgedeckt. Rohrstandfu\u00df aus Edelstahl zur Fundamentierung und Aufst\u00e4nderung von Robinien-Rundholzpfosten, \u00d8 120 [&hellip;]","og_url":"https:\/\/kaiser-kuehne.com\/en\/product\/055390701-climbing-combination\/","og_site_name":"Kaiser &amp; K\u00fchne","article_modified_time":"2026-05-01T23:10:14+00:00","og_image":[{"width":1024,"height":511,"url":"https:\/\/kaiser-kuehne.com\/wp-content\/uploads\/2025\/09\/Bildschirmfoto-2025-09-05-um-13.34.55-1024x511.png","type":"image\/png"}],"twitter_card":"summary_large_image","twitter_misc":{"Estimated reading time":"1 minute"},"schema":{"@context":"https:\/\/schema.org","@graph":[{"@type":"WebPage","@id":"https:\/\/kaiser-kuehne.com\/produkt\/055390701-kletterkombination\/","url":"https:\/\/kaiser-kuehne.com\/produkt\/055390701-kletterkombination\/","name":"Climbing combination | Kaiser &amp; K\u00fchne","isPartOf":{"@id":"https:\/\/kaiser-kuehne.com\/#website"},"primaryImageOfPage":{"@id":"https:\/\/kaiser-kuehne.com\/produkt\/055390701-kletterkombination\/#primaryimage"},"image":{"@id":"https:\/\/kaiser-kuehne.com\/produkt\/055390701-kletterkombination\/#primaryimage"},"thumbnailUrl":"https:\/\/kaiser-kuehne.com\/wp-content\/uploads\/product-media\/2026-05-01_22-00-05\/123130670\/055390701-Produktbild.jpg","datePublished":"2026-05-01T23:09:57+00:00","dateModified":"2026-05-01T23:10:14+00:00","breadcrumb":{"@id":"https:\/\/kaiser-kuehne.com\/produkt\/055390701-kletterkombination\/#breadcrumb"},"inLanguage":"en-GB","potentialAction":[{"@type":"ReadAction","target":["https:\/\/kaiser-kuehne.com\/produkt\/055390701-kletterkombination\/"]}]},{"@type":"ImageObject","inLanguage":"en-GB","@id":"https:\/\/kaiser-kuehne.com\/produkt\/055390701-kletterkombination\/#primaryimage","url":"https:\/\/kaiser-kuehne.com\/wp-content\/uploads\/product-media\/2026-05-01_22-00-05\/123130670\/055390701-Produktbild.jpg","contentUrl":"https:\/\/kaiser-kuehne.com\/wp-content\/uploads\/product-media\/2026-05-01_22-00-05\/123130670\/055390701-Produktbild.jpg","width":1920,"height":1080,"caption":"Kletterkombination"},{"@type":"BreadcrumbList","@id":"https:\/\/kaiser-kuehne.com\/produkt\/055390701-kletterkombination\/#breadcrumb","itemListElement":[{"@type":"ListItem","position":1,"name":"Startseite","item":"https:\/\/kaiser-kuehne.com\/"},{"@type":"ListItem","position":2,"name":"Produkte","item":"https:\/\/kaiser-kuehne.com\/produkte\/"},{"@type":"ListItem","position":3,"name":"Kletterkombination"}]},{"@type":"WebSite","@id":"https:\/\/kaiser-kuehne.com\/#website","url":"https:\/\/kaiser-kuehne.com\/","name":"Kaiser &amp; K\u00fchne","description":"Premium Playgrounds","publisher":{"@id":"https:\/\/kaiser-kuehne.com\/#organization"},"alternateName":"Kaiser und K\u00fchne","potentialAction":[{"@type":"SearchAction","target":{"@type":"EntryPoint","urlTemplate":"https:\/\/kaiser-kuehne.com\/?s={search_term_string}"},"query-input":{"@type":"PropertyValueSpecification","valueRequired":true,"valueName":"search_term_string"}}],"inLanguage":"en-GB"},{"@type":"Organization","@id":"https:\/\/kaiser-kuehne.com\/#organization","name":"Kaiser &amp; K\u00fchne","url":"https:\/\/kaiser-kuehne.com\/","logo":{"@type":"ImageObject","inLanguage":"en-GB","@id":"https:\/\/kaiser-kuehne.com\/#\/schema\/logo\/image\/","url":"https:\/\/kaiser-kuehne.com\/wp-content\/uploads\/2025\/06\/kaiserkuehne-logo-color.svg","contentUrl":"https:\/\/kaiser-kuehne.com\/wp-content\/uploads\/2025\/06\/kaiserkuehne-logo-color.svg","width":1,"height":1,"caption":"Kaiser & K\u00fchne"},"image":{"@id":"https:\/\/kaiser-kuehne.com\/#\/schema\/logo\/image\/"},"sameAs":["https:\/\/www.instagram.com\/kaiser_kuehne\/?hl=de","https:\/\/de.linkedin.com\/company\/kaiser-kuehne"]}]}},"_links":{"self":[{"href":"https:\/\/kaiser-kuehne.com\/en\/wp-json\/wp\/v2\/product\/89553","targetHints":{"allow":["GET"]}}],"collection":[{"href":"https:\/\/kaiser-kuehne.com\/en\/wp-json\/wp\/v2\/product"}],"about":[{"href":"https:\/\/kaiser-kuehne.com\/en\/wp-json\/wp\/v2\/types\/product"}],"replies":[{"embeddable":true,"href":"https:\/\/kaiser-kuehne.com\/en\/wp-json\/wp\/v2\/comments?post=89553"}],"wp:featuredmedia":[{"embeddable":true,"href":"https:\/\/kaiser-kuehne.com\/en\/wp-json\/wp\/v2\/media\/227051"}],"wp:attachment":[{"href":"https:\/\/kaiser-kuehne.com\/en\/wp-json\/wp\/v2\/media?parent=89553"}],"wp:term":[{"taxonomy":"product_brand","embeddable":true,"href":"https:\/\/kaiser-kuehne.com\/en\/wp-json\/wp\/v2\/product_brand?post=89553"},{"taxonomy":"product_cat","embeddable":true,"href":"https:\/\/kaiser-kuehne.com\/en\/wp-json\/wp\/v2\/product_cat?post=89553"},{"taxonomy":"product_tag","embeddable":true,"href":"https:\/\/kaiser-kuehne.com\/en\/wp-json\/wp\/v2\/product_tag?post=89553"}],"curies":[{"name":"wp","href":"https:\/\/api.w.org\/{rel}","templated":true}]}}