{"id":88632,"date":"2026-05-02T01:03:40","date_gmt":"2026-05-01T23:03:40","guid":{"rendered":"https:\/\/final.kaiserundkuehne.de\/produkt\/030270700-sandspielplatz\/"},"modified":"2026-05-02T01:04:08","modified_gmt":"2026-05-01T23:04:08","slug":"030270700-sand-playground","status":"publish","type":"product","link":"https:\/\/kaiser-kuehne.com\/en\/produkt\/030270700-sandspielplatz\/","title":{"rendered":"Sand play space"},"content":{"rendered":"<p>Technical data<br \/>\nFloor area: 2.75 x 6.85 m<br \/>\nMinimum space 5.75 x 9.50 m (46 m\u00b2)<br \/>\nTotal height: 2.25 m<br \/>\nPlatform height: 0.40\/0.60 m<br \/>\nWeight: 25 kg heaviest individual part<br \/>\n\t 560 kg in total<\/p>\n<p>Support post<br \/>\nStanding posts made of robinia plywood, cylindrically milled, \u00d8 120 mm. Unprotected end grain surfaces are covered with non-detachable stainless steel post caps.<br \/>\nStainless steel tubular base for the foundation and elevation of Robinia roundwood posts, \u00d8 120 mm, below the play level.<\/p>\n<p>Platform floor<br \/>\nPlatform floor made of boards, 30 mm thick and circumferential squared timber beams 45 x 100 mm. The dried sawn timber made of robinia is planed, bevelled and free of rotting knots. Force-fit floor fastening using special stainless steel brackets with a continuous bolt connection.<\/p>\n<p>Attachments<br \/>\n- Sand edging made of robinia 95 x 30 mm, planed, bevelled and free of rotting knots<br \/>\n- Panel balustrade made of coloured, highly weather-resistant HPL laminate. Fastening between stainless steel tubes \u00d8 33.7 x 2 mm<br \/>\n- Step railing made of stainless steel tube, \u00d8 33.7 x 2 mm, for stepped platform floors<br \/>\n- Pitched roof, inclination 30\u00b0, made of highly weather-resistant HPL laminate, 13 mm. Attachment to stainless steel roof frame \u00d8 33.7 x 2 mm<br \/>\n- Steering wheel: rotatable with locking mechanism<br \/>\n- Rubber bow vane with fabric inlay<br \/>\n- Seat: made of coloured, highly weather-resistant HPL laminate (yellow), 20 mm<\/p>\n<p>Metal components: Stainless steel. The robinia wood is treated with a water-repellent, breathable protective coating. In addition to protecting against moisture, this treatment also reduces cracking. The modular add-on parts transfer their forces directly to the uprights via a special adapter fastening. The screw connections are secured against unauthorised loosening by cover caps.<\/p>\n<p>Foundations (client-provided)<br \/>\n15 pcs. 0.40 x 0.40 x 0.40 m<br \/>\nConcrete volume: 0.96 m\u00b3<\/p>\n<p>Assembly time<br \/>\n2 fitters 5 hours each<br \/>\n(without foundation)<\/p>\n<p>Free fall height<br \/>\n0,60 m<\/p>\n<p>Suitable for<br \/>\nChildren from 2 years,<br \/>\npublic playgrounds etc.<br \/>\nsocial \/ manual activities.<\/p>\n<p>Item number: 030270700<\/p>","protected":false},"excerpt":{"rendered":"<p>Technische Daten Grundfl\u00e4che: 2,75 x 6,85 m Mindestraum 5,75 x 9,50 m (46 m\u00b2) Gesamth\u00f6he: 2,25 m Podesth\u00f6he: 0,40\/0,60 m Gewicht: 25 kg schwerstes Einzelteil 560 kg insgesamt Standpfosten Standpfosten aus Robinienschichtholz, zylindrisch gefr\u00e4st, \u00d8 120 mm. Ungesch\u00fctzte Hirnholzfl\u00e4chen sind mit nicht l\u00f6sbaren Pfostenkappen aus Edelstahl abgedeckt. Rohrstandfu\u00df aus Edelstahl zur Fundamentierung und Aufst\u00e4nderung von [&hellip;]<\/p>\n","protected":false},"featured_media":226445,"comment_status":"closed","ping_status":"open","template":"","meta":{"_acf_changed":false,"_et_pb_use_builder":"","_et_pb_old_content":"","_et_gb_content_width":""},"product_brand":[],"product_cat":[84],"product_tag":[],"class_list":{"0":"post-88632","1":"product","2":"type-product","3":"status-publish","4":"has-post-thumbnail","6":"product_cat-sand-wasser","7":"pa_aktivitaeten-manuelle-aktivitaet","8":"pa_aktivitaeten-soziale-aktivitaet","9":"pa_altersgruppe-101","10":"pa_einsatzgebiete-oeffentliche-spielplaetze","11":"pa_hebezeug-false","12":"pa_inklusionsattribute-begegnungsmoeglichkeit","13":"pa_inklusionsattribute-dramaspiel","14":"pa_inklusionsattribute-einzelspiele","15":"pa_inklusionsattribute-erforschendes-spiel","16":"pa_inklusionsattribute-feinmotorik","17":"pa_inklusionsattribute-fuehlen","18":"pa_inklusionsattribute-gruppenspiele","19":"pa_inklusionsattribute-paralleles-spielen","20":"pa_inklusionsattribute-selbstwahrnehmung","21":"pa_inklusionsattribute-tasten","23":"first","24":"instock","25":"purchasable","26":"product-type-variable"},"acf":[],"yoast_head":"<!-- This site is optimized with the Yoast SEO plugin v27.4 - https:\/\/yoast.com\/product\/yoast-seo-wordpress\/ -->\n<title>Sandspielplatz | Kaiser &amp; K\u00fchne<\/title>\n<meta name=\"robots\" content=\"index, follow, max-snippet:-1, max-image-preview:large, max-video-preview:-1\" \/>\n<link rel=\"canonical\" href=\"https:\/\/kaiser-kuehne.com\/en\/product\/030270700-sand-playground\/\" \/>\n<meta property=\"og:locale\" content=\"en_GB\" \/>\n<meta property=\"og:type\" content=\"article\" \/>\n<meta property=\"og:title\" content=\"Sandspielplatz | Kaiser &amp; K\u00fchne\" \/>\n<meta property=\"og:description\" content=\"Technische Daten Grundfl\u00e4che: 2,75 x 6,85 m Mindestraum 5,75 x 9,50 m (46 m\u00b2) Gesamth\u00f6he: 2,25 m Podesth\u00f6he: 0,40\/0,60 m Gewicht: 25 kg schwerstes Einzelteil 560 kg insgesamt Standpfosten Standpfosten aus Robinienschichtholz, zylindrisch gefr\u00e4st, \u00d8 120 mm. Ungesch\u00fctzte Hirnholzfl\u00e4chen sind mit nicht l\u00f6sbaren Pfostenkappen aus Edelstahl abgedeckt. Rohrstandfu\u00df aus Edelstahl zur Fundamentierung und Aufst\u00e4nderung von [&hellip;]\" \/>\n<meta property=\"og:url\" content=\"https:\/\/kaiser-kuehne.com\/en\/product\/030270700-sand-playground\/\" \/>\n<meta property=\"og:site_name\" content=\"Kaiser &amp; K\u00fchne\" \/>\n<meta property=\"article:modified_time\" content=\"2026-05-01T23:04:08+00:00\" \/>\n<meta property=\"og:image\" content=\"https:\/\/kaiser-kuehne.com\/wp-content\/uploads\/2025\/09\/Bildschirmfoto-2025-09-05-um-13.34.55-1024x511.png\" \/>\n\t<meta property=\"og:image:width\" content=\"1024\" \/>\n\t<meta property=\"og:image:height\" content=\"511\" \/>\n\t<meta property=\"og:image:type\" content=\"image\/png\" \/>\n<meta name=\"twitter:card\" content=\"summary_large_image\" \/>\n<meta name=\"twitter:label1\" content=\"Estimated reading time\" \/>\n\t<meta name=\"twitter:data1\" content=\"1 minute\" \/>\n<script type=\"application\/ld+json\" class=\"yoast-schema-graph\">{\"@context\":\"https:\\\/\\\/schema.org\",\"@graph\":[{\"@type\":\"WebPage\",\"@id\":\"https:\\\/\\\/kaiser-kuehne.com\\\/produkt\\\/030270700-sandspielplatz\\\/\",\"url\":\"https:\\\/\\\/kaiser-kuehne.com\\\/produkt\\\/030270700-sandspielplatz\\\/\",\"name\":\"Sandspielplatz | Kaiser &amp; K\u00fchne\",\"isPartOf\":{\"@id\":\"https:\\\/\\\/kaiser-kuehne.com\\\/#website\"},\"primaryImageOfPage\":{\"@id\":\"https:\\\/\\\/kaiser-kuehne.com\\\/produkt\\\/030270700-sandspielplatz\\\/#primaryimage\"},\"image\":{\"@id\":\"https:\\\/\\\/kaiser-kuehne.com\\\/produkt\\\/030270700-sandspielplatz\\\/#primaryimage\"},\"thumbnailUrl\":\"https:\\\/\\\/kaiser-kuehne.com\\\/wp-content\\\/uploads\\\/product-media\\\/2026-05-01_22-00-05\\\/123130329\\\/030270700-Produktbild.jpg\",\"datePublished\":\"2026-05-01T23:03:40+00:00\",\"dateModified\":\"2026-05-01T23:04:08+00:00\",\"breadcrumb\":{\"@id\":\"https:\\\/\\\/kaiser-kuehne.com\\\/produkt\\\/030270700-sandspielplatz\\\/#breadcrumb\"},\"inLanguage\":\"en-GB\",\"potentialAction\":[{\"@type\":\"ReadAction\",\"target\":[\"https:\\\/\\\/kaiser-kuehne.com\\\/produkt\\\/030270700-sandspielplatz\\\/\"]}]},{\"@type\":\"ImageObject\",\"inLanguage\":\"en-GB\",\"@id\":\"https:\\\/\\\/kaiser-kuehne.com\\\/produkt\\\/030270700-sandspielplatz\\\/#primaryimage\",\"url\":\"https:\\\/\\\/kaiser-kuehne.com\\\/wp-content\\\/uploads\\\/product-media\\\/2026-05-01_22-00-05\\\/123130329\\\/030270700-Produktbild.jpg\",\"contentUrl\":\"https:\\\/\\\/kaiser-kuehne.com\\\/wp-content\\\/uploads\\\/product-media\\\/2026-05-01_22-00-05\\\/123130329\\\/030270700-Produktbild.jpg\",\"width\":1920,\"height\":1080,\"caption\":\"Sandspielplatz\"},{\"@type\":\"BreadcrumbList\",\"@id\":\"https:\\\/\\\/kaiser-kuehne.com\\\/produkt\\\/030270700-sandspielplatz\\\/#breadcrumb\",\"itemListElement\":[{\"@type\":\"ListItem\",\"position\":1,\"name\":\"Startseite\",\"item\":\"https:\\\/\\\/kaiser-kuehne.com\\\/\"},{\"@type\":\"ListItem\",\"position\":2,\"name\":\"Produkte\",\"item\":\"https:\\\/\\\/kaiser-kuehne.com\\\/produkte\\\/\"},{\"@type\":\"ListItem\",\"position\":3,\"name\":\"Sandspielplatz\"}]},{\"@type\":\"WebSite\",\"@id\":\"https:\\\/\\\/kaiser-kuehne.com\\\/#website\",\"url\":\"https:\\\/\\\/kaiser-kuehne.com\\\/\",\"name\":\"Kaiser & K\u00fchne\",\"description\":\"Premium Playgrounds\",\"publisher\":{\"@id\":\"https:\\\/\\\/kaiser-kuehne.com\\\/#organization\"},\"alternateName\":\"Kaiser und K\u00fchne\",\"potentialAction\":[{\"@type\":\"SearchAction\",\"target\":{\"@type\":\"EntryPoint\",\"urlTemplate\":\"https:\\\/\\\/kaiser-kuehne.com\\\/?s={search_term_string}\"},\"query-input\":{\"@type\":\"PropertyValueSpecification\",\"valueRequired\":true,\"valueName\":\"search_term_string\"}}],\"inLanguage\":\"en-GB\"},{\"@type\":\"Organization\",\"@id\":\"https:\\\/\\\/kaiser-kuehne.com\\\/#organization\",\"name\":\"Kaiser & K\u00fchne\",\"url\":\"https:\\\/\\\/kaiser-kuehne.com\\\/\",\"logo\":{\"@type\":\"ImageObject\",\"inLanguage\":\"en-GB\",\"@id\":\"https:\\\/\\\/kaiser-kuehne.com\\\/#\\\/schema\\\/logo\\\/image\\\/\",\"url\":\"https:\\\/\\\/kaiser-kuehne.com\\\/wp-content\\\/uploads\\\/2025\\\/06\\\/kaiserkuehne-logo-color.svg\",\"contentUrl\":\"https:\\\/\\\/kaiser-kuehne.com\\\/wp-content\\\/uploads\\\/2025\\\/06\\\/kaiserkuehne-logo-color.svg\",\"width\":1,\"height\":1,\"caption\":\"Kaiser & K\u00fchne\"},\"image\":{\"@id\":\"https:\\\/\\\/kaiser-kuehne.com\\\/#\\\/schema\\\/logo\\\/image\\\/\"},\"sameAs\":[\"https:\\\/\\\/www.instagram.com\\\/kaiser_kuehne\\\/?hl=de\",\"https:\\\/\\\/de.linkedin.com\\\/company\\\/kaiser-kuehne\"]}]}<\/script>\n<!-- \/ Yoast SEO plugin. -->","yoast_head_json":{"title":"Sand playground | Kaiser &amp; K\u00fchne","robots":{"index":"index","follow":"follow","max-snippet":"max-snippet:-1","max-image-preview":"max-image-preview:large","max-video-preview":"max-video-preview:-1"},"canonical":"https:\/\/kaiser-kuehne.com\/en\/product\/030270700-sand-playground\/","og_locale":"en_GB","og_type":"article","og_title":"Sandspielplatz | Kaiser &amp; K\u00fchne","og_description":"Technische Daten Grundfl\u00e4che: 2,75 x 6,85 m Mindestraum 5,75 x 9,50 m (46 m\u00b2) Gesamth\u00f6he: 2,25 m Podesth\u00f6he: 0,40\/0,60 m Gewicht: 25 kg schwerstes Einzelteil 560 kg insgesamt Standpfosten Standpfosten aus Robinienschichtholz, zylindrisch gefr\u00e4st, \u00d8 120 mm. Ungesch\u00fctzte Hirnholzfl\u00e4chen sind mit nicht l\u00f6sbaren Pfostenkappen aus Edelstahl abgedeckt. Rohrstandfu\u00df aus Edelstahl zur Fundamentierung und Aufst\u00e4nderung von [&hellip;]","og_url":"https:\/\/kaiser-kuehne.com\/en\/product\/030270700-sand-playground\/","og_site_name":"Kaiser &amp; K\u00fchne","article_modified_time":"2026-05-01T23:04:08+00:00","og_image":[{"width":1024,"height":511,"url":"https:\/\/kaiser-kuehne.com\/wp-content\/uploads\/2025\/09\/Bildschirmfoto-2025-09-05-um-13.34.55-1024x511.png","type":"image\/png"}],"twitter_card":"summary_large_image","twitter_misc":{"Estimated reading time":"1 minute"},"schema":{"@context":"https:\/\/schema.org","@graph":[{"@type":"WebPage","@id":"https:\/\/kaiser-kuehne.com\/produkt\/030270700-sandspielplatz\/","url":"https:\/\/kaiser-kuehne.com\/produkt\/030270700-sandspielplatz\/","name":"Sand playground | Kaiser &amp; K\u00fchne","isPartOf":{"@id":"https:\/\/kaiser-kuehne.com\/#website"},"primaryImageOfPage":{"@id":"https:\/\/kaiser-kuehne.com\/produkt\/030270700-sandspielplatz\/#primaryimage"},"image":{"@id":"https:\/\/kaiser-kuehne.com\/produkt\/030270700-sandspielplatz\/#primaryimage"},"thumbnailUrl":"https:\/\/kaiser-kuehne.com\/wp-content\/uploads\/product-media\/2026-05-01_22-00-05\/123130329\/030270700-Produktbild.jpg","datePublished":"2026-05-01T23:03:40+00:00","dateModified":"2026-05-01T23:04:08+00:00","breadcrumb":{"@id":"https:\/\/kaiser-kuehne.com\/produkt\/030270700-sandspielplatz\/#breadcrumb"},"inLanguage":"en-GB","potentialAction":[{"@type":"ReadAction","target":["https:\/\/kaiser-kuehne.com\/produkt\/030270700-sandspielplatz\/"]}]},{"@type":"ImageObject","inLanguage":"en-GB","@id":"https:\/\/kaiser-kuehne.com\/produkt\/030270700-sandspielplatz\/#primaryimage","url":"https:\/\/kaiser-kuehne.com\/wp-content\/uploads\/product-media\/2026-05-01_22-00-05\/123130329\/030270700-Produktbild.jpg","contentUrl":"https:\/\/kaiser-kuehne.com\/wp-content\/uploads\/product-media\/2026-05-01_22-00-05\/123130329\/030270700-Produktbild.jpg","width":1920,"height":1080,"caption":"Sandspielplatz"},{"@type":"BreadcrumbList","@id":"https:\/\/kaiser-kuehne.com\/produkt\/030270700-sandspielplatz\/#breadcrumb","itemListElement":[{"@type":"ListItem","position":1,"name":"Startseite","item":"https:\/\/kaiser-kuehne.com\/"},{"@type":"ListItem","position":2,"name":"Produkte","item":"https:\/\/kaiser-kuehne.com\/produkte\/"},{"@type":"ListItem","position":3,"name":"Sandspielplatz"}]},{"@type":"WebSite","@id":"https:\/\/kaiser-kuehne.com\/#website","url":"https:\/\/kaiser-kuehne.com\/","name":"Kaiser &amp; K\u00fchne","description":"Premium Playgrounds","publisher":{"@id":"https:\/\/kaiser-kuehne.com\/#organization"},"alternateName":"Kaiser und K\u00fchne","potentialAction":[{"@type":"SearchAction","target":{"@type":"EntryPoint","urlTemplate":"https:\/\/kaiser-kuehne.com\/?s={search_term_string}"},"query-input":{"@type":"PropertyValueSpecification","valueRequired":true,"valueName":"search_term_string"}}],"inLanguage":"en-GB"},{"@type":"Organization","@id":"https:\/\/kaiser-kuehne.com\/#organization","name":"Kaiser &amp; K\u00fchne","url":"https:\/\/kaiser-kuehne.com\/","logo":{"@type":"ImageObject","inLanguage":"en-GB","@id":"https:\/\/kaiser-kuehne.com\/#\/schema\/logo\/image\/","url":"https:\/\/kaiser-kuehne.com\/wp-content\/uploads\/2025\/06\/kaiserkuehne-logo-color.svg","contentUrl":"https:\/\/kaiser-kuehne.com\/wp-content\/uploads\/2025\/06\/kaiserkuehne-logo-color.svg","width":1,"height":1,"caption":"Kaiser & K\u00fchne"},"image":{"@id":"https:\/\/kaiser-kuehne.com\/#\/schema\/logo\/image\/"},"sameAs":["https:\/\/www.instagram.com\/kaiser_kuehne\/?hl=de","https:\/\/de.linkedin.com\/company\/kaiser-kuehne"]}]}},"_links":{"self":[{"href":"https:\/\/kaiser-kuehne.com\/en\/wp-json\/wp\/v2\/product\/88632","targetHints":{"allow":["GET"]}}],"collection":[{"href":"https:\/\/kaiser-kuehne.com\/en\/wp-json\/wp\/v2\/product"}],"about":[{"href":"https:\/\/kaiser-kuehne.com\/en\/wp-json\/wp\/v2\/types\/product"}],"replies":[{"embeddable":true,"href":"https:\/\/kaiser-kuehne.com\/en\/wp-json\/wp\/v2\/comments?post=88632"}],"wp:featuredmedia":[{"embeddable":true,"href":"https:\/\/kaiser-kuehne.com\/en\/wp-json\/wp\/v2\/media\/226445"}],"wp:attachment":[{"href":"https:\/\/kaiser-kuehne.com\/en\/wp-json\/wp\/v2\/media?parent=88632"}],"wp:term":[{"taxonomy":"product_brand","embeddable":true,"href":"https:\/\/kaiser-kuehne.com\/en\/wp-json\/wp\/v2\/product_brand?post=88632"},{"taxonomy":"product_cat","embeddable":true,"href":"https:\/\/kaiser-kuehne.com\/en\/wp-json\/wp\/v2\/product_cat?post=88632"},{"taxonomy":"product_tag","embeddable":true,"href":"https:\/\/kaiser-kuehne.com\/en\/wp-json\/wp\/v2\/product_tag?post=88632"}],"curies":[{"name":"wp","href":"https:\/\/api.w.org\/{rel}","templated":true}]}}