{"id":87269,"date":"2026-05-02T00:54:25","date_gmt":"2026-05-01T22:54:25","guid":{"rendered":"https:\/\/final.kaiserundkuehne.de\/produkt\/057012000-balanciertrainer-auf-wackelfedern\/"},"modified":"2026-05-02T00:54:27","modified_gmt":"2026-05-01T22:54:27","slug":"057012000-balance-trainer-on-wobbly-springs","status":"publish","type":"product","link":"https:\/\/kaiser-kuehne.com\/en\/produkt\/057012000-balanciertrainer-auf-wackelfedern\/","title":{"rendered":"Balance exerciser on totter springs"},"content":{"rendered":"<p>Technical data<br \/>\nBase area: 3.16 x 0.21 m<br \/>\nMinimum space: 6.16 x 3.21 m<br \/>\nBalancing height: 0.35 m<br \/>\nBalancing frame: Stainless steel\/balancing surface covered with rubber granulate, RAL colour of choice.<br \/>\nRocker spring: special spring wire \u00d8 20 mm<br \/>\nWeight: 55 kg in total<\/p>\n<p>Floor anchor included<\/p>\n<p>Please note<br \/>\nThe equipment is optionally available as site-specific public playground equipment (certified to EN 1176) or as site-specific outdoor fitness equipment (certified to EN 16630).<br \/>\nIf it is set up as fitness equipment, information on function and safety must be provided in the immediate vicinity. This can be done using an optionally available station sign.<\/p>\n<p>Assembly time<br \/>\nis delivered pre-assembled in one piece.<\/p>\n<p>Foundations<br \/>\nIf the ground is light (usually loose bulk material such as bark mulch, wood chips, sand, gravel), the base plate of the ground anchor must be covered with foundations (2 pieces 0.80 x 0.50 x 0.10 m).<\/p>\n<p>Free fall height<br \/>\n0,35 m<\/p>\n<p>Suitable for<br \/>\nChildren aged 3 and over,<br \/>\npublic playgrounds etc.,<br \/>\nPhysical activities<\/p>\n<p>Foundation anchors (item no. 1090219) are available at an extra charge for level and simple installation in synthetic fall protection. When temporarily dismantled, the floor openings are closed at the same height with a matching HPL panel.<\/p>\n<p>Item number: 057012000<\/p>","protected":false},"excerpt":{"rendered":"<p>Technische Daten Grundfl\u00e4che: 3,16 x 0,21 m Mindestraum: 6,16 x 3,21 m Balancierh\u00f6he: 0,35 m Balanciergestell: Edelstahl\/Balancierfl\u00e4che mit Gummigranulat belegt, RAL-Farbe nach Wahl. Wippfeder: Spezialfederdraht \u00d8 20 mm Gewicht: 55 kg insgesamt Inklusive Bodenanker Bitte beachten Sie Das Ger\u00e4t ist wahlweise lieferbar als standortgebundenes \u00f6ffentliches Spielplatzger\u00e4t (zertifiziert nach EN 1176) oder als standortgebundenes Fitnessger\u00e4t im [&hellip;]<\/p>\n","protected":false},"featured_media":225510,"comment_status":"closed","ping_status":"open","template":"","meta":{"_acf_changed":false,"_et_pb_use_builder":"","_et_pb_old_content":"","_et_gb_content_width":""},"product_brand":[],"product_cat":[89],"product_tag":[],"class_list":{"0":"post-87269","1":"product","2":"type-product","3":"status-publish","4":"has-post-thumbnail","6":"product_cat-bewegen-balancieren","7":"pa_aktivitaeten-balancieren","8":"pa_aktivitaeten-sportliche-aktivitaet","9":"pa_altersgruppe-72","10":"pa_einsatzgebiete-oeffentliche-spielplaetze","11":"pa_hebezeug-false","12":"pa_inklusionsattribute-einzelspiele","13":"pa_inklusionsattribute-gleichgewicht","14":"pa_inklusionsattribute-hoehenerfahrung","15":"pa_inklusionsattribute-koordination","17":"first","18":"instock","19":"purchasable","20":"product-type-simple"},"acf":[],"yoast_head":"<!-- This site is optimized with the Yoast SEO plugin v27.4 - https:\/\/yoast.com\/product\/yoast-seo-wordpress\/ -->\n<title>Balanciertrainer auf Wackelfedern | Kaiser &amp; K\u00fchne<\/title>\n<meta name=\"robots\" content=\"index, follow, max-snippet:-1, max-image-preview:large, max-video-preview:-1\" \/>\n<link rel=\"canonical\" href=\"https:\/\/kaiser-kuehne.com\/en\/product\/057012000-balance-trainer-on-wobbly-springs\/\" \/>\n<meta property=\"og:locale\" content=\"en_GB\" \/>\n<meta property=\"og:type\" content=\"article\" \/>\n<meta property=\"og:title\" content=\"Balanciertrainer auf Wackelfedern | Kaiser &amp; K\u00fchne\" \/>\n<meta property=\"og:description\" content=\"Technische Daten Grundfl\u00e4che: 3,16 x 0,21 m Mindestraum: 6,16 x 3,21 m Balancierh\u00f6he: 0,35 m Balanciergestell: Edelstahl\/Balancierfl\u00e4che mit Gummigranulat belegt, RAL-Farbe nach Wahl. Wippfeder: Spezialfederdraht \u00d8 20 mm Gewicht: 55 kg insgesamt Inklusive Bodenanker Bitte beachten Sie Das Ger\u00e4t ist wahlweise lieferbar als standortgebundenes \u00f6ffentliches Spielplatzger\u00e4t (zertifiziert nach EN 1176) oder als standortgebundenes Fitnessger\u00e4t im [&hellip;]\" \/>\n<meta property=\"og:url\" content=\"https:\/\/kaiser-kuehne.com\/en\/product\/057012000-balance-trainer-on-wobbly-springs\/\" \/>\n<meta property=\"og:site_name\" content=\"Kaiser &amp; K\u00fchne\" \/>\n<meta property=\"article:modified_time\" content=\"2026-05-01T22:54:27+00:00\" \/>\n<meta property=\"og:image\" content=\"https:\/\/kaiser-kuehne.com\/wp-content\/uploads\/2025\/09\/Bildschirmfoto-2025-09-05-um-13.34.55-1024x511.png\" \/>\n\t<meta property=\"og:image:width\" content=\"1024\" \/>\n\t<meta property=\"og:image:height\" content=\"511\" \/>\n\t<meta property=\"og:image:type\" content=\"image\/png\" \/>\n<meta name=\"twitter:card\" content=\"summary_large_image\" \/>\n<meta name=\"twitter:label1\" content=\"Estimated reading time\" \/>\n\t<meta name=\"twitter:data1\" content=\"1 minute\" \/>\n<script type=\"application\/ld+json\" class=\"yoast-schema-graph\">{\"@context\":\"https:\\\/\\\/schema.org\",\"@graph\":[{\"@type\":\"WebPage\",\"@id\":\"https:\\\/\\\/kaiser-kuehne.com\\\/produkt\\\/057012000-balanciertrainer-auf-wackelfedern\\\/\",\"url\":\"https:\\\/\\\/kaiser-kuehne.com\\\/produkt\\\/057012000-balanciertrainer-auf-wackelfedern\\\/\",\"name\":\"Balanciertrainer auf Wackelfedern | Kaiser &amp; K\u00fchne\",\"isPartOf\":{\"@id\":\"https:\\\/\\\/kaiser-kuehne.com\\\/#website\"},\"primaryImageOfPage\":{\"@id\":\"https:\\\/\\\/kaiser-kuehne.com\\\/produkt\\\/057012000-balanciertrainer-auf-wackelfedern\\\/#primaryimage\"},\"image\":{\"@id\":\"https:\\\/\\\/kaiser-kuehne.com\\\/produkt\\\/057012000-balanciertrainer-auf-wackelfedern\\\/#primaryimage\"},\"thumbnailUrl\":\"https:\\\/\\\/kaiser-kuehne.com\\\/wp-content\\\/uploads\\\/product-media\\\/2026-05-01_22-00-05\\\/123126331\\\/057012000-Produktbild.jpg\",\"datePublished\":\"2026-05-01T22:54:25+00:00\",\"dateModified\":\"2026-05-01T22:54:27+00:00\",\"breadcrumb\":{\"@id\":\"https:\\\/\\\/kaiser-kuehne.com\\\/produkt\\\/057012000-balanciertrainer-auf-wackelfedern\\\/#breadcrumb\"},\"inLanguage\":\"en-GB\",\"potentialAction\":[{\"@type\":\"ReadAction\",\"target\":[\"https:\\\/\\\/kaiser-kuehne.com\\\/produkt\\\/057012000-balanciertrainer-auf-wackelfedern\\\/\"]}]},{\"@type\":\"ImageObject\",\"inLanguage\":\"en-GB\",\"@id\":\"https:\\\/\\\/kaiser-kuehne.com\\\/produkt\\\/057012000-balanciertrainer-auf-wackelfedern\\\/#primaryimage\",\"url\":\"https:\\\/\\\/kaiser-kuehne.com\\\/wp-content\\\/uploads\\\/product-media\\\/2026-05-01_22-00-05\\\/123126331\\\/057012000-Produktbild.jpg\",\"contentUrl\":\"https:\\\/\\\/kaiser-kuehne.com\\\/wp-content\\\/uploads\\\/product-media\\\/2026-05-01_22-00-05\\\/123126331\\\/057012000-Produktbild.jpg\",\"width\":1920,\"height\":1080,\"caption\":\"Balanciertrainer auf Wackelfedern\"},{\"@type\":\"BreadcrumbList\",\"@id\":\"https:\\\/\\\/kaiser-kuehne.com\\\/produkt\\\/057012000-balanciertrainer-auf-wackelfedern\\\/#breadcrumb\",\"itemListElement\":[{\"@type\":\"ListItem\",\"position\":1,\"name\":\"Startseite\",\"item\":\"https:\\\/\\\/kaiser-kuehne.com\\\/\"},{\"@type\":\"ListItem\",\"position\":2,\"name\":\"Produkte\",\"item\":\"https:\\\/\\\/kaiser-kuehne.com\\\/produkte\\\/\"},{\"@type\":\"ListItem\",\"position\":3,\"name\":\"Balanciertrainer auf Wackelfedern\"}]},{\"@type\":\"WebSite\",\"@id\":\"https:\\\/\\\/kaiser-kuehne.com\\\/#website\",\"url\":\"https:\\\/\\\/kaiser-kuehne.com\\\/\",\"name\":\"Kaiser & K\u00fchne\",\"description\":\"Premium Playgrounds\",\"publisher\":{\"@id\":\"https:\\\/\\\/kaiser-kuehne.com\\\/#organization\"},\"alternateName\":\"Kaiser und K\u00fchne\",\"potentialAction\":[{\"@type\":\"SearchAction\",\"target\":{\"@type\":\"EntryPoint\",\"urlTemplate\":\"https:\\\/\\\/kaiser-kuehne.com\\\/?s={search_term_string}\"},\"query-input\":{\"@type\":\"PropertyValueSpecification\",\"valueRequired\":true,\"valueName\":\"search_term_string\"}}],\"inLanguage\":\"en-GB\"},{\"@type\":\"Organization\",\"@id\":\"https:\\\/\\\/kaiser-kuehne.com\\\/#organization\",\"name\":\"Kaiser & K\u00fchne\",\"url\":\"https:\\\/\\\/kaiser-kuehne.com\\\/\",\"logo\":{\"@type\":\"ImageObject\",\"inLanguage\":\"en-GB\",\"@id\":\"https:\\\/\\\/kaiser-kuehne.com\\\/#\\\/schema\\\/logo\\\/image\\\/\",\"url\":\"https:\\\/\\\/kaiser-kuehne.com\\\/wp-content\\\/uploads\\\/2025\\\/06\\\/kaiserkuehne-logo-color.svg\",\"contentUrl\":\"https:\\\/\\\/kaiser-kuehne.com\\\/wp-content\\\/uploads\\\/2025\\\/06\\\/kaiserkuehne-logo-color.svg\",\"width\":1,\"height\":1,\"caption\":\"Kaiser & K\u00fchne\"},\"image\":{\"@id\":\"https:\\\/\\\/kaiser-kuehne.com\\\/#\\\/schema\\\/logo\\\/image\\\/\"},\"sameAs\":[\"https:\\\/\\\/www.instagram.com\\\/kaiser_kuehne\\\/?hl=de\",\"https:\\\/\\\/de.linkedin.com\\\/company\\\/kaiser-kuehne\"]}]}<\/script>\n<!-- \/ Yoast SEO plugin. -->","yoast_head_json":{"title":"Balance trainer on wobbly springs | Kaiser &amp; K\u00fchne","robots":{"index":"index","follow":"follow","max-snippet":"max-snippet:-1","max-image-preview":"max-image-preview:large","max-video-preview":"max-video-preview:-1"},"canonical":"https:\/\/kaiser-kuehne.com\/en\/product\/057012000-balance-trainer-on-wobbly-springs\/","og_locale":"en_GB","og_type":"article","og_title":"Balanciertrainer auf Wackelfedern | Kaiser &amp; K\u00fchne","og_description":"Technische Daten Grundfl\u00e4che: 3,16 x 0,21 m Mindestraum: 6,16 x 3,21 m Balancierh\u00f6he: 0,35 m Balanciergestell: Edelstahl\/Balancierfl\u00e4che mit Gummigranulat belegt, RAL-Farbe nach Wahl. Wippfeder: Spezialfederdraht \u00d8 20 mm Gewicht: 55 kg insgesamt Inklusive Bodenanker Bitte beachten Sie Das Ger\u00e4t ist wahlweise lieferbar als standortgebundenes \u00f6ffentliches Spielplatzger\u00e4t (zertifiziert nach EN 1176) oder als standortgebundenes Fitnessger\u00e4t im [&hellip;]","og_url":"https:\/\/kaiser-kuehne.com\/en\/product\/057012000-balance-trainer-on-wobbly-springs\/","og_site_name":"Kaiser &amp; K\u00fchne","article_modified_time":"2026-05-01T22:54:27+00:00","og_image":[{"width":1024,"height":511,"url":"https:\/\/kaiser-kuehne.com\/wp-content\/uploads\/2025\/09\/Bildschirmfoto-2025-09-05-um-13.34.55-1024x511.png","type":"image\/png"}],"twitter_card":"summary_large_image","twitter_misc":{"Estimated reading time":"1 minute"},"schema":{"@context":"https:\/\/schema.org","@graph":[{"@type":"WebPage","@id":"https:\/\/kaiser-kuehne.com\/produkt\/057012000-balanciertrainer-auf-wackelfedern\/","url":"https:\/\/kaiser-kuehne.com\/produkt\/057012000-balanciertrainer-auf-wackelfedern\/","name":"Balance trainer on wobbly springs | Kaiser &amp; K\u00fchne","isPartOf":{"@id":"https:\/\/kaiser-kuehne.com\/#website"},"primaryImageOfPage":{"@id":"https:\/\/kaiser-kuehne.com\/produkt\/057012000-balanciertrainer-auf-wackelfedern\/#primaryimage"},"image":{"@id":"https:\/\/kaiser-kuehne.com\/produkt\/057012000-balanciertrainer-auf-wackelfedern\/#primaryimage"},"thumbnailUrl":"https:\/\/kaiser-kuehne.com\/wp-content\/uploads\/product-media\/2026-05-01_22-00-05\/123126331\/057012000-Produktbild.jpg","datePublished":"2026-05-01T22:54:25+00:00","dateModified":"2026-05-01T22:54:27+00:00","breadcrumb":{"@id":"https:\/\/kaiser-kuehne.com\/produkt\/057012000-balanciertrainer-auf-wackelfedern\/#breadcrumb"},"inLanguage":"en-GB","potentialAction":[{"@type":"ReadAction","target":["https:\/\/kaiser-kuehne.com\/produkt\/057012000-balanciertrainer-auf-wackelfedern\/"]}]},{"@type":"ImageObject","inLanguage":"en-GB","@id":"https:\/\/kaiser-kuehne.com\/produkt\/057012000-balanciertrainer-auf-wackelfedern\/#primaryimage","url":"https:\/\/kaiser-kuehne.com\/wp-content\/uploads\/product-media\/2026-05-01_22-00-05\/123126331\/057012000-Produktbild.jpg","contentUrl":"https:\/\/kaiser-kuehne.com\/wp-content\/uploads\/product-media\/2026-05-01_22-00-05\/123126331\/057012000-Produktbild.jpg","width":1920,"height":1080,"caption":"Balanciertrainer auf Wackelfedern"},{"@type":"BreadcrumbList","@id":"https:\/\/kaiser-kuehne.com\/produkt\/057012000-balanciertrainer-auf-wackelfedern\/#breadcrumb","itemListElement":[{"@type":"ListItem","position":1,"name":"Startseite","item":"https:\/\/kaiser-kuehne.com\/"},{"@type":"ListItem","position":2,"name":"Produkte","item":"https:\/\/kaiser-kuehne.com\/produkte\/"},{"@type":"ListItem","position":3,"name":"Balanciertrainer auf Wackelfedern"}]},{"@type":"WebSite","@id":"https:\/\/kaiser-kuehne.com\/#website","url":"https:\/\/kaiser-kuehne.com\/","name":"Kaiser &amp; K\u00fchne","description":"Premium Playgrounds","publisher":{"@id":"https:\/\/kaiser-kuehne.com\/#organization"},"alternateName":"Kaiser und K\u00fchne","potentialAction":[{"@type":"SearchAction","target":{"@type":"EntryPoint","urlTemplate":"https:\/\/kaiser-kuehne.com\/?s={search_term_string}"},"query-input":{"@type":"PropertyValueSpecification","valueRequired":true,"valueName":"search_term_string"}}],"inLanguage":"en-GB"},{"@type":"Organization","@id":"https:\/\/kaiser-kuehne.com\/#organization","name":"Kaiser &amp; K\u00fchne","url":"https:\/\/kaiser-kuehne.com\/","logo":{"@type":"ImageObject","inLanguage":"en-GB","@id":"https:\/\/kaiser-kuehne.com\/#\/schema\/logo\/image\/","url":"https:\/\/kaiser-kuehne.com\/wp-content\/uploads\/2025\/06\/kaiserkuehne-logo-color.svg","contentUrl":"https:\/\/kaiser-kuehne.com\/wp-content\/uploads\/2025\/06\/kaiserkuehne-logo-color.svg","width":1,"height":1,"caption":"Kaiser & K\u00fchne"},"image":{"@id":"https:\/\/kaiser-kuehne.com\/#\/schema\/logo\/image\/"},"sameAs":["https:\/\/www.instagram.com\/kaiser_kuehne\/?hl=de","https:\/\/de.linkedin.com\/company\/kaiser-kuehne"]}]}},"_links":{"self":[{"href":"https:\/\/kaiser-kuehne.com\/en\/wp-json\/wp\/v2\/product\/87269","targetHints":{"allow":["GET"]}}],"collection":[{"href":"https:\/\/kaiser-kuehne.com\/en\/wp-json\/wp\/v2\/product"}],"about":[{"href":"https:\/\/kaiser-kuehne.com\/en\/wp-json\/wp\/v2\/types\/product"}],"replies":[{"embeddable":true,"href":"https:\/\/kaiser-kuehne.com\/en\/wp-json\/wp\/v2\/comments?post=87269"}],"wp:featuredmedia":[{"embeddable":true,"href":"https:\/\/kaiser-kuehne.com\/en\/wp-json\/wp\/v2\/media\/225510"}],"wp:attachment":[{"href":"https:\/\/kaiser-kuehne.com\/en\/wp-json\/wp\/v2\/media?parent=87269"}],"wp:term":[{"taxonomy":"product_brand","embeddable":true,"href":"https:\/\/kaiser-kuehne.com\/en\/wp-json\/wp\/v2\/product_brand?post=87269"},{"taxonomy":"product_cat","embeddable":true,"href":"https:\/\/kaiser-kuehne.com\/en\/wp-json\/wp\/v2\/product_cat?post=87269"},{"taxonomy":"product_tag","embeddable":true,"href":"https:\/\/kaiser-kuehne.com\/en\/wp-json\/wp\/v2\/product_tag?post=87269"}],"curies":[{"name":"wp","href":"https:\/\/api.w.org\/{rel}","templated":true}]}}