{"id":86579,"date":"2026-05-02T00:46:07","date_gmt":"2026-05-01T22:46:07","guid":{"rendered":"https:\/\/final.kaiserundkuehne.de\/produkt\/040330000-standardschaukel-200-stahl-verzinkt\/"},"modified":"2026-05-02T00:47:04","modified_gmt":"2026-05-01T22:47:04","slug":"040330000-standard-swing-200-galvanised-steel","status":"publish","type":"product","link":"https:\/\/kaiser-kuehne.com\/en\/produkt\/040330000-standardschaukel-200-stahl-verzinkt\/","title":{"rendered":"Standard swing (2.00) steel - galvanised"},"content":{"rendered":"<p>Technical data<br \/>\nBase area: 1.50 x 2.05 m<br \/>\nMinimum space: 2.05 x 7.30 m (13 m\u00b2)<br \/>\nSwing height: 2.00 m<br \/>\nWeight: 20 kg heaviest individual part<br \/>\n\t 100 kg in total<\/p>\n<p>- Swing supports made of steel, \u00d8 76 mm, wall thickness 2.9 mm, hot-dip galvanised; connection to swing support via connecting plates<br \/>\n- Swing support made of steel, \u00d8 88.9 mm, wall thickness 3.2 mm, hot-dip galvanised; connection to swing supports via connecting plates<br \/>\n- Swing axle made of stainless steel, consisting of internal bearing axle \u00d8 28 mm made of solid material, outer tube \u00d8 42.4 mm with 2 mm wall thickness and plain bearings<br \/>\n- Trapezoidal chain suspension consisting of stainless steel chains \u00d8 7 mm, with integrated swivels on ball bearings to prevent the chains from knotting<br \/>\n- Safety swing seat made of rubber with dimensionally stable aluminium insert and gapless single-point suspension<br \/>\n- on swing axle and swing seat: chain attachment with stainless steel clamping adapter<\/p>\n<p>Foundations (client-provided)<br \/>\n4 units 0.60 x 0.60 x 0.47 m<br \/>\nConcrete volume: 0.68 m\u00b3<\/p>\n<p>Assembly time<br \/>\n2 fitters 2 hours each<br \/>\n(without foundation)<\/p>\n<p>Free fall height<br \/>\n1,25 m<\/p>\n<p>Suitable for<br \/>\nChildren aged 3 and over,<br \/>\npublic playgrounds etc.,<br \/>\nPhysical activities<\/p>\n<p>Item number: 040330000<\/p>","protected":false},"excerpt":{"rendered":"<p>Technische Daten Grundfl\u00e4che: 1,50 x 2,05 m Mindestraum: 2,05 x 7,30 m (13 m\u00b2) Schaukelh\u00f6he: 2,00 m Gewicht: 20 kg schwerstes Einzelteil 100 kg insgesamt &#8211; Schaukelst\u00fctzen aus Stahl, \u00d8 76 mm, Wandst\u00e4rke 2,9 mm, feuerverzinkt; Anbindung an Schaukeltr\u00e4ger \u00fcber Anschlussplatten &#8211; Schaukeltr\u00e4ger aus Stahl, \u00d8 88,9 mm, Wandst\u00e4rke 3,2 mm, feuerverzinkt; Anbindung an Schaukelst\u00fctzen [&hellip;]<\/p>\n","protected":false},"featured_media":224782,"comment_status":"closed","ping_status":"open","template":"","meta":{"_acf_changed":false,"_et_pb_use_builder":"","_et_pb_old_content":"","_et_gb_content_width":""},"product_brand":[],"product_cat":[98],"product_tag":[],"class_list":{"0":"post-86579","1":"product","2":"type-product","3":"status-publish","4":"has-post-thumbnail","6":"product_cat-schaukeln","7":"pa_aktivitaeten-bewegungsaktivitaet","8":"pa_aktivitaeten-schaukeln","9":"pa_altersgruppe-72","10":"pa_einsatzgebiete-oeffentliche-spielplaetze","11":"pa_hebezeug-false","12":"pa_inklusionsattribute-dramaspiel","13":"pa_inklusionsattribute-einzelspiele","14":"pa_inklusionsattribute-funktionelles-spielen","15":"pa_inklusionsattribute-geschwindigkeit","16":"pa_inklusionsattribute-gleichgewicht","17":"pa_inklusionsattribute-hoehenerfahrung","18":"pa_inklusionsattribute-koordination","20":"first","21":"instock","22":"purchasable","23":"product-type-variable"},"acf":[],"yoast_head":"<!-- This site is optimized with the Yoast SEO plugin v27.4 - https:\/\/yoast.com\/product\/yoast-seo-wordpress\/ -->\n<title>Standardschaukel (2,00) Stahl - verzinkt | Kaiser &amp; K\u00fchne<\/title>\n<meta name=\"robots\" content=\"index, follow, max-snippet:-1, max-image-preview:large, max-video-preview:-1\" \/>\n<link rel=\"canonical\" href=\"https:\/\/kaiser-kuehne.com\/en\/product\/040330000-standard-swing-200-galvanised-steel\/\" \/>\n<meta property=\"og:locale\" content=\"en_GB\" \/>\n<meta property=\"og:type\" content=\"article\" \/>\n<meta property=\"og:title\" content=\"Standardschaukel (2,00) Stahl - verzinkt | Kaiser &amp; K\u00fchne\" \/>\n<meta property=\"og:description\" content=\"Technische Daten Grundfl\u00e4che: 1,50 x 2,05 m Mindestraum: 2,05 x 7,30 m (13 m\u00b2) Schaukelh\u00f6he: 2,00 m Gewicht: 20 kg schwerstes Einzelteil 100 kg insgesamt &#8211; Schaukelst\u00fctzen aus Stahl, \u00d8 76 mm, Wandst\u00e4rke 2,9 mm, feuerverzinkt; Anbindung an Schaukeltr\u00e4ger \u00fcber Anschlussplatten &#8211; Schaukeltr\u00e4ger aus Stahl, \u00d8 88,9 mm, Wandst\u00e4rke 3,2 mm, feuerverzinkt; Anbindung an Schaukelst\u00fctzen [&hellip;]\" \/>\n<meta property=\"og:url\" content=\"https:\/\/kaiser-kuehne.com\/en\/product\/040330000-standard-swing-200-galvanised-steel\/\" \/>\n<meta property=\"og:site_name\" content=\"Kaiser &amp; K\u00fchne\" \/>\n<meta property=\"article:modified_time\" content=\"2026-05-01T22:47:04+00:00\" \/>\n<meta property=\"og:image\" content=\"https:\/\/kaiser-kuehne.com\/wp-content\/uploads\/2025\/09\/Bildschirmfoto-2025-09-05-um-13.34.55-1024x511.png\" \/>\n\t<meta property=\"og:image:width\" content=\"1024\" \/>\n\t<meta property=\"og:image:height\" content=\"511\" \/>\n\t<meta property=\"og:image:type\" content=\"image\/png\" \/>\n<meta name=\"twitter:card\" content=\"summary_large_image\" \/>\n<meta name=\"twitter:label1\" content=\"Estimated reading time\" \/>\n\t<meta name=\"twitter:data1\" content=\"1 minute\" \/>\n<script type=\"application\/ld+json\" class=\"yoast-schema-graph\">{\"@context\":\"https:\\\/\\\/schema.org\",\"@graph\":[{\"@type\":\"WebPage\",\"@id\":\"https:\\\/\\\/kaiser-kuehne.com\\\/produkt\\\/040330000-standardschaukel-200-stahl-verzinkt\\\/\",\"url\":\"https:\\\/\\\/kaiser-kuehne.com\\\/produkt\\\/040330000-standardschaukel-200-stahl-verzinkt\\\/\",\"name\":\"Standardschaukel (2,00) Stahl - verzinkt | Kaiser &amp; K\u00fchne\",\"isPartOf\":{\"@id\":\"https:\\\/\\\/kaiser-kuehne.com\\\/#website\"},\"primaryImageOfPage\":{\"@id\":\"https:\\\/\\\/kaiser-kuehne.com\\\/produkt\\\/040330000-standardschaukel-200-stahl-verzinkt\\\/#primaryimage\"},\"image\":{\"@id\":\"https:\\\/\\\/kaiser-kuehne.com\\\/produkt\\\/040330000-standardschaukel-200-stahl-verzinkt\\\/#primaryimage\"},\"thumbnailUrl\":\"https:\\\/\\\/kaiser-kuehne.com\\\/wp-content\\\/uploads\\\/product-media\\\/2026-05-01_22-00-05\\\/123118083\\\/040330000-Produktbild.jpg\",\"datePublished\":\"2026-05-01T22:46:07+00:00\",\"dateModified\":\"2026-05-01T22:47:04+00:00\",\"breadcrumb\":{\"@id\":\"https:\\\/\\\/kaiser-kuehne.com\\\/produkt\\\/040330000-standardschaukel-200-stahl-verzinkt\\\/#breadcrumb\"},\"inLanguage\":\"en-GB\",\"potentialAction\":[{\"@type\":\"ReadAction\",\"target\":[\"https:\\\/\\\/kaiser-kuehne.com\\\/produkt\\\/040330000-standardschaukel-200-stahl-verzinkt\\\/\"]}]},{\"@type\":\"ImageObject\",\"inLanguage\":\"en-GB\",\"@id\":\"https:\\\/\\\/kaiser-kuehne.com\\\/produkt\\\/040330000-standardschaukel-200-stahl-verzinkt\\\/#primaryimage\",\"url\":\"https:\\\/\\\/kaiser-kuehne.com\\\/wp-content\\\/uploads\\\/product-media\\\/2026-05-01_22-00-05\\\/123118083\\\/040330000-Produktbild.jpg\",\"contentUrl\":\"https:\\\/\\\/kaiser-kuehne.com\\\/wp-content\\\/uploads\\\/product-media\\\/2026-05-01_22-00-05\\\/123118083\\\/040330000-Produktbild.jpg\",\"width\":1920,\"height\":1080,\"caption\":\"Standardschaukel (2,00) Stahl - verzinkt\"},{\"@type\":\"BreadcrumbList\",\"@id\":\"https:\\\/\\\/kaiser-kuehne.com\\\/produkt\\\/040330000-standardschaukel-200-stahl-verzinkt\\\/#breadcrumb\",\"itemListElement\":[{\"@type\":\"ListItem\",\"position\":1,\"name\":\"Startseite\",\"item\":\"https:\\\/\\\/kaiser-kuehne.com\\\/\"},{\"@type\":\"ListItem\",\"position\":2,\"name\":\"Produkte\",\"item\":\"https:\\\/\\\/kaiser-kuehne.com\\\/produkte\\\/\"},{\"@type\":\"ListItem\",\"position\":3,\"name\":\"Standardschaukel (2,00) Stahl &#8211; verzinkt\"}]},{\"@type\":\"WebSite\",\"@id\":\"https:\\\/\\\/kaiser-kuehne.com\\\/#website\",\"url\":\"https:\\\/\\\/kaiser-kuehne.com\\\/\",\"name\":\"Kaiser & K\u00fchne\",\"description\":\"Premium Playgrounds\",\"publisher\":{\"@id\":\"https:\\\/\\\/kaiser-kuehne.com\\\/#organization\"},\"alternateName\":\"Kaiser und K\u00fchne\",\"potentialAction\":[{\"@type\":\"SearchAction\",\"target\":{\"@type\":\"EntryPoint\",\"urlTemplate\":\"https:\\\/\\\/kaiser-kuehne.com\\\/?s={search_term_string}\"},\"query-input\":{\"@type\":\"PropertyValueSpecification\",\"valueRequired\":true,\"valueName\":\"search_term_string\"}}],\"inLanguage\":\"en-GB\"},{\"@type\":\"Organization\",\"@id\":\"https:\\\/\\\/kaiser-kuehne.com\\\/#organization\",\"name\":\"Kaiser & K\u00fchne\",\"url\":\"https:\\\/\\\/kaiser-kuehne.com\\\/\",\"logo\":{\"@type\":\"ImageObject\",\"inLanguage\":\"en-GB\",\"@id\":\"https:\\\/\\\/kaiser-kuehne.com\\\/#\\\/schema\\\/logo\\\/image\\\/\",\"url\":\"https:\\\/\\\/kaiser-kuehne.com\\\/wp-content\\\/uploads\\\/2025\\\/06\\\/kaiserkuehne-logo-color.svg\",\"contentUrl\":\"https:\\\/\\\/kaiser-kuehne.com\\\/wp-content\\\/uploads\\\/2025\\\/06\\\/kaiserkuehne-logo-color.svg\",\"width\":1,\"height\":1,\"caption\":\"Kaiser & K\u00fchne\"},\"image\":{\"@id\":\"https:\\\/\\\/kaiser-kuehne.com\\\/#\\\/schema\\\/logo\\\/image\\\/\"},\"sameAs\":[\"https:\\\/\\\/www.instagram.com\\\/kaiser_kuehne\\\/?hl=de\",\"https:\\\/\\\/de.linkedin.com\\\/company\\\/kaiser-kuehne\"]}]}<\/script>\n<!-- \/ Yoast SEO plugin. -->","yoast_head_json":{"title":"Standard swing (2.00) steel - galvanised | Kaiser &amp; K\u00fchne","robots":{"index":"index","follow":"follow","max-snippet":"max-snippet:-1","max-image-preview":"max-image-preview:large","max-video-preview":"max-video-preview:-1"},"canonical":"https:\/\/kaiser-kuehne.com\/en\/product\/040330000-standard-swing-200-galvanised-steel\/","og_locale":"en_GB","og_type":"article","og_title":"Standardschaukel (2,00) Stahl - verzinkt | Kaiser &amp; K\u00fchne","og_description":"Technische Daten Grundfl\u00e4che: 1,50 x 2,05 m Mindestraum: 2,05 x 7,30 m (13 m\u00b2) Schaukelh\u00f6he: 2,00 m Gewicht: 20 kg schwerstes Einzelteil 100 kg insgesamt &#8211; Schaukelst\u00fctzen aus Stahl, \u00d8 76 mm, Wandst\u00e4rke 2,9 mm, feuerverzinkt; Anbindung an Schaukeltr\u00e4ger \u00fcber Anschlussplatten &#8211; Schaukeltr\u00e4ger aus Stahl, \u00d8 88,9 mm, Wandst\u00e4rke 3,2 mm, feuerverzinkt; Anbindung an Schaukelst\u00fctzen [&hellip;]","og_url":"https:\/\/kaiser-kuehne.com\/en\/product\/040330000-standard-swing-200-galvanised-steel\/","og_site_name":"Kaiser &amp; K\u00fchne","article_modified_time":"2026-05-01T22:47:04+00:00","og_image":[{"width":1024,"height":511,"url":"https:\/\/kaiser-kuehne.com\/wp-content\/uploads\/2025\/09\/Bildschirmfoto-2025-09-05-um-13.34.55-1024x511.png","type":"image\/png"}],"twitter_card":"summary_large_image","twitter_misc":{"Estimated reading time":"1 minute"},"schema":{"@context":"https:\/\/schema.org","@graph":[{"@type":"WebPage","@id":"https:\/\/kaiser-kuehne.com\/produkt\/040330000-standardschaukel-200-stahl-verzinkt\/","url":"https:\/\/kaiser-kuehne.com\/produkt\/040330000-standardschaukel-200-stahl-verzinkt\/","name":"Standard swing (2.00) steel - galvanised | Kaiser &amp; K\u00fchne","isPartOf":{"@id":"https:\/\/kaiser-kuehne.com\/#website"},"primaryImageOfPage":{"@id":"https:\/\/kaiser-kuehne.com\/produkt\/040330000-standardschaukel-200-stahl-verzinkt\/#primaryimage"},"image":{"@id":"https:\/\/kaiser-kuehne.com\/produkt\/040330000-standardschaukel-200-stahl-verzinkt\/#primaryimage"},"thumbnailUrl":"https:\/\/kaiser-kuehne.com\/wp-content\/uploads\/product-media\/2026-05-01_22-00-05\/123118083\/040330000-Produktbild.jpg","datePublished":"2026-05-01T22:46:07+00:00","dateModified":"2026-05-01T22:47:04+00:00","breadcrumb":{"@id":"https:\/\/kaiser-kuehne.com\/produkt\/040330000-standardschaukel-200-stahl-verzinkt\/#breadcrumb"},"inLanguage":"en-GB","potentialAction":[{"@type":"ReadAction","target":["https:\/\/kaiser-kuehne.com\/produkt\/040330000-standardschaukel-200-stahl-verzinkt\/"]}]},{"@type":"ImageObject","inLanguage":"en-GB","@id":"https:\/\/kaiser-kuehne.com\/produkt\/040330000-standardschaukel-200-stahl-verzinkt\/#primaryimage","url":"https:\/\/kaiser-kuehne.com\/wp-content\/uploads\/product-media\/2026-05-01_22-00-05\/123118083\/040330000-Produktbild.jpg","contentUrl":"https:\/\/kaiser-kuehne.com\/wp-content\/uploads\/product-media\/2026-05-01_22-00-05\/123118083\/040330000-Produktbild.jpg","width":1920,"height":1080,"caption":"Standardschaukel (2,00) Stahl - verzinkt"},{"@type":"BreadcrumbList","@id":"https:\/\/kaiser-kuehne.com\/produkt\/040330000-standardschaukel-200-stahl-verzinkt\/#breadcrumb","itemListElement":[{"@type":"ListItem","position":1,"name":"Startseite","item":"https:\/\/kaiser-kuehne.com\/"},{"@type":"ListItem","position":2,"name":"Produkte","item":"https:\/\/kaiser-kuehne.com\/produkte\/"},{"@type":"ListItem","position":3,"name":"Standardschaukel (2,00) Stahl &#8211; verzinkt"}]},{"@type":"WebSite","@id":"https:\/\/kaiser-kuehne.com\/#website","url":"https:\/\/kaiser-kuehne.com\/","name":"Kaiser &amp; K\u00fchne","description":"Premium Playgrounds","publisher":{"@id":"https:\/\/kaiser-kuehne.com\/#organization"},"alternateName":"Kaiser und K\u00fchne","potentialAction":[{"@type":"SearchAction","target":{"@type":"EntryPoint","urlTemplate":"https:\/\/kaiser-kuehne.com\/?s={search_term_string}"},"query-input":{"@type":"PropertyValueSpecification","valueRequired":true,"valueName":"search_term_string"}}],"inLanguage":"en-GB"},{"@type":"Organization","@id":"https:\/\/kaiser-kuehne.com\/#organization","name":"Kaiser &amp; K\u00fchne","url":"https:\/\/kaiser-kuehne.com\/","logo":{"@type":"ImageObject","inLanguage":"en-GB","@id":"https:\/\/kaiser-kuehne.com\/#\/schema\/logo\/image\/","url":"https:\/\/kaiser-kuehne.com\/wp-content\/uploads\/2025\/06\/kaiserkuehne-logo-color.svg","contentUrl":"https:\/\/kaiser-kuehne.com\/wp-content\/uploads\/2025\/06\/kaiserkuehne-logo-color.svg","width":1,"height":1,"caption":"Kaiser & K\u00fchne"},"image":{"@id":"https:\/\/kaiser-kuehne.com\/#\/schema\/logo\/image\/"},"sameAs":["https:\/\/www.instagram.com\/kaiser_kuehne\/?hl=de","https:\/\/de.linkedin.com\/company\/kaiser-kuehne"]}]}},"_links":{"self":[{"href":"https:\/\/kaiser-kuehne.com\/en\/wp-json\/wp\/v2\/product\/86579","targetHints":{"allow":["GET"]}}],"collection":[{"href":"https:\/\/kaiser-kuehne.com\/en\/wp-json\/wp\/v2\/product"}],"about":[{"href":"https:\/\/kaiser-kuehne.com\/en\/wp-json\/wp\/v2\/types\/product"}],"replies":[{"embeddable":true,"href":"https:\/\/kaiser-kuehne.com\/en\/wp-json\/wp\/v2\/comments?post=86579"}],"wp:featuredmedia":[{"embeddable":true,"href":"https:\/\/kaiser-kuehne.com\/en\/wp-json\/wp\/v2\/media\/224782"}],"wp:attachment":[{"href":"https:\/\/kaiser-kuehne.com\/en\/wp-json\/wp\/v2\/media?parent=86579"}],"wp:term":[{"taxonomy":"product_brand","embeddable":true,"href":"https:\/\/kaiser-kuehne.com\/en\/wp-json\/wp\/v2\/product_brand?post=86579"},{"taxonomy":"product_cat","embeddable":true,"href":"https:\/\/kaiser-kuehne.com\/en\/wp-json\/wp\/v2\/product_cat?post=86579"},{"taxonomy":"product_tag","embeddable":true,"href":"https:\/\/kaiser-kuehne.com\/en\/wp-json\/wp\/v2\/product_tag?post=86579"}],"curies":[{"name":"wp","href":"https:\/\/api.w.org\/{rel}","templated":true}]}}