{"id":86564,"date":"2026-05-09T00:49:12","date_gmt":"2026-05-08T22:49:12","guid":{"rendered":"https:\/\/final.kaiserundkuehne.de\/produkt\/052020000-balanciersteg\/"},"modified":"2026-05-09T00:49:13","modified_gmt":"2026-05-08T22:49:13","slug":"052020000-balancing-beam","status":"publish","type":"product","link":"https:\/\/kaiser-kuehne.com\/en\/produkt\/052020000-balanciersteg\/","title":{"rendered":"Balance cat walk"},"content":{"rendered":"<p>Technical data<br \/>\nBase area: 2.65 x 0.45 m<br \/>\nMinimum space: 5.65 x 3.45 m (13 m\u00b2)<br \/>\nBalancing height: 0.35 m<br \/>\nBalancing frame: Stainless steel\/balancing surfaces covered with rubber granules. Choice of granulate colours: red, green, blue and yellow<br \/>\nRocker spring: special spring wire \u00d8 20 mm<br \/>\nWeight: 55 kg in total<\/p>\n<p>Floor anchor included<\/p>\n<p>Assembly time<br \/>\nDelivered pre-assembled in one piece<\/p>\n<p>Foundations<br \/>\nIf the ground is light (usually loose bulk material such as bark mulch, wood chips, sand, gravel), the base plate of the ground anchor must be covered with foundations (2 pieces 0.80 x 0.50 x 0.10 m).<br \/>\nConcrete quantity: 0.08 m\u00b3<\/p>\n<p>Free fall height<br \/>\n0,35 m<\/p>\n<p>Suitable for<br \/>\nChildren aged 3 and over,<br \/>\npublic playgrounds etc.,<br \/>\nPhysical activities<\/p>\n<p>Foundation anchors (item no. 1090219) are available at an extra charge for level and simple installation in synthetic fall protection. For temporary dismantling, the floor opening is closed at the same height with a suitable HPL panel.<\/p>\n<p>Item number: 052020000<\/p>","protected":false},"excerpt":{"rendered":"<p>Technische Daten Grundfl\u00e4che: 2,65 x 0,45 m Mindestraum: 5,65 x 3,45 m (13 m\u00b2) Balancierh\u00f6he: 0,35 m Balanciergestell: Edelstahl\/Balancierfl\u00e4chen mit Gummigranulat belegt. Granulatfarbe wahlweise: rot, gr\u00fcn, blau und gelb Wippfeder: Spezialfederdraht \u00d8 20 mm Gewicht: 55 kg insgesamt Inklusive Bodenanker Montagerichtzeit wird in einem St\u00fcck vormontiert angeliefert Fundamente Bei leichtem Boden (\u00fcblicherweise loses Sch\u00fcttmaterial, wie [&hellip;]<\/p>\n","protected":false},"featured_media":243504,"comment_status":"closed","ping_status":"open","template":"","meta":{"_acf_changed":false,"_et_pb_use_builder":"","_et_pb_old_content":"","_et_gb_content_width":""},"product_brand":[],"product_cat":[89],"product_tag":[],"class_list":{"0":"post-86564","1":"product","2":"type-product","3":"status-publish","4":"has-post-thumbnail","6":"product_cat-bewegen-balancieren","7":"pa_aktivitaeten-balancieren","8":"pa_aktivitaeten-bewegungsaktivitaet","9":"pa_altersgruppe-72","10":"pa_einsatzgebiete-oeffentliche-spielplaetze","11":"pa_hebezeug-false","12":"pa_inklusionsattribute-einzelspiele","13":"pa_inklusionsattribute-funktionelles-spielen","14":"pa_inklusionsattribute-gleichgewicht","15":"pa_inklusionsattribute-koordination","17":"first","18":"instock","19":"purchasable","20":"product-type-simple"},"acf":[],"yoast_head":"<!-- This site is optimized with the Yoast SEO plugin v27.4 - https:\/\/yoast.com\/product\/yoast-seo-wordpress\/ -->\n<title>Balanciersteg | Kaiser &amp; K\u00fchne<\/title>\n<meta name=\"robots\" content=\"index, follow, max-snippet:-1, max-image-preview:large, max-video-preview:-1\" \/>\n<link rel=\"canonical\" href=\"https:\/\/kaiser-kuehne.com\/en\/product\/052020000-balancing-beam\/\" \/>\n<meta property=\"og:locale\" content=\"en_GB\" \/>\n<meta property=\"og:type\" content=\"article\" \/>\n<meta property=\"og:title\" content=\"Balanciersteg | Kaiser &amp; K\u00fchne\" \/>\n<meta property=\"og:description\" content=\"Technische Daten Grundfl\u00e4che: 2,65 x 0,45 m Mindestraum: 5,65 x 3,45 m (13 m\u00b2) Balancierh\u00f6he: 0,35 m Balanciergestell: Edelstahl\/Balancierfl\u00e4chen mit Gummigranulat belegt. Granulatfarbe wahlweise: rot, gr\u00fcn, blau und gelb Wippfeder: Spezialfederdraht \u00d8 20 mm Gewicht: 55 kg insgesamt Inklusive Bodenanker Montagerichtzeit wird in einem St\u00fcck vormontiert angeliefert Fundamente Bei leichtem Boden (\u00fcblicherweise loses Sch\u00fcttmaterial, wie [&hellip;]\" \/>\n<meta property=\"og:url\" content=\"https:\/\/kaiser-kuehne.com\/en\/product\/052020000-balancing-beam\/\" \/>\n<meta property=\"og:site_name\" content=\"Kaiser &amp; K\u00fchne\" \/>\n<meta property=\"article:modified_time\" content=\"2026-05-08T22:49:13+00:00\" \/>\n<meta property=\"og:image\" content=\"https:\/\/kaiser-kuehne.com\/wp-content\/uploads\/2025\/09\/Bildschirmfoto-2025-09-05-um-13.34.55-1024x511.png\" \/>\n\t<meta property=\"og:image:width\" content=\"1024\" \/>\n\t<meta property=\"og:image:height\" content=\"511\" \/>\n\t<meta property=\"og:image:type\" content=\"image\/png\" \/>\n<meta name=\"twitter:card\" content=\"summary_large_image\" \/>\n<meta name=\"twitter:label1\" content=\"Estimated reading time\" \/>\n\t<meta name=\"twitter:data1\" content=\"1 minute\" \/>\n<script type=\"application\/ld+json\" class=\"yoast-schema-graph\">{\"@context\":\"https:\\\/\\\/schema.org\",\"@graph\":[{\"@type\":\"WebPage\",\"@id\":\"https:\\\/\\\/kaiser-kuehne.com\\\/produkt\\\/052020000-balanciersteg\\\/\",\"url\":\"https:\\\/\\\/kaiser-kuehne.com\\\/produkt\\\/052020000-balanciersteg\\\/\",\"name\":\"Balanciersteg | Kaiser &amp; K\u00fchne\",\"isPartOf\":{\"@id\":\"https:\\\/\\\/kaiser-kuehne.com\\\/#website\"},\"primaryImageOfPage\":{\"@id\":\"https:\\\/\\\/kaiser-kuehne.com\\\/produkt\\\/052020000-balanciersteg\\\/#primaryimage\"},\"image\":{\"@id\":\"https:\\\/\\\/kaiser-kuehne.com\\\/produkt\\\/052020000-balanciersteg\\\/#primaryimage\"},\"thumbnailUrl\":\"https:\\\/\\\/kaiser-kuehne.com\\\/wp-content\\\/uploads\\\/product-media\\\/2026-05-08_22-01-03\\\/123116585\\\/052020000-Produktbild.jpg\",\"datePublished\":\"2026-05-08T22:49:12+00:00\",\"dateModified\":\"2026-05-08T22:49:13+00:00\",\"breadcrumb\":{\"@id\":\"https:\\\/\\\/kaiser-kuehne.com\\\/produkt\\\/052020000-balanciersteg\\\/#breadcrumb\"},\"inLanguage\":\"en-GB\",\"potentialAction\":[{\"@type\":\"ReadAction\",\"target\":[\"https:\\\/\\\/kaiser-kuehne.com\\\/produkt\\\/052020000-balanciersteg\\\/\"]}]},{\"@type\":\"ImageObject\",\"inLanguage\":\"en-GB\",\"@id\":\"https:\\\/\\\/kaiser-kuehne.com\\\/produkt\\\/052020000-balanciersteg\\\/#primaryimage\",\"url\":\"https:\\\/\\\/kaiser-kuehne.com\\\/wp-content\\\/uploads\\\/product-media\\\/2026-05-08_22-01-03\\\/123116585\\\/052020000-Produktbild.jpg\",\"contentUrl\":\"https:\\\/\\\/kaiser-kuehne.com\\\/wp-content\\\/uploads\\\/product-media\\\/2026-05-08_22-01-03\\\/123116585\\\/052020000-Produktbild.jpg\",\"width\":1920,\"height\":1080,\"caption\":\"Balanciersteg\"},{\"@type\":\"BreadcrumbList\",\"@id\":\"https:\\\/\\\/kaiser-kuehne.com\\\/produkt\\\/052020000-balanciersteg\\\/#breadcrumb\",\"itemListElement\":[{\"@type\":\"ListItem\",\"position\":1,\"name\":\"Startseite\",\"item\":\"https:\\\/\\\/kaiser-kuehne.com\\\/\"},{\"@type\":\"ListItem\",\"position\":2,\"name\":\"Produkte\",\"item\":\"https:\\\/\\\/kaiser-kuehne.com\\\/produkte\\\/\"},{\"@type\":\"ListItem\",\"position\":3,\"name\":\"Balanciersteg\"}]},{\"@type\":\"WebSite\",\"@id\":\"https:\\\/\\\/kaiser-kuehne.com\\\/#website\",\"url\":\"https:\\\/\\\/kaiser-kuehne.com\\\/\",\"name\":\"Kaiser & K\u00fchne\",\"description\":\"Premium Playgrounds\",\"publisher\":{\"@id\":\"https:\\\/\\\/kaiser-kuehne.com\\\/#organization\"},\"alternateName\":\"Kaiser und K\u00fchne\",\"potentialAction\":[{\"@type\":\"SearchAction\",\"target\":{\"@type\":\"EntryPoint\",\"urlTemplate\":\"https:\\\/\\\/kaiser-kuehne.com\\\/?s={search_term_string}\"},\"query-input\":{\"@type\":\"PropertyValueSpecification\",\"valueRequired\":true,\"valueName\":\"search_term_string\"}}],\"inLanguage\":\"en-GB\"},{\"@type\":\"Organization\",\"@id\":\"https:\\\/\\\/kaiser-kuehne.com\\\/#organization\",\"name\":\"Kaiser & K\u00fchne\",\"url\":\"https:\\\/\\\/kaiser-kuehne.com\\\/\",\"logo\":{\"@type\":\"ImageObject\",\"inLanguage\":\"en-GB\",\"@id\":\"https:\\\/\\\/kaiser-kuehne.com\\\/#\\\/schema\\\/logo\\\/image\\\/\",\"url\":\"https:\\\/\\\/kaiser-kuehne.com\\\/wp-content\\\/uploads\\\/2025\\\/06\\\/kaiserkuehne-logo-color.svg\",\"contentUrl\":\"https:\\\/\\\/kaiser-kuehne.com\\\/wp-content\\\/uploads\\\/2025\\\/06\\\/kaiserkuehne-logo-color.svg\",\"width\":1,\"height\":1,\"caption\":\"Kaiser & K\u00fchne\"},\"image\":{\"@id\":\"https:\\\/\\\/kaiser-kuehne.com\\\/#\\\/schema\\\/logo\\\/image\\\/\"},\"sameAs\":[\"https:\\\/\\\/www.instagram.com\\\/kaiser_kuehne\\\/?hl=de\",\"https:\\\/\\\/de.linkedin.com\\\/company\\\/kaiser-kuehne\"]}]}<\/script>\n<!-- \/ Yoast SEO plugin. -->","yoast_head_json":{"title":"Balancing walkway | Kaiser &amp; K\u00fchne","robots":{"index":"index","follow":"follow","max-snippet":"max-snippet:-1","max-image-preview":"max-image-preview:large","max-video-preview":"max-video-preview:-1"},"canonical":"https:\/\/kaiser-kuehne.com\/en\/product\/052020000-balancing-beam\/","og_locale":"en_GB","og_type":"article","og_title":"Balanciersteg | Kaiser &amp; K\u00fchne","og_description":"Technische Daten Grundfl\u00e4che: 2,65 x 0,45 m Mindestraum: 5,65 x 3,45 m (13 m\u00b2) Balancierh\u00f6he: 0,35 m Balanciergestell: Edelstahl\/Balancierfl\u00e4chen mit Gummigranulat belegt. Granulatfarbe wahlweise: rot, gr\u00fcn, blau und gelb Wippfeder: Spezialfederdraht \u00d8 20 mm Gewicht: 55 kg insgesamt Inklusive Bodenanker Montagerichtzeit wird in einem St\u00fcck vormontiert angeliefert Fundamente Bei leichtem Boden (\u00fcblicherweise loses Sch\u00fcttmaterial, wie [&hellip;]","og_url":"https:\/\/kaiser-kuehne.com\/en\/product\/052020000-balancing-beam\/","og_site_name":"Kaiser &amp; K\u00fchne","article_modified_time":"2026-05-08T22:49:13+00:00","og_image":[{"width":1024,"height":511,"url":"https:\/\/kaiser-kuehne.com\/wp-content\/uploads\/2025\/09\/Bildschirmfoto-2025-09-05-um-13.34.55-1024x511.png","type":"image\/png"}],"twitter_card":"summary_large_image","twitter_misc":{"Estimated reading time":"1 minute"},"schema":{"@context":"https:\/\/schema.org","@graph":[{"@type":"WebPage","@id":"https:\/\/kaiser-kuehne.com\/produkt\/052020000-balanciersteg\/","url":"https:\/\/kaiser-kuehne.com\/produkt\/052020000-balanciersteg\/","name":"Balancing walkway | Kaiser &amp; K\u00fchne","isPartOf":{"@id":"https:\/\/kaiser-kuehne.com\/#website"},"primaryImageOfPage":{"@id":"https:\/\/kaiser-kuehne.com\/produkt\/052020000-balanciersteg\/#primaryimage"},"image":{"@id":"https:\/\/kaiser-kuehne.com\/produkt\/052020000-balanciersteg\/#primaryimage"},"thumbnailUrl":"https:\/\/kaiser-kuehne.com\/wp-content\/uploads\/product-media\/2026-05-08_22-01-03\/123116585\/052020000-Produktbild.jpg","datePublished":"2026-05-08T22:49:12+00:00","dateModified":"2026-05-08T22:49:13+00:00","breadcrumb":{"@id":"https:\/\/kaiser-kuehne.com\/produkt\/052020000-balanciersteg\/#breadcrumb"},"inLanguage":"en-GB","potentialAction":[{"@type":"ReadAction","target":["https:\/\/kaiser-kuehne.com\/produkt\/052020000-balanciersteg\/"]}]},{"@type":"ImageObject","inLanguage":"en-GB","@id":"https:\/\/kaiser-kuehne.com\/produkt\/052020000-balanciersteg\/#primaryimage","url":"https:\/\/kaiser-kuehne.com\/wp-content\/uploads\/product-media\/2026-05-08_22-01-03\/123116585\/052020000-Produktbild.jpg","contentUrl":"https:\/\/kaiser-kuehne.com\/wp-content\/uploads\/product-media\/2026-05-08_22-01-03\/123116585\/052020000-Produktbild.jpg","width":1920,"height":1080,"caption":"Balanciersteg"},{"@type":"BreadcrumbList","@id":"https:\/\/kaiser-kuehne.com\/produkt\/052020000-balanciersteg\/#breadcrumb","itemListElement":[{"@type":"ListItem","position":1,"name":"Startseite","item":"https:\/\/kaiser-kuehne.com\/"},{"@type":"ListItem","position":2,"name":"Produkte","item":"https:\/\/kaiser-kuehne.com\/produkte\/"},{"@type":"ListItem","position":3,"name":"Balanciersteg"}]},{"@type":"WebSite","@id":"https:\/\/kaiser-kuehne.com\/#website","url":"https:\/\/kaiser-kuehne.com\/","name":"Kaiser &amp; K\u00fchne","description":"Premium Playgrounds","publisher":{"@id":"https:\/\/kaiser-kuehne.com\/#organization"},"alternateName":"Kaiser und K\u00fchne","potentialAction":[{"@type":"SearchAction","target":{"@type":"EntryPoint","urlTemplate":"https:\/\/kaiser-kuehne.com\/?s={search_term_string}"},"query-input":{"@type":"PropertyValueSpecification","valueRequired":true,"valueName":"search_term_string"}}],"inLanguage":"en-GB"},{"@type":"Organization","@id":"https:\/\/kaiser-kuehne.com\/#organization","name":"Kaiser &amp; K\u00fchne","url":"https:\/\/kaiser-kuehne.com\/","logo":{"@type":"ImageObject","inLanguage":"en-GB","@id":"https:\/\/kaiser-kuehne.com\/#\/schema\/logo\/image\/","url":"https:\/\/kaiser-kuehne.com\/wp-content\/uploads\/2025\/06\/kaiserkuehne-logo-color.svg","contentUrl":"https:\/\/kaiser-kuehne.com\/wp-content\/uploads\/2025\/06\/kaiserkuehne-logo-color.svg","width":1,"height":1,"caption":"Kaiser & K\u00fchne"},"image":{"@id":"https:\/\/kaiser-kuehne.com\/#\/schema\/logo\/image\/"},"sameAs":["https:\/\/www.instagram.com\/kaiser_kuehne\/?hl=de","https:\/\/de.linkedin.com\/company\/kaiser-kuehne"]}]}},"_links":{"self":[{"href":"https:\/\/kaiser-kuehne.com\/en\/wp-json\/wp\/v2\/product\/86564","targetHints":{"allow":["GET"]}}],"collection":[{"href":"https:\/\/kaiser-kuehne.com\/en\/wp-json\/wp\/v2\/product"}],"about":[{"href":"https:\/\/kaiser-kuehne.com\/en\/wp-json\/wp\/v2\/types\/product"}],"replies":[{"embeddable":true,"href":"https:\/\/kaiser-kuehne.com\/en\/wp-json\/wp\/v2\/comments?post=86564"}],"wp:featuredmedia":[{"embeddable":true,"href":"https:\/\/kaiser-kuehne.com\/en\/wp-json\/wp\/v2\/media\/243504"}],"wp:attachment":[{"href":"https:\/\/kaiser-kuehne.com\/en\/wp-json\/wp\/v2\/media?parent=86564"}],"wp:term":[{"taxonomy":"product_brand","embeddable":true,"href":"https:\/\/kaiser-kuehne.com\/en\/wp-json\/wp\/v2\/product_brand?post=86564"},{"taxonomy":"product_cat","embeddable":true,"href":"https:\/\/kaiser-kuehne.com\/en\/wp-json\/wp\/v2\/product_cat?post=86564"},{"taxonomy":"product_tag","embeddable":true,"href":"https:\/\/kaiser-kuehne.com\/en\/wp-json\/wp\/v2\/product_tag?post=86564"}],"curies":[{"name":"wp","href":"https:\/\/api.w.org\/{rel}","templated":true}]}}