{"id":86167,"date":"2026-05-09T00:45:55","date_gmt":"2026-05-08T22:45:55","guid":{"rendered":"https:\/\/final.kaiserundkuehne.de\/produkt\/037215500-rondell\/"},"modified":"2026-05-09T00:46:06","modified_gmt":"2026-05-08T22:46:06","slug":"037215500-rondell","status":"publish","type":"product","link":"https:\/\/kaiser-kuehne.com\/en\/produkt\/037215500-rondell\/","title":{"rendered":"Circus"},"content":{"rendered":"<p>Technical data<br \/>\nTotal height: 1.50 m<br \/>\nBase area: 1.50 x 1.75 m<br \/>\nMinimum space: \u00d8 4.75 m (18 m\u00b2)<\/p>\n<p>Support post<br \/>\nPosts made of stainless steel tube \u00d8 120 mm covered with non-detachable stainless steel post caps. Connection of the modular add-on parts to the uprights using solid and fully welded stainless steel weld-in sleeves without protruding connecting elements.<\/p>\n<p>Attachments<br \/>\n- Panel balustrade made of coloured, highly weather-resistant HPL laminate (yellow). Fastened between stainless steel tubes \u00d8 33.7\u00d72 mm Clock hands made of blue HPL laminate for manually setting the time<br \/>\n- Concave mirror made of highly polished stainless steel in HPL frame.<br \/>\n- Concave\/convex mirror made of highly polished stainless steel in HPL frame.<br \/>\n- Wheel of fortune wall made of HPL laminate, 15 mm<br \/>\n- Slide rule: polyamide elements, \u00d8 80 mm<br \/>\n- Stainless steel sound tubes, suspended on wire ropes. Attached between stainless steel tubes \u00d8 33.7 x 2 mm. Incl. PVC sound mallet, attached to a stand post with a stainless steel chain<\/p>\n<p>Metal components: Stainless steel. All robinia wood is unimpregnated and treated with linseed oil varnish to protect against dust and fingerprints. The modular add-on parts transfer their forces directly to the uprights via a special adapter fastening. The screw connections are secured against unauthorised loosening by cover caps.<\/p>\n<p>Foundations (client-provided)<br \/>\n6 pcs. 0.40 x 0.40 x 0.40 m<br \/>\nConcrete volume: 0.58 m\u00b3<\/p>\n<p>Assembly time<br \/>\n2 fitters 2 hours each<br \/>\n(without foundation)<\/p>\n<p>Suitable for<br \/>\nall age groups,<br \/>\npublic playgrounds etc.<\/p>\n<p>Item number: 037215500<\/p>","protected":false},"excerpt":{"rendered":"<p>Technische Daten Gesamth\u00f6he: 1,50 m Grundfl\u00e4che: 1,50 x 1,75 m Mindestraum: \u00d8 4,75 m (18 m\u00b2) Standpfosten Standpfosten aus Edelstahlrohr \u00d8 120 mm mit nicht l\u00f6sbaren Pfostenkappen aus Edelstahl abgedeckt. Anschluss der modularen Anbauteile an die Standpfosten durch solide und voll verschwei\u00dfte Edelstahl-Einschwei\u00dfh\u00fclsen ohne hervorstehende Verbindungselemente. Anbauteile &#8211; Plattenbr\u00fcstung aus farbiger, h\u00f6chst witterungsbest\u00e4ndiger HPL-Schichtstoffplatte (gelb). [&hellip;]<\/p>\n","protected":false},"featured_media":243233,"comment_status":"closed","ping_status":"open","template":"","meta":{"_acf_changed":false,"_et_pb_use_builder":"","_et_pb_old_content":"","_et_gb_content_width":""},"product_brand":[],"product_cat":[107],"product_tag":[],"class_list":{"0":"post-86167","1":"product","2":"type-product","3":"status-publish","4":"has-post-thumbnail","6":"product_cat-themen-und-sinnesspiele","7":"pa_aktivitaeten-manuelle-aktivitaet","8":"pa_altersgruppe-81","9":"pa_einsatzgebiete-oeffentliche-spielplaetze","10":"pa_hebezeug-false","11":"pa_inklusionsattribute-einzelspiele","12":"pa_inklusionsattribute-erforschendes-spiel","13":"pa_inklusionsattribute-feinmotorik","14":"pa_inklusionsattribute-hoeren","15":"pa_inklusionsattribute-koordination","16":"pa_inklusionsattribute-paralleles-spielen","17":"pa_inklusionsattribute-sehen","18":"pa_inklusionsattribute-tasten","20":"first","21":"instock","22":"purchasable","23":"product-type-variable"},"acf":[],"yoast_head":"<!-- This site is optimized with the Yoast SEO plugin v27.4 - https:\/\/yoast.com\/product\/yoast-seo-wordpress\/ -->\n<title>Rondell | Kaiser &amp; K\u00fchne<\/title>\n<meta name=\"robots\" content=\"index, follow, max-snippet:-1, max-image-preview:large, max-video-preview:-1\" \/>\n<link rel=\"canonical\" href=\"https:\/\/kaiser-kuehne.com\/en\/product\/037215500-rondell\/\" \/>\n<meta property=\"og:locale\" content=\"en_GB\" \/>\n<meta property=\"og:type\" content=\"article\" \/>\n<meta property=\"og:title\" content=\"Rondell | Kaiser &amp; K\u00fchne\" \/>\n<meta property=\"og:description\" content=\"Technische Daten Gesamth\u00f6he: 1,50 m Grundfl\u00e4che: 1,50 x 1,75 m Mindestraum: \u00d8 4,75 m (18 m\u00b2) Standpfosten Standpfosten aus Edelstahlrohr \u00d8 120 mm mit nicht l\u00f6sbaren Pfostenkappen aus Edelstahl abgedeckt. Anschluss der modularen Anbauteile an die Standpfosten durch solide und voll verschwei\u00dfte Edelstahl-Einschwei\u00dfh\u00fclsen ohne hervorstehende Verbindungselemente. Anbauteile &#8211; Plattenbr\u00fcstung aus farbiger, h\u00f6chst witterungsbest\u00e4ndiger HPL-Schichtstoffplatte (gelb). [&hellip;]\" \/>\n<meta property=\"og:url\" content=\"https:\/\/kaiser-kuehne.com\/en\/product\/037215500-rondell\/\" \/>\n<meta property=\"og:site_name\" content=\"Kaiser &amp; K\u00fchne\" \/>\n<meta property=\"article:modified_time\" content=\"2026-05-08T22:46:06+00:00\" \/>\n<meta property=\"og:image\" content=\"https:\/\/kaiser-kuehne.com\/wp-content\/uploads\/2025\/09\/Bildschirmfoto-2025-09-05-um-13.34.55-1024x511.png\" \/>\n\t<meta property=\"og:image:width\" content=\"1024\" \/>\n\t<meta property=\"og:image:height\" content=\"511\" \/>\n\t<meta property=\"og:image:type\" content=\"image\/png\" \/>\n<meta name=\"twitter:card\" content=\"summary_large_image\" \/>\n<meta name=\"twitter:label1\" content=\"Estimated reading time\" \/>\n\t<meta name=\"twitter:data1\" content=\"1 minute\" \/>\n<script type=\"application\/ld+json\" class=\"yoast-schema-graph\">{\"@context\":\"https:\\\/\\\/schema.org\",\"@graph\":[{\"@type\":\"WebPage\",\"@id\":\"https:\\\/\\\/kaiser-kuehne.com\\\/produkt\\\/037215500-rondell\\\/\",\"url\":\"https:\\\/\\\/kaiser-kuehne.com\\\/produkt\\\/037215500-rondell\\\/\",\"name\":\"Rondell | Kaiser &amp; K\u00fchne\",\"isPartOf\":{\"@id\":\"https:\\\/\\\/kaiser-kuehne.com\\\/#website\"},\"primaryImageOfPage\":{\"@id\":\"https:\\\/\\\/kaiser-kuehne.com\\\/produkt\\\/037215500-rondell\\\/#primaryimage\"},\"image\":{\"@id\":\"https:\\\/\\\/kaiser-kuehne.com\\\/produkt\\\/037215500-rondell\\\/#primaryimage\"},\"thumbnailUrl\":\"https:\\\/\\\/kaiser-kuehne.com\\\/wp-content\\\/uploads\\\/product-media\\\/2026-05-08_22-01-03\\\/123107152\\\/037215500-Produktbild.jpg\",\"datePublished\":\"2026-05-08T22:45:55+00:00\",\"dateModified\":\"2026-05-08T22:46:06+00:00\",\"breadcrumb\":{\"@id\":\"https:\\\/\\\/kaiser-kuehne.com\\\/produkt\\\/037215500-rondell\\\/#breadcrumb\"},\"inLanguage\":\"en-GB\",\"potentialAction\":[{\"@type\":\"ReadAction\",\"target\":[\"https:\\\/\\\/kaiser-kuehne.com\\\/produkt\\\/037215500-rondell\\\/\"]}]},{\"@type\":\"ImageObject\",\"inLanguage\":\"en-GB\",\"@id\":\"https:\\\/\\\/kaiser-kuehne.com\\\/produkt\\\/037215500-rondell\\\/#primaryimage\",\"url\":\"https:\\\/\\\/kaiser-kuehne.com\\\/wp-content\\\/uploads\\\/product-media\\\/2026-05-08_22-01-03\\\/123107152\\\/037215500-Produktbild.jpg\",\"contentUrl\":\"https:\\\/\\\/kaiser-kuehne.com\\\/wp-content\\\/uploads\\\/product-media\\\/2026-05-08_22-01-03\\\/123107152\\\/037215500-Produktbild.jpg\",\"width\":1920,\"height\":1080,\"caption\":\"Rondell\"},{\"@type\":\"BreadcrumbList\",\"@id\":\"https:\\\/\\\/kaiser-kuehne.com\\\/produkt\\\/037215500-rondell\\\/#breadcrumb\",\"itemListElement\":[{\"@type\":\"ListItem\",\"position\":1,\"name\":\"Startseite\",\"item\":\"https:\\\/\\\/kaiser-kuehne.com\\\/\"},{\"@type\":\"ListItem\",\"position\":2,\"name\":\"Produkte\",\"item\":\"https:\\\/\\\/kaiser-kuehne.com\\\/produkte\\\/\"},{\"@type\":\"ListItem\",\"position\":3,\"name\":\"Rondell\"}]},{\"@type\":\"WebSite\",\"@id\":\"https:\\\/\\\/kaiser-kuehne.com\\\/#website\",\"url\":\"https:\\\/\\\/kaiser-kuehne.com\\\/\",\"name\":\"Kaiser & K\u00fchne\",\"description\":\"Premium Playgrounds\",\"publisher\":{\"@id\":\"https:\\\/\\\/kaiser-kuehne.com\\\/#organization\"},\"alternateName\":\"Kaiser und K\u00fchne\",\"potentialAction\":[{\"@type\":\"SearchAction\",\"target\":{\"@type\":\"EntryPoint\",\"urlTemplate\":\"https:\\\/\\\/kaiser-kuehne.com\\\/?s={search_term_string}\"},\"query-input\":{\"@type\":\"PropertyValueSpecification\",\"valueRequired\":true,\"valueName\":\"search_term_string\"}}],\"inLanguage\":\"en-GB\"},{\"@type\":\"Organization\",\"@id\":\"https:\\\/\\\/kaiser-kuehne.com\\\/#organization\",\"name\":\"Kaiser & K\u00fchne\",\"url\":\"https:\\\/\\\/kaiser-kuehne.com\\\/\",\"logo\":{\"@type\":\"ImageObject\",\"inLanguage\":\"en-GB\",\"@id\":\"https:\\\/\\\/kaiser-kuehne.com\\\/#\\\/schema\\\/logo\\\/image\\\/\",\"url\":\"https:\\\/\\\/kaiser-kuehne.com\\\/wp-content\\\/uploads\\\/2025\\\/06\\\/kaiserkuehne-logo-color.svg\",\"contentUrl\":\"https:\\\/\\\/kaiser-kuehne.com\\\/wp-content\\\/uploads\\\/2025\\\/06\\\/kaiserkuehne-logo-color.svg\",\"width\":1,\"height\":1,\"caption\":\"Kaiser & K\u00fchne\"},\"image\":{\"@id\":\"https:\\\/\\\/kaiser-kuehne.com\\\/#\\\/schema\\\/logo\\\/image\\\/\"},\"sameAs\":[\"https:\\\/\\\/www.instagram.com\\\/kaiser_kuehne\\\/?hl=de\",\"https:\\\/\\\/de.linkedin.com\\\/company\\\/kaiser-kuehne\"]}]}<\/script>\n<!-- \/ Yoast SEO plugin. -->","yoast_head_json":{"title":"Rondell | Kaiser &amp; K\u00fchne","robots":{"index":"index","follow":"follow","max-snippet":"max-snippet:-1","max-image-preview":"max-image-preview:large","max-video-preview":"max-video-preview:-1"},"canonical":"https:\/\/kaiser-kuehne.com\/en\/product\/037215500-rondell\/","og_locale":"en_GB","og_type":"article","og_title":"Rondell | Kaiser &amp; K\u00fchne","og_description":"Technische Daten Gesamth\u00f6he: 1,50 m Grundfl\u00e4che: 1,50 x 1,75 m Mindestraum: \u00d8 4,75 m (18 m\u00b2) Standpfosten Standpfosten aus Edelstahlrohr \u00d8 120 mm mit nicht l\u00f6sbaren Pfostenkappen aus Edelstahl abgedeckt. Anschluss der modularen Anbauteile an die Standpfosten durch solide und voll verschwei\u00dfte Edelstahl-Einschwei\u00dfh\u00fclsen ohne hervorstehende Verbindungselemente. Anbauteile &#8211; Plattenbr\u00fcstung aus farbiger, h\u00f6chst witterungsbest\u00e4ndiger HPL-Schichtstoffplatte (gelb). [&hellip;]","og_url":"https:\/\/kaiser-kuehne.com\/en\/product\/037215500-rondell\/","og_site_name":"Kaiser &amp; K\u00fchne","article_modified_time":"2026-05-08T22:46:06+00:00","og_image":[{"width":1024,"height":511,"url":"https:\/\/kaiser-kuehne.com\/wp-content\/uploads\/2025\/09\/Bildschirmfoto-2025-09-05-um-13.34.55-1024x511.png","type":"image\/png"}],"twitter_card":"summary_large_image","twitter_misc":{"Estimated reading time":"1 minute"},"schema":{"@context":"https:\/\/schema.org","@graph":[{"@type":"WebPage","@id":"https:\/\/kaiser-kuehne.com\/produkt\/037215500-rondell\/","url":"https:\/\/kaiser-kuehne.com\/produkt\/037215500-rondell\/","name":"Rondell | Kaiser &amp; K\u00fchne","isPartOf":{"@id":"https:\/\/kaiser-kuehne.com\/#website"},"primaryImageOfPage":{"@id":"https:\/\/kaiser-kuehne.com\/produkt\/037215500-rondell\/#primaryimage"},"image":{"@id":"https:\/\/kaiser-kuehne.com\/produkt\/037215500-rondell\/#primaryimage"},"thumbnailUrl":"https:\/\/kaiser-kuehne.com\/wp-content\/uploads\/product-media\/2026-05-08_22-01-03\/123107152\/037215500-Produktbild.jpg","datePublished":"2026-05-08T22:45:55+00:00","dateModified":"2026-05-08T22:46:06+00:00","breadcrumb":{"@id":"https:\/\/kaiser-kuehne.com\/produkt\/037215500-rondell\/#breadcrumb"},"inLanguage":"en-GB","potentialAction":[{"@type":"ReadAction","target":["https:\/\/kaiser-kuehne.com\/produkt\/037215500-rondell\/"]}]},{"@type":"ImageObject","inLanguage":"en-GB","@id":"https:\/\/kaiser-kuehne.com\/produkt\/037215500-rondell\/#primaryimage","url":"https:\/\/kaiser-kuehne.com\/wp-content\/uploads\/product-media\/2026-05-08_22-01-03\/123107152\/037215500-Produktbild.jpg","contentUrl":"https:\/\/kaiser-kuehne.com\/wp-content\/uploads\/product-media\/2026-05-08_22-01-03\/123107152\/037215500-Produktbild.jpg","width":1920,"height":1080,"caption":"Rondell"},{"@type":"BreadcrumbList","@id":"https:\/\/kaiser-kuehne.com\/produkt\/037215500-rondell\/#breadcrumb","itemListElement":[{"@type":"ListItem","position":1,"name":"Startseite","item":"https:\/\/kaiser-kuehne.com\/"},{"@type":"ListItem","position":2,"name":"Produkte","item":"https:\/\/kaiser-kuehne.com\/produkte\/"},{"@type":"ListItem","position":3,"name":"Rondell"}]},{"@type":"WebSite","@id":"https:\/\/kaiser-kuehne.com\/#website","url":"https:\/\/kaiser-kuehne.com\/","name":"Kaiser &amp; K\u00fchne","description":"Premium Playgrounds","publisher":{"@id":"https:\/\/kaiser-kuehne.com\/#organization"},"alternateName":"Kaiser und K\u00fchne","potentialAction":[{"@type":"SearchAction","target":{"@type":"EntryPoint","urlTemplate":"https:\/\/kaiser-kuehne.com\/?s={search_term_string}"},"query-input":{"@type":"PropertyValueSpecification","valueRequired":true,"valueName":"search_term_string"}}],"inLanguage":"en-GB"},{"@type":"Organization","@id":"https:\/\/kaiser-kuehne.com\/#organization","name":"Kaiser &amp; K\u00fchne","url":"https:\/\/kaiser-kuehne.com\/","logo":{"@type":"ImageObject","inLanguage":"en-GB","@id":"https:\/\/kaiser-kuehne.com\/#\/schema\/logo\/image\/","url":"https:\/\/kaiser-kuehne.com\/wp-content\/uploads\/2025\/06\/kaiserkuehne-logo-color.svg","contentUrl":"https:\/\/kaiser-kuehne.com\/wp-content\/uploads\/2025\/06\/kaiserkuehne-logo-color.svg","width":1,"height":1,"caption":"Kaiser & K\u00fchne"},"image":{"@id":"https:\/\/kaiser-kuehne.com\/#\/schema\/logo\/image\/"},"sameAs":["https:\/\/www.instagram.com\/kaiser_kuehne\/?hl=de","https:\/\/de.linkedin.com\/company\/kaiser-kuehne"]}]}},"_links":{"self":[{"href":"https:\/\/kaiser-kuehne.com\/en\/wp-json\/wp\/v2\/product\/86167","targetHints":{"allow":["GET"]}}],"collection":[{"href":"https:\/\/kaiser-kuehne.com\/en\/wp-json\/wp\/v2\/product"}],"about":[{"href":"https:\/\/kaiser-kuehne.com\/en\/wp-json\/wp\/v2\/types\/product"}],"replies":[{"embeddable":true,"href":"https:\/\/kaiser-kuehne.com\/en\/wp-json\/wp\/v2\/comments?post=86167"}],"wp:featuredmedia":[{"embeddable":true,"href":"https:\/\/kaiser-kuehne.com\/en\/wp-json\/wp\/v2\/media\/243233"}],"wp:attachment":[{"href":"https:\/\/kaiser-kuehne.com\/en\/wp-json\/wp\/v2\/media?parent=86167"}],"wp:term":[{"taxonomy":"product_brand","embeddable":true,"href":"https:\/\/kaiser-kuehne.com\/en\/wp-json\/wp\/v2\/product_brand?post=86167"},{"taxonomy":"product_cat","embeddable":true,"href":"https:\/\/kaiser-kuehne.com\/en\/wp-json\/wp\/v2\/product_cat?post=86167"},{"taxonomy":"product_tag","embeddable":true,"href":"https:\/\/kaiser-kuehne.com\/en\/wp-json\/wp\/v2\/product_tag?post=86167"}],"curies":[{"name":"wp","href":"https:\/\/api.w.org\/{rel}","templated":true}]}}