{"id":85501,"date":"2026-05-02T00:39:28","date_gmt":"2026-05-01T22:39:28","guid":{"rendered":"https:\/\/final.kaiserundkuehne.de\/produkt\/053150500-recksprossenwand\/"},"modified":"2026-05-02T00:40:05","modified_gmt":"2026-05-01T22:40:05","slug":"053150500-wall-bars","status":"publish","type":"product","link":"https:\/\/kaiser-kuehne.com\/en\/produkt\/053150500-recksprossenwand\/","title":{"rendered":"Gymnastic wall bars"},"content":{"rendered":"<p>Technical data<br \/>\nLength: 4.95 m<br \/>\nMinimum space: 8.05 x 3.70 m (26 m\u00b2)<br \/>\nTotal height: 2.05 m<br \/>\nHigh bar height: 1.35\/1.65 m<br \/>\nWall bar height: 1.90 m<br \/>\nWeight: 25 kg heaviest individual part<br \/>\n              115 kg in total<\/p>\n<p>Support post<br \/>\nPosts made of stainless steel tube \u00d8 120 mm, wall thickness 3 mm, covered with non-detachable stainless steel post caps.<\/p>\n<p>Attachments<br \/>\nClimbing rungs made of stainless steel tube, \u00d8 38 mm, wall thickness 2.5 mm, torsion-resistant<\/p>\n<p>Metal components: Stainless steel.<br \/>\nThe modular add-on parts transfer their forces directly to the uprights via a special adapter fastening.<br \/>\nThe screw connections are secured against unauthorised loosening. <\/p>\n<p>Foundations (client-provided)<br \/>\n4 units 0.50 x 0.50 x 0.60 m<br \/>\nConcrete volume: 0.60 m\u00b3<\/p>\n<p>Assembly time<br \/>\n2 fitters 1 hour each<br \/>\n(without foundation)<\/p>\n<p>Free fall height<br \/>\n1,92 m<\/p>\n<p>Suitable for<br \/>\nChildren aged 5 and over,<br \/>\npublic playgrounds etc.,<br \/>\nsporting activities.<\/p>\n<p>Item number: 053150500<\/p>","protected":false},"excerpt":{"rendered":"<p>Technische Daten L\u00e4nge: 4,95 m Mindestraum: 8,05 x 3,70 m (26 m\u00b2) Gesamth\u00f6he: 2,05 m Reckstangenh\u00f6he: 1,35\/1,65 m Sprossenwandh\u00f6he: 1,90 m Gewicht: 25 kg schwerstes Einzelteil 115 kg insgesamt Standpfosten Standpfosten aus Edelstahlrohr \u00d8 120 mm, Wandst\u00e4rke 3 mm, mit nicht l\u00f6sbaren Pfostenkappen aus Edelstahl abgedeckt. Anbauteile Klettersprossen aus Edelstahlrohr, \u00d8 38 mm, Wandst\u00e4rke 2,5 [&hellip;]<\/p>\n","protected":false},"featured_media":223975,"comment_status":"closed","ping_status":"open","template":"","meta":{"_acf_changed":false,"_et_pb_use_builder":"","_et_pb_old_content":"","_et_gb_content_width":""},"product_brand":[],"product_cat":[114],"product_tag":[],"class_list":{"0":"post-85501","1":"product","2":"type-product","3":"status-publish","4":"has-post-thumbnail","6":"product_cat-klettern-hangeln","7":"pa_aktivitaeten-klettern","8":"pa_aktivitaeten-sportliche-aktivitaet","9":"pa_altersgruppe-72","10":"pa_einsatzgebiete-oeffentliche-spielplaetze","11":"pa_hebezeug-false","12":"pa_inklusionsattribute-einzelspiele","13":"pa_inklusionsattribute-hoehenerfahrung","14":"pa_inklusionsattribute-koordination","16":"first","17":"instock","18":"purchasable","19":"product-type-variable"},"acf":[],"yoast_head":"<!-- This site is optimized with the Yoast SEO plugin v27.4 - https:\/\/yoast.com\/product\/yoast-seo-wordpress\/ -->\n<title>Recksprossenwand | Kaiser &amp; K\u00fchne<\/title>\n<meta name=\"robots\" content=\"index, follow, max-snippet:-1, max-image-preview:large, max-video-preview:-1\" \/>\n<link rel=\"canonical\" href=\"https:\/\/kaiser-kuehne.com\/en\/product\/053150500-wall-bars\/\" \/>\n<meta property=\"og:locale\" content=\"en_GB\" \/>\n<meta property=\"og:type\" content=\"article\" \/>\n<meta property=\"og:title\" content=\"Recksprossenwand | Kaiser &amp; K\u00fchne\" \/>\n<meta property=\"og:description\" content=\"Technische Daten L\u00e4nge: 4,95 m Mindestraum: 8,05 x 3,70 m (26 m\u00b2) Gesamth\u00f6he: 2,05 m Reckstangenh\u00f6he: 1,35\/1,65 m Sprossenwandh\u00f6he: 1,90 m Gewicht: 25 kg schwerstes Einzelteil 115 kg insgesamt Standpfosten Standpfosten aus Edelstahlrohr \u00d8 120 mm, Wandst\u00e4rke 3 mm, mit nicht l\u00f6sbaren Pfostenkappen aus Edelstahl abgedeckt. Anbauteile Klettersprossen aus Edelstahlrohr, \u00d8 38 mm, Wandst\u00e4rke 2,5 [&hellip;]\" \/>\n<meta property=\"og:url\" content=\"https:\/\/kaiser-kuehne.com\/en\/product\/053150500-wall-bars\/\" \/>\n<meta property=\"og:site_name\" content=\"Kaiser &amp; K\u00fchne\" \/>\n<meta property=\"article:modified_time\" content=\"2026-05-01T22:40:05+00:00\" \/>\n<meta property=\"og:image\" content=\"https:\/\/kaiser-kuehne.com\/wp-content\/uploads\/2025\/09\/Bildschirmfoto-2025-09-05-um-13.34.55-1024x511.png\" \/>\n\t<meta property=\"og:image:width\" content=\"1024\" \/>\n\t<meta property=\"og:image:height\" content=\"511\" \/>\n\t<meta property=\"og:image:type\" content=\"image\/png\" \/>\n<meta name=\"twitter:card\" content=\"summary_large_image\" \/>\n<meta name=\"twitter:label1\" content=\"Estimated reading time\" \/>\n\t<meta name=\"twitter:data1\" content=\"1 minute\" \/>\n<script type=\"application\/ld+json\" class=\"yoast-schema-graph\">{\"@context\":\"https:\\\/\\\/schema.org\",\"@graph\":[{\"@type\":\"WebPage\",\"@id\":\"https:\\\/\\\/kaiser-kuehne.com\\\/produkt\\\/053150500-recksprossenwand\\\/\",\"url\":\"https:\\\/\\\/kaiser-kuehne.com\\\/produkt\\\/053150500-recksprossenwand\\\/\",\"name\":\"Recksprossenwand | Kaiser &amp; K\u00fchne\",\"isPartOf\":{\"@id\":\"https:\\\/\\\/kaiser-kuehne.com\\\/#website\"},\"primaryImageOfPage\":{\"@id\":\"https:\\\/\\\/kaiser-kuehne.com\\\/produkt\\\/053150500-recksprossenwand\\\/#primaryimage\"},\"image\":{\"@id\":\"https:\\\/\\\/kaiser-kuehne.com\\\/produkt\\\/053150500-recksprossenwand\\\/#primaryimage\"},\"thumbnailUrl\":\"https:\\\/\\\/kaiser-kuehne.com\\\/wp-content\\\/uploads\\\/product-media\\\/2026-05-01_22-00-05\\\/123096460\\\/053150500-Produktbild.jpg\",\"datePublished\":\"2026-05-01T22:39:28+00:00\",\"dateModified\":\"2026-05-01T22:40:05+00:00\",\"breadcrumb\":{\"@id\":\"https:\\\/\\\/kaiser-kuehne.com\\\/produkt\\\/053150500-recksprossenwand\\\/#breadcrumb\"},\"inLanguage\":\"en-GB\",\"potentialAction\":[{\"@type\":\"ReadAction\",\"target\":[\"https:\\\/\\\/kaiser-kuehne.com\\\/produkt\\\/053150500-recksprossenwand\\\/\"]}]},{\"@type\":\"ImageObject\",\"inLanguage\":\"en-GB\",\"@id\":\"https:\\\/\\\/kaiser-kuehne.com\\\/produkt\\\/053150500-recksprossenwand\\\/#primaryimage\",\"url\":\"https:\\\/\\\/kaiser-kuehne.com\\\/wp-content\\\/uploads\\\/product-media\\\/2026-05-01_22-00-05\\\/123096460\\\/053150500-Produktbild.jpg\",\"contentUrl\":\"https:\\\/\\\/kaiser-kuehne.com\\\/wp-content\\\/uploads\\\/product-media\\\/2026-05-01_22-00-05\\\/123096460\\\/053150500-Produktbild.jpg\",\"width\":1920,\"height\":1080,\"caption\":\"Recksprossenwand\"},{\"@type\":\"BreadcrumbList\",\"@id\":\"https:\\\/\\\/kaiser-kuehne.com\\\/produkt\\\/053150500-recksprossenwand\\\/#breadcrumb\",\"itemListElement\":[{\"@type\":\"ListItem\",\"position\":1,\"name\":\"Startseite\",\"item\":\"https:\\\/\\\/kaiser-kuehne.com\\\/\"},{\"@type\":\"ListItem\",\"position\":2,\"name\":\"Produkte\",\"item\":\"https:\\\/\\\/kaiser-kuehne.com\\\/produkte\\\/\"},{\"@type\":\"ListItem\",\"position\":3,\"name\":\"Recksprossenwand\"}]},{\"@type\":\"WebSite\",\"@id\":\"https:\\\/\\\/kaiser-kuehne.com\\\/#website\",\"url\":\"https:\\\/\\\/kaiser-kuehne.com\\\/\",\"name\":\"Kaiser & K\u00fchne\",\"description\":\"Premium Playgrounds\",\"publisher\":{\"@id\":\"https:\\\/\\\/kaiser-kuehne.com\\\/#organization\"},\"alternateName\":\"Kaiser und K\u00fchne\",\"potentialAction\":[{\"@type\":\"SearchAction\",\"target\":{\"@type\":\"EntryPoint\",\"urlTemplate\":\"https:\\\/\\\/kaiser-kuehne.com\\\/?s={search_term_string}\"},\"query-input\":{\"@type\":\"PropertyValueSpecification\",\"valueRequired\":true,\"valueName\":\"search_term_string\"}}],\"inLanguage\":\"en-GB\"},{\"@type\":\"Organization\",\"@id\":\"https:\\\/\\\/kaiser-kuehne.com\\\/#organization\",\"name\":\"Kaiser & K\u00fchne\",\"url\":\"https:\\\/\\\/kaiser-kuehne.com\\\/\",\"logo\":{\"@type\":\"ImageObject\",\"inLanguage\":\"en-GB\",\"@id\":\"https:\\\/\\\/kaiser-kuehne.com\\\/#\\\/schema\\\/logo\\\/image\\\/\",\"url\":\"https:\\\/\\\/kaiser-kuehne.com\\\/wp-content\\\/uploads\\\/2025\\\/06\\\/kaiserkuehne-logo-color.svg\",\"contentUrl\":\"https:\\\/\\\/kaiser-kuehne.com\\\/wp-content\\\/uploads\\\/2025\\\/06\\\/kaiserkuehne-logo-color.svg\",\"width\":1,\"height\":1,\"caption\":\"Kaiser & K\u00fchne\"},\"image\":{\"@id\":\"https:\\\/\\\/kaiser-kuehne.com\\\/#\\\/schema\\\/logo\\\/image\\\/\"},\"sameAs\":[\"https:\\\/\\\/www.instagram.com\\\/kaiser_kuehne\\\/?hl=de\",\"https:\\\/\\\/de.linkedin.com\\\/company\\\/kaiser-kuehne\"]}]}<\/script>\n<!-- \/ Yoast SEO plugin. -->","yoast_head_json":{"title":"Wall bars | Kaiser &amp; K\u00fchne","robots":{"index":"index","follow":"follow","max-snippet":"max-snippet:-1","max-image-preview":"max-image-preview:large","max-video-preview":"max-video-preview:-1"},"canonical":"https:\/\/kaiser-kuehne.com\/en\/product\/053150500-wall-bars\/","og_locale":"en_GB","og_type":"article","og_title":"Recksprossenwand | Kaiser &amp; K\u00fchne","og_description":"Technische Daten L\u00e4nge: 4,95 m Mindestraum: 8,05 x 3,70 m (26 m\u00b2) Gesamth\u00f6he: 2,05 m Reckstangenh\u00f6he: 1,35\/1,65 m Sprossenwandh\u00f6he: 1,90 m Gewicht: 25 kg schwerstes Einzelteil 115 kg insgesamt Standpfosten Standpfosten aus Edelstahlrohr \u00d8 120 mm, Wandst\u00e4rke 3 mm, mit nicht l\u00f6sbaren Pfostenkappen aus Edelstahl abgedeckt. Anbauteile Klettersprossen aus Edelstahlrohr, \u00d8 38 mm, Wandst\u00e4rke 2,5 [&hellip;]","og_url":"https:\/\/kaiser-kuehne.com\/en\/product\/053150500-wall-bars\/","og_site_name":"Kaiser &amp; K\u00fchne","article_modified_time":"2026-05-01T22:40:05+00:00","og_image":[{"width":1024,"height":511,"url":"https:\/\/kaiser-kuehne.com\/wp-content\/uploads\/2025\/09\/Bildschirmfoto-2025-09-05-um-13.34.55-1024x511.png","type":"image\/png"}],"twitter_card":"summary_large_image","twitter_misc":{"Estimated reading time":"1 minute"},"schema":{"@context":"https:\/\/schema.org","@graph":[{"@type":"WebPage","@id":"https:\/\/kaiser-kuehne.com\/produkt\/053150500-recksprossenwand\/","url":"https:\/\/kaiser-kuehne.com\/produkt\/053150500-recksprossenwand\/","name":"Wall bars | Kaiser &amp; K\u00fchne","isPartOf":{"@id":"https:\/\/kaiser-kuehne.com\/#website"},"primaryImageOfPage":{"@id":"https:\/\/kaiser-kuehne.com\/produkt\/053150500-recksprossenwand\/#primaryimage"},"image":{"@id":"https:\/\/kaiser-kuehne.com\/produkt\/053150500-recksprossenwand\/#primaryimage"},"thumbnailUrl":"https:\/\/kaiser-kuehne.com\/wp-content\/uploads\/product-media\/2026-05-01_22-00-05\/123096460\/053150500-Produktbild.jpg","datePublished":"2026-05-01T22:39:28+00:00","dateModified":"2026-05-01T22:40:05+00:00","breadcrumb":{"@id":"https:\/\/kaiser-kuehne.com\/produkt\/053150500-recksprossenwand\/#breadcrumb"},"inLanguage":"en-GB","potentialAction":[{"@type":"ReadAction","target":["https:\/\/kaiser-kuehne.com\/produkt\/053150500-recksprossenwand\/"]}]},{"@type":"ImageObject","inLanguage":"en-GB","@id":"https:\/\/kaiser-kuehne.com\/produkt\/053150500-recksprossenwand\/#primaryimage","url":"https:\/\/kaiser-kuehne.com\/wp-content\/uploads\/product-media\/2026-05-01_22-00-05\/123096460\/053150500-Produktbild.jpg","contentUrl":"https:\/\/kaiser-kuehne.com\/wp-content\/uploads\/product-media\/2026-05-01_22-00-05\/123096460\/053150500-Produktbild.jpg","width":1920,"height":1080,"caption":"Recksprossenwand"},{"@type":"BreadcrumbList","@id":"https:\/\/kaiser-kuehne.com\/produkt\/053150500-recksprossenwand\/#breadcrumb","itemListElement":[{"@type":"ListItem","position":1,"name":"Startseite","item":"https:\/\/kaiser-kuehne.com\/"},{"@type":"ListItem","position":2,"name":"Produkte","item":"https:\/\/kaiser-kuehne.com\/produkte\/"},{"@type":"ListItem","position":3,"name":"Recksprossenwand"}]},{"@type":"WebSite","@id":"https:\/\/kaiser-kuehne.com\/#website","url":"https:\/\/kaiser-kuehne.com\/","name":"Kaiser &amp; K\u00fchne","description":"Premium Playgrounds","publisher":{"@id":"https:\/\/kaiser-kuehne.com\/#organization"},"alternateName":"Kaiser und K\u00fchne","potentialAction":[{"@type":"SearchAction","target":{"@type":"EntryPoint","urlTemplate":"https:\/\/kaiser-kuehne.com\/?s={search_term_string}"},"query-input":{"@type":"PropertyValueSpecification","valueRequired":true,"valueName":"search_term_string"}}],"inLanguage":"en-GB"},{"@type":"Organization","@id":"https:\/\/kaiser-kuehne.com\/#organization","name":"Kaiser &amp; K\u00fchne","url":"https:\/\/kaiser-kuehne.com\/","logo":{"@type":"ImageObject","inLanguage":"en-GB","@id":"https:\/\/kaiser-kuehne.com\/#\/schema\/logo\/image\/","url":"https:\/\/kaiser-kuehne.com\/wp-content\/uploads\/2025\/06\/kaiserkuehne-logo-color.svg","contentUrl":"https:\/\/kaiser-kuehne.com\/wp-content\/uploads\/2025\/06\/kaiserkuehne-logo-color.svg","width":1,"height":1,"caption":"Kaiser & K\u00fchne"},"image":{"@id":"https:\/\/kaiser-kuehne.com\/#\/schema\/logo\/image\/"},"sameAs":["https:\/\/www.instagram.com\/kaiser_kuehne\/?hl=de","https:\/\/de.linkedin.com\/company\/kaiser-kuehne"]}]}},"_links":{"self":[{"href":"https:\/\/kaiser-kuehne.com\/en\/wp-json\/wp\/v2\/product\/85501","targetHints":{"allow":["GET"]}}],"collection":[{"href":"https:\/\/kaiser-kuehne.com\/en\/wp-json\/wp\/v2\/product"}],"about":[{"href":"https:\/\/kaiser-kuehne.com\/en\/wp-json\/wp\/v2\/types\/product"}],"replies":[{"embeddable":true,"href":"https:\/\/kaiser-kuehne.com\/en\/wp-json\/wp\/v2\/comments?post=85501"}],"wp:featuredmedia":[{"embeddable":true,"href":"https:\/\/kaiser-kuehne.com\/en\/wp-json\/wp\/v2\/media\/223975"}],"wp:attachment":[{"href":"https:\/\/kaiser-kuehne.com\/en\/wp-json\/wp\/v2\/media?parent=85501"}],"wp:term":[{"taxonomy":"product_brand","embeddable":true,"href":"https:\/\/kaiser-kuehne.com\/en\/wp-json\/wp\/v2\/product_brand?post=85501"},{"taxonomy":"product_cat","embeddable":true,"href":"https:\/\/kaiser-kuehne.com\/en\/wp-json\/wp\/v2\/product_cat?post=85501"},{"taxonomy":"product_tag","embeddable":true,"href":"https:\/\/kaiser-kuehne.com\/en\/wp-json\/wp\/v2\/product_tag?post=85501"}],"curies":[{"name":"wp","href":"https:\/\/api.w.org\/{rel}","templated":true}]}}