{"id":84538,"date":"2026-05-02T00:33:04","date_gmt":"2026-05-01T22:33:04","guid":{"rendered":"https:\/\/final.kaiserundkuehne.de\/produkt\/060110000-spieltisch-rund\/"},"modified":"2026-05-02T00:34:15","modified_gmt":"2026-05-01T22:34:15","slug":"060110000-round-play-table","status":"publish","type":"product","link":"https:\/\/kaiser-kuehne.com\/en\/produkt\/060110000-spieltisch-rund\/","title":{"rendered":"(Round) play table"},"content":{"rendered":"<p>Technical data<br \/>\nBase area: 1.10 x 1.00 m<br \/>\nTable height: 0.50 m<br \/>\nSeat height: 0.32 m<br \/>\nWeight: 35 kg in total<\/p>\n<p>- Stainless steel substructure with stable base plates for dowelling or fixing with ground anchors (on site). Matching foundation anchors (item 1140052) can be supplied at an extra charge.<br \/>\n- Seat and table: made of highly weather-resistant HPL laminate, 20 mm.<\/p>\n<p>Assembly time<br \/>\nis delivered pre-assembled in one piece.<\/p>\n<p>Suitable for<br \/>\nAll age groups,<br \/>\nsupervised playgrounds,<br \/>\nmanual and social activities.<\/p>\n<p>Item number: 060110000<\/p>","protected":false},"excerpt":{"rendered":"<p>Technische Daten Grundfl\u00e4che: 1,10 x 1,00 m Tischh\u00f6he: 0,50 m Sitzh\u00f6he: 0,32 m Gewicht: 35 kg insgesamt &#8211; Unterkonstruktion aus Edelstahl mit standsicheren Fu\u00dfplatten zum Aufd\u00fcbeln oder zur Befestigung mit Bodenankern (bauseits). Passende Fundamentanker (Art. 1140052) k\u00f6nnen gegen Mehrpreis mitgeliefert werden. &#8211; Sitz und Tisch: aus h\u00f6chst witterungsbest\u00e4ndiger HPL-Schichtstoffplatte, 20 mm. Montagerichtzeit wird in einem [&hellip;]<\/p>\n","protected":false},"featured_media":223274,"comment_status":"closed","ping_status":"open","template":"","meta":{"_acf_changed":false,"_et_pb_use_builder":"","_et_pb_old_content":"","_et_gb_content_width":""},"product_brand":[],"product_cat":[107],"product_tag":[],"class_list":{"0":"post-84538","1":"product","2":"type-product","3":"status-publish","4":"has-post-thumbnail","6":"product_cat-themen-und-sinnesspiele","7":"pa_aktivitaeten-manuelle-aktivitaet","8":"pa_aktivitaeten-soziale-aktivitaet","9":"pa_altersgruppe-101","10":"pa_einsatzgebiete-oeffentliche-spielplaetze","11":"pa_hebezeug-false","12":"pa_inklusionsattribute-einzelspiele","13":"pa_inklusionsattribute-gruppenspiele","14":"pa_inklusionsattribute-kommunikation","15":"pa_inklusionsattribute-paralleles-spielen","17":"first","18":"instock","19":"purchasable","20":"product-type-variable"},"acf":[],"yoast_head":"<!-- This site is optimized with the Yoast SEO plugin v27.4 - https:\/\/yoast.com\/product\/yoast-seo-wordpress\/ -->\n<title>Spieltisch (rund) | Kaiser &amp; K\u00fchne<\/title>\n<meta name=\"robots\" content=\"index, follow, max-snippet:-1, max-image-preview:large, max-video-preview:-1\" \/>\n<link rel=\"canonical\" href=\"https:\/\/kaiser-kuehne.com\/en\/product\/060110000-round-play-table\/\" \/>\n<meta property=\"og:locale\" content=\"en_GB\" \/>\n<meta property=\"og:type\" content=\"article\" \/>\n<meta property=\"og:title\" content=\"Spieltisch (rund) | Kaiser &amp; K\u00fchne\" \/>\n<meta property=\"og:description\" content=\"Technische Daten Grundfl\u00e4che: 1,10 x 1,00 m Tischh\u00f6he: 0,50 m Sitzh\u00f6he: 0,32 m Gewicht: 35 kg insgesamt &#8211; Unterkonstruktion aus Edelstahl mit standsicheren Fu\u00dfplatten zum Aufd\u00fcbeln oder zur Befestigung mit Bodenankern (bauseits). Passende Fundamentanker (Art. 1140052) k\u00f6nnen gegen Mehrpreis mitgeliefert werden. &#8211; Sitz und Tisch: aus h\u00f6chst witterungsbest\u00e4ndiger HPL-Schichtstoffplatte, 20 mm. Montagerichtzeit wird in einem [&hellip;]\" \/>\n<meta property=\"og:url\" content=\"https:\/\/kaiser-kuehne.com\/en\/product\/060110000-round-play-table\/\" \/>\n<meta property=\"og:site_name\" content=\"Kaiser &amp; K\u00fchne\" \/>\n<meta property=\"article:modified_time\" content=\"2026-05-01T22:34:15+00:00\" \/>\n<meta property=\"og:image\" content=\"https:\/\/kaiser-kuehne.com\/wp-content\/uploads\/2025\/09\/Bildschirmfoto-2025-09-05-um-13.34.55-1024x511.png\" \/>\n\t<meta property=\"og:image:width\" content=\"1024\" \/>\n\t<meta property=\"og:image:height\" content=\"511\" \/>\n\t<meta property=\"og:image:type\" content=\"image\/png\" \/>\n<meta name=\"twitter:card\" content=\"summary_large_image\" \/>\n<script type=\"application\/ld+json\" class=\"yoast-schema-graph\">{\"@context\":\"https:\\\/\\\/schema.org\",\"@graph\":[{\"@type\":\"WebPage\",\"@id\":\"https:\\\/\\\/kaiser-kuehne.com\\\/produkt\\\/060110000-spieltisch-rund\\\/\",\"url\":\"https:\\\/\\\/kaiser-kuehne.com\\\/produkt\\\/060110000-spieltisch-rund\\\/\",\"name\":\"Spieltisch (rund) | Kaiser &amp; K\u00fchne\",\"isPartOf\":{\"@id\":\"https:\\\/\\\/kaiser-kuehne.com\\\/#website\"},\"primaryImageOfPage\":{\"@id\":\"https:\\\/\\\/kaiser-kuehne.com\\\/produkt\\\/060110000-spieltisch-rund\\\/#primaryimage\"},\"image\":{\"@id\":\"https:\\\/\\\/kaiser-kuehne.com\\\/produkt\\\/060110000-spieltisch-rund\\\/#primaryimage\"},\"thumbnailUrl\":\"https:\\\/\\\/kaiser-kuehne.com\\\/wp-content\\\/uploads\\\/product-media\\\/2026-05-01_22-00-05\\\/123074388\\\/060110000-Produktbild.jpg\",\"datePublished\":\"2026-05-01T22:33:04+00:00\",\"dateModified\":\"2026-05-01T22:34:15+00:00\",\"breadcrumb\":{\"@id\":\"https:\\\/\\\/kaiser-kuehne.com\\\/produkt\\\/060110000-spieltisch-rund\\\/#breadcrumb\"},\"inLanguage\":\"en-GB\",\"potentialAction\":[{\"@type\":\"ReadAction\",\"target\":[\"https:\\\/\\\/kaiser-kuehne.com\\\/produkt\\\/060110000-spieltisch-rund\\\/\"]}]},{\"@type\":\"ImageObject\",\"inLanguage\":\"en-GB\",\"@id\":\"https:\\\/\\\/kaiser-kuehne.com\\\/produkt\\\/060110000-spieltisch-rund\\\/#primaryimage\",\"url\":\"https:\\\/\\\/kaiser-kuehne.com\\\/wp-content\\\/uploads\\\/product-media\\\/2026-05-01_22-00-05\\\/123074388\\\/060110000-Produktbild.jpg\",\"contentUrl\":\"https:\\\/\\\/kaiser-kuehne.com\\\/wp-content\\\/uploads\\\/product-media\\\/2026-05-01_22-00-05\\\/123074388\\\/060110000-Produktbild.jpg\",\"width\":1920,\"height\":1080,\"caption\":\"Spieltisch (rund)\"},{\"@type\":\"BreadcrumbList\",\"@id\":\"https:\\\/\\\/kaiser-kuehne.com\\\/produkt\\\/060110000-spieltisch-rund\\\/#breadcrumb\",\"itemListElement\":[{\"@type\":\"ListItem\",\"position\":1,\"name\":\"Startseite\",\"item\":\"https:\\\/\\\/kaiser-kuehne.com\\\/\"},{\"@type\":\"ListItem\",\"position\":2,\"name\":\"Produkte\",\"item\":\"https:\\\/\\\/kaiser-kuehne.com\\\/produkte\\\/\"},{\"@type\":\"ListItem\",\"position\":3,\"name\":\"Spieltisch (rund)\"}]},{\"@type\":\"WebSite\",\"@id\":\"https:\\\/\\\/kaiser-kuehne.com\\\/#website\",\"url\":\"https:\\\/\\\/kaiser-kuehne.com\\\/\",\"name\":\"Kaiser & K\u00fchne\",\"description\":\"Premium Playgrounds\",\"publisher\":{\"@id\":\"https:\\\/\\\/kaiser-kuehne.com\\\/#organization\"},\"alternateName\":\"Kaiser und K\u00fchne\",\"potentialAction\":[{\"@type\":\"SearchAction\",\"target\":{\"@type\":\"EntryPoint\",\"urlTemplate\":\"https:\\\/\\\/kaiser-kuehne.com\\\/?s={search_term_string}\"},\"query-input\":{\"@type\":\"PropertyValueSpecification\",\"valueRequired\":true,\"valueName\":\"search_term_string\"}}],\"inLanguage\":\"en-GB\"},{\"@type\":\"Organization\",\"@id\":\"https:\\\/\\\/kaiser-kuehne.com\\\/#organization\",\"name\":\"Kaiser & K\u00fchne\",\"url\":\"https:\\\/\\\/kaiser-kuehne.com\\\/\",\"logo\":{\"@type\":\"ImageObject\",\"inLanguage\":\"en-GB\",\"@id\":\"https:\\\/\\\/kaiser-kuehne.com\\\/#\\\/schema\\\/logo\\\/image\\\/\",\"url\":\"https:\\\/\\\/kaiser-kuehne.com\\\/wp-content\\\/uploads\\\/2025\\\/06\\\/kaiserkuehne-logo-color.svg\",\"contentUrl\":\"https:\\\/\\\/kaiser-kuehne.com\\\/wp-content\\\/uploads\\\/2025\\\/06\\\/kaiserkuehne-logo-color.svg\",\"width\":1,\"height\":1,\"caption\":\"Kaiser & K\u00fchne\"},\"image\":{\"@id\":\"https:\\\/\\\/kaiser-kuehne.com\\\/#\\\/schema\\\/logo\\\/image\\\/\"},\"sameAs\":[\"https:\\\/\\\/www.instagram.com\\\/kaiser_kuehne\\\/?hl=de\",\"https:\\\/\\\/de.linkedin.com\\\/company\\\/kaiser-kuehne\"]}]}<\/script>\n<!-- \/ Yoast SEO plugin. -->","yoast_head_json":{"title":"Game table (round) | Kaiser &amp; K\u00fchne","robots":{"index":"index","follow":"follow","max-snippet":"max-snippet:-1","max-image-preview":"max-image-preview:large","max-video-preview":"max-video-preview:-1"},"canonical":"https:\/\/kaiser-kuehne.com\/en\/product\/060110000-round-play-table\/","og_locale":"en_GB","og_type":"article","og_title":"Spieltisch (rund) | Kaiser &amp; K\u00fchne","og_description":"Technische Daten Grundfl\u00e4che: 1,10 x 1,00 m Tischh\u00f6he: 0,50 m Sitzh\u00f6he: 0,32 m Gewicht: 35 kg insgesamt &#8211; Unterkonstruktion aus Edelstahl mit standsicheren Fu\u00dfplatten zum Aufd\u00fcbeln oder zur Befestigung mit Bodenankern (bauseits). Passende Fundamentanker (Art. 1140052) k\u00f6nnen gegen Mehrpreis mitgeliefert werden. &#8211; Sitz und Tisch: aus h\u00f6chst witterungsbest\u00e4ndiger HPL-Schichtstoffplatte, 20 mm. Montagerichtzeit wird in einem [&hellip;]","og_url":"https:\/\/kaiser-kuehne.com\/en\/product\/060110000-round-play-table\/","og_site_name":"Kaiser &amp; K\u00fchne","article_modified_time":"2026-05-01T22:34:15+00:00","og_image":[{"width":1024,"height":511,"url":"https:\/\/kaiser-kuehne.com\/wp-content\/uploads\/2025\/09\/Bildschirmfoto-2025-09-05-um-13.34.55-1024x511.png","type":"image\/png"}],"twitter_card":"summary_large_image","schema":{"@context":"https:\/\/schema.org","@graph":[{"@type":"WebPage","@id":"https:\/\/kaiser-kuehne.com\/produkt\/060110000-spieltisch-rund\/","url":"https:\/\/kaiser-kuehne.com\/produkt\/060110000-spieltisch-rund\/","name":"Game table (round) | Kaiser &amp; K\u00fchne","isPartOf":{"@id":"https:\/\/kaiser-kuehne.com\/#website"},"primaryImageOfPage":{"@id":"https:\/\/kaiser-kuehne.com\/produkt\/060110000-spieltisch-rund\/#primaryimage"},"image":{"@id":"https:\/\/kaiser-kuehne.com\/produkt\/060110000-spieltisch-rund\/#primaryimage"},"thumbnailUrl":"https:\/\/kaiser-kuehne.com\/wp-content\/uploads\/product-media\/2026-05-01_22-00-05\/123074388\/060110000-Produktbild.jpg","datePublished":"2026-05-01T22:33:04+00:00","dateModified":"2026-05-01T22:34:15+00:00","breadcrumb":{"@id":"https:\/\/kaiser-kuehne.com\/produkt\/060110000-spieltisch-rund\/#breadcrumb"},"inLanguage":"en-GB","potentialAction":[{"@type":"ReadAction","target":["https:\/\/kaiser-kuehne.com\/produkt\/060110000-spieltisch-rund\/"]}]},{"@type":"ImageObject","inLanguage":"en-GB","@id":"https:\/\/kaiser-kuehne.com\/produkt\/060110000-spieltisch-rund\/#primaryimage","url":"https:\/\/kaiser-kuehne.com\/wp-content\/uploads\/product-media\/2026-05-01_22-00-05\/123074388\/060110000-Produktbild.jpg","contentUrl":"https:\/\/kaiser-kuehne.com\/wp-content\/uploads\/product-media\/2026-05-01_22-00-05\/123074388\/060110000-Produktbild.jpg","width":1920,"height":1080,"caption":"Spieltisch (rund)"},{"@type":"BreadcrumbList","@id":"https:\/\/kaiser-kuehne.com\/produkt\/060110000-spieltisch-rund\/#breadcrumb","itemListElement":[{"@type":"ListItem","position":1,"name":"Startseite","item":"https:\/\/kaiser-kuehne.com\/"},{"@type":"ListItem","position":2,"name":"Produkte","item":"https:\/\/kaiser-kuehne.com\/produkte\/"},{"@type":"ListItem","position":3,"name":"Spieltisch (rund)"}]},{"@type":"WebSite","@id":"https:\/\/kaiser-kuehne.com\/#website","url":"https:\/\/kaiser-kuehne.com\/","name":"Kaiser &amp; K\u00fchne","description":"Premium Playgrounds","publisher":{"@id":"https:\/\/kaiser-kuehne.com\/#organization"},"alternateName":"Kaiser und K\u00fchne","potentialAction":[{"@type":"SearchAction","target":{"@type":"EntryPoint","urlTemplate":"https:\/\/kaiser-kuehne.com\/?s={search_term_string}"},"query-input":{"@type":"PropertyValueSpecification","valueRequired":true,"valueName":"search_term_string"}}],"inLanguage":"en-GB"},{"@type":"Organization","@id":"https:\/\/kaiser-kuehne.com\/#organization","name":"Kaiser &amp; K\u00fchne","url":"https:\/\/kaiser-kuehne.com\/","logo":{"@type":"ImageObject","inLanguage":"en-GB","@id":"https:\/\/kaiser-kuehne.com\/#\/schema\/logo\/image\/","url":"https:\/\/kaiser-kuehne.com\/wp-content\/uploads\/2025\/06\/kaiserkuehne-logo-color.svg","contentUrl":"https:\/\/kaiser-kuehne.com\/wp-content\/uploads\/2025\/06\/kaiserkuehne-logo-color.svg","width":1,"height":1,"caption":"Kaiser & K\u00fchne"},"image":{"@id":"https:\/\/kaiser-kuehne.com\/#\/schema\/logo\/image\/"},"sameAs":["https:\/\/www.instagram.com\/kaiser_kuehne\/?hl=de","https:\/\/de.linkedin.com\/company\/kaiser-kuehne"]}]}},"_links":{"self":[{"href":"https:\/\/kaiser-kuehne.com\/en\/wp-json\/wp\/v2\/product\/84538","targetHints":{"allow":["GET"]}}],"collection":[{"href":"https:\/\/kaiser-kuehne.com\/en\/wp-json\/wp\/v2\/product"}],"about":[{"href":"https:\/\/kaiser-kuehne.com\/en\/wp-json\/wp\/v2\/types\/product"}],"replies":[{"embeddable":true,"href":"https:\/\/kaiser-kuehne.com\/en\/wp-json\/wp\/v2\/comments?post=84538"}],"wp:featuredmedia":[{"embeddable":true,"href":"https:\/\/kaiser-kuehne.com\/en\/wp-json\/wp\/v2\/media\/223274"}],"wp:attachment":[{"href":"https:\/\/kaiser-kuehne.com\/en\/wp-json\/wp\/v2\/media?parent=84538"}],"wp:term":[{"taxonomy":"product_brand","embeddable":true,"href":"https:\/\/kaiser-kuehne.com\/en\/wp-json\/wp\/v2\/product_brand?post=84538"},{"taxonomy":"product_cat","embeddable":true,"href":"https:\/\/kaiser-kuehne.com\/en\/wp-json\/wp\/v2\/product_cat?post=84538"},{"taxonomy":"product_tag","embeddable":true,"href":"https:\/\/kaiser-kuehne.com\/en\/wp-json\/wp\/v2\/product_tag?post=84538"}],"curies":[{"name":"wp","href":"https:\/\/api.w.org\/{rel}","templated":true}]}}