{"id":83618,"date":"2026-05-02T00:27:03","date_gmt":"2026-05-01T22:27:03","guid":{"rendered":"https:\/\/final.kaiserundkuehne.de\/produkt\/030198000-sandkasten\/"},"modified":"2026-05-02T00:28:06","modified_gmt":"2026-05-01T22:28:06","slug":"030198000-sandbox","status":"publish","type":"product","link":"https:\/\/kaiser-kuehne.com\/en\/produkt\/030198000-sandkasten\/","title":{"rendered":"Sandbox"},"content":{"rendered":"<p>Technical data<br \/>\nFloor area: 4.95 x 4.95 m<br \/>\nMinimum space: 7.95 x 7.95 m (53 m\u00b2)<br \/>\nHeight: 0.32 m<br \/>\nWeight: 345 kg in total<\/p>\n<p>Sand edging made of robinia 45 x 100 mm, planed, bevelled and free of rotting knots. Play and seat plate made of highly weather-resistant coloured HPL laminate, 20 mm<\/p>\n<p>Foundations (client-provided)<br \/>\n12 pcs. 0.30 x 0.30 x 0.25 m<br \/>\nConcrete volume: 0.27 m\u00b3<\/p>\n<p>Assembly time<br \/>\n2 fitters 2 hours each<br \/>\n(without foundation)<\/p>\n<p>Free fall height<br \/>\n0,32 m<\/p>\n<p>Suitable for<br \/>\nAll age groups,<br \/>\nPlaygrounds for small children,<br \/>\nManual activities<\/p>\n<p>Item number: 030198000<\/p>","protected":false},"excerpt":{"rendered":"<p>Technische Daten Grundfl\u00e4che: 4,95 x 4,95 m Mindestraum: 7,95 x 7,95 m (53 m\u00b2) H\u00f6he: 0,32 m Gewicht: 345 kg insgesamt Sandeinfassung aus Robinie 45 x 100 mm, gehobelt, gefast und frei von Faul\u00e4sten. Spiel- und Sitzplatte aus h\u00f6chst witterungsbest\u00e4ndiger farbiger HPL-Schichtstoffplatte, 20 mm Fundamente (bauseits) 12 Stck. 0,30 x 0,30 x 0,25 m Betonmenge: [&hellip;]<\/p>\n","protected":false},"featured_media":222636,"comment_status":"closed","ping_status":"open","template":"","meta":{"_acf_changed":false,"_et_pb_use_builder":"","_et_pb_old_content":"","_et_gb_content_width":""},"product_brand":[],"product_cat":[84],"product_tag":[],"class_list":{"0":"post-83618","1":"product","2":"type-product","3":"status-publish","4":"has-post-thumbnail","6":"product_cat-sand-wasser","7":"pa_aktivitaeten-manuelle-aktivitaet","8":"pa_altersgruppe-101","9":"pa_einsatzgebiete-oeffentliche-spielplaetze","10":"pa_hebezeug-false","11":"pa_inklusionsattribute-begegnungsmoeglichkeit","12":"pa_inklusionsattribute-dramaspiel","13":"pa_inklusionsattribute-einzelspiele","14":"pa_inklusionsattribute-feinmotorik","15":"pa_inklusionsattribute-fuehlen","16":"pa_inklusionsattribute-gruppenspiele","17":"pa_inklusionsattribute-paralleles-spielen","18":"pa_inklusionsattribute-selbstwahrnehmung","19":"pa_inklusionsattribute-tasten","21":"first","22":"instock","23":"purchasable","24":"product-type-variable"},"acf":[],"yoast_head":"<!-- This site is optimized with the Yoast SEO plugin v27.4 - https:\/\/yoast.com\/product\/yoast-seo-wordpress\/ -->\n<title>Sandkasten | Kaiser &amp; K\u00fchne<\/title>\n<meta name=\"robots\" content=\"index, follow, max-snippet:-1, max-image-preview:large, max-video-preview:-1\" \/>\n<link rel=\"canonical\" href=\"https:\/\/kaiser-kuehne.com\/en\/product\/030198000-sandbox\/\" \/>\n<meta property=\"og:locale\" content=\"en_GB\" \/>\n<meta property=\"og:type\" content=\"article\" \/>\n<meta property=\"og:title\" content=\"Sandkasten | Kaiser &amp; K\u00fchne\" \/>\n<meta property=\"og:description\" content=\"Technische Daten Grundfl\u00e4che: 4,95 x 4,95 m Mindestraum: 7,95 x 7,95 m (53 m\u00b2) H\u00f6he: 0,32 m Gewicht: 345 kg insgesamt Sandeinfassung aus Robinie 45 x 100 mm, gehobelt, gefast und frei von Faul\u00e4sten. Spiel- und Sitzplatte aus h\u00f6chst witterungsbest\u00e4ndiger farbiger HPL-Schichtstoffplatte, 20 mm Fundamente (bauseits) 12 Stck. 0,30 x 0,30 x 0,25 m Betonmenge: [&hellip;]\" \/>\n<meta property=\"og:url\" content=\"https:\/\/kaiser-kuehne.com\/en\/product\/030198000-sandbox\/\" \/>\n<meta property=\"og:site_name\" content=\"Kaiser &amp; K\u00fchne\" \/>\n<meta property=\"article:modified_time\" content=\"2026-05-01T22:28:06+00:00\" \/>\n<meta property=\"og:image\" content=\"https:\/\/kaiser-kuehne.com\/wp-content\/uploads\/2025\/09\/Bildschirmfoto-2025-09-05-um-13.34.55-1024x511.png\" \/>\n\t<meta property=\"og:image:width\" content=\"1024\" \/>\n\t<meta property=\"og:image:height\" content=\"511\" \/>\n\t<meta property=\"og:image:type\" content=\"image\/png\" \/>\n<meta name=\"twitter:card\" content=\"summary_large_image\" \/>\n<script type=\"application\/ld+json\" class=\"yoast-schema-graph\">{\"@context\":\"https:\\\/\\\/schema.org\",\"@graph\":[{\"@type\":\"WebPage\",\"@id\":\"https:\\\/\\\/kaiser-kuehne.com\\\/produkt\\\/030198000-sandkasten\\\/\",\"url\":\"https:\\\/\\\/kaiser-kuehne.com\\\/produkt\\\/030198000-sandkasten\\\/\",\"name\":\"Sandkasten | Kaiser &amp; K\u00fchne\",\"isPartOf\":{\"@id\":\"https:\\\/\\\/kaiser-kuehne.com\\\/#website\"},\"primaryImageOfPage\":{\"@id\":\"https:\\\/\\\/kaiser-kuehne.com\\\/produkt\\\/030198000-sandkasten\\\/#primaryimage\"},\"image\":{\"@id\":\"https:\\\/\\\/kaiser-kuehne.com\\\/produkt\\\/030198000-sandkasten\\\/#primaryimage\"},\"thumbnailUrl\":\"https:\\\/\\\/kaiser-kuehne.com\\\/wp-content\\\/uploads\\\/product-media\\\/2026-05-01_22-00-05\\\/123119547\\\/030198000-Produktbild.jpg\",\"datePublished\":\"2026-05-01T22:27:03+00:00\",\"dateModified\":\"2026-05-01T22:28:06+00:00\",\"breadcrumb\":{\"@id\":\"https:\\\/\\\/kaiser-kuehne.com\\\/produkt\\\/030198000-sandkasten\\\/#breadcrumb\"},\"inLanguage\":\"en-GB\",\"potentialAction\":[{\"@type\":\"ReadAction\",\"target\":[\"https:\\\/\\\/kaiser-kuehne.com\\\/produkt\\\/030198000-sandkasten\\\/\"]}]},{\"@type\":\"ImageObject\",\"inLanguage\":\"en-GB\",\"@id\":\"https:\\\/\\\/kaiser-kuehne.com\\\/produkt\\\/030198000-sandkasten\\\/#primaryimage\",\"url\":\"https:\\\/\\\/kaiser-kuehne.com\\\/wp-content\\\/uploads\\\/product-media\\\/2026-05-01_22-00-05\\\/123119547\\\/030198000-Produktbild.jpg\",\"contentUrl\":\"https:\\\/\\\/kaiser-kuehne.com\\\/wp-content\\\/uploads\\\/product-media\\\/2026-05-01_22-00-05\\\/123119547\\\/030198000-Produktbild.jpg\",\"width\":1920,\"height\":1080,\"caption\":\"Sandkasten\"},{\"@type\":\"BreadcrumbList\",\"@id\":\"https:\\\/\\\/kaiser-kuehne.com\\\/produkt\\\/030198000-sandkasten\\\/#breadcrumb\",\"itemListElement\":[{\"@type\":\"ListItem\",\"position\":1,\"name\":\"Startseite\",\"item\":\"https:\\\/\\\/kaiser-kuehne.com\\\/\"},{\"@type\":\"ListItem\",\"position\":2,\"name\":\"Produkte\",\"item\":\"https:\\\/\\\/kaiser-kuehne.com\\\/produkte\\\/\"},{\"@type\":\"ListItem\",\"position\":3,\"name\":\"Sandkasten\"}]},{\"@type\":\"WebSite\",\"@id\":\"https:\\\/\\\/kaiser-kuehne.com\\\/#website\",\"url\":\"https:\\\/\\\/kaiser-kuehne.com\\\/\",\"name\":\"Kaiser & K\u00fchne\",\"description\":\"Premium Playgrounds\",\"publisher\":{\"@id\":\"https:\\\/\\\/kaiser-kuehne.com\\\/#organization\"},\"alternateName\":\"Kaiser und K\u00fchne\",\"potentialAction\":[{\"@type\":\"SearchAction\",\"target\":{\"@type\":\"EntryPoint\",\"urlTemplate\":\"https:\\\/\\\/kaiser-kuehne.com\\\/?s={search_term_string}\"},\"query-input\":{\"@type\":\"PropertyValueSpecification\",\"valueRequired\":true,\"valueName\":\"search_term_string\"}}],\"inLanguage\":\"en-GB\"},{\"@type\":\"Organization\",\"@id\":\"https:\\\/\\\/kaiser-kuehne.com\\\/#organization\",\"name\":\"Kaiser & K\u00fchne\",\"url\":\"https:\\\/\\\/kaiser-kuehne.com\\\/\",\"logo\":{\"@type\":\"ImageObject\",\"inLanguage\":\"en-GB\",\"@id\":\"https:\\\/\\\/kaiser-kuehne.com\\\/#\\\/schema\\\/logo\\\/image\\\/\",\"url\":\"https:\\\/\\\/kaiser-kuehne.com\\\/wp-content\\\/uploads\\\/2025\\\/06\\\/kaiserkuehne-logo-color.svg\",\"contentUrl\":\"https:\\\/\\\/kaiser-kuehne.com\\\/wp-content\\\/uploads\\\/2025\\\/06\\\/kaiserkuehne-logo-color.svg\",\"width\":1,\"height\":1,\"caption\":\"Kaiser & K\u00fchne\"},\"image\":{\"@id\":\"https:\\\/\\\/kaiser-kuehne.com\\\/#\\\/schema\\\/logo\\\/image\\\/\"},\"sameAs\":[\"https:\\\/\\\/www.instagram.com\\\/kaiser_kuehne\\\/?hl=de\",\"https:\\\/\\\/de.linkedin.com\\\/company\\\/kaiser-kuehne\"]}]}<\/script>\n<!-- \/ Yoast SEO plugin. -->","yoast_head_json":{"title":"Sandbox | Kaiser &amp; K\u00fchne","robots":{"index":"index","follow":"follow","max-snippet":"max-snippet:-1","max-image-preview":"max-image-preview:large","max-video-preview":"max-video-preview:-1"},"canonical":"https:\/\/kaiser-kuehne.com\/en\/product\/030198000-sandbox\/","og_locale":"en_GB","og_type":"article","og_title":"Sandkasten | Kaiser &amp; K\u00fchne","og_description":"Technische Daten Grundfl\u00e4che: 4,95 x 4,95 m Mindestraum: 7,95 x 7,95 m (53 m\u00b2) H\u00f6he: 0,32 m Gewicht: 345 kg insgesamt Sandeinfassung aus Robinie 45 x 100 mm, gehobelt, gefast und frei von Faul\u00e4sten. Spiel- und Sitzplatte aus h\u00f6chst witterungsbest\u00e4ndiger farbiger HPL-Schichtstoffplatte, 20 mm Fundamente (bauseits) 12 Stck. 0,30 x 0,30 x 0,25 m Betonmenge: [&hellip;]","og_url":"https:\/\/kaiser-kuehne.com\/en\/product\/030198000-sandbox\/","og_site_name":"Kaiser &amp; K\u00fchne","article_modified_time":"2026-05-01T22:28:06+00:00","og_image":[{"width":1024,"height":511,"url":"https:\/\/kaiser-kuehne.com\/wp-content\/uploads\/2025\/09\/Bildschirmfoto-2025-09-05-um-13.34.55-1024x511.png","type":"image\/png"}],"twitter_card":"summary_large_image","schema":{"@context":"https:\/\/schema.org","@graph":[{"@type":"WebPage","@id":"https:\/\/kaiser-kuehne.com\/produkt\/030198000-sandkasten\/","url":"https:\/\/kaiser-kuehne.com\/produkt\/030198000-sandkasten\/","name":"Sandbox | Kaiser &amp; K\u00fchne","isPartOf":{"@id":"https:\/\/kaiser-kuehne.com\/#website"},"primaryImageOfPage":{"@id":"https:\/\/kaiser-kuehne.com\/produkt\/030198000-sandkasten\/#primaryimage"},"image":{"@id":"https:\/\/kaiser-kuehne.com\/produkt\/030198000-sandkasten\/#primaryimage"},"thumbnailUrl":"https:\/\/kaiser-kuehne.com\/wp-content\/uploads\/product-media\/2026-05-01_22-00-05\/123119547\/030198000-Produktbild.jpg","datePublished":"2026-05-01T22:27:03+00:00","dateModified":"2026-05-01T22:28:06+00:00","breadcrumb":{"@id":"https:\/\/kaiser-kuehne.com\/produkt\/030198000-sandkasten\/#breadcrumb"},"inLanguage":"en-GB","potentialAction":[{"@type":"ReadAction","target":["https:\/\/kaiser-kuehne.com\/produkt\/030198000-sandkasten\/"]}]},{"@type":"ImageObject","inLanguage":"en-GB","@id":"https:\/\/kaiser-kuehne.com\/produkt\/030198000-sandkasten\/#primaryimage","url":"https:\/\/kaiser-kuehne.com\/wp-content\/uploads\/product-media\/2026-05-01_22-00-05\/123119547\/030198000-Produktbild.jpg","contentUrl":"https:\/\/kaiser-kuehne.com\/wp-content\/uploads\/product-media\/2026-05-01_22-00-05\/123119547\/030198000-Produktbild.jpg","width":1920,"height":1080,"caption":"Sandkasten"},{"@type":"BreadcrumbList","@id":"https:\/\/kaiser-kuehne.com\/produkt\/030198000-sandkasten\/#breadcrumb","itemListElement":[{"@type":"ListItem","position":1,"name":"Startseite","item":"https:\/\/kaiser-kuehne.com\/"},{"@type":"ListItem","position":2,"name":"Produkte","item":"https:\/\/kaiser-kuehne.com\/produkte\/"},{"@type":"ListItem","position":3,"name":"Sandkasten"}]},{"@type":"WebSite","@id":"https:\/\/kaiser-kuehne.com\/#website","url":"https:\/\/kaiser-kuehne.com\/","name":"Kaiser &amp; K\u00fchne","description":"Premium Playgrounds","publisher":{"@id":"https:\/\/kaiser-kuehne.com\/#organization"},"alternateName":"Kaiser und K\u00fchne","potentialAction":[{"@type":"SearchAction","target":{"@type":"EntryPoint","urlTemplate":"https:\/\/kaiser-kuehne.com\/?s={search_term_string}"},"query-input":{"@type":"PropertyValueSpecification","valueRequired":true,"valueName":"search_term_string"}}],"inLanguage":"en-GB"},{"@type":"Organization","@id":"https:\/\/kaiser-kuehne.com\/#organization","name":"Kaiser &amp; K\u00fchne","url":"https:\/\/kaiser-kuehne.com\/","logo":{"@type":"ImageObject","inLanguage":"en-GB","@id":"https:\/\/kaiser-kuehne.com\/#\/schema\/logo\/image\/","url":"https:\/\/kaiser-kuehne.com\/wp-content\/uploads\/2025\/06\/kaiserkuehne-logo-color.svg","contentUrl":"https:\/\/kaiser-kuehne.com\/wp-content\/uploads\/2025\/06\/kaiserkuehne-logo-color.svg","width":1,"height":1,"caption":"Kaiser & K\u00fchne"},"image":{"@id":"https:\/\/kaiser-kuehne.com\/#\/schema\/logo\/image\/"},"sameAs":["https:\/\/www.instagram.com\/kaiser_kuehne\/?hl=de","https:\/\/de.linkedin.com\/company\/kaiser-kuehne"]}]}},"_links":{"self":[{"href":"https:\/\/kaiser-kuehne.com\/en\/wp-json\/wp\/v2\/product\/83618","targetHints":{"allow":["GET"]}}],"collection":[{"href":"https:\/\/kaiser-kuehne.com\/en\/wp-json\/wp\/v2\/product"}],"about":[{"href":"https:\/\/kaiser-kuehne.com\/en\/wp-json\/wp\/v2\/types\/product"}],"replies":[{"embeddable":true,"href":"https:\/\/kaiser-kuehne.com\/en\/wp-json\/wp\/v2\/comments?post=83618"}],"wp:featuredmedia":[{"embeddable":true,"href":"https:\/\/kaiser-kuehne.com\/en\/wp-json\/wp\/v2\/media\/222636"}],"wp:attachment":[{"href":"https:\/\/kaiser-kuehne.com\/en\/wp-json\/wp\/v2\/media?parent=83618"}],"wp:term":[{"taxonomy":"product_brand","embeddable":true,"href":"https:\/\/kaiser-kuehne.com\/en\/wp-json\/wp\/v2\/product_brand?post=83618"},{"taxonomy":"product_cat","embeddable":true,"href":"https:\/\/kaiser-kuehne.com\/en\/wp-json\/wp\/v2\/product_cat?post=83618"},{"taxonomy":"product_tag","embeddable":true,"href":"https:\/\/kaiser-kuehne.com\/en\/wp-json\/wp\/v2\/product_tag?post=83618"}],"curies":[{"name":"wp","href":"https:\/\/api.w.org\/{rel}","templated":true}]}}