{"id":80703,"date":"2026-05-02T00:06:57","date_gmt":"2026-05-01T22:06:57","guid":{"rendered":"https:\/\/final.kaiserundkuehne.de\/produkt\/044262000-federwippe\/"},"modified":"2026-05-02T00:07:11","modified_gmt":"2026-05-01T22:07:11","slug":"044262000-spring-rocker","status":"publish","type":"product","link":"https:\/\/kaiser-kuehne.com\/en\/produkt\/044262000-federwippe\/","title":{"rendered":"Spring see-saw"},"content":{"rendered":"<p>Technical data<br \/>\nBase area: 0.85 x 1.70 m<br \/>\nMinimum space: 2.85 x 3.80 m (10 m\u00b2)<br \/>\nSeat height: 0.47 m<br \/>\nRocking frame: Stainless steel<br \/>\nRocker spring: special spring wire \u00d8 20 mm<br \/>\nSeat top: made of coloured, highly weather-resistant HPL laminate, 20 mm; theft-proof screw connection.<br \/>\nWeight: 60 kg in total<\/p>\n<p>Incl. ground anchor<\/p>\n<p>Assembly time<br \/>\nDelivered pre-assembled in one piece<\/p>\n<p>Foundation<br \/>\nIf the ground is light (usually loose bulk material such as bark mulch, wood chips, sand, gravel), the base plate of the ground anchor must be covered with a foundation (0.80 x 1.30 x 0.10 m).<br \/>\nConcrete quantity: 0.10 m\u00b3<\/p>\n<p>Free fall height<br \/>\n0,75 m<\/p>\n<p>Please note:<br \/>\nThe impact surface around the play equipment must have an appropriate degree of shock absorption corresponding to a free fall height of at least 600 mm (see EN 1176-6).<\/p>\n<p>Suitable for<br \/>\nChildren from 2 years,<br \/>\npublic playgrounds etc.,<br \/>\nMovement activities.<\/p>\n<p>Foundation anchors (item no. 1090219) are available at an extra charge for level installation in synthetic fall protection. If the play equipment is temporarily dismantled, the floor opening is closed at the same height using suitable HPL panels.<\/p>\n<p>Item number: 044262000<\/p>","protected":false},"excerpt":{"rendered":"<p>Technische Daten Grundfl\u00e4che: 0,85 x 1,70 m Mindestraum: 2,85 x 3,80 m (10 m\u00b2) Sitzh\u00f6he: 0,47 m Wippgestell: Edelstahl Wippfeder: Spezialfederdraht \u00d8 20 mm Sitzplatte: aus farbiger, h\u00f6chst witterungsbest\u00e4ndiger HPL-Schichtstoffplatte, 20 mm; diebstahlsichere Schraubverbindung. Gewicht: 60 kg insgesamt Inkl. Bodenanker Montagerichtzeit wird in einem St\u00fcck vormontiert angeliefert Fundament Bei leichtem Boden (\u00fcblicherweise loses Sch\u00fcttmaterial, wie [&hellip;]<\/p>\n","protected":false},"featured_media":220673,"comment_status":"closed","ping_status":"open","template":"","meta":{"_acf_changed":false,"_et_pb_use_builder":"","_et_pb_old_content":"","_et_gb_content_width":""},"product_brand":[],"product_cat":[78],"product_tag":[],"class_list":{"0":"post-80703","1":"product","2":"type-product","3":"status-publish","4":"has-post-thumbnail","6":"product_cat-wippen-federn-drehen","7":"pa_aktivitaeten-bewegungsaktivitaet","8":"pa_altersgruppe-81","9":"pa_einsatzgebiete-oeffentliche-spielplaetze","10":"pa_hebezeug-false","11":"pa_inklusionsattribute-begegnungsmoeglichkeit","12":"pa_inklusionsattribute-einzelspiele","13":"pa_inklusionsattribute-funktionelles-spielen","14":"pa_inklusionsattribute-gleichgewicht","15":"pa_inklusionsattribute-gruppenspiele","16":"pa_inklusionsattribute-koordination","18":"first","19":"instock","20":"purchasable","21":"product-type-variable"},"acf":[],"yoast_head":"<!-- This site is optimized with the Yoast SEO plugin v27.4 - https:\/\/yoast.com\/product\/yoast-seo-wordpress\/ -->\n<title>Federwippe | Kaiser &amp; K\u00fchne<\/title>\n<meta name=\"robots\" content=\"index, follow, max-snippet:-1, max-image-preview:large, max-video-preview:-1\" \/>\n<link rel=\"canonical\" href=\"https:\/\/kaiser-kuehne.com\/en\/product\/044262000-spring-rocker\/\" \/>\n<meta property=\"og:locale\" content=\"en_GB\" \/>\n<meta property=\"og:type\" content=\"article\" \/>\n<meta property=\"og:title\" content=\"Federwippe | Kaiser &amp; K\u00fchne\" \/>\n<meta property=\"og:description\" content=\"Technische Daten Grundfl\u00e4che: 0,85 x 1,70 m Mindestraum: 2,85 x 3,80 m (10 m\u00b2) Sitzh\u00f6he: 0,47 m Wippgestell: Edelstahl Wippfeder: Spezialfederdraht \u00d8 20 mm Sitzplatte: aus farbiger, h\u00f6chst witterungsbest\u00e4ndiger HPL-Schichtstoffplatte, 20 mm; diebstahlsichere Schraubverbindung. Gewicht: 60 kg insgesamt Inkl. Bodenanker Montagerichtzeit wird in einem St\u00fcck vormontiert angeliefert Fundament Bei leichtem Boden (\u00fcblicherweise loses Sch\u00fcttmaterial, wie [&hellip;]\" \/>\n<meta property=\"og:url\" content=\"https:\/\/kaiser-kuehne.com\/en\/product\/044262000-spring-rocker\/\" \/>\n<meta property=\"og:site_name\" content=\"Kaiser &amp; K\u00fchne\" \/>\n<meta property=\"article:modified_time\" content=\"2026-05-01T22:07:11+00:00\" \/>\n<meta property=\"og:image\" content=\"https:\/\/kaiser-kuehne.com\/wp-content\/uploads\/2025\/09\/Bildschirmfoto-2025-09-05-um-13.34.55-1024x511.png\" \/>\n\t<meta property=\"og:image:width\" content=\"1024\" \/>\n\t<meta property=\"og:image:height\" content=\"511\" \/>\n\t<meta property=\"og:image:type\" content=\"image\/png\" \/>\n<meta name=\"twitter:card\" content=\"summary_large_image\" \/>\n<meta name=\"twitter:label1\" content=\"Estimated reading time\" \/>\n\t<meta name=\"twitter:data1\" content=\"1 minute\" \/>\n<script type=\"application\/ld+json\" class=\"yoast-schema-graph\">{\"@context\":\"https:\\\/\\\/schema.org\",\"@graph\":[{\"@type\":\"WebPage\",\"@id\":\"https:\\\/\\\/kaiser-kuehne.com\\\/produkt\\\/044262000-federwippe\\\/\",\"url\":\"https:\\\/\\\/kaiser-kuehne.com\\\/produkt\\\/044262000-federwippe\\\/\",\"name\":\"Federwippe | Kaiser &amp; K\u00fchne\",\"isPartOf\":{\"@id\":\"https:\\\/\\\/kaiser-kuehne.com\\\/#website\"},\"primaryImageOfPage\":{\"@id\":\"https:\\\/\\\/kaiser-kuehne.com\\\/produkt\\\/044262000-federwippe\\\/#primaryimage\"},\"image\":{\"@id\":\"https:\\\/\\\/kaiser-kuehne.com\\\/produkt\\\/044262000-federwippe\\\/#primaryimage\"},\"thumbnailUrl\":\"https:\\\/\\\/kaiser-kuehne.com\\\/wp-content\\\/uploads\\\/product-media\\\/2026-05-01_22-00-05\\\/123074276\\\/044262000-Produktbild.jpg\",\"datePublished\":\"2026-05-01T22:06:57+00:00\",\"dateModified\":\"2026-05-01T22:07:11+00:00\",\"breadcrumb\":{\"@id\":\"https:\\\/\\\/kaiser-kuehne.com\\\/produkt\\\/044262000-federwippe\\\/#breadcrumb\"},\"inLanguage\":\"en-GB\",\"potentialAction\":[{\"@type\":\"ReadAction\",\"target\":[\"https:\\\/\\\/kaiser-kuehne.com\\\/produkt\\\/044262000-federwippe\\\/\"]}]},{\"@type\":\"ImageObject\",\"inLanguage\":\"en-GB\",\"@id\":\"https:\\\/\\\/kaiser-kuehne.com\\\/produkt\\\/044262000-federwippe\\\/#primaryimage\",\"url\":\"https:\\\/\\\/kaiser-kuehne.com\\\/wp-content\\\/uploads\\\/product-media\\\/2026-05-01_22-00-05\\\/123074276\\\/044262000-Produktbild.jpg\",\"contentUrl\":\"https:\\\/\\\/kaiser-kuehne.com\\\/wp-content\\\/uploads\\\/product-media\\\/2026-05-01_22-00-05\\\/123074276\\\/044262000-Produktbild.jpg\",\"width\":1920,\"height\":1080,\"caption\":\"Federwippe\"},{\"@type\":\"BreadcrumbList\",\"@id\":\"https:\\\/\\\/kaiser-kuehne.com\\\/produkt\\\/044262000-federwippe\\\/#breadcrumb\",\"itemListElement\":[{\"@type\":\"ListItem\",\"position\":1,\"name\":\"Startseite\",\"item\":\"https:\\\/\\\/kaiser-kuehne.com\\\/\"},{\"@type\":\"ListItem\",\"position\":2,\"name\":\"Produkte\",\"item\":\"https:\\\/\\\/kaiser-kuehne.com\\\/produkte\\\/\"},{\"@type\":\"ListItem\",\"position\":3,\"name\":\"Federwippe\"}]},{\"@type\":\"WebSite\",\"@id\":\"https:\\\/\\\/kaiser-kuehne.com\\\/#website\",\"url\":\"https:\\\/\\\/kaiser-kuehne.com\\\/\",\"name\":\"Kaiser & K\u00fchne\",\"description\":\"Premium Playgrounds\",\"publisher\":{\"@id\":\"https:\\\/\\\/kaiser-kuehne.com\\\/#organization\"},\"alternateName\":\"Kaiser und K\u00fchne\",\"potentialAction\":[{\"@type\":\"SearchAction\",\"target\":{\"@type\":\"EntryPoint\",\"urlTemplate\":\"https:\\\/\\\/kaiser-kuehne.com\\\/?s={search_term_string}\"},\"query-input\":{\"@type\":\"PropertyValueSpecification\",\"valueRequired\":true,\"valueName\":\"search_term_string\"}}],\"inLanguage\":\"en-GB\"},{\"@type\":\"Organization\",\"@id\":\"https:\\\/\\\/kaiser-kuehne.com\\\/#organization\",\"name\":\"Kaiser & K\u00fchne\",\"url\":\"https:\\\/\\\/kaiser-kuehne.com\\\/\",\"logo\":{\"@type\":\"ImageObject\",\"inLanguage\":\"en-GB\",\"@id\":\"https:\\\/\\\/kaiser-kuehne.com\\\/#\\\/schema\\\/logo\\\/image\\\/\",\"url\":\"https:\\\/\\\/kaiser-kuehne.com\\\/wp-content\\\/uploads\\\/2025\\\/06\\\/kaiserkuehne-logo-color.svg\",\"contentUrl\":\"https:\\\/\\\/kaiser-kuehne.com\\\/wp-content\\\/uploads\\\/2025\\\/06\\\/kaiserkuehne-logo-color.svg\",\"width\":1,\"height\":1,\"caption\":\"Kaiser & K\u00fchne\"},\"image\":{\"@id\":\"https:\\\/\\\/kaiser-kuehne.com\\\/#\\\/schema\\\/logo\\\/image\\\/\"},\"sameAs\":[\"https:\\\/\\\/www.instagram.com\\\/kaiser_kuehne\\\/?hl=de\",\"https:\\\/\\\/de.linkedin.com\\\/company\\\/kaiser-kuehne\"]}]}<\/script>\n<!-- \/ Yoast SEO plugin. -->","yoast_head_json":{"title":"Spring rocker | Kaiser &amp; K\u00fchne","robots":{"index":"index","follow":"follow","max-snippet":"max-snippet:-1","max-image-preview":"max-image-preview:large","max-video-preview":"max-video-preview:-1"},"canonical":"https:\/\/kaiser-kuehne.com\/en\/product\/044262000-spring-rocker\/","og_locale":"en_GB","og_type":"article","og_title":"Federwippe | Kaiser &amp; K\u00fchne","og_description":"Technische Daten Grundfl\u00e4che: 0,85 x 1,70 m Mindestraum: 2,85 x 3,80 m (10 m\u00b2) Sitzh\u00f6he: 0,47 m Wippgestell: Edelstahl Wippfeder: Spezialfederdraht \u00d8 20 mm Sitzplatte: aus farbiger, h\u00f6chst witterungsbest\u00e4ndiger HPL-Schichtstoffplatte, 20 mm; diebstahlsichere Schraubverbindung. Gewicht: 60 kg insgesamt Inkl. Bodenanker Montagerichtzeit wird in einem St\u00fcck vormontiert angeliefert Fundament Bei leichtem Boden (\u00fcblicherweise loses Sch\u00fcttmaterial, wie [&hellip;]","og_url":"https:\/\/kaiser-kuehne.com\/en\/product\/044262000-spring-rocker\/","og_site_name":"Kaiser &amp; K\u00fchne","article_modified_time":"2026-05-01T22:07:11+00:00","og_image":[{"width":1024,"height":511,"url":"https:\/\/kaiser-kuehne.com\/wp-content\/uploads\/2025\/09\/Bildschirmfoto-2025-09-05-um-13.34.55-1024x511.png","type":"image\/png"}],"twitter_card":"summary_large_image","twitter_misc":{"Estimated reading time":"1 minute"},"schema":{"@context":"https:\/\/schema.org","@graph":[{"@type":"WebPage","@id":"https:\/\/kaiser-kuehne.com\/produkt\/044262000-federwippe\/","url":"https:\/\/kaiser-kuehne.com\/produkt\/044262000-federwippe\/","name":"Spring rocker | Kaiser &amp; K\u00fchne","isPartOf":{"@id":"https:\/\/kaiser-kuehne.com\/#website"},"primaryImageOfPage":{"@id":"https:\/\/kaiser-kuehne.com\/produkt\/044262000-federwippe\/#primaryimage"},"image":{"@id":"https:\/\/kaiser-kuehne.com\/produkt\/044262000-federwippe\/#primaryimage"},"thumbnailUrl":"https:\/\/kaiser-kuehne.com\/wp-content\/uploads\/product-media\/2026-05-01_22-00-05\/123074276\/044262000-Produktbild.jpg","datePublished":"2026-05-01T22:06:57+00:00","dateModified":"2026-05-01T22:07:11+00:00","breadcrumb":{"@id":"https:\/\/kaiser-kuehne.com\/produkt\/044262000-federwippe\/#breadcrumb"},"inLanguage":"en-GB","potentialAction":[{"@type":"ReadAction","target":["https:\/\/kaiser-kuehne.com\/produkt\/044262000-federwippe\/"]}]},{"@type":"ImageObject","inLanguage":"en-GB","@id":"https:\/\/kaiser-kuehne.com\/produkt\/044262000-federwippe\/#primaryimage","url":"https:\/\/kaiser-kuehne.com\/wp-content\/uploads\/product-media\/2026-05-01_22-00-05\/123074276\/044262000-Produktbild.jpg","contentUrl":"https:\/\/kaiser-kuehne.com\/wp-content\/uploads\/product-media\/2026-05-01_22-00-05\/123074276\/044262000-Produktbild.jpg","width":1920,"height":1080,"caption":"Federwippe"},{"@type":"BreadcrumbList","@id":"https:\/\/kaiser-kuehne.com\/produkt\/044262000-federwippe\/#breadcrumb","itemListElement":[{"@type":"ListItem","position":1,"name":"Startseite","item":"https:\/\/kaiser-kuehne.com\/"},{"@type":"ListItem","position":2,"name":"Produkte","item":"https:\/\/kaiser-kuehne.com\/produkte\/"},{"@type":"ListItem","position":3,"name":"Federwippe"}]},{"@type":"WebSite","@id":"https:\/\/kaiser-kuehne.com\/#website","url":"https:\/\/kaiser-kuehne.com\/","name":"Kaiser &amp; K\u00fchne","description":"Premium Playgrounds","publisher":{"@id":"https:\/\/kaiser-kuehne.com\/#organization"},"alternateName":"Kaiser und K\u00fchne","potentialAction":[{"@type":"SearchAction","target":{"@type":"EntryPoint","urlTemplate":"https:\/\/kaiser-kuehne.com\/?s={search_term_string}"},"query-input":{"@type":"PropertyValueSpecification","valueRequired":true,"valueName":"search_term_string"}}],"inLanguage":"en-GB"},{"@type":"Organization","@id":"https:\/\/kaiser-kuehne.com\/#organization","name":"Kaiser &amp; K\u00fchne","url":"https:\/\/kaiser-kuehne.com\/","logo":{"@type":"ImageObject","inLanguage":"en-GB","@id":"https:\/\/kaiser-kuehne.com\/#\/schema\/logo\/image\/","url":"https:\/\/kaiser-kuehne.com\/wp-content\/uploads\/2025\/06\/kaiserkuehne-logo-color.svg","contentUrl":"https:\/\/kaiser-kuehne.com\/wp-content\/uploads\/2025\/06\/kaiserkuehne-logo-color.svg","width":1,"height":1,"caption":"Kaiser & K\u00fchne"},"image":{"@id":"https:\/\/kaiser-kuehne.com\/#\/schema\/logo\/image\/"},"sameAs":["https:\/\/www.instagram.com\/kaiser_kuehne\/?hl=de","https:\/\/de.linkedin.com\/company\/kaiser-kuehne"]}]}},"_links":{"self":[{"href":"https:\/\/kaiser-kuehne.com\/en\/wp-json\/wp\/v2\/product\/80703","targetHints":{"allow":["GET"]}}],"collection":[{"href":"https:\/\/kaiser-kuehne.com\/en\/wp-json\/wp\/v2\/product"}],"about":[{"href":"https:\/\/kaiser-kuehne.com\/en\/wp-json\/wp\/v2\/types\/product"}],"replies":[{"embeddable":true,"href":"https:\/\/kaiser-kuehne.com\/en\/wp-json\/wp\/v2\/comments?post=80703"}],"wp:featuredmedia":[{"embeddable":true,"href":"https:\/\/kaiser-kuehne.com\/en\/wp-json\/wp\/v2\/media\/220673"}],"wp:attachment":[{"href":"https:\/\/kaiser-kuehne.com\/en\/wp-json\/wp\/v2\/media?parent=80703"}],"wp:term":[{"taxonomy":"product_brand","embeddable":true,"href":"https:\/\/kaiser-kuehne.com\/en\/wp-json\/wp\/v2\/product_brand?post=80703"},{"taxonomy":"product_cat","embeddable":true,"href":"https:\/\/kaiser-kuehne.com\/en\/wp-json\/wp\/v2\/product_cat?post=80703"},{"taxonomy":"product_tag","embeddable":true,"href":"https:\/\/kaiser-kuehne.com\/en\/wp-json\/wp\/v2\/product_tag?post=80703"}],"curies":[{"name":"wp","href":"https:\/\/api.w.org\/{rel}","templated":true}]}}