{"id":79924,"date":"2026-05-02T00:02:57","date_gmt":"2026-05-01T22:02:57","guid":{"rendered":"https:\/\/final.kaiserundkuehne.de\/produkt\/033410000-wasserreservoir\/"},"modified":"2026-05-02T00:02:58","modified_gmt":"2026-05-01T22:02:58","slug":"033410000-water-reservoir-with-1-drain-pipe","status":"publish","type":"product","link":"https:\/\/kaiser-kuehne.com\/en\/produkt\/033410000-wasserreservoir-mit-1-ablaufrohr\/","title":{"rendered":"Water storage basin"},"content":{"rendered":"<p>Technical data<br \/>\nBase area: \u00d8 0.68 m<br \/>\nHeight: 1.04 m<br \/>\nWater capacity: 140 litres<br \/>\nWeight: 60 kg in total <\/p>\n<p> - Welded stainless steel construction with 1 water drain pipe<br \/>\n - Safety cover grille<br \/>\n - Rubber cone stopper with locking mechanism for residue-free water extraction<br \/>\n - Sheet thickness: min. 2 mm\/tube \u00d8 38 mm<br \/>\n - Anchoring on the flange ring<\/p>\n<p>Matching ring foundation (15165) for anchoring to the flange ring and moulded stones (15170) for bricking up and levelling height differences or for secure foundation in loose fall protection (sand, fine gravel, etc.) can be supplied at an extra charge.<\/p>\n<p>Item number: 033410000<\/p>","protected":false},"excerpt":{"rendered":"<p>Technische Daten Grundfl\u00e4che: \u00d8 0,68 m H\u00f6he: 1,04 m Wasserinhalt: 140 l Gewicht: 60 kg insgesamt &#8211; Verschwei\u00dfte Edelstahlkonstruktion mit 1 Wasserablaufrohr &#8211; Sicherheits-Abdeckgitter &#8211; Gummikegelverschluss mit Arretierung zur restlosen Wasserentnahme &#8211; Blechdicke: min. 2 mm\/Rohr \u00d8 38 mm &#8211; Verankerung am Flanschring Passendes Ringfundament (15165) zur Verankerung am Flanschring und Formsteine (15170) zum Aufmauern [&hellip;]<\/p>\n","protected":false},"featured_media":220127,"comment_status":"closed","ping_status":"open","template":"","meta":{"_acf_changed":false,"_et_pb_use_builder":"","_et_pb_old_content":"","_et_gb_content_width":""},"product_brand":[],"product_cat":[84],"product_tag":[],"class_list":{"0":"post-79924","1":"product","2":"type-product","3":"status-publish","4":"has-post-thumbnail","6":"product_cat-sand-wasser","7":"pa_altersgruppe-81","8":"pa_einsatzgebiete-oeffentliche-spielplaetze","9":"pa_hebezeug-false","11":"first","12":"instock","13":"purchasable","14":"product-type-simple"},"acf":[],"yoast_head":"<!-- This site is optimized with the Yoast SEO plugin v27.4 - https:\/\/yoast.com\/product\/yoast-seo-wordpress\/ -->\n<title>Wasserreservoir mit 1 Ablaufrohr | Kaiser &amp; K\u00fchne<\/title>\n<meta name=\"robots\" content=\"index, follow, max-snippet:-1, max-image-preview:large, max-video-preview:-1\" \/>\n<link rel=\"canonical\" href=\"https:\/\/kaiser-kuehne.com\/en\/product\/033410000-water-reservoir-with-1-drain-pipe\/\" \/>\n<meta property=\"og:locale\" content=\"en_GB\" \/>\n<meta property=\"og:type\" content=\"article\" \/>\n<meta property=\"og:title\" content=\"Wasserreservoir mit 1 Ablaufrohr | Kaiser &amp; K\u00fchne\" \/>\n<meta property=\"og:description\" content=\"Technische Daten Grundfl\u00e4che: \u00d8 0,68 m H\u00f6he: 1,04 m Wasserinhalt: 140 l Gewicht: 60 kg insgesamt &#8211; Verschwei\u00dfte Edelstahlkonstruktion mit 1 Wasserablaufrohr &#8211; Sicherheits-Abdeckgitter &#8211; Gummikegelverschluss mit Arretierung zur restlosen Wasserentnahme &#8211; Blechdicke: min. 2 mm\/Rohr \u00d8 38 mm &#8211; Verankerung am Flanschring Passendes Ringfundament (15165) zur Verankerung am Flanschring und Formsteine (15170) zum Aufmauern [&hellip;]\" \/>\n<meta property=\"og:url\" content=\"https:\/\/kaiser-kuehne.com\/en\/product\/033410000-water-reservoir-with-1-drain-pipe\/\" \/>\n<meta property=\"og:site_name\" content=\"Kaiser &amp; K\u00fchne\" \/>\n<meta property=\"article:modified_time\" content=\"2026-05-01T22:02:58+00:00\" \/>\n<meta property=\"og:image\" content=\"https:\/\/kaiser-kuehne.com\/wp-content\/uploads\/2025\/09\/Bildschirmfoto-2025-09-05-um-13.34.55-1024x511.png\" \/>\n\t<meta property=\"og:image:width\" content=\"1024\" \/>\n\t<meta property=\"og:image:height\" content=\"511\" \/>\n\t<meta property=\"og:image:type\" content=\"image\/png\" \/>\n<meta name=\"twitter:card\" content=\"summary_large_image\" \/>\n<script type=\"application\/ld+json\" class=\"yoast-schema-graph\">{\"@context\":\"https:\\\/\\\/schema.org\",\"@graph\":[{\"@type\":\"WebPage\",\"@id\":\"https:\\\/\\\/kaiser-kuehne.com\\\/produkt\\\/033410000-wasserreservoir-mit-1-ablaufrohr\\\/\",\"url\":\"https:\\\/\\\/kaiser-kuehne.com\\\/produkt\\\/033410000-wasserreservoir-mit-1-ablaufrohr\\\/\",\"name\":\"Wasserreservoir mit 1 Ablaufrohr | Kaiser &amp; K\u00fchne\",\"isPartOf\":{\"@id\":\"https:\\\/\\\/kaiser-kuehne.com\\\/#website\"},\"primaryImageOfPage\":{\"@id\":\"https:\\\/\\\/kaiser-kuehne.com\\\/produkt\\\/033410000-wasserreservoir-mit-1-ablaufrohr\\\/#primaryimage\"},\"image\":{\"@id\":\"https:\\\/\\\/kaiser-kuehne.com\\\/produkt\\\/033410000-wasserreservoir-mit-1-ablaufrohr\\\/#primaryimage\"},\"thumbnailUrl\":\"https:\\\/\\\/kaiser-kuehne.com\\\/wp-content\\\/uploads\\\/product-media\\\/2026-05-01_22-00-05\\\/123074072\\\/033410000-Produktbild.jpg\",\"datePublished\":\"2026-05-01T22:02:57+00:00\",\"dateModified\":\"2026-05-01T22:02:58+00:00\",\"breadcrumb\":{\"@id\":\"https:\\\/\\\/kaiser-kuehne.com\\\/produkt\\\/033410000-wasserreservoir-mit-1-ablaufrohr\\\/#breadcrumb\"},\"inLanguage\":\"en-GB\",\"potentialAction\":[{\"@type\":\"ReadAction\",\"target\":[\"https:\\\/\\\/kaiser-kuehne.com\\\/produkt\\\/033410000-wasserreservoir-mit-1-ablaufrohr\\\/\"]}]},{\"@type\":\"ImageObject\",\"inLanguage\":\"en-GB\",\"@id\":\"https:\\\/\\\/kaiser-kuehne.com\\\/produkt\\\/033410000-wasserreservoir-mit-1-ablaufrohr\\\/#primaryimage\",\"url\":\"https:\\\/\\\/kaiser-kuehne.com\\\/wp-content\\\/uploads\\\/product-media\\\/2026-05-01_22-00-05\\\/123074072\\\/033410000-Produktbild.jpg\",\"contentUrl\":\"https:\\\/\\\/kaiser-kuehne.com\\\/wp-content\\\/uploads\\\/product-media\\\/2026-05-01_22-00-05\\\/123074072\\\/033410000-Produktbild.jpg\",\"width\":1920,\"height\":1080,\"caption\":\"Wasserreservoir mit 1 Ablaufrohr\"},{\"@type\":\"BreadcrumbList\",\"@id\":\"https:\\\/\\\/kaiser-kuehne.com\\\/produkt\\\/033410000-wasserreservoir-mit-1-ablaufrohr\\\/#breadcrumb\",\"itemListElement\":[{\"@type\":\"ListItem\",\"position\":1,\"name\":\"Startseite\",\"item\":\"https:\\\/\\\/kaiser-kuehne.com\\\/\"},{\"@type\":\"ListItem\",\"position\":2,\"name\":\"Produkte\",\"item\":\"https:\\\/\\\/kaiser-kuehne.com\\\/produkte\\\/\"},{\"@type\":\"ListItem\",\"position\":3,\"name\":\"Wasserreservoir mit 1 Ablaufrohr\"}]},{\"@type\":\"WebSite\",\"@id\":\"https:\\\/\\\/kaiser-kuehne.com\\\/#website\",\"url\":\"https:\\\/\\\/kaiser-kuehne.com\\\/\",\"name\":\"Kaiser & K\u00fchne\",\"description\":\"Premium Playgrounds\",\"publisher\":{\"@id\":\"https:\\\/\\\/kaiser-kuehne.com\\\/#organization\"},\"alternateName\":\"Kaiser und K\u00fchne\",\"potentialAction\":[{\"@type\":\"SearchAction\",\"target\":{\"@type\":\"EntryPoint\",\"urlTemplate\":\"https:\\\/\\\/kaiser-kuehne.com\\\/?s={search_term_string}\"},\"query-input\":{\"@type\":\"PropertyValueSpecification\",\"valueRequired\":true,\"valueName\":\"search_term_string\"}}],\"inLanguage\":\"en-GB\"},{\"@type\":\"Organization\",\"@id\":\"https:\\\/\\\/kaiser-kuehne.com\\\/#organization\",\"name\":\"Kaiser & K\u00fchne\",\"url\":\"https:\\\/\\\/kaiser-kuehne.com\\\/\",\"logo\":{\"@type\":\"ImageObject\",\"inLanguage\":\"en-GB\",\"@id\":\"https:\\\/\\\/kaiser-kuehne.com\\\/#\\\/schema\\\/logo\\\/image\\\/\",\"url\":\"https:\\\/\\\/kaiser-kuehne.com\\\/wp-content\\\/uploads\\\/2025\\\/06\\\/kaiserkuehne-logo-color.svg\",\"contentUrl\":\"https:\\\/\\\/kaiser-kuehne.com\\\/wp-content\\\/uploads\\\/2025\\\/06\\\/kaiserkuehne-logo-color.svg\",\"width\":1,\"height\":1,\"caption\":\"Kaiser & K\u00fchne\"},\"image\":{\"@id\":\"https:\\\/\\\/kaiser-kuehne.com\\\/#\\\/schema\\\/logo\\\/image\\\/\"},\"sameAs\":[\"https:\\\/\\\/www.instagram.com\\\/kaiser_kuehne\\\/?hl=de\",\"https:\\\/\\\/de.linkedin.com\\\/company\\\/kaiser-kuehne\"]}]}<\/script>\n<!-- \/ Yoast SEO plugin. -->","yoast_head_json":{"title":"Water reservoir with 1 drain pipe | Kaiser &amp; K\u00fchne","robots":{"index":"index","follow":"follow","max-snippet":"max-snippet:-1","max-image-preview":"max-image-preview:large","max-video-preview":"max-video-preview:-1"},"canonical":"https:\/\/kaiser-kuehne.com\/en\/product\/033410000-water-reservoir-with-1-drain-pipe\/","og_locale":"en_GB","og_type":"article","og_title":"Wasserreservoir mit 1 Ablaufrohr | Kaiser &amp; K\u00fchne","og_description":"Technische Daten Grundfl\u00e4che: \u00d8 0,68 m H\u00f6he: 1,04 m Wasserinhalt: 140 l Gewicht: 60 kg insgesamt &#8211; Verschwei\u00dfte Edelstahlkonstruktion mit 1 Wasserablaufrohr &#8211; Sicherheits-Abdeckgitter &#8211; Gummikegelverschluss mit Arretierung zur restlosen Wasserentnahme &#8211; Blechdicke: min. 2 mm\/Rohr \u00d8 38 mm &#8211; Verankerung am Flanschring Passendes Ringfundament (15165) zur Verankerung am Flanschring und Formsteine (15170) zum Aufmauern [&hellip;]","og_url":"https:\/\/kaiser-kuehne.com\/en\/product\/033410000-water-reservoir-with-1-drain-pipe\/","og_site_name":"Kaiser &amp; K\u00fchne","article_modified_time":"2026-05-01T22:02:58+00:00","og_image":[{"width":1024,"height":511,"url":"https:\/\/kaiser-kuehne.com\/wp-content\/uploads\/2025\/09\/Bildschirmfoto-2025-09-05-um-13.34.55-1024x511.png","type":"image\/png"}],"twitter_card":"summary_large_image","schema":{"@context":"https:\/\/schema.org","@graph":[{"@type":"WebPage","@id":"https:\/\/kaiser-kuehne.com\/produkt\/033410000-wasserreservoir-mit-1-ablaufrohr\/","url":"https:\/\/kaiser-kuehne.com\/produkt\/033410000-wasserreservoir-mit-1-ablaufrohr\/","name":"Water reservoir with 1 drain pipe | Kaiser &amp; K\u00fchne","isPartOf":{"@id":"https:\/\/kaiser-kuehne.com\/#website"},"primaryImageOfPage":{"@id":"https:\/\/kaiser-kuehne.com\/produkt\/033410000-wasserreservoir-mit-1-ablaufrohr\/#primaryimage"},"image":{"@id":"https:\/\/kaiser-kuehne.com\/produkt\/033410000-wasserreservoir-mit-1-ablaufrohr\/#primaryimage"},"thumbnailUrl":"https:\/\/kaiser-kuehne.com\/wp-content\/uploads\/product-media\/2026-05-01_22-00-05\/123074072\/033410000-Produktbild.jpg","datePublished":"2026-05-01T22:02:57+00:00","dateModified":"2026-05-01T22:02:58+00:00","breadcrumb":{"@id":"https:\/\/kaiser-kuehne.com\/produkt\/033410000-wasserreservoir-mit-1-ablaufrohr\/#breadcrumb"},"inLanguage":"en-GB","potentialAction":[{"@type":"ReadAction","target":["https:\/\/kaiser-kuehne.com\/produkt\/033410000-wasserreservoir-mit-1-ablaufrohr\/"]}]},{"@type":"ImageObject","inLanguage":"en-GB","@id":"https:\/\/kaiser-kuehne.com\/produkt\/033410000-wasserreservoir-mit-1-ablaufrohr\/#primaryimage","url":"https:\/\/kaiser-kuehne.com\/wp-content\/uploads\/product-media\/2026-05-01_22-00-05\/123074072\/033410000-Produktbild.jpg","contentUrl":"https:\/\/kaiser-kuehne.com\/wp-content\/uploads\/product-media\/2026-05-01_22-00-05\/123074072\/033410000-Produktbild.jpg","width":1920,"height":1080,"caption":"Wasserreservoir mit 1 Ablaufrohr"},{"@type":"BreadcrumbList","@id":"https:\/\/kaiser-kuehne.com\/produkt\/033410000-wasserreservoir-mit-1-ablaufrohr\/#breadcrumb","itemListElement":[{"@type":"ListItem","position":1,"name":"Startseite","item":"https:\/\/kaiser-kuehne.com\/"},{"@type":"ListItem","position":2,"name":"Produkte","item":"https:\/\/kaiser-kuehne.com\/produkte\/"},{"@type":"ListItem","position":3,"name":"Wasserreservoir mit 1 Ablaufrohr"}]},{"@type":"WebSite","@id":"https:\/\/kaiser-kuehne.com\/#website","url":"https:\/\/kaiser-kuehne.com\/","name":"Kaiser &amp; K\u00fchne","description":"Premium Playgrounds","publisher":{"@id":"https:\/\/kaiser-kuehne.com\/#organization"},"alternateName":"Kaiser und K\u00fchne","potentialAction":[{"@type":"SearchAction","target":{"@type":"EntryPoint","urlTemplate":"https:\/\/kaiser-kuehne.com\/?s={search_term_string}"},"query-input":{"@type":"PropertyValueSpecification","valueRequired":true,"valueName":"search_term_string"}}],"inLanguage":"en-GB"},{"@type":"Organization","@id":"https:\/\/kaiser-kuehne.com\/#organization","name":"Kaiser &amp; K\u00fchne","url":"https:\/\/kaiser-kuehne.com\/","logo":{"@type":"ImageObject","inLanguage":"en-GB","@id":"https:\/\/kaiser-kuehne.com\/#\/schema\/logo\/image\/","url":"https:\/\/kaiser-kuehne.com\/wp-content\/uploads\/2025\/06\/kaiserkuehne-logo-color.svg","contentUrl":"https:\/\/kaiser-kuehne.com\/wp-content\/uploads\/2025\/06\/kaiserkuehne-logo-color.svg","width":1,"height":1,"caption":"Kaiser & K\u00fchne"},"image":{"@id":"https:\/\/kaiser-kuehne.com\/#\/schema\/logo\/image\/"},"sameAs":["https:\/\/www.instagram.com\/kaiser_kuehne\/?hl=de","https:\/\/de.linkedin.com\/company\/kaiser-kuehne"]}]}},"_links":{"self":[{"href":"https:\/\/kaiser-kuehne.com\/en\/wp-json\/wp\/v2\/product\/79924","targetHints":{"allow":["GET"]}}],"collection":[{"href":"https:\/\/kaiser-kuehne.com\/en\/wp-json\/wp\/v2\/product"}],"about":[{"href":"https:\/\/kaiser-kuehne.com\/en\/wp-json\/wp\/v2\/types\/product"}],"replies":[{"embeddable":true,"href":"https:\/\/kaiser-kuehne.com\/en\/wp-json\/wp\/v2\/comments?post=79924"}],"wp:featuredmedia":[{"embeddable":true,"href":"https:\/\/kaiser-kuehne.com\/en\/wp-json\/wp\/v2\/media\/220127"}],"wp:attachment":[{"href":"https:\/\/kaiser-kuehne.com\/en\/wp-json\/wp\/v2\/media?parent=79924"}],"wp:term":[{"taxonomy":"product_brand","embeddable":true,"href":"https:\/\/kaiser-kuehne.com\/en\/wp-json\/wp\/v2\/product_brand?post=79924"},{"taxonomy":"product_cat","embeddable":true,"href":"https:\/\/kaiser-kuehne.com\/en\/wp-json\/wp\/v2\/product_cat?post=79924"},{"taxonomy":"product_tag","embeddable":true,"href":"https:\/\/kaiser-kuehne.com\/en\/wp-json\/wp\/v2\/product_tag?post=79924"}],"curies":[{"name":"wp","href":"https:\/\/api.w.org\/{rel}","templated":true}]}}