{"id":79752,"date":"2026-05-02T00:02:32","date_gmt":"2026-05-01T22:02:32","guid":{"rendered":"https:\/\/final.kaiserundkuehne.de\/produkt\/941000210-tunnel-wendelrutsche-30-38-ah-600-m\/"},"modified":"2026-05-02T00:02:33","modified_gmt":"2026-05-01T22:02:33","slug":"941000210-tunnel-spiral-slide-30-38-ah-600-m","status":"publish","type":"product","link":"https:\/\/kaiser-kuehne.com\/en\/produkt\/941000210-tunnel-wendelrutsche-30-38-ah-600-m\/","title":{"rendered":"Tunnel spiral slide 30\u00b0\/38\u00b0 (6,00 m)"},"content":{"rendered":"<p>Technical data<br \/>\nFloor area: 2.20 x 7.25 m<br \/>\nMinimum space: 3.95 x 9.25 m<br \/>\nMounting height: 6.00 m<br \/>\nSeat height: 6.10 m<br \/>\nSlide inclination: 30\/38\u00b0<br \/>\nTunnel diameter: 0.80 m<br \/>\nSliding plate thickness: 2.5 mm<br \/>\nCentre pylon: Stainless steel tube \u00d8 298.5 x 7.1 mm<br \/>\nCourse: Turning 360\u00b0 right<\/p>\n<p>Slide segments made of stainless steel, particularly quiet due to the tunnel shape, welded together to form a three-part slide coiled around a centre pylon for transport reasons, including corresponding connecting flanges to facilitate assembly on site.<\/p>\n<p>Please note that there must be a suitable base (wooden platform or planks, concrete foundation or similar) in the area of the flange on the slide seat.<\/p>\n<p>For your planning, please note that stainless steel slides should be orientated to the north-east or in the partial shade of trees due to the possible heating of the slide surface.<\/p>\n<p>Foundation (on site)<br \/>\n1 piece 0.80 x 0.80 x 1.00 m<br \/>\n3 pcs. 1.00 x 0.40 x 0.40 m<br \/>\nConcrete volume: 1.12 m\u00b3<\/p>\n<p>Assembly time<br \/>\n3 fitters 4 hours each, plus lifting gear<br \/>\n(without foundation)<\/p>\n<p>Free fall height<br \/>\n0,71 m<\/p>\n<p>Suitable for<br \/>\nChildren aged 5 and over,<br \/>\npublic playgrounds etc.,<br \/>\nPhysical activities<\/p>\n<p>Item number: 941000210<\/p>","protected":false},"excerpt":{"rendered":"<p>Technische Daten Grundfl\u00e4che: 2,20 x 7,25 m Mindestraum: 3,95 x 9,25 m Anbauh\u00f6he: 6,00 m Einsitzh\u00f6he: 6,10 m Rutschenneigung: 30\/38\u00b0 Tunneldurchmessser: 0,80 m Rutschblechdicke: 2,5 mm Mittelpylon: Edelstahlrohr \u00d8 298,5 x 7,1 mm Verlauf: Wendelung 360\u00b0 rechts Rutschensegmente aus Edelstahl, durch Tunnelform besonders ger\u00e4uscharm, zu einer aus Transportgr\u00fcnden dreiteiligen, um einen Mittelpylon gewendelten Rutsche verschwei\u00dft, [&hellip;]<\/p>\n","protected":false},"featured_media":219991,"comment_status":"closed","ping_status":"open","template":"","meta":{"_acf_changed":false,"_et_pb_use_builder":"","_et_pb_old_content":"","_et_gb_content_width":""},"product_brand":[],"product_cat":[82],"product_tag":[],"class_list":{"0":"post-79752","1":"product","2":"type-product","3":"status-publish","4":"has-post-thumbnail","6":"product_cat-rutschen","7":"pa_aktivitaeten-bewegungsaktivitaet","8":"pa_aktivitaeten-rutschen","9":"pa_altersgruppe-75","10":"pa_einsatzgebiete-oeffentliche-spielplaetze","11":"pa_hebezeug-true","13":"first","14":"instock","15":"purchasable","16":"product-type-simple"},"acf":[],"yoast_head":"<!-- This site is optimized with the Yoast SEO plugin v27.4 - https:\/\/yoast.com\/product\/yoast-seo-wordpress\/ -->\n<title>Tunnel-Wendelrutsche 30\u00b0\/38\u00b0 Ah 6,00 m | Kaiser &amp; K\u00fchne<\/title>\n<meta name=\"robots\" content=\"index, follow, max-snippet:-1, max-image-preview:large, max-video-preview:-1\" \/>\n<link rel=\"canonical\" href=\"https:\/\/kaiser-kuehne.com\/en\/product\/941000210-tunnel-spiral-slide-30-38-ah-600-m\/\" \/>\n<meta property=\"og:locale\" content=\"en_GB\" \/>\n<meta property=\"og:type\" content=\"article\" \/>\n<meta property=\"og:title\" content=\"Tunnel-Wendelrutsche 30\u00b0\/38\u00b0 Ah 6,00 m | Kaiser &amp; K\u00fchne\" \/>\n<meta property=\"og:description\" content=\"Technische Daten Grundfl\u00e4che: 2,20 x 7,25 m Mindestraum: 3,95 x 9,25 m Anbauh\u00f6he: 6,00 m Einsitzh\u00f6he: 6,10 m Rutschenneigung: 30\/38\u00b0 Tunneldurchmessser: 0,80 m Rutschblechdicke: 2,5 mm Mittelpylon: Edelstahlrohr \u00d8 298,5 x 7,1 mm Verlauf: Wendelung 360\u00b0 rechts Rutschensegmente aus Edelstahl, durch Tunnelform besonders ger\u00e4uscharm, zu einer aus Transportgr\u00fcnden dreiteiligen, um einen Mittelpylon gewendelten Rutsche verschwei\u00dft, [&hellip;]\" \/>\n<meta property=\"og:url\" content=\"https:\/\/kaiser-kuehne.com\/en\/product\/941000210-tunnel-spiral-slide-30-38-ah-600-m\/\" \/>\n<meta property=\"og:site_name\" content=\"Kaiser &amp; K\u00fchne\" \/>\n<meta property=\"article:modified_time\" content=\"2026-05-01T22:02:33+00:00\" \/>\n<meta property=\"og:image\" content=\"https:\/\/kaiser-kuehne.com\/wp-content\/uploads\/2025\/09\/Bildschirmfoto-2025-09-05-um-13.34.55-1024x511.png\" \/>\n\t<meta property=\"og:image:width\" content=\"1024\" \/>\n\t<meta property=\"og:image:height\" content=\"511\" \/>\n\t<meta property=\"og:image:type\" content=\"image\/png\" \/>\n<meta name=\"twitter:card\" content=\"summary_large_image\" \/>\n<meta name=\"twitter:label1\" content=\"Estimated reading time\" \/>\n\t<meta name=\"twitter:data1\" content=\"1 minute\" \/>\n<script type=\"application\/ld+json\" class=\"yoast-schema-graph\">{\"@context\":\"https:\\\/\\\/schema.org\",\"@graph\":[{\"@type\":\"WebPage\",\"@id\":\"https:\\\/\\\/kaiser-kuehne.com\\\/produkt\\\/941000210-tunnel-wendelrutsche-30-38-ah-600-m\\\/\",\"url\":\"https:\\\/\\\/kaiser-kuehne.com\\\/produkt\\\/941000210-tunnel-wendelrutsche-30-38-ah-600-m\\\/\",\"name\":\"Tunnel-Wendelrutsche 30\u00b0\\\/38\u00b0 Ah 6,00 m | Kaiser &amp; K\u00fchne\",\"isPartOf\":{\"@id\":\"https:\\\/\\\/kaiser-kuehne.com\\\/#website\"},\"primaryImageOfPage\":{\"@id\":\"https:\\\/\\\/kaiser-kuehne.com\\\/produkt\\\/941000210-tunnel-wendelrutsche-30-38-ah-600-m\\\/#primaryimage\"},\"image\":{\"@id\":\"https:\\\/\\\/kaiser-kuehne.com\\\/produkt\\\/941000210-tunnel-wendelrutsche-30-38-ah-600-m\\\/#primaryimage\"},\"thumbnailUrl\":\"https:\\\/\\\/kaiser-kuehne.com\\\/wp-content\\\/uploads\\\/product-media\\\/2026-05-01_22-00-05\\\/123091153\\\/941000210-Produktbild.jpg\",\"datePublished\":\"2026-05-01T22:02:32+00:00\",\"dateModified\":\"2026-05-01T22:02:33+00:00\",\"breadcrumb\":{\"@id\":\"https:\\\/\\\/kaiser-kuehne.com\\\/produkt\\\/941000210-tunnel-wendelrutsche-30-38-ah-600-m\\\/#breadcrumb\"},\"inLanguage\":\"en-GB\",\"potentialAction\":[{\"@type\":\"ReadAction\",\"target\":[\"https:\\\/\\\/kaiser-kuehne.com\\\/produkt\\\/941000210-tunnel-wendelrutsche-30-38-ah-600-m\\\/\"]}]},{\"@type\":\"ImageObject\",\"inLanguage\":\"en-GB\",\"@id\":\"https:\\\/\\\/kaiser-kuehne.com\\\/produkt\\\/941000210-tunnel-wendelrutsche-30-38-ah-600-m\\\/#primaryimage\",\"url\":\"https:\\\/\\\/kaiser-kuehne.com\\\/wp-content\\\/uploads\\\/product-media\\\/2026-05-01_22-00-05\\\/123091153\\\/941000210-Produktbild.jpg\",\"contentUrl\":\"https:\\\/\\\/kaiser-kuehne.com\\\/wp-content\\\/uploads\\\/product-media\\\/2026-05-01_22-00-05\\\/123091153\\\/941000210-Produktbild.jpg\",\"width\":1920,\"height\":1080,\"caption\":\"Tunnel-Wendelrutsche 30\u00b0\\\/38\u00b0 Ah 6,00 m\"},{\"@type\":\"BreadcrumbList\",\"@id\":\"https:\\\/\\\/kaiser-kuehne.com\\\/produkt\\\/941000210-tunnel-wendelrutsche-30-38-ah-600-m\\\/#breadcrumb\",\"itemListElement\":[{\"@type\":\"ListItem\",\"position\":1,\"name\":\"Startseite\",\"item\":\"https:\\\/\\\/kaiser-kuehne.com\\\/\"},{\"@type\":\"ListItem\",\"position\":2,\"name\":\"Produkte\",\"item\":\"https:\\\/\\\/kaiser-kuehne.com\\\/produkte\\\/\"},{\"@type\":\"ListItem\",\"position\":3,\"name\":\"Tunnel-Wendelrutsche 30\u00b0\\\/38\u00b0 Ah 6,00 m\"}]},{\"@type\":\"WebSite\",\"@id\":\"https:\\\/\\\/kaiser-kuehne.com\\\/#website\",\"url\":\"https:\\\/\\\/kaiser-kuehne.com\\\/\",\"name\":\"Kaiser & K\u00fchne\",\"description\":\"Premium Playgrounds\",\"publisher\":{\"@id\":\"https:\\\/\\\/kaiser-kuehne.com\\\/#organization\"},\"alternateName\":\"Kaiser und K\u00fchne\",\"potentialAction\":[{\"@type\":\"SearchAction\",\"target\":{\"@type\":\"EntryPoint\",\"urlTemplate\":\"https:\\\/\\\/kaiser-kuehne.com\\\/?s={search_term_string}\"},\"query-input\":{\"@type\":\"PropertyValueSpecification\",\"valueRequired\":true,\"valueName\":\"search_term_string\"}}],\"inLanguage\":\"en-GB\"},{\"@type\":\"Organization\",\"@id\":\"https:\\\/\\\/kaiser-kuehne.com\\\/#organization\",\"name\":\"Kaiser & K\u00fchne\",\"url\":\"https:\\\/\\\/kaiser-kuehne.com\\\/\",\"logo\":{\"@type\":\"ImageObject\",\"inLanguage\":\"en-GB\",\"@id\":\"https:\\\/\\\/kaiser-kuehne.com\\\/#\\\/schema\\\/logo\\\/image\\\/\",\"url\":\"https:\\\/\\\/kaiser-kuehne.com\\\/wp-content\\\/uploads\\\/2025\\\/06\\\/kaiserkuehne-logo-color.svg\",\"contentUrl\":\"https:\\\/\\\/kaiser-kuehne.com\\\/wp-content\\\/uploads\\\/2025\\\/06\\\/kaiserkuehne-logo-color.svg\",\"width\":1,\"height\":1,\"caption\":\"Kaiser & K\u00fchne\"},\"image\":{\"@id\":\"https:\\\/\\\/kaiser-kuehne.com\\\/#\\\/schema\\\/logo\\\/image\\\/\"},\"sameAs\":[\"https:\\\/\\\/www.instagram.com\\\/kaiser_kuehne\\\/?hl=de\",\"https:\\\/\\\/de.linkedin.com\\\/company\\\/kaiser-kuehne\"]}]}<\/script>\n<!-- \/ Yoast SEO plugin. -->","yoast_head_json":{"title":"Tunnel spiral slide 30\u00b0\/38\u00b0 Ah 6.00 m | Kaiser &amp; K\u00fchne","robots":{"index":"index","follow":"follow","max-snippet":"max-snippet:-1","max-image-preview":"max-image-preview:large","max-video-preview":"max-video-preview:-1"},"canonical":"https:\/\/kaiser-kuehne.com\/en\/product\/941000210-tunnel-spiral-slide-30-38-ah-600-m\/","og_locale":"en_GB","og_type":"article","og_title":"Tunnel-Wendelrutsche 30\u00b0\/38\u00b0 Ah 6,00 m | Kaiser &amp; K\u00fchne","og_description":"Technische Daten Grundfl\u00e4che: 2,20 x 7,25 m Mindestraum: 3,95 x 9,25 m Anbauh\u00f6he: 6,00 m Einsitzh\u00f6he: 6,10 m Rutschenneigung: 30\/38\u00b0 Tunneldurchmessser: 0,80 m Rutschblechdicke: 2,5 mm Mittelpylon: Edelstahlrohr \u00d8 298,5 x 7,1 mm Verlauf: Wendelung 360\u00b0 rechts Rutschensegmente aus Edelstahl, durch Tunnelform besonders ger\u00e4uscharm, zu einer aus Transportgr\u00fcnden dreiteiligen, um einen Mittelpylon gewendelten Rutsche verschwei\u00dft, [&hellip;]","og_url":"https:\/\/kaiser-kuehne.com\/en\/product\/941000210-tunnel-spiral-slide-30-38-ah-600-m\/","og_site_name":"Kaiser &amp; K\u00fchne","article_modified_time":"2026-05-01T22:02:33+00:00","og_image":[{"width":1024,"height":511,"url":"https:\/\/kaiser-kuehne.com\/wp-content\/uploads\/2025\/09\/Bildschirmfoto-2025-09-05-um-13.34.55-1024x511.png","type":"image\/png"}],"twitter_card":"summary_large_image","twitter_misc":{"Estimated reading time":"1 minute"},"schema":{"@context":"https:\/\/schema.org","@graph":[{"@type":"WebPage","@id":"https:\/\/kaiser-kuehne.com\/produkt\/941000210-tunnel-wendelrutsche-30-38-ah-600-m\/","url":"https:\/\/kaiser-kuehne.com\/produkt\/941000210-tunnel-wendelrutsche-30-38-ah-600-m\/","name":"Tunnel spiral slide 30\u00b0\/38\u00b0 Ah 6.00 m | Kaiser &amp; K\u00fchne","isPartOf":{"@id":"https:\/\/kaiser-kuehne.com\/#website"},"primaryImageOfPage":{"@id":"https:\/\/kaiser-kuehne.com\/produkt\/941000210-tunnel-wendelrutsche-30-38-ah-600-m\/#primaryimage"},"image":{"@id":"https:\/\/kaiser-kuehne.com\/produkt\/941000210-tunnel-wendelrutsche-30-38-ah-600-m\/#primaryimage"},"thumbnailUrl":"https:\/\/kaiser-kuehne.com\/wp-content\/uploads\/product-media\/2026-05-01_22-00-05\/123091153\/941000210-Produktbild.jpg","datePublished":"2026-05-01T22:02:32+00:00","dateModified":"2026-05-01T22:02:33+00:00","breadcrumb":{"@id":"https:\/\/kaiser-kuehne.com\/produkt\/941000210-tunnel-wendelrutsche-30-38-ah-600-m\/#breadcrumb"},"inLanguage":"en-GB","potentialAction":[{"@type":"ReadAction","target":["https:\/\/kaiser-kuehne.com\/produkt\/941000210-tunnel-wendelrutsche-30-38-ah-600-m\/"]}]},{"@type":"ImageObject","inLanguage":"en-GB","@id":"https:\/\/kaiser-kuehne.com\/produkt\/941000210-tunnel-wendelrutsche-30-38-ah-600-m\/#primaryimage","url":"https:\/\/kaiser-kuehne.com\/wp-content\/uploads\/product-media\/2026-05-01_22-00-05\/123091153\/941000210-Produktbild.jpg","contentUrl":"https:\/\/kaiser-kuehne.com\/wp-content\/uploads\/product-media\/2026-05-01_22-00-05\/123091153\/941000210-Produktbild.jpg","width":1920,"height":1080,"caption":"Tunnel-Wendelrutsche 30\u00b0\/38\u00b0 Ah 6,00 m"},{"@type":"BreadcrumbList","@id":"https:\/\/kaiser-kuehne.com\/produkt\/941000210-tunnel-wendelrutsche-30-38-ah-600-m\/#breadcrumb","itemListElement":[{"@type":"ListItem","position":1,"name":"Startseite","item":"https:\/\/kaiser-kuehne.com\/"},{"@type":"ListItem","position":2,"name":"Produkte","item":"https:\/\/kaiser-kuehne.com\/produkte\/"},{"@type":"ListItem","position":3,"name":"Tunnel-Wendelrutsche 30\u00b0\/38\u00b0 Ah 6,00 m"}]},{"@type":"WebSite","@id":"https:\/\/kaiser-kuehne.com\/#website","url":"https:\/\/kaiser-kuehne.com\/","name":"Kaiser &amp; K\u00fchne","description":"Premium Playgrounds","publisher":{"@id":"https:\/\/kaiser-kuehne.com\/#organization"},"alternateName":"Kaiser und K\u00fchne","potentialAction":[{"@type":"SearchAction","target":{"@type":"EntryPoint","urlTemplate":"https:\/\/kaiser-kuehne.com\/?s={search_term_string}"},"query-input":{"@type":"PropertyValueSpecification","valueRequired":true,"valueName":"search_term_string"}}],"inLanguage":"en-GB"},{"@type":"Organization","@id":"https:\/\/kaiser-kuehne.com\/#organization","name":"Kaiser &amp; K\u00fchne","url":"https:\/\/kaiser-kuehne.com\/","logo":{"@type":"ImageObject","inLanguage":"en-GB","@id":"https:\/\/kaiser-kuehne.com\/#\/schema\/logo\/image\/","url":"https:\/\/kaiser-kuehne.com\/wp-content\/uploads\/2025\/06\/kaiserkuehne-logo-color.svg","contentUrl":"https:\/\/kaiser-kuehne.com\/wp-content\/uploads\/2025\/06\/kaiserkuehne-logo-color.svg","width":1,"height":1,"caption":"Kaiser & K\u00fchne"},"image":{"@id":"https:\/\/kaiser-kuehne.com\/#\/schema\/logo\/image\/"},"sameAs":["https:\/\/www.instagram.com\/kaiser_kuehne\/?hl=de","https:\/\/de.linkedin.com\/company\/kaiser-kuehne"]}]}},"_links":{"self":[{"href":"https:\/\/kaiser-kuehne.com\/en\/wp-json\/wp\/v2\/product\/79752","targetHints":{"allow":["GET"]}}],"collection":[{"href":"https:\/\/kaiser-kuehne.com\/en\/wp-json\/wp\/v2\/product"}],"about":[{"href":"https:\/\/kaiser-kuehne.com\/en\/wp-json\/wp\/v2\/types\/product"}],"replies":[{"embeddable":true,"href":"https:\/\/kaiser-kuehne.com\/en\/wp-json\/wp\/v2\/comments?post=79752"}],"wp:featuredmedia":[{"embeddable":true,"href":"https:\/\/kaiser-kuehne.com\/en\/wp-json\/wp\/v2\/media\/219991"}],"wp:attachment":[{"href":"https:\/\/kaiser-kuehne.com\/en\/wp-json\/wp\/v2\/media?parent=79752"}],"wp:term":[{"taxonomy":"product_brand","embeddable":true,"href":"https:\/\/kaiser-kuehne.com\/en\/wp-json\/wp\/v2\/product_brand?post=79752"},{"taxonomy":"product_cat","embeddable":true,"href":"https:\/\/kaiser-kuehne.com\/en\/wp-json\/wp\/v2\/product_cat?post=79752"},{"taxonomy":"product_tag","embeddable":true,"href":"https:\/\/kaiser-kuehne.com\/en\/wp-json\/wp\/v2\/product_tag?post=79752"}],"curies":[{"name":"wp","href":"https:\/\/api.w.org\/{rel}","templated":true}]}}