{"id":79639,"date":"2026-05-02T00:02:22","date_gmt":"2026-05-01T22:02:22","guid":{"rendered":"https:\/\/final.kaiserundkuehne.de\/produkt\/041448001-anbau-breitrutsche-160\/"},"modified":"2026-05-02T00:02:23","modified_gmt":"2026-05-01T22:02:23","slug":"041448001-extension-wide-slide-160","status":"publish","type":"product","link":"https:\/\/kaiser-kuehne.com\/en\/produkt\/041448001-anbau-breitrutsche-160\/","title":{"rendered":"Wide slide (1,60 m) flange fastening"},"content":{"rendered":"<p>Technical data<br \/>\nFloor area: 1.10 x 3.50 m<br \/>\nMinimum space: 4.36 x 7.09 m<br \/>\nMounting height: 1.60 m<br \/>\nSeat height: 1.70 m<br \/>\nSlide inclination: 36\u00b0<br \/>\nSlide width: 1.10 m<br \/>\nSliding plate thickness: 2.5 mm<br \/>\nWeight: 145 kg in total<\/p>\n<p>One-piece stainless steel construction, with additional support in the outlet area. Particularly low-noise due to trough shape. Please note that a surface suitable for flanging (wooden platform or planks, concrete foundation or similar) must be provided on site in the area of the flange on the slide seat.<\/p>\n<p>For your planning, please note that stainless steel slides should be orientated to the north-east or in the partial shade of trees due to the possible heating of the slide surface.<\/p>\n<p>Foundation (on site)<br \/>\n1 piece 0.40 x 1.25 x 0.40 m<br \/>\nConcrete quantity: 0.20 m\u00b3<\/p>\n<p>Assembly time<br \/>\nis delivered in one piece<br \/>\n(without foundation)<\/p>\n<p>Free fall height<br \/>\nmax. 1.70 m<\/p>\n<p>Suitable for<br \/>\nChildren aged 3 and over,<br \/>\nPublic playgrounds<br \/>\nPhysical activities<\/p>\n<p>Item number: 041448001<\/p>","protected":false},"excerpt":{"rendered":"<p>Technische Daten Grundfl\u00e4che: 1,10 x 3,50 m Mindestraum: 4,36 x 7,09 m Anbauh\u00f6he: 1,60 m Einsitzh\u00f6he: 1,70 m Rutschenneigung: 36\u00b0 Rutschenbreite: 1,10 m Rutschblechdicke: 2,5 mm Gewicht: 145 kg insgesamt Einteilige Edelstahlkonstruktion, mit zus\u00e4tzlicher St\u00fctze im Auslaufbereich. Durch Muldenform besonders ger\u00e4uscharm. Bitte beachten Sie, dass im Bereich des Flansches am Rutscheneinsitz ein zum Flanschen geeigneter [&hellip;]<\/p>\n","protected":false},"featured_media":219888,"comment_status":"closed","ping_status":"open","template":"","meta":{"_acf_changed":false,"_et_pb_use_builder":"","_et_pb_old_content":"","_et_gb_content_width":""},"product_brand":[],"product_cat":[82],"product_tag":[],"class_list":{"0":"post-79639","1":"product","2":"type-product","3":"status-publish","4":"has-post-thumbnail","6":"product_cat-rutschen","7":"pa_aktivitaeten-bewegungsaktivitaet","8":"pa_aktivitaeten-rutschen","9":"pa_altersgruppe-72","10":"pa_einsatzgebiete-oeffentliche-spielplaetze","11":"pa_hebezeug-false","12":"pa_inklusionsattribute-einzelspiele","13":"pa_inklusionsattribute-funktionelles-spielen","14":"pa_inklusionsattribute-geschwindigkeit","15":"pa_inklusionsattribute-gruppenspiele","16":"pa_inklusionsattribute-hoehenerfahrung","18":"first","19":"instock","20":"purchasable","21":"product-type-simple"},"acf":[],"yoast_head":"<!-- This site is optimized with the Yoast SEO plugin v27.4 - https:\/\/yoast.com\/product\/yoast-seo-wordpress\/ -->\n<title>Anbau-Breitrutsche (1,60) | Kaiser &amp; K\u00fchne<\/title>\n<meta name=\"robots\" content=\"index, follow, max-snippet:-1, max-image-preview:large, max-video-preview:-1\" \/>\n<link rel=\"canonical\" href=\"https:\/\/kaiser-kuehne.com\/en\/product\/041448001-extension-wide-slide-160\/\" \/>\n<meta property=\"og:locale\" content=\"en_GB\" \/>\n<meta property=\"og:type\" content=\"article\" \/>\n<meta property=\"og:title\" content=\"Anbau-Breitrutsche (1,60) | Kaiser &amp; K\u00fchne\" \/>\n<meta property=\"og:description\" content=\"Technische Daten Grundfl\u00e4che: 1,10 x 3,50 m Mindestraum: 4,36 x 7,09 m Anbauh\u00f6he: 1,60 m Einsitzh\u00f6he: 1,70 m Rutschenneigung: 36\u00b0 Rutschenbreite: 1,10 m Rutschblechdicke: 2,5 mm Gewicht: 145 kg insgesamt Einteilige Edelstahlkonstruktion, mit zus\u00e4tzlicher St\u00fctze im Auslaufbereich. Durch Muldenform besonders ger\u00e4uscharm. Bitte beachten Sie, dass im Bereich des Flansches am Rutscheneinsitz ein zum Flanschen geeigneter [&hellip;]\" \/>\n<meta property=\"og:url\" content=\"https:\/\/kaiser-kuehne.com\/en\/product\/041448001-extension-wide-slide-160\/\" \/>\n<meta property=\"og:site_name\" content=\"Kaiser &amp; K\u00fchne\" \/>\n<meta property=\"article:modified_time\" content=\"2026-05-01T22:02:23+00:00\" \/>\n<meta property=\"og:image\" content=\"https:\/\/kaiser-kuehne.com\/wp-content\/uploads\/2025\/09\/Bildschirmfoto-2025-09-05-um-13.34.55-1024x511.png\" \/>\n\t<meta property=\"og:image:width\" content=\"1024\" \/>\n\t<meta property=\"og:image:height\" content=\"511\" \/>\n\t<meta property=\"og:image:type\" content=\"image\/png\" \/>\n<meta name=\"twitter:card\" content=\"summary_large_image\" \/>\n<meta name=\"twitter:label1\" content=\"Estimated reading time\" \/>\n\t<meta name=\"twitter:data1\" content=\"1 minute\" \/>\n<script type=\"application\/ld+json\" class=\"yoast-schema-graph\">{\"@context\":\"https:\\\/\\\/schema.org\",\"@graph\":[{\"@type\":\"WebPage\",\"@id\":\"https:\\\/\\\/kaiser-kuehne.com\\\/produkt\\\/041448001-anbau-breitrutsche-160\\\/\",\"url\":\"https:\\\/\\\/kaiser-kuehne.com\\\/produkt\\\/041448001-anbau-breitrutsche-160\\\/\",\"name\":\"Anbau-Breitrutsche (1,60) | Kaiser &amp; K\u00fchne\",\"isPartOf\":{\"@id\":\"https:\\\/\\\/kaiser-kuehne.com\\\/#website\"},\"primaryImageOfPage\":{\"@id\":\"https:\\\/\\\/kaiser-kuehne.com\\\/produkt\\\/041448001-anbau-breitrutsche-160\\\/#primaryimage\"},\"image\":{\"@id\":\"https:\\\/\\\/kaiser-kuehne.com\\\/produkt\\\/041448001-anbau-breitrutsche-160\\\/#primaryimage\"},\"thumbnailUrl\":\"https:\\\/\\\/kaiser-kuehne.com\\\/wp-content\\\/uploads\\\/product-media\\\/2026-05-01_22-00-05\\\/123112812\\\/041448001-Produktbild.jpg\",\"datePublished\":\"2026-05-01T22:02:22+00:00\",\"dateModified\":\"2026-05-01T22:02:23+00:00\",\"breadcrumb\":{\"@id\":\"https:\\\/\\\/kaiser-kuehne.com\\\/produkt\\\/041448001-anbau-breitrutsche-160\\\/#breadcrumb\"},\"inLanguage\":\"en-GB\",\"potentialAction\":[{\"@type\":\"ReadAction\",\"target\":[\"https:\\\/\\\/kaiser-kuehne.com\\\/produkt\\\/041448001-anbau-breitrutsche-160\\\/\"]}]},{\"@type\":\"ImageObject\",\"inLanguage\":\"en-GB\",\"@id\":\"https:\\\/\\\/kaiser-kuehne.com\\\/produkt\\\/041448001-anbau-breitrutsche-160\\\/#primaryimage\",\"url\":\"https:\\\/\\\/kaiser-kuehne.com\\\/wp-content\\\/uploads\\\/product-media\\\/2026-05-01_22-00-05\\\/123112812\\\/041448001-Produktbild.jpg\",\"contentUrl\":\"https:\\\/\\\/kaiser-kuehne.com\\\/wp-content\\\/uploads\\\/product-media\\\/2026-05-01_22-00-05\\\/123112812\\\/041448001-Produktbild.jpg\",\"width\":1920,\"height\":1080,\"caption\":\"Anbau-Breitrutsche (1,60)\"},{\"@type\":\"BreadcrumbList\",\"@id\":\"https:\\\/\\\/kaiser-kuehne.com\\\/produkt\\\/041448001-anbau-breitrutsche-160\\\/#breadcrumb\",\"itemListElement\":[{\"@type\":\"ListItem\",\"position\":1,\"name\":\"Startseite\",\"item\":\"https:\\\/\\\/kaiser-kuehne.com\\\/\"},{\"@type\":\"ListItem\",\"position\":2,\"name\":\"Produkte\",\"item\":\"https:\\\/\\\/kaiser-kuehne.com\\\/produkte\\\/\"},{\"@type\":\"ListItem\",\"position\":3,\"name\":\"Anbau-Breitrutsche (1,60)\"}]},{\"@type\":\"WebSite\",\"@id\":\"https:\\\/\\\/kaiser-kuehne.com\\\/#website\",\"url\":\"https:\\\/\\\/kaiser-kuehne.com\\\/\",\"name\":\"Kaiser & K\u00fchne\",\"description\":\"Premium Playgrounds\",\"publisher\":{\"@id\":\"https:\\\/\\\/kaiser-kuehne.com\\\/#organization\"},\"alternateName\":\"Kaiser und K\u00fchne\",\"potentialAction\":[{\"@type\":\"SearchAction\",\"target\":{\"@type\":\"EntryPoint\",\"urlTemplate\":\"https:\\\/\\\/kaiser-kuehne.com\\\/?s={search_term_string}\"},\"query-input\":{\"@type\":\"PropertyValueSpecification\",\"valueRequired\":true,\"valueName\":\"search_term_string\"}}],\"inLanguage\":\"en-GB\"},{\"@type\":\"Organization\",\"@id\":\"https:\\\/\\\/kaiser-kuehne.com\\\/#organization\",\"name\":\"Kaiser & K\u00fchne\",\"url\":\"https:\\\/\\\/kaiser-kuehne.com\\\/\",\"logo\":{\"@type\":\"ImageObject\",\"inLanguage\":\"en-GB\",\"@id\":\"https:\\\/\\\/kaiser-kuehne.com\\\/#\\\/schema\\\/logo\\\/image\\\/\",\"url\":\"https:\\\/\\\/kaiser-kuehne.com\\\/wp-content\\\/uploads\\\/2025\\\/06\\\/kaiserkuehne-logo-color.svg\",\"contentUrl\":\"https:\\\/\\\/kaiser-kuehne.com\\\/wp-content\\\/uploads\\\/2025\\\/06\\\/kaiserkuehne-logo-color.svg\",\"width\":1,\"height\":1,\"caption\":\"Kaiser & K\u00fchne\"},\"image\":{\"@id\":\"https:\\\/\\\/kaiser-kuehne.com\\\/#\\\/schema\\\/logo\\\/image\\\/\"},\"sameAs\":[\"https:\\\/\\\/www.instagram.com\\\/kaiser_kuehne\\\/?hl=de\",\"https:\\\/\\\/de.linkedin.com\\\/company\\\/kaiser-kuehne\"]}]}<\/script>\n<!-- \/ Yoast SEO plugin. -->","yoast_head_json":{"title":"Extension wide slide (1.60) | Kaiser &amp; K\u00fchne","robots":{"index":"index","follow":"follow","max-snippet":"max-snippet:-1","max-image-preview":"max-image-preview:large","max-video-preview":"max-video-preview:-1"},"canonical":"https:\/\/kaiser-kuehne.com\/en\/product\/041448001-extension-wide-slide-160\/","og_locale":"en_GB","og_type":"article","og_title":"Anbau-Breitrutsche (1,60) | Kaiser &amp; K\u00fchne","og_description":"Technische Daten Grundfl\u00e4che: 1,10 x 3,50 m Mindestraum: 4,36 x 7,09 m Anbauh\u00f6he: 1,60 m Einsitzh\u00f6he: 1,70 m Rutschenneigung: 36\u00b0 Rutschenbreite: 1,10 m Rutschblechdicke: 2,5 mm Gewicht: 145 kg insgesamt Einteilige Edelstahlkonstruktion, mit zus\u00e4tzlicher St\u00fctze im Auslaufbereich. Durch Muldenform besonders ger\u00e4uscharm. Bitte beachten Sie, dass im Bereich des Flansches am Rutscheneinsitz ein zum Flanschen geeigneter [&hellip;]","og_url":"https:\/\/kaiser-kuehne.com\/en\/product\/041448001-extension-wide-slide-160\/","og_site_name":"Kaiser &amp; K\u00fchne","article_modified_time":"2026-05-01T22:02:23+00:00","og_image":[{"width":1024,"height":511,"url":"https:\/\/kaiser-kuehne.com\/wp-content\/uploads\/2025\/09\/Bildschirmfoto-2025-09-05-um-13.34.55-1024x511.png","type":"image\/png"}],"twitter_card":"summary_large_image","twitter_misc":{"Estimated reading time":"1 minute"},"schema":{"@context":"https:\/\/schema.org","@graph":[{"@type":"WebPage","@id":"https:\/\/kaiser-kuehne.com\/produkt\/041448001-anbau-breitrutsche-160\/","url":"https:\/\/kaiser-kuehne.com\/produkt\/041448001-anbau-breitrutsche-160\/","name":"Extension wide slide (1.60) | Kaiser &amp; K\u00fchne","isPartOf":{"@id":"https:\/\/kaiser-kuehne.com\/#website"},"primaryImageOfPage":{"@id":"https:\/\/kaiser-kuehne.com\/produkt\/041448001-anbau-breitrutsche-160\/#primaryimage"},"image":{"@id":"https:\/\/kaiser-kuehne.com\/produkt\/041448001-anbau-breitrutsche-160\/#primaryimage"},"thumbnailUrl":"https:\/\/kaiser-kuehne.com\/wp-content\/uploads\/product-media\/2026-05-01_22-00-05\/123112812\/041448001-Produktbild.jpg","datePublished":"2026-05-01T22:02:22+00:00","dateModified":"2026-05-01T22:02:23+00:00","breadcrumb":{"@id":"https:\/\/kaiser-kuehne.com\/produkt\/041448001-anbau-breitrutsche-160\/#breadcrumb"},"inLanguage":"en-GB","potentialAction":[{"@type":"ReadAction","target":["https:\/\/kaiser-kuehne.com\/produkt\/041448001-anbau-breitrutsche-160\/"]}]},{"@type":"ImageObject","inLanguage":"en-GB","@id":"https:\/\/kaiser-kuehne.com\/produkt\/041448001-anbau-breitrutsche-160\/#primaryimage","url":"https:\/\/kaiser-kuehne.com\/wp-content\/uploads\/product-media\/2026-05-01_22-00-05\/123112812\/041448001-Produktbild.jpg","contentUrl":"https:\/\/kaiser-kuehne.com\/wp-content\/uploads\/product-media\/2026-05-01_22-00-05\/123112812\/041448001-Produktbild.jpg","width":1920,"height":1080,"caption":"Anbau-Breitrutsche (1,60)"},{"@type":"BreadcrumbList","@id":"https:\/\/kaiser-kuehne.com\/produkt\/041448001-anbau-breitrutsche-160\/#breadcrumb","itemListElement":[{"@type":"ListItem","position":1,"name":"Startseite","item":"https:\/\/kaiser-kuehne.com\/"},{"@type":"ListItem","position":2,"name":"Produkte","item":"https:\/\/kaiser-kuehne.com\/produkte\/"},{"@type":"ListItem","position":3,"name":"Anbau-Breitrutsche (1,60)"}]},{"@type":"WebSite","@id":"https:\/\/kaiser-kuehne.com\/#website","url":"https:\/\/kaiser-kuehne.com\/","name":"Kaiser &amp; K\u00fchne","description":"Premium Playgrounds","publisher":{"@id":"https:\/\/kaiser-kuehne.com\/#organization"},"alternateName":"Kaiser und K\u00fchne","potentialAction":[{"@type":"SearchAction","target":{"@type":"EntryPoint","urlTemplate":"https:\/\/kaiser-kuehne.com\/?s={search_term_string}"},"query-input":{"@type":"PropertyValueSpecification","valueRequired":true,"valueName":"search_term_string"}}],"inLanguage":"en-GB"},{"@type":"Organization","@id":"https:\/\/kaiser-kuehne.com\/#organization","name":"Kaiser &amp; K\u00fchne","url":"https:\/\/kaiser-kuehne.com\/","logo":{"@type":"ImageObject","inLanguage":"en-GB","@id":"https:\/\/kaiser-kuehne.com\/#\/schema\/logo\/image\/","url":"https:\/\/kaiser-kuehne.com\/wp-content\/uploads\/2025\/06\/kaiserkuehne-logo-color.svg","contentUrl":"https:\/\/kaiser-kuehne.com\/wp-content\/uploads\/2025\/06\/kaiserkuehne-logo-color.svg","width":1,"height":1,"caption":"Kaiser & K\u00fchne"},"image":{"@id":"https:\/\/kaiser-kuehne.com\/#\/schema\/logo\/image\/"},"sameAs":["https:\/\/www.instagram.com\/kaiser_kuehne\/?hl=de","https:\/\/de.linkedin.com\/company\/kaiser-kuehne"]}]}},"_links":{"self":[{"href":"https:\/\/kaiser-kuehne.com\/en\/wp-json\/wp\/v2\/product\/79639","targetHints":{"allow":["GET"]}}],"collection":[{"href":"https:\/\/kaiser-kuehne.com\/en\/wp-json\/wp\/v2\/product"}],"about":[{"href":"https:\/\/kaiser-kuehne.com\/en\/wp-json\/wp\/v2\/types\/product"}],"replies":[{"embeddable":true,"href":"https:\/\/kaiser-kuehne.com\/en\/wp-json\/wp\/v2\/comments?post=79639"}],"wp:featuredmedia":[{"embeddable":true,"href":"https:\/\/kaiser-kuehne.com\/en\/wp-json\/wp\/v2\/media\/219888"}],"wp:attachment":[{"href":"https:\/\/kaiser-kuehne.com\/en\/wp-json\/wp\/v2\/media?parent=79639"}],"wp:term":[{"taxonomy":"product_brand","embeddable":true,"href":"https:\/\/kaiser-kuehne.com\/en\/wp-json\/wp\/v2\/product_brand?post=79639"},{"taxonomy":"product_cat","embeddable":true,"href":"https:\/\/kaiser-kuehne.com\/en\/wp-json\/wp\/v2\/product_cat?post=79639"},{"taxonomy":"product_tag","embeddable":true,"href":"https:\/\/kaiser-kuehne.com\/en\/wp-json\/wp\/v2\/product_tag?post=79639"}],"curies":[{"name":"wp","href":"https:\/\/api.w.org\/{rel}","templated":true}]}}