{"id":79559,"date":"2026-04-25T00:02:20","date_gmt":"2026-04-24T22:02:20","guid":{"rendered":"https:\/\/final.kaiserundkuehne.de\/produkt\/041424001-anbau-muldenrutsche-240\/"},"modified":"2026-04-25T00:02:22","modified_gmt":"2026-04-24T22:02:22","slug":"041424001-attachment-of-trough-chute-240","status":"publish","type":"product","link":"https:\/\/kaiser-kuehne.com\/en\/produkt\/041424001-anbau-muldenrutsche-240\/","title":{"rendered":"Built-in trough slide (2.40)"},"content":{"rendered":"<p>Technical data<br \/>\nBase area: 0.60 x 5.25 m<br \/>\nMinimum space: 4.93 x 9.40 m<br \/>\nMounting height: 2.40 m<br \/>\nSeat height: 2.50 m<br \/>\nSlide inclination: 36\u00b0<br \/>\nSlide width: 0.60 m<br \/>\nSliding plate thickness: 2.5 mm<br \/>\nWeight: 165 kg in total<\/p>\n<p>One-piece stainless steel construction, with additional support in the outlet area. Speed regulation via shaft. Particularly quiet due to trough shape. Slide must be dowelled onto a strip foundation or other suitable surface.<br \/>\nPlease note that a suitable base (wooden platform or planks, concrete foundation or similar) must be available on site in the area of the flange on the slide seat.<\/p>\n<p>Including K&amp;K slide support posts for the wave area and mounting flange. Each made of stainless steel.<\/p>\n<p>For your planning, please note that stainless steel slides should be orientated to the north-east or in the partial shade of trees due to the possible heating of the slide surface.<\/p>\n<p>Foundations (client-provided)<br \/>\n1 piece 0.90 x 0.75 x 0.40 m<br \/>\n1 piece 0.40 x 0.40 x 0.60 m<br \/>\nConcrete volume: 0.37 m\u00b3<\/p>\n<p>Assembly time<br \/>\nis delivered in one piece<br \/>\n(without foundation)<\/p>\n<p>Free fall height<br \/>\nmax. 2.50 m<\/p>\n<p>Suitable for<br \/>\nChildren aged 5 and over,<br \/>\nPublic playgrounds<br \/>\nPhysical activities<\/p>\n<p>Item number: 041424001<\/p>","protected":false},"excerpt":{"rendered":"<p>Technische Daten Grundfl\u00e4che: 0,60 x 5,25 m Mindestraum: 4,93 x 9,40 m Anbauh\u00f6he: 2,40 m Einsitzh\u00f6he: 2,50 m Rutschenneigung: 36\u00b0 Rutschenbreite: 0,60 m Rutschblechdicke: 2,5 mm Gewicht: 165 kg insgesamt Einteilige Edelstahlkonstruktion, mit zus\u00e4tzlicher St\u00fctze im Auslaufbereich. Geschwindigkeitsregulierung durch Welle. Durch Muldenform besonders ger\u00e4uscharm. Rutsche muss auf ein Streifenfundament oder einen anderen geeeigneten Untergrund aufged\u00fcbelt [&hellip;]<\/p>\n","protected":false},"featured_media":200844,"comment_status":"closed","ping_status":"open","template":"","meta":{"_acf_changed":false,"_et_pb_use_builder":"","_et_pb_old_content":"","_et_gb_content_width":""},"product_brand":[],"product_cat":[82],"product_tag":[],"class_list":{"0":"post-79559","1":"product","2":"type-product","3":"status-publish","4":"has-post-thumbnail","6":"product_cat-rutschen","7":"pa_aktivitaeten-bewegungsaktivitaet","8":"pa_aktivitaeten-rutschen","9":"pa_altersgruppe-75","10":"pa_einsatzgebiete-oeffentliche-spielplaetze","11":"pa_hebezeug-false","12":"pa_inklusionsattribute-einzelspiele","13":"pa_inklusionsattribute-funktionelles-spielen","14":"pa_inklusionsattribute-geschwindigkeit","15":"pa_inklusionsattribute-gruppenspiele","16":"pa_inklusionsattribute-hoehenerfahrung","18":"first","19":"instock","20":"purchasable","21":"product-type-simple"},"acf":[],"yoast_head":"<!-- This site is optimized with the Yoast SEO plugin v27.4 - https:\/\/yoast.com\/product\/yoast-seo-wordpress\/ -->\n<title>Anbau-Muldenrutsche (2,40) | Kaiser &amp; K\u00fchne<\/title>\n<meta name=\"robots\" content=\"index, follow, max-snippet:-1, max-image-preview:large, max-video-preview:-1\" \/>\n<link rel=\"canonical\" href=\"https:\/\/kaiser-kuehne.com\/en\/product\/041424001-attachment-of-trough-chute-240\/\" \/>\n<meta property=\"og:locale\" content=\"en_GB\" \/>\n<meta property=\"og:type\" content=\"article\" \/>\n<meta property=\"og:title\" content=\"Anbau-Muldenrutsche (2,40) | Kaiser &amp; K\u00fchne\" \/>\n<meta property=\"og:description\" content=\"Technische Daten Grundfl\u00e4che: 0,60 x 5,25 m Mindestraum: 4,93 x 9,40 m Anbauh\u00f6he: 2,40 m Einsitzh\u00f6he: 2,50 m Rutschenneigung: 36\u00b0 Rutschenbreite: 0,60 m Rutschblechdicke: 2,5 mm Gewicht: 165 kg insgesamt Einteilige Edelstahlkonstruktion, mit zus\u00e4tzlicher St\u00fctze im Auslaufbereich. Geschwindigkeitsregulierung durch Welle. Durch Muldenform besonders ger\u00e4uscharm. Rutsche muss auf ein Streifenfundament oder einen anderen geeeigneten Untergrund aufged\u00fcbelt [&hellip;]\" \/>\n<meta property=\"og:url\" content=\"https:\/\/kaiser-kuehne.com\/en\/product\/041424001-attachment-of-trough-chute-240\/\" \/>\n<meta property=\"og:site_name\" content=\"Kaiser &amp; K\u00fchne\" \/>\n<meta property=\"article:modified_time\" content=\"2026-04-24T22:02:22+00:00\" \/>\n<meta property=\"og:image\" content=\"https:\/\/kaiser-kuehne.com\/wp-content\/uploads\/2025\/09\/Bildschirmfoto-2025-09-05-um-13.34.55-1024x511.png\" \/>\n\t<meta property=\"og:image:width\" content=\"1024\" \/>\n\t<meta property=\"og:image:height\" content=\"511\" \/>\n\t<meta property=\"og:image:type\" content=\"image\/png\" \/>\n<meta name=\"twitter:card\" content=\"summary_large_image\" \/>\n<meta name=\"twitter:label1\" content=\"Estimated reading time\" \/>\n\t<meta name=\"twitter:data1\" content=\"1 minute\" \/>\n<script type=\"application\/ld+json\" class=\"yoast-schema-graph\">{\"@context\":\"https:\\\/\\\/schema.org\",\"@graph\":[{\"@type\":\"WebPage\",\"@id\":\"https:\\\/\\\/kaiser-kuehne.com\\\/produkt\\\/041424001-anbau-muldenrutsche-240\\\/\",\"url\":\"https:\\\/\\\/kaiser-kuehne.com\\\/produkt\\\/041424001-anbau-muldenrutsche-240\\\/\",\"name\":\"Anbau-Muldenrutsche (2,40) | Kaiser &amp; K\u00fchne\",\"isPartOf\":{\"@id\":\"https:\\\/\\\/kaiser-kuehne.com\\\/#website\"},\"primaryImageOfPage\":{\"@id\":\"https:\\\/\\\/kaiser-kuehne.com\\\/produkt\\\/041424001-anbau-muldenrutsche-240\\\/#primaryimage\"},\"image\":{\"@id\":\"https:\\\/\\\/kaiser-kuehne.com\\\/produkt\\\/041424001-anbau-muldenrutsche-240\\\/#primaryimage\"},\"thumbnailUrl\":\"https:\\\/\\\/kaiser-kuehne.com\\\/wp-content\\\/uploads\\\/product-media\\\/2026-04-24_22-00-04\\\/123112804\\\/041424001-Produktbild.jpg\",\"datePublished\":\"2026-04-24T22:02:20+00:00\",\"dateModified\":\"2026-04-24T22:02:22+00:00\",\"breadcrumb\":{\"@id\":\"https:\\\/\\\/kaiser-kuehne.com\\\/produkt\\\/041424001-anbau-muldenrutsche-240\\\/#breadcrumb\"},\"inLanguage\":\"en-GB\",\"potentialAction\":[{\"@type\":\"ReadAction\",\"target\":[\"https:\\\/\\\/kaiser-kuehne.com\\\/produkt\\\/041424001-anbau-muldenrutsche-240\\\/\"]}]},{\"@type\":\"ImageObject\",\"inLanguage\":\"en-GB\",\"@id\":\"https:\\\/\\\/kaiser-kuehne.com\\\/produkt\\\/041424001-anbau-muldenrutsche-240\\\/#primaryimage\",\"url\":\"https:\\\/\\\/kaiser-kuehne.com\\\/wp-content\\\/uploads\\\/product-media\\\/2026-04-24_22-00-04\\\/123112804\\\/041424001-Produktbild.jpg\",\"contentUrl\":\"https:\\\/\\\/kaiser-kuehne.com\\\/wp-content\\\/uploads\\\/product-media\\\/2026-04-24_22-00-04\\\/123112804\\\/041424001-Produktbild.jpg\",\"width\":1920,\"height\":1080,\"caption\":\"Anbau-Muldenrutsche (2,40)\"},{\"@type\":\"BreadcrumbList\",\"@id\":\"https:\\\/\\\/kaiser-kuehne.com\\\/produkt\\\/041424001-anbau-muldenrutsche-240\\\/#breadcrumb\",\"itemListElement\":[{\"@type\":\"ListItem\",\"position\":1,\"name\":\"Startseite\",\"item\":\"https:\\\/\\\/kaiser-kuehne.com\\\/\"},{\"@type\":\"ListItem\",\"position\":2,\"name\":\"Produkte\",\"item\":\"https:\\\/\\\/kaiser-kuehne.com\\\/produkte\\\/\"},{\"@type\":\"ListItem\",\"position\":3,\"name\":\"Anbau-Muldenrutsche (2,40)\"}]},{\"@type\":\"WebSite\",\"@id\":\"https:\\\/\\\/kaiser-kuehne.com\\\/#website\",\"url\":\"https:\\\/\\\/kaiser-kuehne.com\\\/\",\"name\":\"Kaiser & K\u00fchne\",\"description\":\"Premium Playgrounds\",\"publisher\":{\"@id\":\"https:\\\/\\\/kaiser-kuehne.com\\\/#organization\"},\"alternateName\":\"Kaiser und K\u00fchne\",\"potentialAction\":[{\"@type\":\"SearchAction\",\"target\":{\"@type\":\"EntryPoint\",\"urlTemplate\":\"https:\\\/\\\/kaiser-kuehne.com\\\/?s={search_term_string}\"},\"query-input\":{\"@type\":\"PropertyValueSpecification\",\"valueRequired\":true,\"valueName\":\"search_term_string\"}}],\"inLanguage\":\"en-GB\"},{\"@type\":\"Organization\",\"@id\":\"https:\\\/\\\/kaiser-kuehne.com\\\/#organization\",\"name\":\"Kaiser & K\u00fchne\",\"url\":\"https:\\\/\\\/kaiser-kuehne.com\\\/\",\"logo\":{\"@type\":\"ImageObject\",\"inLanguage\":\"en-GB\",\"@id\":\"https:\\\/\\\/kaiser-kuehne.com\\\/#\\\/schema\\\/logo\\\/image\\\/\",\"url\":\"https:\\\/\\\/kaiser-kuehne.com\\\/wp-content\\\/uploads\\\/2025\\\/06\\\/kaiserkuehne-logo-color.svg\",\"contentUrl\":\"https:\\\/\\\/kaiser-kuehne.com\\\/wp-content\\\/uploads\\\/2025\\\/06\\\/kaiserkuehne-logo-color.svg\",\"width\":1,\"height\":1,\"caption\":\"Kaiser & K\u00fchne\"},\"image\":{\"@id\":\"https:\\\/\\\/kaiser-kuehne.com\\\/#\\\/schema\\\/logo\\\/image\\\/\"},\"sameAs\":[\"https:\\\/\\\/www.instagram.com\\\/kaiser_kuehne\\\/?hl=de\",\"https:\\\/\\\/de.linkedin.com\\\/company\\\/kaiser-kuehne\"]}]}<\/script>\n<!-- \/ Yoast SEO plugin. -->","yoast_head_json":{"title":"Attachment trough slide (2.40) | Kaiser &amp; K\u00fchne","robots":{"index":"index","follow":"follow","max-snippet":"max-snippet:-1","max-image-preview":"max-image-preview:large","max-video-preview":"max-video-preview:-1"},"canonical":"https:\/\/kaiser-kuehne.com\/en\/product\/041424001-attachment-of-trough-chute-240\/","og_locale":"en_GB","og_type":"article","og_title":"Anbau-Muldenrutsche (2,40) | Kaiser &amp; K\u00fchne","og_description":"Technische Daten Grundfl\u00e4che: 0,60 x 5,25 m Mindestraum: 4,93 x 9,40 m Anbauh\u00f6he: 2,40 m Einsitzh\u00f6he: 2,50 m Rutschenneigung: 36\u00b0 Rutschenbreite: 0,60 m Rutschblechdicke: 2,5 mm Gewicht: 165 kg insgesamt Einteilige Edelstahlkonstruktion, mit zus\u00e4tzlicher St\u00fctze im Auslaufbereich. Geschwindigkeitsregulierung durch Welle. Durch Muldenform besonders ger\u00e4uscharm. Rutsche muss auf ein Streifenfundament oder einen anderen geeeigneten Untergrund aufged\u00fcbelt [&hellip;]","og_url":"https:\/\/kaiser-kuehne.com\/en\/product\/041424001-attachment-of-trough-chute-240\/","og_site_name":"Kaiser &amp; K\u00fchne","article_modified_time":"2026-04-24T22:02:22+00:00","og_image":[{"width":1024,"height":511,"url":"https:\/\/kaiser-kuehne.com\/wp-content\/uploads\/2025\/09\/Bildschirmfoto-2025-09-05-um-13.34.55-1024x511.png","type":"image\/png"}],"twitter_card":"summary_large_image","twitter_misc":{"Estimated reading time":"1 minute"},"schema":{"@context":"https:\/\/schema.org","@graph":[{"@type":"WebPage","@id":"https:\/\/kaiser-kuehne.com\/produkt\/041424001-anbau-muldenrutsche-240\/","url":"https:\/\/kaiser-kuehne.com\/produkt\/041424001-anbau-muldenrutsche-240\/","name":"Attachment trough slide (2.40) | Kaiser &amp; K\u00fchne","isPartOf":{"@id":"https:\/\/kaiser-kuehne.com\/#website"},"primaryImageOfPage":{"@id":"https:\/\/kaiser-kuehne.com\/produkt\/041424001-anbau-muldenrutsche-240\/#primaryimage"},"image":{"@id":"https:\/\/kaiser-kuehne.com\/produkt\/041424001-anbau-muldenrutsche-240\/#primaryimage"},"thumbnailUrl":"https:\/\/kaiser-kuehne.com\/wp-content\/uploads\/product-media\/2026-04-24_22-00-04\/123112804\/041424001-Produktbild.jpg","datePublished":"2026-04-24T22:02:20+00:00","dateModified":"2026-04-24T22:02:22+00:00","breadcrumb":{"@id":"https:\/\/kaiser-kuehne.com\/produkt\/041424001-anbau-muldenrutsche-240\/#breadcrumb"},"inLanguage":"en-GB","potentialAction":[{"@type":"ReadAction","target":["https:\/\/kaiser-kuehne.com\/produkt\/041424001-anbau-muldenrutsche-240\/"]}]},{"@type":"ImageObject","inLanguage":"en-GB","@id":"https:\/\/kaiser-kuehne.com\/produkt\/041424001-anbau-muldenrutsche-240\/#primaryimage","url":"https:\/\/kaiser-kuehne.com\/wp-content\/uploads\/product-media\/2026-04-24_22-00-04\/123112804\/041424001-Produktbild.jpg","contentUrl":"https:\/\/kaiser-kuehne.com\/wp-content\/uploads\/product-media\/2026-04-24_22-00-04\/123112804\/041424001-Produktbild.jpg","width":1920,"height":1080,"caption":"Anbau-Muldenrutsche (2,40)"},{"@type":"BreadcrumbList","@id":"https:\/\/kaiser-kuehne.com\/produkt\/041424001-anbau-muldenrutsche-240\/#breadcrumb","itemListElement":[{"@type":"ListItem","position":1,"name":"Startseite","item":"https:\/\/kaiser-kuehne.com\/"},{"@type":"ListItem","position":2,"name":"Produkte","item":"https:\/\/kaiser-kuehne.com\/produkte\/"},{"@type":"ListItem","position":3,"name":"Anbau-Muldenrutsche (2,40)"}]},{"@type":"WebSite","@id":"https:\/\/kaiser-kuehne.com\/#website","url":"https:\/\/kaiser-kuehne.com\/","name":"Kaiser &amp; K\u00fchne","description":"Premium Playgrounds","publisher":{"@id":"https:\/\/kaiser-kuehne.com\/#organization"},"alternateName":"Kaiser und K\u00fchne","potentialAction":[{"@type":"SearchAction","target":{"@type":"EntryPoint","urlTemplate":"https:\/\/kaiser-kuehne.com\/?s={search_term_string}"},"query-input":{"@type":"PropertyValueSpecification","valueRequired":true,"valueName":"search_term_string"}}],"inLanguage":"en-GB"},{"@type":"Organization","@id":"https:\/\/kaiser-kuehne.com\/#organization","name":"Kaiser &amp; K\u00fchne","url":"https:\/\/kaiser-kuehne.com\/","logo":{"@type":"ImageObject","inLanguage":"en-GB","@id":"https:\/\/kaiser-kuehne.com\/#\/schema\/logo\/image\/","url":"https:\/\/kaiser-kuehne.com\/wp-content\/uploads\/2025\/06\/kaiserkuehne-logo-color.svg","contentUrl":"https:\/\/kaiser-kuehne.com\/wp-content\/uploads\/2025\/06\/kaiserkuehne-logo-color.svg","width":1,"height":1,"caption":"Kaiser & K\u00fchne"},"image":{"@id":"https:\/\/kaiser-kuehne.com\/#\/schema\/logo\/image\/"},"sameAs":["https:\/\/www.instagram.com\/kaiser_kuehne\/?hl=de","https:\/\/de.linkedin.com\/company\/kaiser-kuehne"]}]}},"_links":{"self":[{"href":"https:\/\/kaiser-kuehne.com\/en\/wp-json\/wp\/v2\/product\/79559","targetHints":{"allow":["GET"]}}],"collection":[{"href":"https:\/\/kaiser-kuehne.com\/en\/wp-json\/wp\/v2\/product"}],"about":[{"href":"https:\/\/kaiser-kuehne.com\/en\/wp-json\/wp\/v2\/types\/product"}],"replies":[{"embeddable":true,"href":"https:\/\/kaiser-kuehne.com\/en\/wp-json\/wp\/v2\/comments?post=79559"}],"wp:featuredmedia":[{"embeddable":true,"href":"https:\/\/kaiser-kuehne.com\/en\/wp-json\/wp\/v2\/media\/200844"}],"wp:attachment":[{"href":"https:\/\/kaiser-kuehne.com\/en\/wp-json\/wp\/v2\/media?parent=79559"}],"wp:term":[{"taxonomy":"product_brand","embeddable":true,"href":"https:\/\/kaiser-kuehne.com\/en\/wp-json\/wp\/v2\/product_brand?post=79559"},{"taxonomy":"product_cat","embeddable":true,"href":"https:\/\/kaiser-kuehne.com\/en\/wp-json\/wp\/v2\/product_cat?post=79559"},{"taxonomy":"product_tag","embeddable":true,"href":"https:\/\/kaiser-kuehne.com\/en\/wp-json\/wp\/v2\/product_tag?post=79559"}],"curies":[{"name":"wp","href":"https:\/\/api.w.org\/{rel}","templated":true}]}}