{"id":199349,"date":"2026-05-02T03:09:43","date_gmt":"2026-05-02T01:09:43","guid":{"rendered":"https:\/\/kaiser-kuehne.com\/produkt\/l734000326-wasserspielanlage\/"},"modified":"2026-05-02T03:09:44","modified_gmt":"2026-05-02T01:09:44","slug":"l734000326-water-play-system","status":"publish","type":"product","link":"https:\/\/kaiser-kuehne.com\/en\/produkt\/l734000326-wasserspielanlage\/","title":{"rendered":"Water play structure"},"content":{"rendered":"<p>Technical data<br \/>\nTotal height: 3.23 m<br \/>\nFloor area: 9.90 x 10.65 m<br \/>\nMinimum space: 12.90 x 13.61 m<br \/>\nPlatform height: 0.60 m<br \/>\nRamp height at the start: 0.20 m<\/p>\n<p>Support post<br \/>\nStanding posts made of robinia plywood, cylindrically milled, \u00d8 120 mm. Unprotected end grain surfaces are covered with non-detachable stainless steel post caps.<br \/>\nStainless steel tubular base for the foundation and elevation of Robinia roundwood posts, \u00d8 120 mm, below the play level.<br \/>\nStanding posts that are flush with the platform are not fitted with a post cap.<\/p>\n<p>Platform floor<br \/>\nPlatform floor made of boards, 30 mm thick and circumferential squared timber beams 45 x 100 mm. The dried sawn timber made of robinia is planed, bevelled and free of rotting knots. Force-fit floor fastening using special stainless steel brackets with a continuous bolt connection. Pump platform with profiled stainless steel sheet.<\/p>\n<p>Attachments<br \/>\n- Railing bracket, anti-roll, made of stainless steel tube, \u00d8 33.7 x 2 mm<br \/>\n- Lattice balustrade made of stainless steel tube, \u00d8 33.7 x 2 \/ 25 x 2 mm, one-piece welded construction<br \/>\n- Panelled balustrade made of highly weather-resistant HPL laminate, fastened between stainless steel tubes \u00d8 33.7 x 2 mm<br \/>\n- Pouring tube wall made of HPL laminate with sand pouring tube including shut-off damper, fastened between stainless steel tubes \u00d8 33.7 x 2 mm<br \/>\n- Sand pouring pipe with stainless steel hemisphere<br \/>\n- Stainless steel mud table<br \/>\n- Sand lift with rubber transport container and 4 mm stainless steel chain, designed as a circumferential element so that the transport container cannot be pulled into neighbouring play areas or open spaces<br \/>\n- Platform ramp with handrails and stainless steel wheel deflectors<br \/>\n- Awning made of highly weather-resistant HPL laminate 13 mm<br \/>\n- Table made of highly weather-resistant HPL laminate 20 mm<br \/>\n- Seat plate made of highly weather-resistant HPL laminate, 20 mm<br \/>\n- Gable roof, with round eaves, pitch 45\u00b0, made of highly weather-resistant HPL laminate, 13 mm, attached to roof frame made of stainless steel tube \u00d8 33.7 x 2 mm<\/p>\n<p>Water pump article no. 0-33130-001<br \/>\nWater pump for direct connection to a water pipe, suction pipe connection 1 \u00bc inch (pipe diameter at least \u00be inch)<br \/>\nWelded stainless steel construction, encapsulated pump housing, pump mechanism with roller and plain bearings, upper pump housing with swivel must be removed, e.g. during the frost period. Cover (\u201ewinterisation plate\u201c) for the remaining pump base is supplied.<\/p>\n<p>Please note:<br \/>\nWhen connecting the water pump to a pressurised water line, the K&amp;K valve combination (item no. 0-33190-000 or 0-33195-000) is required.<br \/>\nPlease also observe the framework data specified in the installation instructions (spacing, diameter of the cables, etc.); these are available on request from K&amp;K or directly as a PDF from our website at www.kaiser-kuehne.com.<\/p>\n<p>If the water supply is intentionally interrupted temporarily (timer or similar), a negative pressure builds up in the pipe system when the pump is operated again, which causes the pump swivel to kick back.<br \/>\nIt is therefore essential to prevent the pump swivel arm from being actuated (e.g. by using the pump lock, part number 1040639).<\/p>\n<p>Water tap Article no. 0-33119-003<br \/>\nHeight: 1.10 m<br \/>\nWeight: 20 kg heaviest individual part<\/p>\n<p>Stainless steel construction with self-closing valve for direct connection (3\/4 inch) to a pressurised water pipe (equal to or larger than 1\/2 inch or equal to or larger than DN 15).<br \/>\nControl unit consisting of control module, waterproof sealed 6V battery and piezo button. Hygiene flush set at the factory (12 hours after last actuation).<br \/>\nWintering plate included.<\/p>\n<p>Note: Depending on the cleanliness of the water (suspended matter, dirt particles, etc.), we recommend installing a fine filter (e.g. K&amp;K item no. 3990039) to prevent the self-closing valve from becoming contaminated and thus prevent malfunctions. Installation and connection should be carried out by a specialised installation company.<\/p>\n<p>Flange pipe article no. 1040065<br \/>\nFlange pipe for screwing onto K&amp;K water tapping point.<br \/>\nFor setting in concrete below the play level.<\/p>\n<p>Water channel 1.60 m, 5 pieces<br \/>\nWelded stainless steel construction. Sheet thickness: min. 2 mm. Bevelled spout.<br \/>\nStepless inclination for installation for the required gradient for the inlet and outlet of the water through additional elevation<\/p>\n<p>Water channel 1.60 m with water mill<br \/>\nWelded stainless steel construction with supports and water channel for upper water supply. Sheet thickness: min. 2 mm \/ tube \u00d8 38 mm. Water mill made of 6 hemispheres with edge protection. Wheel bearings with maintenance-free roller bearings. <\/p>\n<p>Y-channel<br \/>\nY-shaped water channel with one inlet area and two outlets, sheet thickness: min. 2 mm \/ pipe \u00d8 38 mm. Stepless inclination for installation for the required gradient for the inlet and outlet of the water through additional elevations.<\/p>\n<p>Stowage flap, 4 pieces<br \/>\nStorage flap for K&amp;K water channels, freely positionable, stainless steel handle, rubber blade with fabric insert.<\/p>\n<p>Water distribution table (0.50) Article no. 0-33480-000<br \/>\nTotal height: 0.65 m<br \/>\nWelded stainless steel construction with 2 water drain pipes. Rubber cone closure with locking mechanism for complete water drainage. Sheet thickness min. 2 mm\/ pipe \u00d8 38 mm.<br \/>\nMatching ring foundation (15166) for anchoring to the flange ring and moulded stones (15167) for bricking up and levelling height differences or for secure foundation in loose fall protection (sand, fine gravel, etc.) can be supplied at an extra charge.<\/p>\n<p>Distribution tray Article no. 0-33493-000<br \/>\nHeight: approx. 1.15 m<br \/>\nWeight: 35 kg in total<br \/>\nWelded stainless steel construction with adjustable, shock-absorbing tilting mechanism for two-way water distribution, sheet thickness: min. 2 mm \/ pipe \u00d8 38 mm, with elevation and water channel with edge protection pipe \u00d8 38 x 2 mm<\/p>\n<p>Mud plate (0.25) Article no. 0-33450-000<br \/>\nWelded stainless steel construction with 6 water drainage openings. Sheet thickness: min. 2 mm \/ pipe \u00d8 38 mm. Anchored to the flange ring.<br \/>\nMatching ring foundation (15165) for anchoring to the flange ring and moulded stones (15170) for bricking up and levelling height differences or for secure foundation in loose fall protection (sand, fine gravel, etc.) can be supplied at an extra charge.<\/p>\n<p>Water bowl (0.25) Article no. 0-33430-000<br \/>\nTotal height: 0.40 m<br \/>\nWelded stainless steel construction with 1 water drainage opening. Sheet thickness: min. 2 mm\/pipe \u00d8 38 mm.<br \/>\nMatching ring foundation (15165) for anchoring to the flange ring and moulded stones (15170) for bricking up and levelling height differences or for secure foundation in loose fall protection (sand, fine gravel, etc.) can be supplied at an extra charge.<\/p>\n<p>Water table (0.50) Article no. 0-33441-000<br \/>\nTotal height: 0.65 m<br \/>\nWelded stainless steel construction with 1 water drain pipe. Rubber cone closure with locking mechanism for complete water drainage. 2 shelves. Sheet thickness: min. 2 mm \/ pipe \u00d8 38 mm. Anchored to the flange ring.<br \/>\nMatching ring foundation (15165) for anchoring to the flange ring and moulded stones (15170) for bricking up and levelling height differences or for secure foundation in loose fall protection (sand, fine gravel, etc.) can be supplied at an extra charge.<\/p>\n<p>Whirling table (0.50)<br \/>\nBase area: 0.84 x 1.84 m<br \/>\nWelded stainless steel construction with 1 water drainage opening and 5 adjustable HPL prisms as flow obstacles. Sheet thickness: min. 2 mm. Anchored to the flange ring.<br \/>\nMatching ring foundations (15165) for anchoring to the flange ring and moulded stones (15170) for bricking up and levelling height differences or for secure foundations in loose fall protection (sand, fine gravel, etc.) can be supplied at an extra charge.<\/p>\n<p>Conveyor basin Article no. 0-33215-001<br \/>\nPool height: 0.29 m<br \/>\nWelded stainless steel construction with mounting device for the base bearing of the water spiral. Water inlet directly below or e.g. with a water channel above the pipe ring. Sheet thickness min. 2 mm \/ pipe \u00d8 38 mm. Matching ring foundation (15165) for anchoring to the flange ring and moulded stones (15170) for bricking up and levelling height differences or for secure foundation in loose fall protection (sand, fine gravel, etc.) can be supplied at an extra charge.<\/p>\n<p>Water spiral (2.00) with handwheel drive and rotating disc at the top<br \/>\nSpiral length: 2.00 m<br \/>\nOuter diameter: 0.25 m<br \/>\nWelded stainless steel construction with roller bearings, screw-on foot bearing.<\/p>\n<p>Collecting basin modular RS120<br \/>\nWelded stainless steel construction for water absorption with a water drainage opening (90\u00b0). Sheet thickness min. 2 mm \/ pipe \u00d8 38 mm.<br \/>\nFor connection to posts.<\/p>\n<p>Metal components: Stainless steel.<br \/>\nThe robinia wood is treated with a water-repellent, breathable protective coating. In addition to protecting against moisture, this treatment also reduces cracking. The modular add-on parts transfer their forces directly to the uprights via a special adapter fastening. The screw connections are secured against unauthorised loosening by cover caps.<\/p>\n<p>Foundations (client-provided)<br \/>\n19 units 0.40 x 0.40 x 0.40 m<br \/>\n12 pcs. 0.50 x 0.50 x 0.50 m<br \/>\n  2 units 0.50 x 0.70 x 0.50 m<\/p>\n<p>Assembly time<br \/>\n2 fitters 16 hours each.<br \/>\n(without foundation, without water connection)<\/p>\n<p>Free fall height<br \/>\n0,90 m<\/p>\n<p>Suitable for<br \/>\nChildren aged 3 and over,<br \/>\npublic playgrounds etc.,<br \/>\nManual activities<\/p>\n<p>Each of our units is manufactured in accordance with the highest quality standards and the current EN 1176 standard, and this model serves as an inspirational suggestion and can be supplied with posts made of laminated robinia wood or stainless steel on request. The colour design is flexible and can be individually adapted to your wishes.<\/p>\n<p>Item number: L734000326<\/p>","protected":false},"excerpt":{"rendered":"<p>Technische Daten Gesamth\u00f6he: 3,23 m Grundfl\u00e4che: 9,90 x 10,65 m Mindestraum: 12,90 x 13,61 m Podesth\u00f6he: 0,60 m Rampenh\u00f6he am Start: 0,20 m Standpfosten Standpfosten aus Robinienschichtholz, zylindrisch gefr\u00e4st, \u00d8 120 mm. Ungesch\u00fctzte Hirnholzfl\u00e4chen sind mit nicht l\u00f6sbaren Pfostenkappen aus Edelstahl abgedeckt. Rohrstandfu\u00df aus Edelstahl zur Fundamentierung und Aufst\u00e4nderung von Robinien-Rundholzpfosten, \u00d8 120 mm, unterhalb [&hellip;]<\/p>\n","protected":false},"featured_media":237398,"comment_status":"closed","ping_status":"open","template":"","meta":{"_acf_changed":false,"_et_pb_use_builder":"","_et_pb_old_content":"","_et_gb_content_width":""},"product_brand":[],"product_cat":[84],"product_tag":[],"class_list":{"0":"post-199349","1":"product","2":"type-product","3":"status-publish","4":"has-post-thumbnail","6":"product_cat-sand-wasser","7":"pa_aktivitaeten-manuelle-aktivitaet","8":"pa_altersgruppe-72","9":"pa_einsatzgebiete-oeffentliche-spielplaetze","10":"pa_hebezeug-false","11":"pa_inklusionsattribute-begegnungsmoeglichkeit","12":"pa_inklusionsattribute-dramaspiel","13":"pa_inklusionsattribute-einzelspiele","14":"pa_inklusionsattribute-erforschendes-spiel","15":"pa_inklusionsattribute-feinmotorik","16":"pa_inklusionsattribute-fuehlen","17":"pa_inklusionsattribute-gruppenspiele","18":"pa_inklusionsattribute-hoehenerfahrung","19":"pa_inklusionsattribute-koordination","20":"pa_inklusionsattribute-paralleles-spielen","21":"pa_inklusionsattribute-tasten","23":"first","24":"instock","25":"purchasable","26":"product-type-simple"},"acf":[],"yoast_head":"<!-- This site is optimized with the Yoast SEO plugin v27.4 - https:\/\/yoast.com\/product\/yoast-seo-wordpress\/ -->\n<title>Wasserspielanlage | Kaiser &amp; K\u00fchne<\/title>\n<meta name=\"robots\" content=\"index, follow, max-snippet:-1, max-image-preview:large, max-video-preview:-1\" \/>\n<link rel=\"canonical\" href=\"https:\/\/kaiser-kuehne.com\/en\/product\/l734000326-water-play-system\/\" \/>\n<meta property=\"og:locale\" content=\"en_GB\" \/>\n<meta property=\"og:type\" content=\"article\" \/>\n<meta property=\"og:title\" content=\"Wasserspielanlage | Kaiser &amp; K\u00fchne\" \/>\n<meta property=\"og:description\" content=\"Technische Daten Gesamth\u00f6he: 3,23 m Grundfl\u00e4che: 9,90 x 10,65 m Mindestraum: 12,90 x 13,61 m Podesth\u00f6he: 0,60 m Rampenh\u00f6he am Start: 0,20 m Standpfosten Standpfosten aus Robinienschichtholz, zylindrisch gefr\u00e4st, \u00d8 120 mm. Ungesch\u00fctzte Hirnholzfl\u00e4chen sind mit nicht l\u00f6sbaren Pfostenkappen aus Edelstahl abgedeckt. Rohrstandfu\u00df aus Edelstahl zur Fundamentierung und Aufst\u00e4nderung von Robinien-Rundholzpfosten, \u00d8 120 mm, unterhalb [&hellip;]\" \/>\n<meta property=\"og:url\" content=\"https:\/\/kaiser-kuehne.com\/en\/product\/l734000326-water-play-system\/\" \/>\n<meta property=\"og:site_name\" content=\"Kaiser &amp; K\u00fchne\" \/>\n<meta property=\"article:modified_time\" content=\"2026-05-02T01:09:44+00:00\" \/>\n<meta property=\"og:image\" content=\"https:\/\/kaiser-kuehne.com\/wp-content\/uploads\/2025\/09\/Bildschirmfoto-2025-09-05-um-13.34.55-1024x511.png\" \/>\n\t<meta property=\"og:image:width\" content=\"1024\" \/>\n\t<meta property=\"og:image:height\" content=\"511\" \/>\n\t<meta property=\"og:image:type\" content=\"image\/png\" \/>\n<meta name=\"twitter:card\" content=\"summary_large_image\" \/>\n<meta name=\"twitter:label1\" content=\"Estimated reading time\" \/>\n\t<meta name=\"twitter:data1\" content=\"6 minutes\" \/>\n<script type=\"application\/ld+json\" class=\"yoast-schema-graph\">{\"@context\":\"https:\\\/\\\/schema.org\",\"@graph\":[{\"@type\":\"WebPage\",\"@id\":\"https:\\\/\\\/kaiser-kuehne.com\\\/produkt\\\/l734000326-wasserspielanlage\\\/\",\"url\":\"https:\\\/\\\/kaiser-kuehne.com\\\/produkt\\\/l734000326-wasserspielanlage\\\/\",\"name\":\"Wasserspielanlage | Kaiser &amp; K\u00fchne\",\"isPartOf\":{\"@id\":\"https:\\\/\\\/kaiser-kuehne.com\\\/#website\"},\"primaryImageOfPage\":{\"@id\":\"https:\\\/\\\/kaiser-kuehne.com\\\/produkt\\\/l734000326-wasserspielanlage\\\/#primaryimage\"},\"image\":{\"@id\":\"https:\\\/\\\/kaiser-kuehne.com\\\/produkt\\\/l734000326-wasserspielanlage\\\/#primaryimage\"},\"thumbnailUrl\":\"https:\\\/\\\/kaiser-kuehne.com\\\/wp-content\\\/uploads\\\/product-media\\\/2026-05-01_22-00-05\\\/123175664\\\/L734000326-Produktbild.jpg\",\"datePublished\":\"2026-05-02T01:09:43+00:00\",\"dateModified\":\"2026-05-02T01:09:44+00:00\",\"breadcrumb\":{\"@id\":\"https:\\\/\\\/kaiser-kuehne.com\\\/produkt\\\/l734000326-wasserspielanlage\\\/#breadcrumb\"},\"inLanguage\":\"en-GB\",\"potentialAction\":[{\"@type\":\"ReadAction\",\"target\":[\"https:\\\/\\\/kaiser-kuehne.com\\\/produkt\\\/l734000326-wasserspielanlage\\\/\"]}]},{\"@type\":\"ImageObject\",\"inLanguage\":\"en-GB\",\"@id\":\"https:\\\/\\\/kaiser-kuehne.com\\\/produkt\\\/l734000326-wasserspielanlage\\\/#primaryimage\",\"url\":\"https:\\\/\\\/kaiser-kuehne.com\\\/wp-content\\\/uploads\\\/product-media\\\/2026-05-01_22-00-05\\\/123175664\\\/L734000326-Produktbild.jpg\",\"contentUrl\":\"https:\\\/\\\/kaiser-kuehne.com\\\/wp-content\\\/uploads\\\/product-media\\\/2026-05-01_22-00-05\\\/123175664\\\/L734000326-Produktbild.jpg\",\"width\":2400,\"height\":1350,\"caption\":\"Wasserspielanlage\"},{\"@type\":\"BreadcrumbList\",\"@id\":\"https:\\\/\\\/kaiser-kuehne.com\\\/produkt\\\/l734000326-wasserspielanlage\\\/#breadcrumb\",\"itemListElement\":[{\"@type\":\"ListItem\",\"position\":1,\"name\":\"Startseite\",\"item\":\"https:\\\/\\\/kaiser-kuehne.com\\\/\"},{\"@type\":\"ListItem\",\"position\":2,\"name\":\"Produkte\",\"item\":\"https:\\\/\\\/kaiser-kuehne.com\\\/produkte\\\/\"},{\"@type\":\"ListItem\",\"position\":3,\"name\":\"Wasserspielanlage\"}]},{\"@type\":\"WebSite\",\"@id\":\"https:\\\/\\\/kaiser-kuehne.com\\\/#website\",\"url\":\"https:\\\/\\\/kaiser-kuehne.com\\\/\",\"name\":\"Kaiser & K\u00fchne\",\"description\":\"Premium Playgrounds\",\"publisher\":{\"@id\":\"https:\\\/\\\/kaiser-kuehne.com\\\/#organization\"},\"alternateName\":\"Kaiser und K\u00fchne\",\"potentialAction\":[{\"@type\":\"SearchAction\",\"target\":{\"@type\":\"EntryPoint\",\"urlTemplate\":\"https:\\\/\\\/kaiser-kuehne.com\\\/?s={search_term_string}\"},\"query-input\":{\"@type\":\"PropertyValueSpecification\",\"valueRequired\":true,\"valueName\":\"search_term_string\"}}],\"inLanguage\":\"en-GB\"},{\"@type\":\"Organization\",\"@id\":\"https:\\\/\\\/kaiser-kuehne.com\\\/#organization\",\"name\":\"Kaiser & K\u00fchne\",\"url\":\"https:\\\/\\\/kaiser-kuehne.com\\\/\",\"logo\":{\"@type\":\"ImageObject\",\"inLanguage\":\"en-GB\",\"@id\":\"https:\\\/\\\/kaiser-kuehne.com\\\/#\\\/schema\\\/logo\\\/image\\\/\",\"url\":\"https:\\\/\\\/kaiser-kuehne.com\\\/wp-content\\\/uploads\\\/2025\\\/06\\\/kaiserkuehne-logo-color.svg\",\"contentUrl\":\"https:\\\/\\\/kaiser-kuehne.com\\\/wp-content\\\/uploads\\\/2025\\\/06\\\/kaiserkuehne-logo-color.svg\",\"width\":1,\"height\":1,\"caption\":\"Kaiser & K\u00fchne\"},\"image\":{\"@id\":\"https:\\\/\\\/kaiser-kuehne.com\\\/#\\\/schema\\\/logo\\\/image\\\/\"},\"sameAs\":[\"https:\\\/\\\/www.instagram.com\\\/kaiser_kuehne\\\/?hl=de\",\"https:\\\/\\\/de.linkedin.com\\\/company\\\/kaiser-kuehne\"]}]}<\/script>\n<!-- \/ Yoast SEO plugin. -->","yoast_head_json":{"title":"Water feature | Kaiser &amp; K\u00fchne","robots":{"index":"index","follow":"follow","max-snippet":"max-snippet:-1","max-image-preview":"max-image-preview:large","max-video-preview":"max-video-preview:-1"},"canonical":"https:\/\/kaiser-kuehne.com\/en\/product\/l734000326-water-play-system\/","og_locale":"en_GB","og_type":"article","og_title":"Wasserspielanlage | Kaiser &amp; K\u00fchne","og_description":"Technische Daten Gesamth\u00f6he: 3,23 m Grundfl\u00e4che: 9,90 x 10,65 m Mindestraum: 12,90 x 13,61 m Podesth\u00f6he: 0,60 m Rampenh\u00f6he am Start: 0,20 m Standpfosten Standpfosten aus Robinienschichtholz, zylindrisch gefr\u00e4st, \u00d8 120 mm. Ungesch\u00fctzte Hirnholzfl\u00e4chen sind mit nicht l\u00f6sbaren Pfostenkappen aus Edelstahl abgedeckt. Rohrstandfu\u00df aus Edelstahl zur Fundamentierung und Aufst\u00e4nderung von Robinien-Rundholzpfosten, \u00d8 120 mm, unterhalb [&hellip;]","og_url":"https:\/\/kaiser-kuehne.com\/en\/product\/l734000326-water-play-system\/","og_site_name":"Kaiser &amp; K\u00fchne","article_modified_time":"2026-05-02T01:09:44+00:00","og_image":[{"width":1024,"height":511,"url":"https:\/\/kaiser-kuehne.com\/wp-content\/uploads\/2025\/09\/Bildschirmfoto-2025-09-05-um-13.34.55-1024x511.png","type":"image\/png"}],"twitter_card":"summary_large_image","twitter_misc":{"Estimated reading time":"6 minutes"},"schema":{"@context":"https:\/\/schema.org","@graph":[{"@type":"WebPage","@id":"https:\/\/kaiser-kuehne.com\/produkt\/l734000326-wasserspielanlage\/","url":"https:\/\/kaiser-kuehne.com\/produkt\/l734000326-wasserspielanlage\/","name":"Water feature | Kaiser &amp; K\u00fchne","isPartOf":{"@id":"https:\/\/kaiser-kuehne.com\/#website"},"primaryImageOfPage":{"@id":"https:\/\/kaiser-kuehne.com\/produkt\/l734000326-wasserspielanlage\/#primaryimage"},"image":{"@id":"https:\/\/kaiser-kuehne.com\/produkt\/l734000326-wasserspielanlage\/#primaryimage"},"thumbnailUrl":"https:\/\/kaiser-kuehne.com\/wp-content\/uploads\/product-media\/2026-05-01_22-00-05\/123175664\/L734000326-Produktbild.jpg","datePublished":"2026-05-02T01:09:43+00:00","dateModified":"2026-05-02T01:09:44+00:00","breadcrumb":{"@id":"https:\/\/kaiser-kuehne.com\/produkt\/l734000326-wasserspielanlage\/#breadcrumb"},"inLanguage":"en-GB","potentialAction":[{"@type":"ReadAction","target":["https:\/\/kaiser-kuehne.com\/produkt\/l734000326-wasserspielanlage\/"]}]},{"@type":"ImageObject","inLanguage":"en-GB","@id":"https:\/\/kaiser-kuehne.com\/produkt\/l734000326-wasserspielanlage\/#primaryimage","url":"https:\/\/kaiser-kuehne.com\/wp-content\/uploads\/product-media\/2026-05-01_22-00-05\/123175664\/L734000326-Produktbild.jpg","contentUrl":"https:\/\/kaiser-kuehne.com\/wp-content\/uploads\/product-media\/2026-05-01_22-00-05\/123175664\/L734000326-Produktbild.jpg","width":2400,"height":1350,"caption":"Wasserspielanlage"},{"@type":"BreadcrumbList","@id":"https:\/\/kaiser-kuehne.com\/produkt\/l734000326-wasserspielanlage\/#breadcrumb","itemListElement":[{"@type":"ListItem","position":1,"name":"Startseite","item":"https:\/\/kaiser-kuehne.com\/"},{"@type":"ListItem","position":2,"name":"Produkte","item":"https:\/\/kaiser-kuehne.com\/produkte\/"},{"@type":"ListItem","position":3,"name":"Wasserspielanlage"}]},{"@type":"WebSite","@id":"https:\/\/kaiser-kuehne.com\/#website","url":"https:\/\/kaiser-kuehne.com\/","name":"Kaiser &amp; K\u00fchne","description":"Premium Playgrounds","publisher":{"@id":"https:\/\/kaiser-kuehne.com\/#organization"},"alternateName":"Kaiser und K\u00fchne","potentialAction":[{"@type":"SearchAction","target":{"@type":"EntryPoint","urlTemplate":"https:\/\/kaiser-kuehne.com\/?s={search_term_string}"},"query-input":{"@type":"PropertyValueSpecification","valueRequired":true,"valueName":"search_term_string"}}],"inLanguage":"en-GB"},{"@type":"Organization","@id":"https:\/\/kaiser-kuehne.com\/#organization","name":"Kaiser &amp; K\u00fchne","url":"https:\/\/kaiser-kuehne.com\/","logo":{"@type":"ImageObject","inLanguage":"en-GB","@id":"https:\/\/kaiser-kuehne.com\/#\/schema\/logo\/image\/","url":"https:\/\/kaiser-kuehne.com\/wp-content\/uploads\/2025\/06\/kaiserkuehne-logo-color.svg","contentUrl":"https:\/\/kaiser-kuehne.com\/wp-content\/uploads\/2025\/06\/kaiserkuehne-logo-color.svg","width":1,"height":1,"caption":"Kaiser & K\u00fchne"},"image":{"@id":"https:\/\/kaiser-kuehne.com\/#\/schema\/logo\/image\/"},"sameAs":["https:\/\/www.instagram.com\/kaiser_kuehne\/?hl=de","https:\/\/de.linkedin.com\/company\/kaiser-kuehne"]}]}},"_links":{"self":[{"href":"https:\/\/kaiser-kuehne.com\/en\/wp-json\/wp\/v2\/product\/199349","targetHints":{"allow":["GET"]}}],"collection":[{"href":"https:\/\/kaiser-kuehne.com\/en\/wp-json\/wp\/v2\/product"}],"about":[{"href":"https:\/\/kaiser-kuehne.com\/en\/wp-json\/wp\/v2\/types\/product"}],"replies":[{"embeddable":true,"href":"https:\/\/kaiser-kuehne.com\/en\/wp-json\/wp\/v2\/comments?post=199349"}],"wp:featuredmedia":[{"embeddable":true,"href":"https:\/\/kaiser-kuehne.com\/en\/wp-json\/wp\/v2\/media\/237398"}],"wp:attachment":[{"href":"https:\/\/kaiser-kuehne.com\/en\/wp-json\/wp\/v2\/media?parent=199349"}],"wp:term":[{"taxonomy":"product_brand","embeddable":true,"href":"https:\/\/kaiser-kuehne.com\/en\/wp-json\/wp\/v2\/product_brand?post=199349"},{"taxonomy":"product_cat","embeddable":true,"href":"https:\/\/kaiser-kuehne.com\/en\/wp-json\/wp\/v2\/product_cat?post=199349"},{"taxonomy":"product_tag","embeddable":true,"href":"https:\/\/kaiser-kuehne.com\/en\/wp-json\/wp\/v2\/product_tag?post=199349"}],"curies":[{"name":"wp","href":"https:\/\/api.w.org\/{rel}","templated":true}]}}