{"id":11102,"date":"2026-05-02T00:00:28","date_gmt":"2026-05-01T22:00:28","guid":{"rendered":"https:\/\/final.kaiserundkuehne.de\/produkt\/043420000-stehkarussell-200\/"},"modified":"2026-05-02T00:00:29","modified_gmt":"2026-05-01T22:00:29","slug":"043420000-standing-carousel-200","status":"publish","type":"product","link":"https:\/\/kaiser-kuehne.com\/en\/produkt\/043420000-stehkarussell-200\/","title":{"rendered":"Roundabout (2,00)"},"content":{"rendered":"<p>Technical data<br \/>\nBase area: \u00d8 2.05 m<br \/>\nMinimum space: \u00d8 6.05 m (29 m\u00b2)<br \/>\nTotal height: 0.90 m<br \/>\nWeight: 305 kg heaviest individual part<br \/>\n\t  315 kg in total<\/p>\n<p>Rotating base and superstructure: profiled stainless steel sheet\/stainless steel<br \/>\nAnti-friction bearing: protected against interference and dirt<br \/>\nCarousel anchoring takes place via a flange ring to be set in concrete separately<\/p>\n<p>Foundation (on site)<br \/>\n1 piece 0.70 x 0.70 x 0.50 m<br \/>\nConcrete quantity: 0.25 m\u00b3<\/p>\n<p>Assembly time<br \/>\n2 fitters 1 hour each<br \/>\n(without foundation)<\/p>\n<p>Free fall height<br \/>\n0,25 m<\/p>\n<p>Please note<br \/>\nThe impact surface around the play equipment must have an appropriate degree of shock absorption corresponding to a free fall height of at least 600 mm (see EN 1176-5).<\/p>\n<p>Suitable for<br \/>\nChildren aged 5 and over,<br \/>\npublic playgrounds etc.<br \/>\nPhysical activities<\/p>\n<p>Item number: 043420000<\/p>","protected":false},"excerpt":{"rendered":"<p>Technische Daten Grundfl\u00e4che: \u00d8 2,05 m Mindestraum: \u00d8 6,05 m (29 m\u00b2) Gesamth\u00f6he: 0,90 m Gewicht: 305 kg schwerstes Einzelteil 315 kg insgesamt Mitdrehender Boden und Aufbau: profiliertes Edelstahlblech\/Edelstahl W\u00e4lzlagerung: eingriffsicher und schmutzgesch\u00fctzt Karussellverankerung erfolgt \u00fcber einen separat einzubetonierenden Flanschring Fundament (bauseits) 1 Stck. 0,70 x 0,70 x 0,50 m Betonmenge: 0,25 m\u00b3 Montagerichtzeit 2 [&hellip;]<\/p>\n","protected":false},"featured_media":219538,"comment_status":"closed","ping_status":"open","template":"","meta":{"_acf_changed":false,"_et_pb_use_builder":"","_et_pb_old_content":"","_et_gb_content_width":""},"product_brand":[],"product_cat":[78],"product_tag":[],"class_list":{"0":"post-11102","1":"product","2":"type-product","3":"status-publish","4":"has-post-thumbnail","6":"product_cat-wippen-federn-drehen","7":"pa_aktivitaeten-bewegungsaktivitaet","8":"pa_altersgruppe-72","9":"pa_einsatzgebiete-oeffentliche-spielplaetze","10":"pa_hebezeug-true","11":"pa_inklusionsattribute-einzelspiele","12":"pa_inklusionsattribute-funktionelles-spielen","13":"pa_inklusionsattribute-geschwindigkeit","14":"pa_inklusionsattribute-gleichgewicht","15":"pa_inklusionsattribute-gruppenspiele","16":"pa_inklusionsattribute-tasten","18":"first","19":"instock","20":"purchasable","21":"product-type-simple"},"acf":[],"yoast_head":"<!-- This site is optimized with the Yoast SEO plugin v27.4 - https:\/\/yoast.com\/product\/yoast-seo-wordpress\/ -->\n<title>Stehkarussell (2,00) | Kaiser &amp; K\u00fchne<\/title>\n<meta name=\"robots\" content=\"index, follow, max-snippet:-1, max-image-preview:large, max-video-preview:-1\" \/>\n<link rel=\"canonical\" href=\"https:\/\/kaiser-kuehne.com\/en\/product\/043420000-standing-carousel-200\/\" \/>\n<meta property=\"og:locale\" content=\"en_GB\" \/>\n<meta property=\"og:type\" content=\"article\" \/>\n<meta property=\"og:title\" content=\"Stehkarussell (2,00) | Kaiser &amp; K\u00fchne\" \/>\n<meta property=\"og:description\" content=\"Technische Daten Grundfl\u00e4che: \u00d8 2,05 m Mindestraum: \u00d8 6,05 m (29 m\u00b2) Gesamth\u00f6he: 0,90 m Gewicht: 305 kg schwerstes Einzelteil 315 kg insgesamt Mitdrehender Boden und Aufbau: profiliertes Edelstahlblech\/Edelstahl W\u00e4lzlagerung: eingriffsicher und schmutzgesch\u00fctzt Karussellverankerung erfolgt \u00fcber einen separat einzubetonierenden Flanschring Fundament (bauseits) 1 Stck. 0,70 x 0,70 x 0,50 m Betonmenge: 0,25 m\u00b3 Montagerichtzeit 2 [&hellip;]\" \/>\n<meta property=\"og:url\" content=\"https:\/\/kaiser-kuehne.com\/en\/product\/043420000-standing-carousel-200\/\" \/>\n<meta property=\"og:site_name\" content=\"Kaiser &amp; K\u00fchne\" \/>\n<meta property=\"article:modified_time\" content=\"2026-05-01T22:00:29+00:00\" \/>\n<meta property=\"og:image\" content=\"https:\/\/kaiser-kuehne.com\/wp-content\/uploads\/2025\/09\/Bildschirmfoto-2025-09-05-um-13.34.55-1024x511.png\" \/>\n\t<meta property=\"og:image:width\" content=\"1024\" \/>\n\t<meta property=\"og:image:height\" content=\"511\" \/>\n\t<meta property=\"og:image:type\" content=\"image\/png\" \/>\n<meta name=\"twitter:card\" content=\"summary_large_image\" \/>\n<meta name=\"twitter:label1\" content=\"Estimated reading time\" \/>\n\t<meta name=\"twitter:data1\" content=\"1 minute\" \/>\n<script type=\"application\/ld+json\" class=\"yoast-schema-graph\">{\"@context\":\"https:\\\/\\\/schema.org\",\"@graph\":[{\"@type\":\"WebPage\",\"@id\":\"https:\\\/\\\/kaiser-kuehne.com\\\/produkt\\\/043420000-stehkarussell-200\\\/\",\"url\":\"https:\\\/\\\/kaiser-kuehne.com\\\/produkt\\\/043420000-stehkarussell-200\\\/\",\"name\":\"Stehkarussell (2,00) | Kaiser &amp; K\u00fchne\",\"isPartOf\":{\"@id\":\"https:\\\/\\\/kaiser-kuehne.com\\\/#website\"},\"primaryImageOfPage\":{\"@id\":\"https:\\\/\\\/kaiser-kuehne.com\\\/produkt\\\/043420000-stehkarussell-200\\\/#primaryimage\"},\"image\":{\"@id\":\"https:\\\/\\\/kaiser-kuehne.com\\\/produkt\\\/043420000-stehkarussell-200\\\/#primaryimage\"},\"thumbnailUrl\":\"https:\\\/\\\/kaiser-kuehne.com\\\/wp-content\\\/uploads\\\/product-media\\\/2026-05-01_22-00-05\\\/123074258\\\/043420000-Produktbild.jpg\",\"datePublished\":\"2026-05-01T22:00:28+00:00\",\"dateModified\":\"2026-05-01T22:00:29+00:00\",\"breadcrumb\":{\"@id\":\"https:\\\/\\\/kaiser-kuehne.com\\\/produkt\\\/043420000-stehkarussell-200\\\/#breadcrumb\"},\"inLanguage\":\"en-GB\",\"potentialAction\":[{\"@type\":\"ReadAction\",\"target\":[\"https:\\\/\\\/kaiser-kuehne.com\\\/produkt\\\/043420000-stehkarussell-200\\\/\"]}]},{\"@type\":\"ImageObject\",\"inLanguage\":\"en-GB\",\"@id\":\"https:\\\/\\\/kaiser-kuehne.com\\\/produkt\\\/043420000-stehkarussell-200\\\/#primaryimage\",\"url\":\"https:\\\/\\\/kaiser-kuehne.com\\\/wp-content\\\/uploads\\\/product-media\\\/2026-05-01_22-00-05\\\/123074258\\\/043420000-Produktbild.jpg\",\"contentUrl\":\"https:\\\/\\\/kaiser-kuehne.com\\\/wp-content\\\/uploads\\\/product-media\\\/2026-05-01_22-00-05\\\/123074258\\\/043420000-Produktbild.jpg\",\"width\":1920,\"height\":1080,\"caption\":\"Stehkarussell (2,00)\"},{\"@type\":\"BreadcrumbList\",\"@id\":\"https:\\\/\\\/kaiser-kuehne.com\\\/produkt\\\/043420000-stehkarussell-200\\\/#breadcrumb\",\"itemListElement\":[{\"@type\":\"ListItem\",\"position\":1,\"name\":\"Startseite\",\"item\":\"https:\\\/\\\/kaiser-kuehne.com\\\/\"},{\"@type\":\"ListItem\",\"position\":2,\"name\":\"Produkte\",\"item\":\"https:\\\/\\\/kaiser-kuehne.com\\\/produkte\\\/\"},{\"@type\":\"ListItem\",\"position\":3,\"name\":\"Stehkarussell (2,00)\"}]},{\"@type\":\"WebSite\",\"@id\":\"https:\\\/\\\/kaiser-kuehne.com\\\/#website\",\"url\":\"https:\\\/\\\/kaiser-kuehne.com\\\/\",\"name\":\"Kaiser & K\u00fchne\",\"description\":\"Premium Playgrounds\",\"publisher\":{\"@id\":\"https:\\\/\\\/kaiser-kuehne.com\\\/#organization\"},\"alternateName\":\"Kaiser und K\u00fchne\",\"potentialAction\":[{\"@type\":\"SearchAction\",\"target\":{\"@type\":\"EntryPoint\",\"urlTemplate\":\"https:\\\/\\\/kaiser-kuehne.com\\\/?s={search_term_string}\"},\"query-input\":{\"@type\":\"PropertyValueSpecification\",\"valueRequired\":true,\"valueName\":\"search_term_string\"}}],\"inLanguage\":\"en-GB\"},{\"@type\":\"Organization\",\"@id\":\"https:\\\/\\\/kaiser-kuehne.com\\\/#organization\",\"name\":\"Kaiser & K\u00fchne\",\"url\":\"https:\\\/\\\/kaiser-kuehne.com\\\/\",\"logo\":{\"@type\":\"ImageObject\",\"inLanguage\":\"en-GB\",\"@id\":\"https:\\\/\\\/kaiser-kuehne.com\\\/#\\\/schema\\\/logo\\\/image\\\/\",\"url\":\"https:\\\/\\\/kaiser-kuehne.com\\\/wp-content\\\/uploads\\\/2025\\\/06\\\/kaiserkuehne-logo-color.svg\",\"contentUrl\":\"https:\\\/\\\/kaiser-kuehne.com\\\/wp-content\\\/uploads\\\/2025\\\/06\\\/kaiserkuehne-logo-color.svg\",\"width\":1,\"height\":1,\"caption\":\"Kaiser & K\u00fchne\"},\"image\":{\"@id\":\"https:\\\/\\\/kaiser-kuehne.com\\\/#\\\/schema\\\/logo\\\/image\\\/\"},\"sameAs\":[\"https:\\\/\\\/www.instagram.com\\\/kaiser_kuehne\\\/?hl=de\",\"https:\\\/\\\/de.linkedin.com\\\/company\\\/kaiser-kuehne\"]}]}<\/script>\n<!-- \/ Yoast SEO plugin. -->","yoast_head_json":{"title":"Standing carousel (2.00) | Kaiser &amp; K\u00fchne","robots":{"index":"index","follow":"follow","max-snippet":"max-snippet:-1","max-image-preview":"max-image-preview:large","max-video-preview":"max-video-preview:-1"},"canonical":"https:\/\/kaiser-kuehne.com\/en\/product\/043420000-standing-carousel-200\/","og_locale":"en_GB","og_type":"article","og_title":"Stehkarussell (2,00) | Kaiser &amp; K\u00fchne","og_description":"Technische Daten Grundfl\u00e4che: \u00d8 2,05 m Mindestraum: \u00d8 6,05 m (29 m\u00b2) Gesamth\u00f6he: 0,90 m Gewicht: 305 kg schwerstes Einzelteil 315 kg insgesamt Mitdrehender Boden und Aufbau: profiliertes Edelstahlblech\/Edelstahl W\u00e4lzlagerung: eingriffsicher und schmutzgesch\u00fctzt Karussellverankerung erfolgt \u00fcber einen separat einzubetonierenden Flanschring Fundament (bauseits) 1 Stck. 0,70 x 0,70 x 0,50 m Betonmenge: 0,25 m\u00b3 Montagerichtzeit 2 [&hellip;]","og_url":"https:\/\/kaiser-kuehne.com\/en\/product\/043420000-standing-carousel-200\/","og_site_name":"Kaiser &amp; K\u00fchne","article_modified_time":"2026-05-01T22:00:29+00:00","og_image":[{"width":1024,"height":511,"url":"https:\/\/kaiser-kuehne.com\/wp-content\/uploads\/2025\/09\/Bildschirmfoto-2025-09-05-um-13.34.55-1024x511.png","type":"image\/png"}],"twitter_card":"summary_large_image","twitter_misc":{"Estimated reading time":"1 minute"},"schema":{"@context":"https:\/\/schema.org","@graph":[{"@type":"WebPage","@id":"https:\/\/kaiser-kuehne.com\/produkt\/043420000-stehkarussell-200\/","url":"https:\/\/kaiser-kuehne.com\/produkt\/043420000-stehkarussell-200\/","name":"Standing carousel (2.00) | Kaiser &amp; K\u00fchne","isPartOf":{"@id":"https:\/\/kaiser-kuehne.com\/#website"},"primaryImageOfPage":{"@id":"https:\/\/kaiser-kuehne.com\/produkt\/043420000-stehkarussell-200\/#primaryimage"},"image":{"@id":"https:\/\/kaiser-kuehne.com\/produkt\/043420000-stehkarussell-200\/#primaryimage"},"thumbnailUrl":"https:\/\/kaiser-kuehne.com\/wp-content\/uploads\/product-media\/2026-05-01_22-00-05\/123074258\/043420000-Produktbild.jpg","datePublished":"2026-05-01T22:00:28+00:00","dateModified":"2026-05-01T22:00:29+00:00","breadcrumb":{"@id":"https:\/\/kaiser-kuehne.com\/produkt\/043420000-stehkarussell-200\/#breadcrumb"},"inLanguage":"en-GB","potentialAction":[{"@type":"ReadAction","target":["https:\/\/kaiser-kuehne.com\/produkt\/043420000-stehkarussell-200\/"]}]},{"@type":"ImageObject","inLanguage":"en-GB","@id":"https:\/\/kaiser-kuehne.com\/produkt\/043420000-stehkarussell-200\/#primaryimage","url":"https:\/\/kaiser-kuehne.com\/wp-content\/uploads\/product-media\/2026-05-01_22-00-05\/123074258\/043420000-Produktbild.jpg","contentUrl":"https:\/\/kaiser-kuehne.com\/wp-content\/uploads\/product-media\/2026-05-01_22-00-05\/123074258\/043420000-Produktbild.jpg","width":1920,"height":1080,"caption":"Stehkarussell (2,00)"},{"@type":"BreadcrumbList","@id":"https:\/\/kaiser-kuehne.com\/produkt\/043420000-stehkarussell-200\/#breadcrumb","itemListElement":[{"@type":"ListItem","position":1,"name":"Startseite","item":"https:\/\/kaiser-kuehne.com\/"},{"@type":"ListItem","position":2,"name":"Produkte","item":"https:\/\/kaiser-kuehne.com\/produkte\/"},{"@type":"ListItem","position":3,"name":"Stehkarussell (2,00)"}]},{"@type":"WebSite","@id":"https:\/\/kaiser-kuehne.com\/#website","url":"https:\/\/kaiser-kuehne.com\/","name":"Kaiser &amp; K\u00fchne","description":"Premium Playgrounds","publisher":{"@id":"https:\/\/kaiser-kuehne.com\/#organization"},"alternateName":"Kaiser und K\u00fchne","potentialAction":[{"@type":"SearchAction","target":{"@type":"EntryPoint","urlTemplate":"https:\/\/kaiser-kuehne.com\/?s={search_term_string}"},"query-input":{"@type":"PropertyValueSpecification","valueRequired":true,"valueName":"search_term_string"}}],"inLanguage":"en-GB"},{"@type":"Organization","@id":"https:\/\/kaiser-kuehne.com\/#organization","name":"Kaiser &amp; K\u00fchne","url":"https:\/\/kaiser-kuehne.com\/","logo":{"@type":"ImageObject","inLanguage":"en-GB","@id":"https:\/\/kaiser-kuehne.com\/#\/schema\/logo\/image\/","url":"https:\/\/kaiser-kuehne.com\/wp-content\/uploads\/2025\/06\/kaiserkuehne-logo-color.svg","contentUrl":"https:\/\/kaiser-kuehne.com\/wp-content\/uploads\/2025\/06\/kaiserkuehne-logo-color.svg","width":1,"height":1,"caption":"Kaiser & K\u00fchne"},"image":{"@id":"https:\/\/kaiser-kuehne.com\/#\/schema\/logo\/image\/"},"sameAs":["https:\/\/www.instagram.com\/kaiser_kuehne\/?hl=de","https:\/\/de.linkedin.com\/company\/kaiser-kuehne"]}]}},"_links":{"self":[{"href":"https:\/\/kaiser-kuehne.com\/en\/wp-json\/wp\/v2\/product\/11102","targetHints":{"allow":["GET"]}}],"collection":[{"href":"https:\/\/kaiser-kuehne.com\/en\/wp-json\/wp\/v2\/product"}],"about":[{"href":"https:\/\/kaiser-kuehne.com\/en\/wp-json\/wp\/v2\/types\/product"}],"replies":[{"embeddable":true,"href":"https:\/\/kaiser-kuehne.com\/en\/wp-json\/wp\/v2\/comments?post=11102"}],"wp:featuredmedia":[{"embeddable":true,"href":"https:\/\/kaiser-kuehne.com\/en\/wp-json\/wp\/v2\/media\/219538"}],"wp:attachment":[{"href":"https:\/\/kaiser-kuehne.com\/en\/wp-json\/wp\/v2\/media?parent=11102"}],"wp:term":[{"taxonomy":"product_brand","embeddable":true,"href":"https:\/\/kaiser-kuehne.com\/en\/wp-json\/wp\/v2\/product_brand?post=11102"},{"taxonomy":"product_cat","embeddable":true,"href":"https:\/\/kaiser-kuehne.com\/en\/wp-json\/wp\/v2\/product_cat?post=11102"},{"taxonomy":"product_tag","embeddable":true,"href":"https:\/\/kaiser-kuehne.com\/en\/wp-json\/wp\/v2\/product_tag?post=11102"}],"curies":[{"name":"wp","href":"https:\/\/api.w.org\/{rel}","templated":true}]}}