{"id":103042,"date":"2026-05-02T02:59:33","date_gmt":"2026-05-02T00:59:33","guid":{"rendered":"https:\/\/final.kaiserundkuehne.de\/produkt\/052126002-balancierseil\/"},"modified":"2026-05-02T02:59:34","modified_gmt":"2026-05-02T00:59:34","slug":"052126002-balancing-rope","status":"publish","type":"product","link":"https:\/\/kaiser-kuehne.com\/en\/produkt\/052126002-balancierseil\/","title":{"rendered":"Tightrope"},"content":{"rendered":"<p>Technical data<br \/>\nBase area: 0.20 x 5.50 m<br \/>\nMinimum space: 3.20 x 8.50 m (26 m\u00b2)<br \/>\nHeight: 0.55 m<br \/>\nWeight: 18 kg heaviest individual part<br \/>\n\t  55 kg in total<\/p>\n<p>- smb floating belt made of 3 fixed Hercules cables running side by side, approx. 90 mm wide<br \/>\n- 2 cable brackets made of bent tube \u00d8 48.3 x 2.6 mm and stainless steel sheet, thickness 6 mm, with integrated tensioning device<br \/>\n- Anchoring the trestles in the drill hole in the hardened foundations using the supplied bonded anchors (anchor rod M16 + mortar cartridge)<\/p>\n<p>Foundations (client-provided)<br \/>\n2 units 1.30 x 0.85 x 0.40 m<br \/>\n(Reinforcement mat is supplied)<br \/>\nConcrete volume: 0.88 m\u00b3<\/p>\n<p>Assembly time<br \/>\n1 fitter 1.5 hours<br \/>\n(without foundation)<\/p>\n<p>Free fall height<br \/>\n0,55 m<br \/>\nInstallation in surfaces without shock-absorbing properties (e.g. in pedestrian zones) permitted<\/p>\n<p>Suitable for<br \/>\nChildren aged 5 and over,<br \/>\npublic playgrounds etc.<br \/>\nPhysical activities<\/p>\n<p>Item number: 052126002<\/p>","protected":false},"excerpt":{"rendered":"<p>Technische Daten Grundfl\u00e4che: 0,20 x 5,50 m Mindestraum: 3,20 x 8,50 m (26 m\u00b2) H\u00f6he: 0,55 m Gewicht: 18 kg schwerstes Einzelteil 55 kg insgesamt &#8211; smb-Schwebeband aus 3 nebeneinander laufenden, festverbundenen Herkulesseilen, ca. 90 mm breit &#8211; 2 Seilb\u00f6cke aus gebogenem Rohr \u00d8 48,3 x 2,6 mm und Edelstahlblech, St\u00e4rke 6 mm, mit integrierter [&hellip;]<\/p>\n","protected":false},"featured_media":236443,"comment_status":"closed","ping_status":"open","template":"","meta":{"_acf_changed":false,"_et_pb_use_builder":"","_et_pb_old_content":"","_et_gb_content_width":""},"product_brand":[],"product_cat":[89],"product_tag":[],"class_list":{"0":"post-103042","1":"product","2":"type-product","3":"status-publish","4":"has-post-thumbnail","6":"product_cat-bewegen-balancieren","7":"pa_aktivitaeten-balancieren","8":"pa_aktivitaeten-bewegungsaktivitaet","9":"pa_altersgruppe-105","10":"pa_einsatzgebiete-oeffentliche-spielplaetze","11":"pa_hebezeug-false","13":"first","14":"instock","15":"purchasable","16":"product-type-simple"},"acf":[],"yoast_head":"<!-- This site is optimized with the Yoast SEO plugin v27.4 - https:\/\/yoast.com\/product\/yoast-seo-wordpress\/ -->\n<title>Balancierseil | Kaiser &amp; K\u00fchne<\/title>\n<meta name=\"robots\" content=\"index, follow, max-snippet:-1, max-image-preview:large, max-video-preview:-1\" \/>\n<link rel=\"canonical\" href=\"https:\/\/kaiser-kuehne.com\/en\/product\/052126002-balancing-rope\/\" \/>\n<meta property=\"og:locale\" content=\"en_GB\" \/>\n<meta property=\"og:type\" content=\"article\" \/>\n<meta property=\"og:title\" content=\"Balancierseil | Kaiser &amp; K\u00fchne\" \/>\n<meta property=\"og:description\" content=\"Technische Daten Grundfl\u00e4che: 0,20 x 5,50 m Mindestraum: 3,20 x 8,50 m (26 m\u00b2) H\u00f6he: 0,55 m Gewicht: 18 kg schwerstes Einzelteil 55 kg insgesamt &#8211; smb-Schwebeband aus 3 nebeneinander laufenden, festverbundenen Herkulesseilen, ca. 90 mm breit &#8211; 2 Seilb\u00f6cke aus gebogenem Rohr \u00d8 48,3 x 2,6 mm und Edelstahlblech, St\u00e4rke 6 mm, mit integrierter [&hellip;]\" \/>\n<meta property=\"og:url\" content=\"https:\/\/kaiser-kuehne.com\/en\/product\/052126002-balancing-rope\/\" \/>\n<meta property=\"og:site_name\" content=\"Kaiser &amp; K\u00fchne\" \/>\n<meta property=\"article:modified_time\" content=\"2026-05-02T00:59:34+00:00\" \/>\n<meta property=\"og:image\" content=\"https:\/\/kaiser-kuehne.com\/wp-content\/uploads\/2025\/09\/Bildschirmfoto-2025-09-05-um-13.34.55-1024x511.png\" \/>\n\t<meta property=\"og:image:width\" content=\"1024\" \/>\n\t<meta property=\"og:image:height\" content=\"511\" \/>\n\t<meta property=\"og:image:type\" content=\"image\/png\" \/>\n<meta name=\"twitter:card\" content=\"summary_large_image\" \/>\n<meta name=\"twitter:label1\" content=\"Estimated reading time\" \/>\n\t<meta name=\"twitter:data1\" content=\"1 minute\" \/>\n<script type=\"application\/ld+json\" class=\"yoast-schema-graph\">{\"@context\":\"https:\\\/\\\/schema.org\",\"@graph\":[{\"@type\":\"WebPage\",\"@id\":\"https:\\\/\\\/kaiser-kuehne.com\\\/produkt\\\/052126002-balancierseil\\\/\",\"url\":\"https:\\\/\\\/kaiser-kuehne.com\\\/produkt\\\/052126002-balancierseil\\\/\",\"name\":\"Balancierseil | Kaiser &amp; K\u00fchne\",\"isPartOf\":{\"@id\":\"https:\\\/\\\/kaiser-kuehne.com\\\/#website\"},\"primaryImageOfPage\":{\"@id\":\"https:\\\/\\\/kaiser-kuehne.com\\\/produkt\\\/052126002-balancierseil\\\/#primaryimage\"},\"image\":{\"@id\":\"https:\\\/\\\/kaiser-kuehne.com\\\/produkt\\\/052126002-balancierseil\\\/#primaryimage\"},\"thumbnailUrl\":\"https:\\\/\\\/kaiser-kuehne.com\\\/wp-content\\\/uploads\\\/product-media\\\/2026-05-01_22-00-05\\\/123168517\\\/052126002-Produktbild.jpg\",\"datePublished\":\"2026-05-02T00:59:33+00:00\",\"dateModified\":\"2026-05-02T00:59:34+00:00\",\"breadcrumb\":{\"@id\":\"https:\\\/\\\/kaiser-kuehne.com\\\/produkt\\\/052126002-balancierseil\\\/#breadcrumb\"},\"inLanguage\":\"en-GB\",\"potentialAction\":[{\"@type\":\"ReadAction\",\"target\":[\"https:\\\/\\\/kaiser-kuehne.com\\\/produkt\\\/052126002-balancierseil\\\/\"]}]},{\"@type\":\"ImageObject\",\"inLanguage\":\"en-GB\",\"@id\":\"https:\\\/\\\/kaiser-kuehne.com\\\/produkt\\\/052126002-balancierseil\\\/#primaryimage\",\"url\":\"https:\\\/\\\/kaiser-kuehne.com\\\/wp-content\\\/uploads\\\/product-media\\\/2026-05-01_22-00-05\\\/123168517\\\/052126002-Produktbild.jpg\",\"contentUrl\":\"https:\\\/\\\/kaiser-kuehne.com\\\/wp-content\\\/uploads\\\/product-media\\\/2026-05-01_22-00-05\\\/123168517\\\/052126002-Produktbild.jpg\",\"width\":1920,\"height\":1080,\"caption\":\"Balancierseil\"},{\"@type\":\"BreadcrumbList\",\"@id\":\"https:\\\/\\\/kaiser-kuehne.com\\\/produkt\\\/052126002-balancierseil\\\/#breadcrumb\",\"itemListElement\":[{\"@type\":\"ListItem\",\"position\":1,\"name\":\"Startseite\",\"item\":\"https:\\\/\\\/kaiser-kuehne.com\\\/\"},{\"@type\":\"ListItem\",\"position\":2,\"name\":\"Produkte\",\"item\":\"https:\\\/\\\/kaiser-kuehne.com\\\/produkte\\\/\"},{\"@type\":\"ListItem\",\"position\":3,\"name\":\"Balancierseil\"}]},{\"@type\":\"WebSite\",\"@id\":\"https:\\\/\\\/kaiser-kuehne.com\\\/#website\",\"url\":\"https:\\\/\\\/kaiser-kuehne.com\\\/\",\"name\":\"Kaiser & K\u00fchne\",\"description\":\"Premium Playgrounds\",\"publisher\":{\"@id\":\"https:\\\/\\\/kaiser-kuehne.com\\\/#organization\"},\"alternateName\":\"Kaiser und K\u00fchne\",\"potentialAction\":[{\"@type\":\"SearchAction\",\"target\":{\"@type\":\"EntryPoint\",\"urlTemplate\":\"https:\\\/\\\/kaiser-kuehne.com\\\/?s={search_term_string}\"},\"query-input\":{\"@type\":\"PropertyValueSpecification\",\"valueRequired\":true,\"valueName\":\"search_term_string\"}}],\"inLanguage\":\"en-GB\"},{\"@type\":\"Organization\",\"@id\":\"https:\\\/\\\/kaiser-kuehne.com\\\/#organization\",\"name\":\"Kaiser & K\u00fchne\",\"url\":\"https:\\\/\\\/kaiser-kuehne.com\\\/\",\"logo\":{\"@type\":\"ImageObject\",\"inLanguage\":\"en-GB\",\"@id\":\"https:\\\/\\\/kaiser-kuehne.com\\\/#\\\/schema\\\/logo\\\/image\\\/\",\"url\":\"https:\\\/\\\/kaiser-kuehne.com\\\/wp-content\\\/uploads\\\/2025\\\/06\\\/kaiserkuehne-logo-color.svg\",\"contentUrl\":\"https:\\\/\\\/kaiser-kuehne.com\\\/wp-content\\\/uploads\\\/2025\\\/06\\\/kaiserkuehne-logo-color.svg\",\"width\":1,\"height\":1,\"caption\":\"Kaiser & K\u00fchne\"},\"image\":{\"@id\":\"https:\\\/\\\/kaiser-kuehne.com\\\/#\\\/schema\\\/logo\\\/image\\\/\"},\"sameAs\":[\"https:\\\/\\\/www.instagram.com\\\/kaiser_kuehne\\\/?hl=de\",\"https:\\\/\\\/de.linkedin.com\\\/company\\\/kaiser-kuehne\"]}]}<\/script>\n<!-- \/ Yoast SEO plugin. -->","yoast_head_json":{"title":"Balancing rope | Kaiser &amp; K\u00fchne","robots":{"index":"index","follow":"follow","max-snippet":"max-snippet:-1","max-image-preview":"max-image-preview:large","max-video-preview":"max-video-preview:-1"},"canonical":"https:\/\/kaiser-kuehne.com\/en\/product\/052126002-balancing-rope\/","og_locale":"en_GB","og_type":"article","og_title":"Balancierseil | Kaiser &amp; K\u00fchne","og_description":"Technische Daten Grundfl\u00e4che: 0,20 x 5,50 m Mindestraum: 3,20 x 8,50 m (26 m\u00b2) H\u00f6he: 0,55 m Gewicht: 18 kg schwerstes Einzelteil 55 kg insgesamt &#8211; smb-Schwebeband aus 3 nebeneinander laufenden, festverbundenen Herkulesseilen, ca. 90 mm breit &#8211; 2 Seilb\u00f6cke aus gebogenem Rohr \u00d8 48,3 x 2,6 mm und Edelstahlblech, St\u00e4rke 6 mm, mit integrierter [&hellip;]","og_url":"https:\/\/kaiser-kuehne.com\/en\/product\/052126002-balancing-rope\/","og_site_name":"Kaiser &amp; K\u00fchne","article_modified_time":"2026-05-02T00:59:34+00:00","og_image":[{"width":1024,"height":511,"url":"https:\/\/kaiser-kuehne.com\/wp-content\/uploads\/2025\/09\/Bildschirmfoto-2025-09-05-um-13.34.55-1024x511.png","type":"image\/png"}],"twitter_card":"summary_large_image","twitter_misc":{"Estimated reading time":"1 minute"},"schema":{"@context":"https:\/\/schema.org","@graph":[{"@type":"WebPage","@id":"https:\/\/kaiser-kuehne.com\/produkt\/052126002-balancierseil\/","url":"https:\/\/kaiser-kuehne.com\/produkt\/052126002-balancierseil\/","name":"Balancing rope | Kaiser &amp; K\u00fchne","isPartOf":{"@id":"https:\/\/kaiser-kuehne.com\/#website"},"primaryImageOfPage":{"@id":"https:\/\/kaiser-kuehne.com\/produkt\/052126002-balancierseil\/#primaryimage"},"image":{"@id":"https:\/\/kaiser-kuehne.com\/produkt\/052126002-balancierseil\/#primaryimage"},"thumbnailUrl":"https:\/\/kaiser-kuehne.com\/wp-content\/uploads\/product-media\/2026-05-01_22-00-05\/123168517\/052126002-Produktbild.jpg","datePublished":"2026-05-02T00:59:33+00:00","dateModified":"2026-05-02T00:59:34+00:00","breadcrumb":{"@id":"https:\/\/kaiser-kuehne.com\/produkt\/052126002-balancierseil\/#breadcrumb"},"inLanguage":"en-GB","potentialAction":[{"@type":"ReadAction","target":["https:\/\/kaiser-kuehne.com\/produkt\/052126002-balancierseil\/"]}]},{"@type":"ImageObject","inLanguage":"en-GB","@id":"https:\/\/kaiser-kuehne.com\/produkt\/052126002-balancierseil\/#primaryimage","url":"https:\/\/kaiser-kuehne.com\/wp-content\/uploads\/product-media\/2026-05-01_22-00-05\/123168517\/052126002-Produktbild.jpg","contentUrl":"https:\/\/kaiser-kuehne.com\/wp-content\/uploads\/product-media\/2026-05-01_22-00-05\/123168517\/052126002-Produktbild.jpg","width":1920,"height":1080,"caption":"Balancierseil"},{"@type":"BreadcrumbList","@id":"https:\/\/kaiser-kuehne.com\/produkt\/052126002-balancierseil\/#breadcrumb","itemListElement":[{"@type":"ListItem","position":1,"name":"Startseite","item":"https:\/\/kaiser-kuehne.com\/"},{"@type":"ListItem","position":2,"name":"Produkte","item":"https:\/\/kaiser-kuehne.com\/produkte\/"},{"@type":"ListItem","position":3,"name":"Balancierseil"}]},{"@type":"WebSite","@id":"https:\/\/kaiser-kuehne.com\/#website","url":"https:\/\/kaiser-kuehne.com\/","name":"Kaiser &amp; K\u00fchne","description":"Premium Playgrounds","publisher":{"@id":"https:\/\/kaiser-kuehne.com\/#organization"},"alternateName":"Kaiser und K\u00fchne","potentialAction":[{"@type":"SearchAction","target":{"@type":"EntryPoint","urlTemplate":"https:\/\/kaiser-kuehne.com\/?s={search_term_string}"},"query-input":{"@type":"PropertyValueSpecification","valueRequired":true,"valueName":"search_term_string"}}],"inLanguage":"en-GB"},{"@type":"Organization","@id":"https:\/\/kaiser-kuehne.com\/#organization","name":"Kaiser &amp; K\u00fchne","url":"https:\/\/kaiser-kuehne.com\/","logo":{"@type":"ImageObject","inLanguage":"en-GB","@id":"https:\/\/kaiser-kuehne.com\/#\/schema\/logo\/image\/","url":"https:\/\/kaiser-kuehne.com\/wp-content\/uploads\/2025\/06\/kaiserkuehne-logo-color.svg","contentUrl":"https:\/\/kaiser-kuehne.com\/wp-content\/uploads\/2025\/06\/kaiserkuehne-logo-color.svg","width":1,"height":1,"caption":"Kaiser & K\u00fchne"},"image":{"@id":"https:\/\/kaiser-kuehne.com\/#\/schema\/logo\/image\/"},"sameAs":["https:\/\/www.instagram.com\/kaiser_kuehne\/?hl=de","https:\/\/de.linkedin.com\/company\/kaiser-kuehne"]}]}},"_links":{"self":[{"href":"https:\/\/kaiser-kuehne.com\/en\/wp-json\/wp\/v2\/product\/103042","targetHints":{"allow":["GET"]}}],"collection":[{"href":"https:\/\/kaiser-kuehne.com\/en\/wp-json\/wp\/v2\/product"}],"about":[{"href":"https:\/\/kaiser-kuehne.com\/en\/wp-json\/wp\/v2\/types\/product"}],"replies":[{"embeddable":true,"href":"https:\/\/kaiser-kuehne.com\/en\/wp-json\/wp\/v2\/comments?post=103042"}],"wp:featuredmedia":[{"embeddable":true,"href":"https:\/\/kaiser-kuehne.com\/en\/wp-json\/wp\/v2\/media\/236443"}],"wp:attachment":[{"href":"https:\/\/kaiser-kuehne.com\/en\/wp-json\/wp\/v2\/media?parent=103042"}],"wp:term":[{"taxonomy":"product_brand","embeddable":true,"href":"https:\/\/kaiser-kuehne.com\/en\/wp-json\/wp\/v2\/product_brand?post=103042"},{"taxonomy":"product_cat","embeddable":true,"href":"https:\/\/kaiser-kuehne.com\/en\/wp-json\/wp\/v2\/product_cat?post=103042"},{"taxonomy":"product_tag","embeddable":true,"href":"https:\/\/kaiser-kuehne.com\/en\/wp-json\/wp\/v2\/product_tag?post=103042"}],"curies":[{"name":"wp","href":"https:\/\/api.w.org\/{rel}","templated":true}]}}