{"id":101570,"date":"2026-05-02T02:43:56","date_gmt":"2026-05-02T00:43:56","guid":{"rendered":"https:\/\/final.kaiserundkuehne.de\/produkt\/052150501-balancierseil\/"},"modified":"2026-05-02T02:44:06","modified_gmt":"2026-05-02T00:44:06","slug":"052150501-balancing-rope","status":"publish","type":"product","link":"https:\/\/kaiser-kuehne.com\/en\/produkt\/052150501-balancierseil\/","title":{"rendered":"Tightrope"},"content":{"rendered":"<p>Technical data<br \/>\nFloor area: 0.95 x 9.10 m<br \/>\nMinimum space: 3.60 x 11.80 m (41 m\u00b2)<br \/>\nImpact area: 41 m\u00b2<br \/>\nTotal height: 2.20 m<br \/>\nPlatform height: 1.20 m<br \/>\nWeight: 30 kg heaviest individual part<br \/>\n\t  330 kg in total<\/p>\n<p>- Scaffolding beams made of stainless steel tube, \u00d8 120 x 3 mm, covered with non-detachable post caps<br \/>\n- smb floating belt made of 3 Hercules cables running side by side and firmly connected, approx. 90 mm wide<br \/>\n- Vertical handle as climbing aid made of stainless steel tube, \u00d8 33.7 x 2 mm<br \/>\n- Platform made of profiled stainless steel sheet<br \/>\n- Tensioning device for floating belt, handrail made of Hercules rope \u00d8 22 mm<br \/>\n- Metal components: Stainless steel<\/p>\n<p>Foundations (client-provided)<br \/>\n4 units 0.60 x 1.40 x 0.60 m<br \/>\nConcrete volume: 2.02 m\u00b3<\/p>\n<p>Assembly time<br \/>\n2 fitters 3 hours each<br \/>\n(without foundation)<\/p>\n<p>Free fall height<br \/>\n1,20 m<\/p>\n<p>Suitable for<br \/>\nChildren aged 8 and over,<br \/>\npublic playgrounds etc.<br \/>\nPhysical activities<\/p>\n<p>Item number: 052150501<\/p>","protected":false},"excerpt":{"rendered":"<p>Technische Daten Grundfl\u00e4che: 0,95 x 9,10 m Mindestraum: 3,60 x 11,80 m (41 m\u00b2) Aufprallfl\u00e4che: 41 m\u00b2 Gesamth\u00f6he: 2,20 m Podesth\u00f6he: 1,20 m Gewicht: 30 kg schwerstes Einzelteil 330 kg insgesamt &#8211; Ger\u00fcstbalken aus Edelstahlrohr, \u00d8 120 x 3 mm, mit nicht l\u00f6sbaren Pfostenkappen abgedeckt &#8211; smb-Schwebeband aus 3 nebeneinander laufenden, fest verbundenen Herkulesseilen, ca. [&hellip;]<\/p>\n","protected":false},"featured_media":235319,"comment_status":"closed","ping_status":"open","template":"","meta":{"_acf_changed":false,"_et_pb_use_builder":"","_et_pb_old_content":"","_et_gb_content_width":""},"product_brand":[],"product_cat":[89],"product_tag":[],"class_list":{"0":"post-101570","1":"product","2":"type-product","3":"status-publish","4":"has-post-thumbnail","6":"product_cat-bewegen-balancieren","7":"pa_aktivitaeten-balancieren","8":"pa_aktivitaeten-bewegungsaktivitaet","9":"pa_altersgruppe-105","10":"pa_einsatzgebiete-oeffentliche-spielplaetze","11":"pa_hebezeug-false","12":"pa_inklusionsattribute-einzelspiele","13":"pa_inklusionsattribute-funktionelles-spielen","14":"pa_inklusionsattribute-gleichgewicht","15":"pa_inklusionsattribute-hoehenerfahrung","16":"pa_inklusionsattribute-koordination","18":"first","19":"instock","20":"purchasable","21":"product-type-variable"},"acf":[],"yoast_head":"<!-- This site is optimized with the Yoast SEO plugin v27.4 - https:\/\/yoast.com\/product\/yoast-seo-wordpress\/ -->\n<title>Balancierseil | Kaiser &amp; K\u00fchne<\/title>\n<meta name=\"robots\" content=\"index, follow, max-snippet:-1, max-image-preview:large, max-video-preview:-1\" \/>\n<link rel=\"canonical\" href=\"https:\/\/kaiser-kuehne.com\/en\/product\/052150501-balancing-rope\/\" \/>\n<meta property=\"og:locale\" content=\"en_GB\" \/>\n<meta property=\"og:type\" content=\"article\" \/>\n<meta property=\"og:title\" content=\"Balancierseil | Kaiser &amp; K\u00fchne\" \/>\n<meta property=\"og:description\" content=\"Technische Daten Grundfl\u00e4che: 0,95 x 9,10 m Mindestraum: 3,60 x 11,80 m (41 m\u00b2) Aufprallfl\u00e4che: 41 m\u00b2 Gesamth\u00f6he: 2,20 m Podesth\u00f6he: 1,20 m Gewicht: 30 kg schwerstes Einzelteil 330 kg insgesamt &#8211; Ger\u00fcstbalken aus Edelstahlrohr, \u00d8 120 x 3 mm, mit nicht l\u00f6sbaren Pfostenkappen abgedeckt &#8211; smb-Schwebeband aus 3 nebeneinander laufenden, fest verbundenen Herkulesseilen, ca. [&hellip;]\" \/>\n<meta property=\"og:url\" content=\"https:\/\/kaiser-kuehne.com\/en\/product\/052150501-balancing-rope\/\" \/>\n<meta property=\"og:site_name\" content=\"Kaiser &amp; K\u00fchne\" \/>\n<meta property=\"article:modified_time\" content=\"2026-05-02T00:44:06+00:00\" \/>\n<meta property=\"og:image\" content=\"https:\/\/kaiser-kuehne.com\/wp-content\/uploads\/2025\/09\/Bildschirmfoto-2025-09-05-um-13.34.55-1024x511.png\" \/>\n\t<meta property=\"og:image:width\" content=\"1024\" \/>\n\t<meta property=\"og:image:height\" content=\"511\" \/>\n\t<meta property=\"og:image:type\" content=\"image\/png\" \/>\n<meta name=\"twitter:card\" content=\"summary_large_image\" \/>\n<meta name=\"twitter:label1\" content=\"Estimated reading time\" \/>\n\t<meta name=\"twitter:data1\" content=\"1 minute\" \/>\n<script type=\"application\/ld+json\" class=\"yoast-schema-graph\">{\"@context\":\"https:\\\/\\\/schema.org\",\"@graph\":[{\"@type\":\"WebPage\",\"@id\":\"https:\\\/\\\/kaiser-kuehne.com\\\/produkt\\\/052150501-balancierseil\\\/\",\"url\":\"https:\\\/\\\/kaiser-kuehne.com\\\/produkt\\\/052150501-balancierseil\\\/\",\"name\":\"Balancierseil | Kaiser &amp; K\u00fchne\",\"isPartOf\":{\"@id\":\"https:\\\/\\\/kaiser-kuehne.com\\\/#website\"},\"primaryImageOfPage\":{\"@id\":\"https:\\\/\\\/kaiser-kuehne.com\\\/produkt\\\/052150501-balancierseil\\\/#primaryimage\"},\"image\":{\"@id\":\"https:\\\/\\\/kaiser-kuehne.com\\\/produkt\\\/052150501-balancierseil\\\/#primaryimage\"},\"thumbnailUrl\":\"https:\\\/\\\/kaiser-kuehne.com\\\/wp-content\\\/uploads\\\/product-media\\\/2026-05-01_22-00-05\\\/123153293\\\/052150501-Produktbild.jpg\",\"datePublished\":\"2026-05-02T00:43:56+00:00\",\"dateModified\":\"2026-05-02T00:44:06+00:00\",\"breadcrumb\":{\"@id\":\"https:\\\/\\\/kaiser-kuehne.com\\\/produkt\\\/052150501-balancierseil\\\/#breadcrumb\"},\"inLanguage\":\"en-GB\",\"potentialAction\":[{\"@type\":\"ReadAction\",\"target\":[\"https:\\\/\\\/kaiser-kuehne.com\\\/produkt\\\/052150501-balancierseil\\\/\"]}]},{\"@type\":\"ImageObject\",\"inLanguage\":\"en-GB\",\"@id\":\"https:\\\/\\\/kaiser-kuehne.com\\\/produkt\\\/052150501-balancierseil\\\/#primaryimage\",\"url\":\"https:\\\/\\\/kaiser-kuehne.com\\\/wp-content\\\/uploads\\\/product-media\\\/2026-05-01_22-00-05\\\/123153293\\\/052150501-Produktbild.jpg\",\"contentUrl\":\"https:\\\/\\\/kaiser-kuehne.com\\\/wp-content\\\/uploads\\\/product-media\\\/2026-05-01_22-00-05\\\/123153293\\\/052150501-Produktbild.jpg\",\"width\":1920,\"height\":1080,\"caption\":\"Balancierseil\"},{\"@type\":\"BreadcrumbList\",\"@id\":\"https:\\\/\\\/kaiser-kuehne.com\\\/produkt\\\/052150501-balancierseil\\\/#breadcrumb\",\"itemListElement\":[{\"@type\":\"ListItem\",\"position\":1,\"name\":\"Startseite\",\"item\":\"https:\\\/\\\/kaiser-kuehne.com\\\/\"},{\"@type\":\"ListItem\",\"position\":2,\"name\":\"Produkte\",\"item\":\"https:\\\/\\\/kaiser-kuehne.com\\\/produkte\\\/\"},{\"@type\":\"ListItem\",\"position\":3,\"name\":\"Balancierseil\"}]},{\"@type\":\"WebSite\",\"@id\":\"https:\\\/\\\/kaiser-kuehne.com\\\/#website\",\"url\":\"https:\\\/\\\/kaiser-kuehne.com\\\/\",\"name\":\"Kaiser & K\u00fchne\",\"description\":\"Premium Playgrounds\",\"publisher\":{\"@id\":\"https:\\\/\\\/kaiser-kuehne.com\\\/#organization\"},\"alternateName\":\"Kaiser und K\u00fchne\",\"potentialAction\":[{\"@type\":\"SearchAction\",\"target\":{\"@type\":\"EntryPoint\",\"urlTemplate\":\"https:\\\/\\\/kaiser-kuehne.com\\\/?s={search_term_string}\"},\"query-input\":{\"@type\":\"PropertyValueSpecification\",\"valueRequired\":true,\"valueName\":\"search_term_string\"}}],\"inLanguage\":\"en-GB\"},{\"@type\":\"Organization\",\"@id\":\"https:\\\/\\\/kaiser-kuehne.com\\\/#organization\",\"name\":\"Kaiser & K\u00fchne\",\"url\":\"https:\\\/\\\/kaiser-kuehne.com\\\/\",\"logo\":{\"@type\":\"ImageObject\",\"inLanguage\":\"en-GB\",\"@id\":\"https:\\\/\\\/kaiser-kuehne.com\\\/#\\\/schema\\\/logo\\\/image\\\/\",\"url\":\"https:\\\/\\\/kaiser-kuehne.com\\\/wp-content\\\/uploads\\\/2025\\\/06\\\/kaiserkuehne-logo-color.svg\",\"contentUrl\":\"https:\\\/\\\/kaiser-kuehne.com\\\/wp-content\\\/uploads\\\/2025\\\/06\\\/kaiserkuehne-logo-color.svg\",\"width\":1,\"height\":1,\"caption\":\"Kaiser & K\u00fchne\"},\"image\":{\"@id\":\"https:\\\/\\\/kaiser-kuehne.com\\\/#\\\/schema\\\/logo\\\/image\\\/\"},\"sameAs\":[\"https:\\\/\\\/www.instagram.com\\\/kaiser_kuehne\\\/?hl=de\",\"https:\\\/\\\/de.linkedin.com\\\/company\\\/kaiser-kuehne\"]}]}<\/script>\n<!-- \/ Yoast SEO plugin. -->","yoast_head_json":{"title":"Balancing rope | Kaiser &amp; K\u00fchne","robots":{"index":"index","follow":"follow","max-snippet":"max-snippet:-1","max-image-preview":"max-image-preview:large","max-video-preview":"max-video-preview:-1"},"canonical":"https:\/\/kaiser-kuehne.com\/en\/product\/052150501-balancing-rope\/","og_locale":"en_GB","og_type":"article","og_title":"Balancierseil | Kaiser &amp; K\u00fchne","og_description":"Technische Daten Grundfl\u00e4che: 0,95 x 9,10 m Mindestraum: 3,60 x 11,80 m (41 m\u00b2) Aufprallfl\u00e4che: 41 m\u00b2 Gesamth\u00f6he: 2,20 m Podesth\u00f6he: 1,20 m Gewicht: 30 kg schwerstes Einzelteil 330 kg insgesamt &#8211; Ger\u00fcstbalken aus Edelstahlrohr, \u00d8 120 x 3 mm, mit nicht l\u00f6sbaren Pfostenkappen abgedeckt &#8211; smb-Schwebeband aus 3 nebeneinander laufenden, fest verbundenen Herkulesseilen, ca. [&hellip;]","og_url":"https:\/\/kaiser-kuehne.com\/en\/product\/052150501-balancing-rope\/","og_site_name":"Kaiser &amp; K\u00fchne","article_modified_time":"2026-05-02T00:44:06+00:00","og_image":[{"width":1024,"height":511,"url":"https:\/\/kaiser-kuehne.com\/wp-content\/uploads\/2025\/09\/Bildschirmfoto-2025-09-05-um-13.34.55-1024x511.png","type":"image\/png"}],"twitter_card":"summary_large_image","twitter_misc":{"Estimated reading time":"1 minute"},"schema":{"@context":"https:\/\/schema.org","@graph":[{"@type":"WebPage","@id":"https:\/\/kaiser-kuehne.com\/produkt\/052150501-balancierseil\/","url":"https:\/\/kaiser-kuehne.com\/produkt\/052150501-balancierseil\/","name":"Balancing rope | Kaiser &amp; K\u00fchne","isPartOf":{"@id":"https:\/\/kaiser-kuehne.com\/#website"},"primaryImageOfPage":{"@id":"https:\/\/kaiser-kuehne.com\/produkt\/052150501-balancierseil\/#primaryimage"},"image":{"@id":"https:\/\/kaiser-kuehne.com\/produkt\/052150501-balancierseil\/#primaryimage"},"thumbnailUrl":"https:\/\/kaiser-kuehne.com\/wp-content\/uploads\/product-media\/2026-05-01_22-00-05\/123153293\/052150501-Produktbild.jpg","datePublished":"2026-05-02T00:43:56+00:00","dateModified":"2026-05-02T00:44:06+00:00","breadcrumb":{"@id":"https:\/\/kaiser-kuehne.com\/produkt\/052150501-balancierseil\/#breadcrumb"},"inLanguage":"en-GB","potentialAction":[{"@type":"ReadAction","target":["https:\/\/kaiser-kuehne.com\/produkt\/052150501-balancierseil\/"]}]},{"@type":"ImageObject","inLanguage":"en-GB","@id":"https:\/\/kaiser-kuehne.com\/produkt\/052150501-balancierseil\/#primaryimage","url":"https:\/\/kaiser-kuehne.com\/wp-content\/uploads\/product-media\/2026-05-01_22-00-05\/123153293\/052150501-Produktbild.jpg","contentUrl":"https:\/\/kaiser-kuehne.com\/wp-content\/uploads\/product-media\/2026-05-01_22-00-05\/123153293\/052150501-Produktbild.jpg","width":1920,"height":1080,"caption":"Balancierseil"},{"@type":"BreadcrumbList","@id":"https:\/\/kaiser-kuehne.com\/produkt\/052150501-balancierseil\/#breadcrumb","itemListElement":[{"@type":"ListItem","position":1,"name":"Startseite","item":"https:\/\/kaiser-kuehne.com\/"},{"@type":"ListItem","position":2,"name":"Produkte","item":"https:\/\/kaiser-kuehne.com\/produkte\/"},{"@type":"ListItem","position":3,"name":"Balancierseil"}]},{"@type":"WebSite","@id":"https:\/\/kaiser-kuehne.com\/#website","url":"https:\/\/kaiser-kuehne.com\/","name":"Kaiser &amp; K\u00fchne","description":"Premium Playgrounds","publisher":{"@id":"https:\/\/kaiser-kuehne.com\/#organization"},"alternateName":"Kaiser und K\u00fchne","potentialAction":[{"@type":"SearchAction","target":{"@type":"EntryPoint","urlTemplate":"https:\/\/kaiser-kuehne.com\/?s={search_term_string}"},"query-input":{"@type":"PropertyValueSpecification","valueRequired":true,"valueName":"search_term_string"}}],"inLanguage":"en-GB"},{"@type":"Organization","@id":"https:\/\/kaiser-kuehne.com\/#organization","name":"Kaiser &amp; K\u00fchne","url":"https:\/\/kaiser-kuehne.com\/","logo":{"@type":"ImageObject","inLanguage":"en-GB","@id":"https:\/\/kaiser-kuehne.com\/#\/schema\/logo\/image\/","url":"https:\/\/kaiser-kuehne.com\/wp-content\/uploads\/2025\/06\/kaiserkuehne-logo-color.svg","contentUrl":"https:\/\/kaiser-kuehne.com\/wp-content\/uploads\/2025\/06\/kaiserkuehne-logo-color.svg","width":1,"height":1,"caption":"Kaiser & K\u00fchne"},"image":{"@id":"https:\/\/kaiser-kuehne.com\/#\/schema\/logo\/image\/"},"sameAs":["https:\/\/www.instagram.com\/kaiser_kuehne\/?hl=de","https:\/\/de.linkedin.com\/company\/kaiser-kuehne"]}]}},"_links":{"self":[{"href":"https:\/\/kaiser-kuehne.com\/en\/wp-json\/wp\/v2\/product\/101570","targetHints":{"allow":["GET"]}}],"collection":[{"href":"https:\/\/kaiser-kuehne.com\/en\/wp-json\/wp\/v2\/product"}],"about":[{"href":"https:\/\/kaiser-kuehne.com\/en\/wp-json\/wp\/v2\/types\/product"}],"replies":[{"embeddable":true,"href":"https:\/\/kaiser-kuehne.com\/en\/wp-json\/wp\/v2\/comments?post=101570"}],"wp:featuredmedia":[{"embeddable":true,"href":"https:\/\/kaiser-kuehne.com\/en\/wp-json\/wp\/v2\/media\/235319"}],"wp:attachment":[{"href":"https:\/\/kaiser-kuehne.com\/en\/wp-json\/wp\/v2\/media?parent=101570"}],"wp:term":[{"taxonomy":"product_brand","embeddable":true,"href":"https:\/\/kaiser-kuehne.com\/en\/wp-json\/wp\/v2\/product_brand?post=101570"},{"taxonomy":"product_cat","embeddable":true,"href":"https:\/\/kaiser-kuehne.com\/en\/wp-json\/wp\/v2\/product_cat?post=101570"},{"taxonomy":"product_tag","embeddable":true,"href":"https:\/\/kaiser-kuehne.com\/en\/wp-json\/wp\/v2\/product_tag?post=101570"}],"curies":[{"name":"wp","href":"https:\/\/api.w.org\/{rel}","templated":true}]}}