{"id":101525,"date":"2026-05-02T02:43:45","date_gmt":"2026-05-02T00:43:45","guid":{"rendered":"https:\/\/final.kaiserundkuehne.de\/produkt\/055500502-kletterkombination\/"},"modified":"2026-05-02T02:44:06","modified_gmt":"2026-05-02T00:44:06","slug":"055500502-climbing-combination","status":"publish","type":"product","link":"https:\/\/kaiser-kuehne.com\/en\/produkt\/055500502-kletterkombination\/","title":{"rendered":"Climbing combination"},"content":{"rendered":"<p>Technical data<br \/>\nTotal height: 2.65 m<br \/>\nFloor area: 6.50 x 10.70 m<br \/>\nMinimum space: 9.50 x 13.70 m (90 m\u00b2)<br \/>\nPlatform height: 1.60 m<br \/>\nWeight: 80 kg heaviest individual part<br \/>\n             540 kg in total<\/p>\n<p>Support post<br \/>\nPosts made of stainless steel tube \u00d8 120 mm covered with non-detachable stainless steel post caps. Connection of the modular add-on parts to the uprights using solid and fully welded stainless steel weld-in sleeves without protruding connecting elements.<\/p>\n<p>Platform floor<br \/>\nPlatform floor made of boards, 30 mm thick and circumferential squared timber beams 45 x 100 mm. The dried sawn timber made of robinia is planed, bevelled and free of rotting knots. Force-fit floor fastening using special stainless steel brackets with a continuous bolt connection.<\/p>\n<p>Attachments<br \/>\n- Climbing rungs made of stainless steel tube, \u00d8 33.7 mm<br \/>\n- Inclined stainless steel tube handrail ladder<br \/>\n- Step railing made of stainless steel tube, \u00d8 33.7 x 2 mm, as a climbing ladder<br \/>\n- Railing bracket, anti-roll, made of stainless steel tube, \u00d8 33.7 x 2 mm<br \/>\n- Vertical handle as climbing aid made of stainless steel tube, \u00d8 33.7 x 2 mm<br \/>\n- Climbing wall made of robinia wood with attached climbing elements made of HPL laminate board<br \/>\n- curved rung ascent (climbing snake)<br \/>\n- Triangular climbing wall 20\u00b0 inclined, made of highly weather-resistant HPL laminate, 20 mm. Frame made of stainless steel tube, climbing openings.<br \/>\n- Inclined climbing pole, straight, inclination 20\u00b0, made of stainless steel<br \/>\n- Triangular rung wall 20\u00b0 angled made of stainless steel tube, \u00d8 38 mm<br \/>\n- Climbing net made of Hercules rope \u00d8 18 mm, black, with 5 seat crosses made of Forta Hercules rope \u00d8 16 mm, red; net suspension on stainless steel uprights with aluminium thimble crimping and stainless steel brackets \u00d8 30 mm <\/p>\n<p>Metal components: Stainless steel.<br \/>\nThe robinia wood is treated with a water-repellent, breathable protective coating. In addition to protecting against moisture, this treatment reduces cracking.<\/p>\n<p>Foundations (client-provided)<br \/>\n  6 pcs. 0.40 x 0.40 x 0.60 m<br \/>\n  4 units 0.50 x 0.50 x 0.60 m<br \/>\n10 pcs. 0.30 x 0.30 x 0.40 m<br \/>\nConcrete volume: 1.54 m\u00b3\t<\/p>\n<p>Assembly time<br \/>\n2 fitters 6 hours each<br \/>\n(without foundation)<\/p>\n<p>Free fall height<br \/>\n2,32 m<\/p>\n<p>Suitable for<br \/>\nChildren aged 5 and over,<br \/>\nPublic playgrounds<br \/>\nsporting activities<\/p>\n<p>Item number: 055500502<\/p>","protected":false},"excerpt":{"rendered":"<p>Technische Daten Gesamth\u00f6he: 2,65 m Grundfl\u00e4che: 6,50 x 10,70 m Mindestraum: 9,50 x 13,70 m (90 m\u00b2) Podesth\u00f6he: 1,60 m Gewicht: 80 kg schwerstes Einzelteil 540 kg insgesamt Standpfosten Standpfosten aus Edelstahlrohr \u00d8 120 mm mit nicht l\u00f6sbaren Pfostenkappen aus Edelstahl abgedeckt. Anschluss der modularen Anbauteile an die Standpfosten durch solide und voll verschwei\u00dfte Edelstahl-Einschwei\u00dfh\u00fclsen [&hellip;]<\/p>\n","protected":false},"featured_media":235292,"comment_status":"closed","ping_status":"open","template":"","meta":{"_acf_changed":false,"_et_pb_use_builder":"","_et_pb_old_content":"","_et_gb_content_width":""},"product_brand":[],"product_cat":[114],"product_tag":[],"class_list":{"0":"post-101525","1":"product","2":"type-product","3":"status-publish","4":"has-post-thumbnail","6":"product_cat-klettern-hangeln","7":"pa_aktivitaeten-klettern","8":"pa_aktivitaeten-sportliche-aktivitaet","9":"pa_altersgruppe-75","10":"pa_einsatzgebiete-oeffentliche-spielplaetze","11":"pa_hebezeug-false","12":"pa_inklusionsattribute-dramaspiel","13":"pa_inklusionsattribute-einzelspiele","14":"pa_inklusionsattribute-funktionelles-spielen","15":"pa_inklusionsattribute-geschwindigkeit","16":"pa_inklusionsattribute-gleichgewicht","17":"pa_inklusionsattribute-gruppenspiele","18":"pa_inklusionsattribute-hoehenerfahrung","19":"pa_inklusionsattribute-koordination","20":"pa_inklusionsattribute-paralleles-spielen","21":"pa_inklusionsattribute-selbstwahrnehmung","23":"first","24":"instock","25":"purchasable","26":"product-type-variable"},"acf":[],"yoast_head":"<!-- This site is optimized with the Yoast SEO plugin v27.4 - https:\/\/yoast.com\/product\/yoast-seo-wordpress\/ -->\n<title>Kletterkombination | Kaiser &amp; K\u00fchne<\/title>\n<meta name=\"robots\" content=\"index, follow, max-snippet:-1, max-image-preview:large, max-video-preview:-1\" \/>\n<link rel=\"canonical\" href=\"https:\/\/kaiser-kuehne.com\/en\/product\/055500502-climbing-combination\/\" \/>\n<meta property=\"og:locale\" content=\"en_GB\" \/>\n<meta property=\"og:type\" content=\"article\" \/>\n<meta property=\"og:title\" content=\"Kletterkombination | Kaiser &amp; K\u00fchne\" \/>\n<meta property=\"og:description\" content=\"Technische Daten Gesamth\u00f6he: 2,65 m Grundfl\u00e4che: 6,50 x 10,70 m Mindestraum: 9,50 x 13,70 m (90 m\u00b2) Podesth\u00f6he: 1,60 m Gewicht: 80 kg schwerstes Einzelteil 540 kg insgesamt Standpfosten Standpfosten aus Edelstahlrohr \u00d8 120 mm mit nicht l\u00f6sbaren Pfostenkappen aus Edelstahl abgedeckt. Anschluss der modularen Anbauteile an die Standpfosten durch solide und voll verschwei\u00dfte Edelstahl-Einschwei\u00dfh\u00fclsen [&hellip;]\" \/>\n<meta property=\"og:url\" content=\"https:\/\/kaiser-kuehne.com\/en\/product\/055500502-climbing-combination\/\" \/>\n<meta property=\"og:site_name\" content=\"Kaiser &amp; K\u00fchne\" \/>\n<meta property=\"article:modified_time\" content=\"2026-05-02T00:44:06+00:00\" \/>\n<meta property=\"og:image\" content=\"https:\/\/kaiser-kuehne.com\/wp-content\/uploads\/2025\/09\/Bildschirmfoto-2025-09-05-um-13.34.55-1024x511.png\" \/>\n\t<meta property=\"og:image:width\" content=\"1024\" \/>\n\t<meta property=\"og:image:height\" content=\"511\" \/>\n\t<meta property=\"og:image:type\" content=\"image\/png\" \/>\n<meta name=\"twitter:card\" content=\"summary_large_image\" \/>\n<meta name=\"twitter:label1\" content=\"Estimated reading time\" \/>\n\t<meta name=\"twitter:data1\" content=\"1 minute\" \/>\n<script type=\"application\/ld+json\" class=\"yoast-schema-graph\">{\"@context\":\"https:\\\/\\\/schema.org\",\"@graph\":[{\"@type\":\"WebPage\",\"@id\":\"https:\\\/\\\/kaiser-kuehne.com\\\/produkt\\\/055500502-kletterkombination\\\/\",\"url\":\"https:\\\/\\\/kaiser-kuehne.com\\\/produkt\\\/055500502-kletterkombination\\\/\",\"name\":\"Kletterkombination | Kaiser &amp; K\u00fchne\",\"isPartOf\":{\"@id\":\"https:\\\/\\\/kaiser-kuehne.com\\\/#website\"},\"primaryImageOfPage\":{\"@id\":\"https:\\\/\\\/kaiser-kuehne.com\\\/produkt\\\/055500502-kletterkombination\\\/#primaryimage\"},\"image\":{\"@id\":\"https:\\\/\\\/kaiser-kuehne.com\\\/produkt\\\/055500502-kletterkombination\\\/#primaryimage\"},\"thumbnailUrl\":\"https:\\\/\\\/kaiser-kuehne.com\\\/wp-content\\\/uploads\\\/product-media\\\/2026-05-01_22-00-05\\\/123153284\\\/055500502-Produktbild.jpg\",\"datePublished\":\"2026-05-02T00:43:45+00:00\",\"dateModified\":\"2026-05-02T00:44:06+00:00\",\"breadcrumb\":{\"@id\":\"https:\\\/\\\/kaiser-kuehne.com\\\/produkt\\\/055500502-kletterkombination\\\/#breadcrumb\"},\"inLanguage\":\"en-GB\",\"potentialAction\":[{\"@type\":\"ReadAction\",\"target\":[\"https:\\\/\\\/kaiser-kuehne.com\\\/produkt\\\/055500502-kletterkombination\\\/\"]}]},{\"@type\":\"ImageObject\",\"inLanguage\":\"en-GB\",\"@id\":\"https:\\\/\\\/kaiser-kuehne.com\\\/produkt\\\/055500502-kletterkombination\\\/#primaryimage\",\"url\":\"https:\\\/\\\/kaiser-kuehne.com\\\/wp-content\\\/uploads\\\/product-media\\\/2026-05-01_22-00-05\\\/123153284\\\/055500502-Produktbild.jpg\",\"contentUrl\":\"https:\\\/\\\/kaiser-kuehne.com\\\/wp-content\\\/uploads\\\/product-media\\\/2026-05-01_22-00-05\\\/123153284\\\/055500502-Produktbild.jpg\",\"width\":1920,\"height\":1080,\"caption\":\"Kletterkombination\"},{\"@type\":\"BreadcrumbList\",\"@id\":\"https:\\\/\\\/kaiser-kuehne.com\\\/produkt\\\/055500502-kletterkombination\\\/#breadcrumb\",\"itemListElement\":[{\"@type\":\"ListItem\",\"position\":1,\"name\":\"Startseite\",\"item\":\"https:\\\/\\\/kaiser-kuehne.com\\\/\"},{\"@type\":\"ListItem\",\"position\":2,\"name\":\"Produkte\",\"item\":\"https:\\\/\\\/kaiser-kuehne.com\\\/produkte\\\/\"},{\"@type\":\"ListItem\",\"position\":3,\"name\":\"Kletterkombination\"}]},{\"@type\":\"WebSite\",\"@id\":\"https:\\\/\\\/kaiser-kuehne.com\\\/#website\",\"url\":\"https:\\\/\\\/kaiser-kuehne.com\\\/\",\"name\":\"Kaiser & K\u00fchne\",\"description\":\"Premium Playgrounds\",\"publisher\":{\"@id\":\"https:\\\/\\\/kaiser-kuehne.com\\\/#organization\"},\"alternateName\":\"Kaiser und K\u00fchne\",\"potentialAction\":[{\"@type\":\"SearchAction\",\"target\":{\"@type\":\"EntryPoint\",\"urlTemplate\":\"https:\\\/\\\/kaiser-kuehne.com\\\/?s={search_term_string}\"},\"query-input\":{\"@type\":\"PropertyValueSpecification\",\"valueRequired\":true,\"valueName\":\"search_term_string\"}}],\"inLanguage\":\"en-GB\"},{\"@type\":\"Organization\",\"@id\":\"https:\\\/\\\/kaiser-kuehne.com\\\/#organization\",\"name\":\"Kaiser & K\u00fchne\",\"url\":\"https:\\\/\\\/kaiser-kuehne.com\\\/\",\"logo\":{\"@type\":\"ImageObject\",\"inLanguage\":\"en-GB\",\"@id\":\"https:\\\/\\\/kaiser-kuehne.com\\\/#\\\/schema\\\/logo\\\/image\\\/\",\"url\":\"https:\\\/\\\/kaiser-kuehne.com\\\/wp-content\\\/uploads\\\/2025\\\/06\\\/kaiserkuehne-logo-color.svg\",\"contentUrl\":\"https:\\\/\\\/kaiser-kuehne.com\\\/wp-content\\\/uploads\\\/2025\\\/06\\\/kaiserkuehne-logo-color.svg\",\"width\":1,\"height\":1,\"caption\":\"Kaiser & K\u00fchne\"},\"image\":{\"@id\":\"https:\\\/\\\/kaiser-kuehne.com\\\/#\\\/schema\\\/logo\\\/image\\\/\"},\"sameAs\":[\"https:\\\/\\\/www.instagram.com\\\/kaiser_kuehne\\\/?hl=de\",\"https:\\\/\\\/de.linkedin.com\\\/company\\\/kaiser-kuehne\"]}]}<\/script>\n<!-- \/ Yoast SEO plugin. -->","yoast_head_json":{"title":"Climbing combination | Kaiser &amp; K\u00fchne","robots":{"index":"index","follow":"follow","max-snippet":"max-snippet:-1","max-image-preview":"max-image-preview:large","max-video-preview":"max-video-preview:-1"},"canonical":"https:\/\/kaiser-kuehne.com\/en\/product\/055500502-climbing-combination\/","og_locale":"en_GB","og_type":"article","og_title":"Kletterkombination | Kaiser &amp; K\u00fchne","og_description":"Technische Daten Gesamth\u00f6he: 2,65 m Grundfl\u00e4che: 6,50 x 10,70 m Mindestraum: 9,50 x 13,70 m (90 m\u00b2) Podesth\u00f6he: 1,60 m Gewicht: 80 kg schwerstes Einzelteil 540 kg insgesamt Standpfosten Standpfosten aus Edelstahlrohr \u00d8 120 mm mit nicht l\u00f6sbaren Pfostenkappen aus Edelstahl abgedeckt. Anschluss der modularen Anbauteile an die Standpfosten durch solide und voll verschwei\u00dfte Edelstahl-Einschwei\u00dfh\u00fclsen [&hellip;]","og_url":"https:\/\/kaiser-kuehne.com\/en\/product\/055500502-climbing-combination\/","og_site_name":"Kaiser &amp; K\u00fchne","article_modified_time":"2026-05-02T00:44:06+00:00","og_image":[{"width":1024,"height":511,"url":"https:\/\/kaiser-kuehne.com\/wp-content\/uploads\/2025\/09\/Bildschirmfoto-2025-09-05-um-13.34.55-1024x511.png","type":"image\/png"}],"twitter_card":"summary_large_image","twitter_misc":{"Estimated reading time":"1 minute"},"schema":{"@context":"https:\/\/schema.org","@graph":[{"@type":"WebPage","@id":"https:\/\/kaiser-kuehne.com\/produkt\/055500502-kletterkombination\/","url":"https:\/\/kaiser-kuehne.com\/produkt\/055500502-kletterkombination\/","name":"Climbing combination | Kaiser &amp; K\u00fchne","isPartOf":{"@id":"https:\/\/kaiser-kuehne.com\/#website"},"primaryImageOfPage":{"@id":"https:\/\/kaiser-kuehne.com\/produkt\/055500502-kletterkombination\/#primaryimage"},"image":{"@id":"https:\/\/kaiser-kuehne.com\/produkt\/055500502-kletterkombination\/#primaryimage"},"thumbnailUrl":"https:\/\/kaiser-kuehne.com\/wp-content\/uploads\/product-media\/2026-05-01_22-00-05\/123153284\/055500502-Produktbild.jpg","datePublished":"2026-05-02T00:43:45+00:00","dateModified":"2026-05-02T00:44:06+00:00","breadcrumb":{"@id":"https:\/\/kaiser-kuehne.com\/produkt\/055500502-kletterkombination\/#breadcrumb"},"inLanguage":"en-GB","potentialAction":[{"@type":"ReadAction","target":["https:\/\/kaiser-kuehne.com\/produkt\/055500502-kletterkombination\/"]}]},{"@type":"ImageObject","inLanguage":"en-GB","@id":"https:\/\/kaiser-kuehne.com\/produkt\/055500502-kletterkombination\/#primaryimage","url":"https:\/\/kaiser-kuehne.com\/wp-content\/uploads\/product-media\/2026-05-01_22-00-05\/123153284\/055500502-Produktbild.jpg","contentUrl":"https:\/\/kaiser-kuehne.com\/wp-content\/uploads\/product-media\/2026-05-01_22-00-05\/123153284\/055500502-Produktbild.jpg","width":1920,"height":1080,"caption":"Kletterkombination"},{"@type":"BreadcrumbList","@id":"https:\/\/kaiser-kuehne.com\/produkt\/055500502-kletterkombination\/#breadcrumb","itemListElement":[{"@type":"ListItem","position":1,"name":"Startseite","item":"https:\/\/kaiser-kuehne.com\/"},{"@type":"ListItem","position":2,"name":"Produkte","item":"https:\/\/kaiser-kuehne.com\/produkte\/"},{"@type":"ListItem","position":3,"name":"Kletterkombination"}]},{"@type":"WebSite","@id":"https:\/\/kaiser-kuehne.com\/#website","url":"https:\/\/kaiser-kuehne.com\/","name":"Kaiser &amp; K\u00fchne","description":"Premium Playgrounds","publisher":{"@id":"https:\/\/kaiser-kuehne.com\/#organization"},"alternateName":"Kaiser und K\u00fchne","potentialAction":[{"@type":"SearchAction","target":{"@type":"EntryPoint","urlTemplate":"https:\/\/kaiser-kuehne.com\/?s={search_term_string}"},"query-input":{"@type":"PropertyValueSpecification","valueRequired":true,"valueName":"search_term_string"}}],"inLanguage":"en-GB"},{"@type":"Organization","@id":"https:\/\/kaiser-kuehne.com\/#organization","name":"Kaiser &amp; K\u00fchne","url":"https:\/\/kaiser-kuehne.com\/","logo":{"@type":"ImageObject","inLanguage":"en-GB","@id":"https:\/\/kaiser-kuehne.com\/#\/schema\/logo\/image\/","url":"https:\/\/kaiser-kuehne.com\/wp-content\/uploads\/2025\/06\/kaiserkuehne-logo-color.svg","contentUrl":"https:\/\/kaiser-kuehne.com\/wp-content\/uploads\/2025\/06\/kaiserkuehne-logo-color.svg","width":1,"height":1,"caption":"Kaiser & K\u00fchne"},"image":{"@id":"https:\/\/kaiser-kuehne.com\/#\/schema\/logo\/image\/"},"sameAs":["https:\/\/www.instagram.com\/kaiser_kuehne\/?hl=de","https:\/\/de.linkedin.com\/company\/kaiser-kuehne"]}]}},"_links":{"self":[{"href":"https:\/\/kaiser-kuehne.com\/en\/wp-json\/wp\/v2\/product\/101525","targetHints":{"allow":["GET"]}}],"collection":[{"href":"https:\/\/kaiser-kuehne.com\/en\/wp-json\/wp\/v2\/product"}],"about":[{"href":"https:\/\/kaiser-kuehne.com\/en\/wp-json\/wp\/v2\/types\/product"}],"replies":[{"embeddable":true,"href":"https:\/\/kaiser-kuehne.com\/en\/wp-json\/wp\/v2\/comments?post=101525"}],"wp:featuredmedia":[{"embeddable":true,"href":"https:\/\/kaiser-kuehne.com\/en\/wp-json\/wp\/v2\/media\/235292"}],"wp:attachment":[{"href":"https:\/\/kaiser-kuehne.com\/en\/wp-json\/wp\/v2\/media?parent=101525"}],"wp:term":[{"taxonomy":"product_brand","embeddable":true,"href":"https:\/\/kaiser-kuehne.com\/en\/wp-json\/wp\/v2\/product_brand?post=101525"},{"taxonomy":"product_cat","embeddable":true,"href":"https:\/\/kaiser-kuehne.com\/en\/wp-json\/wp\/v2\/product_cat?post=101525"},{"taxonomy":"product_tag","embeddable":true,"href":"https:\/\/kaiser-kuehne.com\/en\/wp-json\/wp\/v2\/product_tag?post=101525"}],"curies":[{"name":"wp","href":"https:\/\/api.w.org\/{rel}","templated":true}]}}